{"id":1484,"date":"2025-07-21T09:50:46","date_gmt":"2025-07-21T09:50:46","guid":{"rendered":"https:\/\/customacrylicproduct.com\/?post_type=product&#038;p=1484"},"modified":"2025-07-21T09:50:46","modified_gmt":"2025-07-21T09:50:46","slug":"custom-acrylic-clear-acrylic-plastic-sheets-transparent","status":"publish","type":"product","link":"https:\/\/customacrylicproduct.com\/pt\/custom-acrylic-clear-acrylic-plastic-sheets-transparent\/","title":{"rendered":"Acr\u00edlico Personalizado Folhas de Pl\u00e1stico Acr\u00edlico Transparente"},"content":{"rendered":"<h3 id=\"unleash-your-vision-premium-customized-transparent-acrylic-sheets-for-unmatched-quality-and-convenience\">Liberte a sua vis\u00e3o: Folhas de acr\u00edlico transparente personalizadas de alta qualidade para uma qualidade e conveni\u00eancia inigual\u00e1veis<\/h3>\n<p>Imagine um produto com a qualidade imaculada do melhor vidro, mas com a resist\u00eancia e a durabilidade para resistir ao teste do tempo. Um material t\u00e3o vers\u00e1til que pode ser moldado diretamente em arte elaborada, ecr\u00e3s de exposi\u00e7\u00e3o funcionais para empresas ou componentes dom\u00e9sticos resistentes. Bem-vindo ao mundo das nossas folhas de pl\u00e1stico acr\u00edlico transparente feitas \u00e0 medida, a melhor op\u00e7\u00e3o para fabricantes, empresas e criadores de tend\u00eancias que exigem excel\u00eancia. Quer esteja a fazer um ecr\u00e3 de retalho simplificado, a criar presentes individualizados ou a realizar uma tarefa de constru\u00e7\u00e3o em grande escala, as nossas folhas de acr\u00edlico transparente fornecem a base ideal para dar vida \u00e0 sua vis\u00e3o com uma qualidade e precis\u00e3o excepcionais.<\/p>\n<p><img fetchpriority=\"high\" decoding=\"async\" class=\"size-full wp-image-1485\" src=\"https:\/\/customacrylicproduct.com\/wp-content\/uploads\/2025\/07\/Acrylic-Plastic-Sheets-1.jpg\" alt=\"Folhas de pl\u00e1stico acr\u00edlico (1)\" width=\"850\" height=\"850\" srcset=\"https:\/\/customacrylicproduct.com\/wp-content\/uploads\/2025\/07\/Acrylic-Plastic-Sheets-1.jpg 850w, https:\/\/customacrylicproduct.com\/wp-content\/uploads\/2025\/07\/Acrylic-Plastic-Sheets-1-300x300.jpg 300w, https:\/\/customacrylicproduct.com\/wp-content\/uploads\/2025\/07\/Acrylic-Plastic-Sheets-1-150x150.jpg 150w, https:\/\/customacrylicproduct.com\/wp-content\/uploads\/2025\/07\/Acrylic-Plastic-Sheets-1-768x768.jpg 768w, https:\/\/customacrylicproduct.com\/wp-content\/uploads\/2025\/07\/Acrylic-Plastic-Sheets-1-600x600.jpg 600w, https:\/\/customacrylicproduct.com\/wp-content\/uploads\/2025\/07\/Acrylic-Plastic-Sheets-1-100x100.jpg 100w\" sizes=\"(max-width: 850px) 100vw, 850px\" \/><\/p>\n<h4 id=\"deep-dive-the-core-elements-of-our-polymer\">Mergulho profundo: Os principais elementos do nosso pol\u00edmero<\/h4>\n<p><strong>1. Clareza \u00f3tica inigual\u00e1vel\u00a0<\/strong>. O cerne do nosso artigo \u00e9 a sua extraordin\u00e1ria transpar\u00eancia. As nossas folhas de acr\u00edlico transparente, normalmente conhecidas por nomes comerciais como Plexiglas ou Lucite, apresentam uma taxa de transmiss\u00e3o de luz de aproximadamente 92%, superior \u00e0 do vidro normal. Ao contr\u00e1rio do vidro, que pode ter uma cor ecol\u00f3gica refinada, especialmente em pain\u00e9is mais espessos, o nosso pol\u00edmero \u00e9 perfeitamente transparente, garantindo que as sombras e os objectos vistos atrav\u00e9s dele se agarrem \u00e0 vida. Esta qualidade cristalina \u00e9 magnificamente demonstrada em aplica\u00e7\u00f5es como o moderno quadro sem moldura que o propriet\u00e1rio recebeu, onde a suculenta por detr\u00e1s dele \u00e9 apresentada com informa\u00e7\u00e3o n\u00edtida e sem distor\u00e7\u00f5es. Isto faz com que seja a op\u00e7\u00e3o perfeita para caixas, molduras com qualidade de museu e qualquer aplica\u00e7\u00e3o em que a translucidez do produto sem falhas seja fundamental.<\/p>\n<p><strong>2. Resist\u00eancia superior e robustez ligeira\u00a0<\/strong>. Embora o seu aspeto seja delicado e semelhante ao do vidro, a sua efici\u00eancia \u00e9 tudo menos isso. O pol\u00edmero \u00e9 um termopl\u00e1stico extremamente dur\u00e1vel, com uma resist\u00eancia ao efeito que \u00e9 10 a 20 vezes superior \u00e0 do vidro comum. Esta natureza resistente \u00e0 quebra torna-o uma op\u00e7\u00e3o substancialmente mais segura, particularmente em salas p\u00fablicas, casas com crian\u00e7as ou para aplica\u00e7\u00f5es port\u00e1teis. Deixar cair uma folha de acr\u00edlico tem muito menos probabilidades de provocar estilha\u00e7os perigosos. Al\u00e9m disso, o acr\u00edlico tem menos de metade da altura de um painel de vidro equivalente, o que o torna muito mais f\u00e1cil e econ\u00f3mico de entregar, manusear e montar. Esta combina\u00e7\u00e3o de resist\u00eancia e baixo peso abre um mundo de possibilidades tanto para grandes instala\u00e7\u00f5es como para desenvolvimentos delicados e leves.<\/p>\n<p><strong>3. Personaliza\u00e7\u00e3o e constru\u00e7\u00e3o sem esfor\u00e7o\u00a0<\/strong>. A verdadeira magia das nossas placas de acr\u00edlico reside na sua infinita personaliza\u00e7\u00e3o. Este material \u00e9 um sonho para os criadores e amantes do \"fa\u00e7a voc\u00ea mesmo\". Pode ser cortado com precis\u00e3o com lasers, serras ou routers em qualquer tipo de forma poss\u00edvel - desde os c\u00edrculos simples e de arestas limpas vistos com o seu suporte de papel protetor, tudo pronto para o seu projeto seguinte, at\u00e9 \u00e0s instala\u00e7\u00f5es, pe\u00e7as entrela\u00e7adas. A vibrante variedade de etiquetas personalizadas na imagem, todas provenientes do mesmo produto de base, mostra a possibilidade de criar lotes de artigos especiais, como porta-chaves, etiquetas para artigos ou amuletos atractivos. O nosso acr\u00edlico tamb\u00e9m pode ser perfurado sem rachar, curvado com calor para criar suportes e suportes, e ligado com cimentos especiais para obter juntas s\u00f3lidas e invis\u00edveis. Fornecemos as nossas folhas com uma pel\u00edcula de seguran\u00e7a em ambos os lados para impedir arranh\u00f5es durante o transporte e manuseamento, garantindo que chega em excelentes condi\u00e7\u00f5es, tudo pronto para que possa fazer a sua magia.<\/p>\n<p><img decoding=\"async\" class=\"size-full wp-image-1486\" src=\"https:\/\/customacrylicproduct.com\/wp-content\/uploads\/2025\/07\/Acrylic-Plastic-Sheets-2.jpg\" alt=\"Folhas de pl\u00e1stico acr\u00edlico (2)\" width=\"800\" height=\"800\" srcset=\"https:\/\/customacrylicproduct.com\/wp-content\/uploads\/2025\/07\/Acrylic-Plastic-Sheets-2.jpg 800w, https:\/\/customacrylicproduct.com\/wp-content\/uploads\/2025\/07\/Acrylic-Plastic-Sheets-2-300x300.jpg 300w, https:\/\/customacrylicproduct.com\/wp-content\/uploads\/2025\/07\/Acrylic-Plastic-Sheets-2-150x150.jpg 150w, https:\/\/customacrylicproduct.com\/wp-content\/uploads\/2025\/07\/Acrylic-Plastic-Sheets-2-768x768.jpg 768w, https:\/\/customacrylicproduct.com\/wp-content\/uploads\/2025\/07\/Acrylic-Plastic-Sheets-2-600x600.jpg 600w, https:\/\/customacrylicproduct.com\/wp-content\/uploads\/2025\/07\/Acrylic-Plastic-Sheets-2-100x100.jpg 100w\" sizes=\"(max-width: 800px) 100vw, 800px\" \/><\/p>\n<h4 id=\"limitless-applications-a-canvas-for-every-imagination-\">Aplica\u00e7\u00f5es ilimitadas: Uma tela para toda a imagina\u00e7\u00e3o<\/h4>\n<p>A adaptabilidade das nossas chapas de acr\u00edlico transparente feitas por medida indica que as suas aplica\u00e7\u00f5es s\u00e3o limitadas apenas pela sua criatividade. Damos resposta a uma grande variedade de pedidos, desde grandes encomendas comerciais a chapas individuais para um trabalho pessoal.<\/p>\n<p><strong>Para especialistas e empresas:\u00a0<\/strong>.<\/p>\n<ul>\n<li><strong>Sinais de grande impacto:\u00a0<\/strong>Produza magn\u00edficas indica\u00e7\u00f5es interiores e exteriores que s\u00e3o resistentes \u00e0s intemp\u00e9ries e n\u00e3o amarelecem ao sol. Coloque letras recortadas numa hist\u00f3ria clara para um impacto avan\u00e7ado e flutuante.<\/li>\n<li><strong>Expositores de retalho elegantes:\u00a0<\/strong>Desde os suportes b\u00e1sicos que elevam os seus produtos at\u00e9 \u00e0s grandes vitrinas, seguras e protegidas, o acr\u00edlico fornece um aspeto premium e discreto que coloca a \u00eanfase diretamente no seu produto. O suporte de indica\u00e7\u00e3o curvo na fotografia \u00e9 o melhor exemplo de um expositor de ponto de venda f\u00e1cil e fi\u00e1vel.<\/li>\n<li><strong>Solu\u00e7\u00f5es de seguran\u00e7a:\u00a0<\/strong>No mundo atual, a seguran\u00e7a \u00e9 fundamental. As nossas folhas s\u00e3o as melhores para fabricar obst\u00e1culos sanit\u00e1rios, protec\u00e7\u00f5es contra espirros e divis\u00f5es de locais de trabalho que utilizam a defesa sem sacrificar a visibilidade ou a luz.<\/li>\n<li><strong>Elementos arquitect\u00f3nicos:\u00a0<\/strong>Utilize as nossas folhas mais grossas como uma alternativa segura e leve ao vidro para balaustradas, clarab\u00f3ias e pain\u00e9is de superf\u00edcie de parede atraentes.<\/li>\n<\/ul>\n<p><strong>Para artes\u00e3os e amantes de bricolage:\u00a0<\/strong>.<\/p>\n<ul>\n<li><strong>Presentes e artesanato personalizados:\u00a0<\/strong>A superf\u00edcie lisa e transparente \u00e9 uma excelente tela para inscri\u00e7\u00e3o, pintura ou utiliza\u00e7\u00e3o de pl\u00e1stico. Crie indica\u00e7\u00f5es de casamento personalizadas, n\u00fameros de mesa, bases para copos (como os discos transparentes visualizados) ou porta-chaves personalizados. As oportunidades para objectos especiais, feitos \u00e0 m\u00e3o, s\u00e3o verdadeiramente in\u00fameras.<\/li>\n<li><strong>Decora\u00e7\u00e3o funcional da casa:\u00a0<\/strong>Crie as suas pr\u00f3prias prateleiras flutuantes, mude o vidro de uma moldura partida ou crie um protetor de tampo de mesa personalizado para a sua mesa de jantar ou de caf\u00e9. A sua qualidade permite que a eleg\u00e2ncia do seu mobili\u00e1rio brilhe enquanto o protege de derrames e riscos.<\/li>\n<li><strong>Projectos para amadores:\u00a0<\/strong>Construa caixas personalizadas para aparelhos electr\u00f3nicos, coberturas transparentes para aqu\u00e1rios e terr\u00e1rios ou caixas para as suas vers\u00f5es e antiguidades preciosas. A facilidade de utiliza\u00e7\u00e3o do produto torna os projectos complicados realiz\u00e1veis para os amadores empenhados.<\/li>\n<\/ul>\n<p><img decoding=\"async\" class=\"size-full wp-image-1487\" src=\"https:\/\/customacrylicproduct.com\/wp-content\/uploads\/2025\/07\/Acrylic-Plastic-Sheets-3.jpg\" alt=\"Folhas de pl\u00e1stico acr\u00edlico (3)\" width=\"850\" height=\"850\" srcset=\"https:\/\/customacrylicproduct.com\/wp-content\/uploads\/2025\/07\/Acrylic-Plastic-Sheets-3.jpg 850w, https:\/\/customacrylicproduct.com\/wp-content\/uploads\/2025\/07\/Acrylic-Plastic-Sheets-3-300x300.jpg 300w, https:\/\/customacrylicproduct.com\/wp-content\/uploads\/2025\/07\/Acrylic-Plastic-Sheets-3-150x150.jpg 150w, https:\/\/customacrylicproduct.com\/wp-content\/uploads\/2025\/07\/Acrylic-Plastic-Sheets-3-768x768.jpg 768w, https:\/\/customacrylicproduct.com\/wp-content\/uploads\/2025\/07\/Acrylic-Plastic-Sheets-3-600x600.jpg 600w, https:\/\/customacrylicproduct.com\/wp-content\/uploads\/2025\/07\/Acrylic-Plastic-Sheets-3-100x100.jpg 100w\" sizes=\"(max-width: 850px) 100vw, 850px\" \/><\/p>\n<p><strong>Para m\u00fasicos e designers:<\/strong><\/p>\n<ul>\n<li><strong>Uma tela moderna:\u00a0<\/strong>Muitos m\u00fasicos contempor\u00e2neos utilizam folhas de acr\u00edlico transparente como superf\u00edcie de pintura direta, criando colabora\u00e7\u00f5es com uma profundidade e um brilho inacredit\u00e1veis. \u00c9 tamb\u00e9m um excelente substrato para impress\u00e3o digital de alta resolu\u00e7\u00e3o.<\/li>\n<li><strong>Montagem de fotografias:\u00a0<\/strong>Obtenha o design \u201cface-mount\u201d extremamente procurado, colando uma impress\u00e3o fotogr\u00e1fica na parte de tr\u00e1s de uma folha de acr\u00edlico refinado. Esta abordagem real\u00e7a a cor, inclui profundidade e oferece uma apresenta\u00e7\u00e3o suave e sem moldura.<\/li>\n<li><strong>Ferramenta de escultura:\u00a0<\/strong>A capacidade de reduzir, colocar em camadas e unir acr\u00edlico permite o desenvolvimento de esculturas tridimensionais detalhadas e instala\u00e7\u00f5es de arte que se divertem com a luz, a escurid\u00e3o e a abertura.<\/li>\n<\/ul>\n<h4 id=\"why-select-our-custom-made-acrylic-sheets-\">Porqu\u00ea escolher as nossas chapas acr\u00edlicas feitas \u00e0 medida?<\/h4>\n<p>Quando nos escolhe, n\u00e3o est\u00e1 simplesmente a comprar um artigo de pl\u00e1stico; est\u00e1 a comprar uma possibilidade. Dedicamo-nos a fornecer as melhores chapas de acr\u00edlico fundido, opticamente transparentes, personalizadas exatamente de acordo com as suas especifica\u00e7\u00f5es. A nossa tecnologia moderna de corte de \u00faltima gera\u00e7\u00e3o garante sempre lados limpos e lisos e precis\u00e3o dimensional. Cada folha \u00e9 meticulosamente examinada e entregue com o seu filme protetor intacto para garantir que chega aqui no melhor problema. Quer necessite de uma pequena pe\u00e7a solit\u00e1ria ou de uma encomenda em massa de formas complicadas, a nossa equipa dedica-se a oferecer uma experi\u00eancia tranquila e um produto not\u00e1vel que funciona como o fator de partida ideal para o seu esfor\u00e7o imaginativo ou empresarial.<\/p>\n<h4 id=\"bring-your-vision-to-life-\">Dar vida \u00e0 sua vis\u00e3o<\/h4>\n<p>Desde aplica\u00e7\u00f5es industriais a interesses individuais, as nossas folhas de pl\u00e1stico acr\u00edlico transparente feitas \u00e0 medida proporcionam a clareza, a robustez e a versatilidade de que necessita. Pare de se comprometer e comece a produzir. Explore as possibilidades ilimitadas e compre hoje as suas folhas cortadas \u00e0 medida para transformar os seus conceitos fant\u00e1sticos em realidade tang\u00edvel.<\/p>","protected":false},"excerpt":{"rendered":"<p class=\"ng-star-inserted\"><span class=\"ng-star-inserted\">Folhas de pl\u00e1stico acr\u00edlico transparente de alta qualidade, cortadas \u00e0 medida do seu projeto. Oferecemos corte a laser de precis\u00e3o para qualquer forma. Dispon\u00edvel em transparente cristalino e numa variedade de cores s\u00f3lidas vibrantes. Perfeitas para expositores, sinais, molduras e projectos criativos de bricolage. Material PMMA dur\u00e1vel e vers\u00e1til.<\/span><\/p>","protected":false},"featured_media":1485,"template":"","meta":{"_kad_post_transparent":"default","_kad_post_title":"","_kad_post_layout":"default","_kad_post_sidebar_id":"","_kad_post_content_style":"default","_kad_post_vertical_padding":"default","_kad_post_feature":"","_kad_post_feature_position":"","_kad_post_header":false,"_kad_post_footer":false,"_kad_post_classname":""},"product_brand":[],"product_cat":[24],"product_tag":[153],"class_list":{"0":"post-1484","1":"product","2":"type-product","3":"status-publish","4":"has-post-thumbnail","6":"product_cat-custom-acrylic-sheets","7":"product_tag-acrylic-plastic-sheets","9":"first","10":"instock","11":"shipping-taxable","12":"product-type-simple","13":"entry","14":"content-bg","15":"loop-entry"},"_links":{"self":[{"href":"https:\/\/customacrylicproduct.com\/pt\/wp-json\/wp\/v2\/product\/1484","targetHints":{"allow":["GET"]}}],"collection":[{"href":"https:\/\/customacrylicproduct.com\/pt\/wp-json\/wp\/v2\/product"}],"about":[{"href":"https:\/\/customacrylicproduct.com\/pt\/wp-json\/wp\/v2\/types\/product"}],"wp:featuredmedia":[{"embeddable":true,"href":"https:\/\/customacrylicproduct.com\/pt\/wp-json\/wp\/v2\/media\/1485"}],"wp:attachment":[{"href":"https:\/\/customacrylicproduct.com\/pt\/wp-json\/wp\/v2\/media?parent=1484"}],"wp:term":[{"taxonomy":"product_brand","embeddable":true,"href":"https:\/\/customacrylicproduct.com\/pt\/wp-json\/wp\/v2\/product_brand?post=1484"},{"taxonomy":"product_cat","embeddable":true,"href":"https:\/\/customacrylicproduct.com\/pt\/wp-json\/wp\/v2\/product_cat?post=1484"},{"taxonomy":"product_tag","embeddable":true,"href":"https:\/\/customacrylicproduct.com\/pt\/wp-json\/wp\/v2\/product_tag?post=1484"}],"curies":[{"name":"wp","href":"https:\/\/api.w.org\/{rel}","templated":true}]}}