{"id":1493,"date":"2025-07-21T11:05:43","date_gmt":"2025-07-21T11:05:43","guid":{"rendered":"https:\/\/customacrylicproduct.com\/?post_type=product&#038;p=1493"},"modified":"2025-07-21T11:05:43","modified_gmt":"2025-07-21T11:05:43","slug":"acrylic-desk-ornaments-ornament-quicksand-design-desk-decor","status":"publish","type":"product","link":"https:\/\/customacrylicproduct.com\/pt\/acrylic-desk-ornaments-ornament-quicksand-design-desk-decor\/","title":{"rendered":"Ornamentos de secret\u00e1ria em acr\u00edlico Ornamento Decora\u00e7\u00e3o de secret\u00e1ria com design de areia movedi\u00e7a"},"content":{"rendered":"<h3 id=\"transform-your-workspace-presenting-the-polymer-quicksand-desk-accessory\">Transforme o seu espa\u00e7o de trabalho: Apresentamos o acess\u00f3rio de secret\u00e1ria Polymer Quicksand<\/h3>\n<p>Na az\u00e1fama da nossa vida quotidiana, a mesa de trabalho torna-se muitas vezes uma paisagem de stress e ansiedade - um testemunho de datas limite, ordem de trabalhos e fluxo ininterrupto de informa\u00e7\u00f5es. \u00c9 um espa\u00e7o de desempenho, mas pode facilmente transformar-se num espa\u00e7o de press\u00e3o. Suponha que podia introduzir uma pequena bolsa de tranquilidade, um mini mundo de tranquilidade que fica mesmo na ponta dos seus dedos? Apresentamos o cativante Acrylic Quicksand Desk Ornament, uma pe\u00e7a de design emocionante desenvolvida para ser mais do que um simples pisa-pap\u00e9is. \u00c9 um retiro est\u00e9tico, uma ferramenta para a aten\u00e7\u00e3o plena e um est\u00edmulo para a sua imagina\u00e7\u00e3o criativa, tudo enquadrado num atraente bloco cristalino.<\/p>\n<p><img fetchpriority=\"high\" decoding=\"async\" class=\"size-full wp-image-1495\" src=\"https:\/\/customacrylicproduct.com\/wp-content\/uploads\/2025\/07\/Acrylic-Desk-Ornaments-2.jpg\" alt=\"Ornamentos de secret\u00e1ria em acr\u00edlico (2)\" width=\"800\" height=\"800\" srcset=\"https:\/\/customacrylicproduct.com\/wp-content\/uploads\/2025\/07\/Acrylic-Desk-Ornaments-2.jpg 800w, https:\/\/customacrylicproduct.com\/wp-content\/uploads\/2025\/07\/Acrylic-Desk-Ornaments-2-300x300.jpg 300w, https:\/\/customacrylicproduct.com\/wp-content\/uploads\/2025\/07\/Acrylic-Desk-Ornaments-2-150x150.jpg 150w, https:\/\/customacrylicproduct.com\/wp-content\/uploads\/2025\/07\/Acrylic-Desk-Ornaments-2-768x768.jpg 768w, https:\/\/customacrylicproduct.com\/wp-content\/uploads\/2025\/07\/Acrylic-Desk-Ornaments-2-600x600.jpg 600w, https:\/\/customacrylicproduct.com\/wp-content\/uploads\/2025\/07\/Acrylic-Desk-Ornaments-2-100x100.jpg 100w\" sizes=\"(max-width: 800px) 100vw, 800px\" \/><\/p>\n<p><strong>Um globo fascinante em tamanho pequeno<\/strong><\/p>\n<p>Na sua ess\u00eancia, este acess\u00f3rio \u00e9 uma maravilha da f\u00edsica b\u00e1sica e de um virtuosismo fascinante. Fabricado a partir de um pol\u00edmero de primeira qualidade e de longa dura\u00e7\u00e3o, o seu tipo transparente em forma de ret\u00e2ngulo parece significativo e suave nas suas m\u00e3os, como um bloco de \u00e1gua forte e capturada. A nitidez do acr\u00edlico \u00e9 excelente, permitindo uma vis\u00e3o desobstru\u00edda da cena m\u00e1gica que se desenrola no seu interior. \u00c9 no interior deste mundo autossuficiente que a verdadeira magia tem lugar.<\/p>\n<p>O ornamento cont\u00e9m dois fluidos diferentes e imisc\u00edveis. Um \u00e9 um l\u00edquido perfeitamente transparente e espesso que permite um movimento lento e gracioso, enquanto o segundo \u00e9 um l\u00edquido colorido ou perolado que funciona como a \u201clama\u201d ou a \u201conda do mar\u201d. Quando se vira, transforma ou agita suavemente o bloco, estes dois l\u00edquidos dan\u00e7am um com o outro num espet\u00e1culo hipnotizante e em constante mudan\u00e7a. O l\u00edquido colorido desintegra-se diretamente em bolhas e ondas, que se deslocam gradualmente e caem em cascata antes de voltarem a assentar, criando uma paisagem nova e especial de cada vez. \u00c9 uma efici\u00eancia lenta, silenciosa e profundamente agrad\u00e1vel.<\/p>\n<p>No entanto, o fen\u00f3meno n\u00e3o termina com o l\u00edquido. Flutuando serenamente neste cen\u00e1rio vibrante, encontram-se encantadoras figuras de porcelana e componentes atractivos que conferem a cada ornamento o seu car\u00e1cter e motivo especiais.<\/p>\n<ul>\n<li><strong>O Urso Animado:\u00a0<\/strong>Como se v\u00ea numa variante fascinante, um urso amarelo feliz com uma express\u00e3o agrad\u00e1vel e um pequeno la\u00e7o vermelho senta-se pacientemente num oceano azul vibrante. Ao seu lado, uma boia v\u00edvida, com v\u00e1rias camadas, baloi\u00e7a delicadamente. Ao inclinar este ornamento, o urso e a sua boia fazem uma viagem caprichosa atrav\u00e9s das ondas azuis ondulantes, estimulando um sentimento de dias de ver\u00e3o despreocupados e de felicidade simples.<\/li>\n<li><strong>O Oceano Sereno:\u00a0<\/strong>Mais um esquema que capta a eleg\u00e2ncia tranquila das profundezas do mar. Em vez de um tom s\u00f3lido, a camada inferior \u00e9 um turquesa espetacular e marmoreado que imita as correntes do mar. Quando agitado, este l\u00edquido produz ondas e redemoinhos fant\u00e1sticos, expondo pr\u00e9mios surpreendentes no seu interior. No l\u00edquido transparente acima encontram-se conchas iridescentes, p\u00e9rolas brilhantes, pequenos peixes dourados e delicadas flores e flocos de neve em forma de confete. Assemelha-se a segurar um peda\u00e7o de uma costa de sonho, um dep\u00f3sito descoberto numa praia esquecida.<\/li>\n<li><strong>O coelhinho rebelde:\u00a0<\/strong>Para aqueles que adoram um toque de doce fantasia, uma estatueta de coelhinho branco com bochechas brilhantes repousa pacificamente no topo de uma onda branca leitosa em redemoinho, acentuada com pontas de azul e amigo do ambiente. Esta varia\u00e7\u00e3o est\u00e1 carregada de brilho cintilante e de apelos opalescentes que captam a luz como uma terra encantadora. O coelho parece ser o guardi\u00e3o tranquilo do seu mundo perolado, proporcionando um minuto de fantasia pac\u00edfica num dia agitado.<\/li>\n<\/ul>\n<p><img decoding=\"async\" class=\"size-full wp-image-1494\" src=\"https:\/\/customacrylicproduct.com\/wp-content\/uploads\/2025\/07\/Acrylic-Desk-Ornaments-1.jpg\" alt=\"Ornamentos de secret\u00e1ria em acr\u00edlico (1)\" width=\"800\" height=\"800\" srcset=\"https:\/\/customacrylicproduct.com\/wp-content\/uploads\/2025\/07\/Acrylic-Desk-Ornaments-1.jpg 800w, https:\/\/customacrylicproduct.com\/wp-content\/uploads\/2025\/07\/Acrylic-Desk-Ornaments-1-300x300.jpg 300w, https:\/\/customacrylicproduct.com\/wp-content\/uploads\/2025\/07\/Acrylic-Desk-Ornaments-1-150x150.jpg 150w, https:\/\/customacrylicproduct.com\/wp-content\/uploads\/2025\/07\/Acrylic-Desk-Ornaments-1-768x768.jpg 768w, https:\/\/customacrylicproduct.com\/wp-content\/uploads\/2025\/07\/Acrylic-Desk-Ornaments-1-600x600.jpg 600w, https:\/\/customacrylicproduct.com\/wp-content\/uploads\/2025\/07\/Acrylic-Desk-Ornaments-1-100x100.jpg 100w\" sizes=\"(max-width: 800px) 100vw, 800px\" \/><\/p>\n<p><strong>Mais do que um simples ornamento: Uma ferramenta para o bem-estar<\/strong><\/p>\n<p>Num mundo que exige constantemente a nossa aten\u00e7\u00e3o, o Acrylic Quicksand Workdesk Ornament convida-o a fazer o contr\u00e1rio: a parar, a respirar e a simplesmente ver. N\u00e3o se trata apenas de um objeto ornamental; \u00e9 um dispositivo eficaz para o al\u00edvio da ansiedade e a aten\u00e7\u00e3o plena.<\/p>\n<p>O movimento lento, previs\u00edvel, mas em constante mudan\u00e7a do l\u00edquido e do seu conte\u00fado \u00e9 muito relaxante. Tem uma qualidade meditativa, compar\u00e1vel \u00e0 de ver um aqu\u00e1rio, uma luz de lava ou uma vela a tremeluzir. Quando se sente realmente sobrecarregado ou preso a um problema, tirar um momento para transformar o acess\u00f3rio e ver a cena reiniciar pode ajudar a remover a sua mente. Funciona como uma ligeira \u00e2ncora para o minuto aqui e agora, afastando a sua \u00eanfase dos pensamentos nervosos e ancorando-o numa experi\u00eancia sensorial simples e deslumbrante. Esta \u201cmicro-pausa\u201d pode reduzir o seu ritmo card\u00edaco, aliviar o stress e permitir-lhe regressar ao trabalho com um ponto de vista renovado.<\/p>\n<p>Para al\u00e9m disso, pode ser um not\u00e1vel impulsionador do pensamento criativo. Quando se enfrenta um bloqueio mental, um minuto de perturba\u00e7\u00e3o calma e espirituosa pode ser exatamente o que o c\u00e9rebro precisa para fazer novas liga\u00e7\u00f5es. Ao ver as pequenas estatuetas a flutuar e o brilho a rodopiar, permite que a sua mente vagueie e sonhe acordado. Este estado de interesse descontrolado \u00e9 frequentemente o local onde nascem os conceitos mais inovadores. \u00c9 um interrutor de rein\u00edcio criativo, um pequeno objeto que pode ajudar a desbloquear grandes ideias.<\/p>\n<p><img decoding=\"async\" class=\"size-full wp-image-1497\" src=\"https:\/\/customacrylicproduct.com\/wp-content\/uploads\/2025\/07\/Acrylic-Desk-Ornaments-4.jpg\" alt=\"Ornamentos de secret\u00e1ria em acr\u00edlico (4)\" width=\"800\" height=\"800\" srcset=\"https:\/\/customacrylicproduct.com\/wp-content\/uploads\/2025\/07\/Acrylic-Desk-Ornaments-4.jpg 800w, https:\/\/customacrylicproduct.com\/wp-content\/uploads\/2025\/07\/Acrylic-Desk-Ornaments-4-300x300.jpg 300w, https:\/\/customacrylicproduct.com\/wp-content\/uploads\/2025\/07\/Acrylic-Desk-Ornaments-4-150x150.jpg 150w, https:\/\/customacrylicproduct.com\/wp-content\/uploads\/2025\/07\/Acrylic-Desk-Ornaments-4-768x768.jpg 768w, https:\/\/customacrylicproduct.com\/wp-content\/uploads\/2025\/07\/Acrylic-Desk-Ornaments-4-600x600.jpg 600w, https:\/\/customacrylicproduct.com\/wp-content\/uploads\/2025\/07\/Acrylic-Desk-Ornaments-4-100x100.jpg 100w\" sizes=\"(max-width: 800px) 100vw, 800px\" \/><\/p>\n<p><strong>O destaque perfeito para qualquer divis\u00e3o<\/strong><\/p>\n<p>Com as suas linhas simples e o seu interior cativante, este ornamento de secret\u00e1ria \u00e9 uma pe\u00e7a vers\u00e1til que combina com qualquer tipo de estilo de design. Num escrit\u00f3rio minimalista, acrescenta um toque solit\u00e1rio e contido de cor e paix\u00e3o vibrante sem criar confus\u00e3o. Num espa\u00e7o muito mais ecl\u00e9tico ou inovador, contribui para a cole\u00e7\u00e3o de tesouros pessoais que fazem com que um escrit\u00f3rio se sinta como seu.<\/p>\n<p>Coloque-o na secret\u00e1ria do seu local de trabalho, na sua mesa de pesquisa dom\u00e9stica ou mesmo numa mesa de cabeceira para desfrutar enquanto relaxa durante o dia. \u00c9 um \u00f3timo complemento para uma aula, funcionando como uma ferramenta silenciosa de \u201cacalmar\u201d para os formandos que precisam de um minuto para se redobrarem. Pode igualmente servir de mesa de rece\u00e7\u00e3o ou de sala de espera, proporcionando aos visitantes do local um desafio agrad\u00e1vel e fascinante.<\/p>\n<p><strong>Um presente atencioso e \u00fanico<\/strong><\/p>\n<p>Est\u00e1 a ter dificuldades em encontrar o presente ideal para um colega, estudante, educador ou amigo pr\u00f3ximo? O Ornamento de lama em acr\u00edlico \u00e9 uma escolha muito atractiva e atenciosa. N\u00e3o requer pilhas, nem configura\u00e7\u00e3o, nem manuten\u00e7\u00e3o - a sua beleza \u00e9 imediata e duradoura. \u00c9 um presente que continua a dar, proporcionando in\u00fameros momentos de tranquilidade e prazer. \u00c9 ideal para um novo evento de trabalho, uma celebra\u00e7\u00e3o de anivers\u00e1rio, um recheio de equipamento de f\u00e9rias, ou simplesmente como um gesto \u201cmesmo que\u201d para mostrar a uma pessoa que se preocupa com o seu bem-estar. Cada estilo fornece uma personalidade diferente, permitindo-lhe selecionar um que combine perfeitamente com o destinat\u00e1rio.<\/p>\n<p>Para concluir, o Acrylic Quicksand Workdesk Ornament \u00e9 muito mais do que aquilo que aparenta ser. \u00c9 uma obra de arte, uma ferramenta para aliviar o stress, um auxiliar de \u00eanfase e uma fonte de fasc\u00ednio ilimitado. \u00c9 um lembrete para descobrir a atra\u00e7\u00e3o nas pequenas coisas e para tirar um minuto para si. Leve este pequeno globo de maravilha para a sua secret\u00e1ria e veja como transforma o seu espa\u00e7o e o seu estado de esp\u00edrito, uma onda suave de cada vez.<\/p>","protected":false},"excerpt":{"rendered":"<p class=\"ng-star-inserted\"><span class=\"ng-star-inserted\">D\u00ea um toque de divers\u00e3o \u00e0 sua secret\u00e1ria com este encantador ornamento de areia movedi\u00e7a em acr\u00edlico. Veja as bonitas figuras a flutuar e a flutuar no l\u00edquido calmante. Esta cativante decora\u00e7\u00e3o de secret\u00e1ria proporciona um escape visual relaxante, perfeito para aliviar o stress e alegrar o seu dia. Um presente encantador para qualquer ocasi\u00e3o<\/span><\/p>","protected":false},"featured_media":1494,"template":"","meta":{"_kad_post_transparent":"default","_kad_post_title":"","_kad_post_layout":"default","_kad_post_sidebar_id":"","_kad_post_content_style":"default","_kad_post_vertical_padding":"default","_kad_post_feature":"","_kad_post_feature_position":"","_kad_post_header":false,"_kad_post_footer":false,"_kad_post_classname":""},"product_brand":[],"product_cat":[20],"product_tag":[129],"class_list":{"0":"post-1493","1":"product","2":"type-product","3":"status-publish","4":"has-post-thumbnail","6":"product_cat-custom-acrylic-crafts","7":"product_tag-acrylic-crafts","9":"first","10":"instock","11":"shipping-taxable","12":"product-type-simple","13":"entry","14":"content-bg","15":"loop-entry"},"_links":{"self":[{"href":"https:\/\/customacrylicproduct.com\/pt\/wp-json\/wp\/v2\/product\/1493","targetHints":{"allow":["GET"]}}],"collection":[{"href":"https:\/\/customacrylicproduct.com\/pt\/wp-json\/wp\/v2\/product"}],"about":[{"href":"https:\/\/customacrylicproduct.com\/pt\/wp-json\/wp\/v2\/types\/product"}],"wp:featuredmedia":[{"embeddable":true,"href":"https:\/\/customacrylicproduct.com\/pt\/wp-json\/wp\/v2\/media\/1494"}],"wp:attachment":[{"href":"https:\/\/customacrylicproduct.com\/pt\/wp-json\/wp\/v2\/media?parent=1493"}],"wp:term":[{"taxonomy":"product_brand","embeddable":true,"href":"https:\/\/customacrylicproduct.com\/pt\/wp-json\/wp\/v2\/product_brand?post=1493"},{"taxonomy":"product_cat","embeddable":true,"href":"https:\/\/customacrylicproduct.com\/pt\/wp-json\/wp\/v2\/product_cat?post=1493"},{"taxonomy":"product_tag","embeddable":true,"href":"https:\/\/customacrylicproduct.com\/pt\/wp-json\/wp\/v2\/product_tag?post=1493"}],"curies":[{"name":"wp","href":"https:\/\/api.w.org\/{rel}","templated":true}]}}