{"id":1498,"date":"2025-07-22T01:14:31","date_gmt":"2025-07-22T01:14:31","guid":{"rendered":"https:\/\/customacrylicproduct.com\/?post_type=product&#038;p=1498"},"modified":"2025-07-22T01:14:31","modified_gmt":"2025-07-22T01:14:31","slug":"clear-custom-acrylic-key-holder-acrylic-key-holder","status":"publish","type":"product","link":"https:\/\/customacrylicproduct.com\/pt\/clear-custom-acrylic-key-holder-acrylic-key-holder\/","title":{"rendered":"Porta-chaves em acr\u00edlico transparente personalizado Porta-chaves em acr\u00edlico"},"content":{"rendered":"<h3 id=\"-release-your-imagination-the-ultimate-guide-to-personalized-polymer-trick-holders-\"><strong>Liberte a sua imagina\u00e7\u00e3o: O guia definitivo para porta-trecos de pol\u00edmero personalizados<\/strong><\/h3>\n<p>Num mundo de artigos produzidos em massa, o poder da personaliza\u00e7\u00e3o destaca-se. \u00c9 a capacidade de pegar num conceito fugaz, num car\u00e1cter querido ou na identidade de uma marca e transform\u00e1-lo em coisas substanciais e de primeira qualidade que pode segurar, utilizar e partilhar. Apresentamos os nossos porta-brincos em acr\u00edlico transparente personalizado - a excelente tela para a sua imagina\u00e7\u00e3o. Mais do que apenas um dispositivo f\u00e1cil, estes propriet\u00e1rios essenciais s\u00e3o mini-obras de arte, ferramentas de publicidade robustas e s\u00edmbolos genu\u00ednos de afeto, todos elaborados de acordo com as suas especifica\u00e7\u00f5es precisas.<\/p>\n<p>Como demonstrado nos diversos exemplos - desde o ador\u00e1vel e multi-partes\u00a0<em>Chiikawa\u00a0<\/em>conjuntos para o ic\u00f3nico\u00a0<em>Doraemon\u00a0<\/em>e\u00a0<em>Ol\u00e1 Gato\u00a0<\/em>belezas, o vibrante\u00a0<em>Haikyuu !!!\u00a0<\/em>artigos de anime, e o elegante\u00a0<em>Conan Investigativo\u00a0<\/em>designs - as oportunidades s\u00e3o essencialmente ilimitadas. Vamos ver como pode dar vida \u00e0 sua vis\u00e3o com os nossos suportes acr\u00edlicos para artigos essenciais feitos \u00e0 medida.<\/p>\n<p><img fetchpriority=\"high\" decoding=\"async\" class=\"size-full wp-image-1501\" src=\"https:\/\/customacrylicproduct.com\/wp-content\/uploads\/2025\/07\/Custom-Acrylic-Key-Holder-3.jpg\" alt=\"Porta-chaves acr\u00edlico personalizado (3)\" width=\"1000\" height=\"1000\" srcset=\"https:\/\/customacrylicproduct.com\/wp-content\/uploads\/2025\/07\/Custom-Acrylic-Key-Holder-3.jpg 1000w, https:\/\/customacrylicproduct.com\/wp-content\/uploads\/2025\/07\/Custom-Acrylic-Key-Holder-3-300x300.jpg 300w, https:\/\/customacrylicproduct.com\/wp-content\/uploads\/2025\/07\/Custom-Acrylic-Key-Holder-3-150x150.jpg 150w, https:\/\/customacrylicproduct.com\/wp-content\/uploads\/2025\/07\/Custom-Acrylic-Key-Holder-3-768x768.jpg 768w, https:\/\/customacrylicproduct.com\/wp-content\/uploads\/2025\/07\/Custom-Acrylic-Key-Holder-3-600x600.jpg 600w, https:\/\/customacrylicproduct.com\/wp-content\/uploads\/2025\/07\/Custom-Acrylic-Key-Holder-3-100x100.jpg 100w\" sizes=\"(max-width: 1000px) 100vw, 1000px\" \/><\/p>\n<h4 id=\"-the-core-of-quality-crystal-clear-sturdy-polymer-\"><strong>O n\u00facleo da qualidade: Pol\u00edmero resistente e cristalino<\/strong><\/h4>\n<p>A base de qualquer porta-chaves excelente \u00e9 o pr\u00f3prio produto. Utilizamos acr\u00edlico transparente de alta qualidade, que apresenta o equil\u00edbrio perfeito entre resist\u00eancia e atra\u00e7\u00e3o visual.<\/p>\n<ul>\n<li><strong>Clareza e vibra\u00e7\u00e3o:\u00a0<\/strong>O nosso acr\u00edlico \u00e9 cristalino, permitindo que as cores verdadeiras do seu trabalho art\u00edstico irradiem com um brilho fenomenal. Ao contr\u00e1rio dos pl\u00e1sticos mais econ\u00f3micos, n\u00e3o amarelece gradualmente, garantindo que o seu desenho continua a ser t\u00e3o deslumbrante como no dia em que foi impresso.<\/li>\n<li><strong>Leve e resistente:\u00a0<\/strong>Apesar da sua natureza dur\u00e1vel e resistente a riscos, o acr\u00edlico \u00e9 extremamente leve. Por isso, \u00e9 adequado para porta-chaves que n\u00e3o v\u00e3o sobrecarregar os seus truques, mochila ou mala, mas que podem suportar os choques e arranh\u00f5es di\u00e1rios da vida em movimento.<\/li>\n<li><strong>Corte de precis\u00e3o:\u00a0<\/strong>O seu esquema n\u00e3o se limita a um quadrado ou c\u00edrculo b\u00e1sico. Utilizando uma tecnologia avan\u00e7ada de corte a laser, podemos reduzir o acr\u00edlico para corresponder \u00e0 forma exacta do seu trabalho art\u00edstico. Quer se trate da forma elaborada de uma personagem como\u00a0<em>Doraemon\u00a0<\/em>ou uma forma personalizada que corresponda ao log\u00f3tipo da sua marca, o resultado \u00e9 um revestimento especializado e arrumado que faz sobressair o seu estilo.<\/li>\n<\/ul>\n<p><img decoding=\"async\" class=\"size-full wp-image-1502\" src=\"https:\/\/customacrylicproduct.com\/wp-content\/uploads\/2025\/07\/Custom-Acrylic-Key-Holder-4.jpg\" alt=\"Porta-chaves acr\u00edlico personalizado (4)\" width=\"800\" height=\"800\" srcset=\"https:\/\/customacrylicproduct.com\/wp-content\/uploads\/2025\/07\/Custom-Acrylic-Key-Holder-4.jpg 800w, https:\/\/customacrylicproduct.com\/wp-content\/uploads\/2025\/07\/Custom-Acrylic-Key-Holder-4-300x300.jpg 300w, https:\/\/customacrylicproduct.com\/wp-content\/uploads\/2025\/07\/Custom-Acrylic-Key-Holder-4-150x150.jpg 150w, https:\/\/customacrylicproduct.com\/wp-content\/uploads\/2025\/07\/Custom-Acrylic-Key-Holder-4-768x768.jpg 768w, https:\/\/customacrylicproduct.com\/wp-content\/uploads\/2025\/07\/Custom-Acrylic-Key-Holder-4-600x600.jpg 600w, https:\/\/customacrylicproduct.com\/wp-content\/uploads\/2025\/07\/Custom-Acrylic-Key-Holder-4-100x100.jpg 100w\" sizes=\"(max-width: 800px) 100vw, 800px\" \/><\/p>\n<h4 id=\"-your-layout-your-tale-unmatched-modification-\"><strong>A sua disposi\u00e7\u00e3o, a sua hist\u00f3ria: Modifica\u00e7\u00e3o sem igual<\/strong><\/h4>\n<p>\u00c9 aqui que a sua imagina\u00e7\u00e3o assume o papel principal. O nosso procedimento de impress\u00e3o UV de \u00faltima gera\u00e7\u00e3o liga permanentemente a tinta ao acr\u00edlico, resultando num estilo que \u00e9 \u00e0 prova de \u00e1gua, resistente ao desvanecimento e incrivelmente descrito.<\/p>\n<ul>\n<li><strong>Impress\u00e3o em uma ou duas faces:\u00a0<\/strong>Opte por ter o seu estilo publicado num lado para um aspeto cl\u00e1ssico ou selecione a impress\u00e3o frente e verso. Pode apresentar o mesmo esquema em ambos os lados ou criar uma experi\u00eancia \u00fanica \u00e0 frente e atr\u00e1s com v\u00e1rias imagens, express\u00f5es ou mensagens.<\/li>\n<li><strong>Prote\u00e7\u00e3o de placa dupla:\u00a0<\/strong>Para uma resist\u00eancia m\u00e1xima, sugerimos a nossa constru\u00e7\u00e3o em placa dupla (ou \u201csandu\u00edche\u201d). A sua obra de arte \u00e9 impressa no verso da pe\u00e7a frontal de acr\u00edlico e depois fixada com uma segunda pe\u00e7a de acr\u00edlico. Isto encapsula o layout, tornando praticamente dif\u00edcil riscar ou desgastar a parte da frente ou de tr\u00e1s.<\/li>\n<li><strong>Revestimentos especiais para um aspeto \u201cWow\u201d:\u00a0<\/strong>Eleve o seu estilo para al\u00e9m do padr\u00e3o com a nossa variedade de superf\u00edcies especiais.<\/li>\n<li><strong>Pol\u00edmero brilhante:\u00a0<\/strong>Como se v\u00ea no magn\u00edfico cor-de-rosa\u00a0<em>Investigador Conan\u00a0<\/em>beleza, a incorpora\u00e7\u00e3o de purpurinas no acr\u00edlico acrescenta um brilho encantador e atrativo que muda com a luz.<\/li>\n<li><strong>Resultado hologr\u00e1fico:\u00a0<\/strong>Crie um excitante brilho de arco-\u00edris que se move e cintila \u00e0 medida que o porta-chaves avan\u00e7a. Este \u00e9 o melhor para o sonho, fic\u00e7\u00e3o cient\u00edfica ou qualquer estilo que precise de um toque adicional de magia.<\/li>\n<li><strong>C\u00fapula em ep\u00f3xi:\u00a0<\/strong>Adicione uma camada de resina ep\u00f3xi lisa, arredondada e brilhante sobre o seu desenho. Isto n\u00e3o s\u00f3 real\u00e7a as tonalidades e d\u00e1 uma agrad\u00e1vel sensa\u00e7\u00e3o t\u00e1til, como tamb\u00e9m inclui uma camada adicional de prote\u00e7\u00e3o.<\/li>\n<li><strong>Cores gradientes e transl\u00facidas:\u00a0<\/strong>Tal como apresentado no\u00a0<em>Haikyuu!!!\u00a0<\/em>podemos desenvolver bonitos efeitos de gradiente ou utilizar cores transparentes para dar profundidade ao seu estilo e uma est\u00e9tica \u00fanica e moderna.<\/li>\n<\/ul>\n<p><img decoding=\"async\" class=\"size-full wp-image-1499\" src=\"https:\/\/customacrylicproduct.com\/wp-content\/uploads\/2025\/07\/Custom-Acrylic-Key-Holder-1.jpg\" alt=\"Porta-chaves acr\u00edlico personalizado (1)\" width=\"800\" height=\"800\" srcset=\"https:\/\/customacrylicproduct.com\/wp-content\/uploads\/2025\/07\/Custom-Acrylic-Key-Holder-1.jpg 800w, https:\/\/customacrylicproduct.com\/wp-content\/uploads\/2025\/07\/Custom-Acrylic-Key-Holder-1-300x300.jpg 300w, https:\/\/customacrylicproduct.com\/wp-content\/uploads\/2025\/07\/Custom-Acrylic-Key-Holder-1-150x150.jpg 150w, https:\/\/customacrylicproduct.com\/wp-content\/uploads\/2025\/07\/Custom-Acrylic-Key-Holder-1-768x768.jpg 768w, https:\/\/customacrylicproduct.com\/wp-content\/uploads\/2025\/07\/Custom-Acrylic-Key-Holder-1-600x600.jpg 600w, https:\/\/customacrylicproduct.com\/wp-content\/uploads\/2025\/07\/Custom-Acrylic-Key-Holder-1-100x100.jpg 100w\" sizes=\"(max-width: 800px) 100vw, 800px\" \/><\/p>\n<h4 id=\"-the-perfect-attachment-a-world-of-hardware-options-\"><strong>O acess\u00f3rio perfeito: Um mundo de op\u00e7\u00f5es de hardware<\/strong><\/h4>\n<p>Um porta-chaves n\u00e3o \u00e9 suficiente sem o seu equipamento. Oferecemos uma vasta escolha de acess\u00f3rios para combinar com o estilo, a fun\u00e7\u00e3o e a qualidade superior do seu layout.<\/p>\n<ul>\n<li><strong>Porta-chaves cl\u00e1ssicos:\u00a0<\/strong>A intemporal argola de prata ou banhada a ouro \u00e9 uma sele\u00e7\u00e3o resistente e fi\u00e1vel para qualquer cole\u00e7\u00e3o de segredos.<\/li>\n<li><strong>Fechos da moda:\u00a0<\/strong>Opte por fechos mais atraentes e \u00fateis, como os fechos lagosta, os fechos em forma de estrela ou os fechos em forma de cora\u00e7\u00e3o. Estes facilitam muito a liga\u00e7\u00e3o da sua beleza a fechos de correr, a lacunas de malas e a planificadores. Os fechos de pl\u00e1stico vivo na\u00a0<em>Chiikawa\u00a0<\/em>Os porta-chaves s\u00e3o um exemplo perfeito de correspond\u00eancia entre o hardware e a est\u00e9tica do layout.<\/li>\n<li><strong>Equipamento \u00fatil e \u00e0 medida:\u00a0<\/strong>Leve o seu estilo para o pr\u00f3ximo n\u00edvel com ferragens personalizadas. O\u00a0<em>Haikyuu !!!\u00a0<\/em>O porta-chaves inclui um mosquet\u00e3o personalizado e bem conhecido, transformando um acess\u00f3rio simples num artigo de custo \u00fatil e altamente colecion\u00e1vel.<\/li>\n<li><strong>Conjuntos com v\u00e1rios elos:\u00a0<\/strong>Porqu\u00ea contentar-se com um amuleto quando pode ter um conjunto completo? Podemos juntar v\u00e1rias belezas de tamanho mais pequeno numa \u00fanica pe\u00e7a de hardware, criando um dispositivo vibrante e tilintante como o\u00a0<em>Chiikawa\u00a0<\/em>e\u00a0<em>Detetive Conan\u00a0<\/em>inst\u00e2ncias. Inclua um pequeno sino para dar um toque distinto ou uma pe\u00e7a secund\u00e1ria em acr\u00edlico com um nome ou log\u00f3tipo.<\/li>\n<\/ul>\n<h4 id=\"-applications-from-enthusiasm-projects-to-expert-promotions-\"><strong>Aplica\u00e7\u00f5es: De projectos de entusiasmo a promo\u00e7\u00f5es de especialistas<\/strong><\/h4>\n<p>Os nossos suportes cruciais em acr\u00edlico personalizados s\u00e3o extremamente flex\u00edveis e oferecem uma vasta sele\u00e7\u00e3o de objectivos.<\/p>\n<ul>\n<li><strong>Para artistas e criadores:\u00a0<\/strong>Transforme as suas imagens electr\u00f3nicas em produtos rent\u00e1veis. S\u00e3o uma pe\u00e7a fundamental para qualquer tipo de mesa de rua de m\u00fasicos em conven\u00e7\u00f5es e s\u00e3o excelentes para oferecer no Etsy, Shopify ou na sua loja online pessoal.<\/li>\n<li><strong>Para empresas e nomes de marcas:\u00a0<\/strong>Crie produtos publicit\u00e1rios not\u00e1veis que as pessoas ir\u00e3o realmente utilizar. Ofere\u00e7a-os em feiras comerciais, inclua-os como oferta na aquisi\u00e7\u00e3o ou ofere\u00e7a-os como parte da linha de produtos da sua marca.<\/li>\n<li><strong>Para os Bairros e Clubes de Adeptos:\u00a0<\/strong>Crie porta-chaves para o seu clube de anime, equipa desportiva ou bairro on-line. S\u00e3o um meio fant\u00e1stico de exibir entusiasmos partilhados e produzir um sentimento de perten\u00e7a.<\/li>\n<li><strong>Para presentes individuais e eventos:\u00a0<\/strong>Comemore uma celebra\u00e7\u00e3o \u00fanica como um evento de casamento, formatura ou anivers\u00e1rio com um chaveiro personalizado. Produzem prefer\u00eancias ou presentes de celebra\u00e7\u00e3o distintos, individuais e duradouros.<\/li>\n<\/ul>\n<h4 id=\"-retail-ready-packaging-\"><strong>Embalagem pronta para venda a retalho<\/strong><\/h4>\n<p>Problemas de apresenta\u00e7\u00e3o. Para proporcionar aos seus suportes vitais uma superf\u00edcie profissional e pronta para a venda a retalho, oferecemos solu\u00e7\u00f5es personalizadas para a embalagem de produtos. Como se v\u00ea com o\u00a0<em>Chiikawa\u00a0<\/em>chaveiro, este consiste num cart\u00e3o de suporte em cart\u00e3o impresso \u00e0 medida que pode apresentar a sua marca, a arte da sua personalidade e as redes sociais, tudo bem fechado num saco transparente.<\/p>\n<p>Desde uma beleza solit\u00e1ria e elegante a um conjunto complexo de artigos brilhantes e multifacetados, os nossos propriet\u00e1rios essenciais de acr\u00edlico feitos \u00e0 medida oferecem o sistema supremo de express\u00e3o. Incorporamos materiais de alta qualidade, fabrico de precis\u00e3o e um globo de escolhas de personaliza\u00e7\u00e3o para garantir que a sua vis\u00e3o \u00e9 reconhecida na perfei\u00e7\u00e3o.\u00a0<strong>Comece a criar hoje mesmo e transforme os seus conceitos em dispositivos que as pessoas v\u00e3o certamente gostar de levar consigo para todo o lado.\u00a0<\/strong>.<\/p>","protected":false},"excerpt":{"rendered":"<p class=\"ng-star-inserted\"><span class=\"ng-star-inserted\">Crie os seus pr\u00f3prios porta-chaves em acr\u00edlico personalizados! Fabricados em acr\u00edlico transparente duradouro com impress\u00e3o vibrante de alta qualidade. Perfeitos para personalizar chaves, sacos ou criar mercadorias \u00fanicas. Est\u00e3o dispon\u00edveis v\u00e1rias formas, tamanhos e op\u00e7\u00f5es de hardware para dar vida aos seus desenhos.<\/span><\/p>","protected":false},"featured_media":1502,"template":"","meta":{"_kad_post_transparent":"default","_kad_post_title":"","_kad_post_layout":"default","_kad_post_sidebar_id":"","_kad_post_content_style":"default","_kad_post_vertical_padding":"default","_kad_post_feature":"","_kad_post_feature_position":"","_kad_post_header":false,"_kad_post_footer":false,"_kad_post_classname":""},"product_brand":[],"product_cat":[20],"product_tag":[65],"class_list":{"0":"post-1498","1":"product","2":"type-product","3":"status-publish","4":"has-post-thumbnail","6":"product_cat-custom-acrylic-crafts","7":"product_tag-custom-acrylic-crafts","9":"first","10":"instock","11":"shipping-taxable","12":"product-type-simple","13":"entry","14":"content-bg","15":"loop-entry"},"_links":{"self":[{"href":"https:\/\/customacrylicproduct.com\/pt\/wp-json\/wp\/v2\/product\/1498","targetHints":{"allow":["GET"]}}],"collection":[{"href":"https:\/\/customacrylicproduct.com\/pt\/wp-json\/wp\/v2\/product"}],"about":[{"href":"https:\/\/customacrylicproduct.com\/pt\/wp-json\/wp\/v2\/types\/product"}],"wp:featuredmedia":[{"embeddable":true,"href":"https:\/\/customacrylicproduct.com\/pt\/wp-json\/wp\/v2\/media\/1502"}],"wp:attachment":[{"href":"https:\/\/customacrylicproduct.com\/pt\/wp-json\/wp\/v2\/media?parent=1498"}],"wp:term":[{"taxonomy":"product_brand","embeddable":true,"href":"https:\/\/customacrylicproduct.com\/pt\/wp-json\/wp\/v2\/product_brand?post=1498"},{"taxonomy":"product_cat","embeddable":true,"href":"https:\/\/customacrylicproduct.com\/pt\/wp-json\/wp\/v2\/product_cat?post=1498"},{"taxonomy":"product_tag","embeddable":true,"href":"https:\/\/customacrylicproduct.com\/pt\/wp-json\/wp\/v2\/product_tag?post=1498"}],"curies":[{"name":"wp","href":"https:\/\/api.w.org\/{rel}","templated":true}]}}