{"id":1504,"date":"2025-07-22T01:27:45","date_gmt":"2025-07-22T01:27:45","guid":{"rendered":"https:\/\/customacrylicproduct.com\/?post_type=product&#038;p=1504"},"modified":"2025-07-22T01:27:45","modified_gmt":"2025-07-22T01:27:45","slug":"clear-custom-acrylic-bent-beverage-rack-transparent-plate","status":"publish","type":"product","link":"https:\/\/customacrylicproduct.com\/pt\/clear-custom-acrylic-bent-beverage-rack-transparent-plate\/","title":{"rendered":"Prato transparente de acr\u00edlico transparente personalizado para bebidas"},"content":{"rendered":"<h3 id=\"the-art-of-discussion-presenting-the-clear-custom-polymer-bent-beverage-rack\">A arte da discuss\u00e3o: Apresenta\u00e7\u00e3o do porta-bebidas dobrado em pol\u00edmero transparente personalizado<\/h3>\n<p>Num mundo saturado de coisas vulgares, h\u00e1 objectos que transcendem a sua funcionalidade. Deixam de ser simples ferramentas e transformam-se em declara\u00e7\u00f5es de estilo, pe\u00e7as de arte pr\u00e1tica que redefinem os espa\u00e7os em que vivem. Esta \u00e9 a ess\u00eancia da Estante para bebidas em acr\u00edlico transparente e personalizado - uma aula magistral em termos de disposi\u00e7\u00e3o m\u00ednima, pureza do material e beleza da constru\u00e7\u00e3o. N\u00e3o \u00e9 simplesmente uma \u00e1rea para repousar uma garrafa; \u00e9 um pedestal, uma moldura e uma escultura feita para elevar o ato de discutir a uma forma de arte.<\/p>\n<p><img fetchpriority=\"high\" decoding=\"async\" class=\"size-full wp-image-1505\" src=\"https:\/\/customacrylicproduct.com\/wp-content\/uploads\/2025\/07\/Acrylic-Bent-1.jpg\" alt=\"Acr\u00edlico Dobrado (1)\" width=\"800\" height=\"800\" srcset=\"https:\/\/customacrylicproduct.com\/wp-content\/uploads\/2025\/07\/Acrylic-Bent-1.jpg 800w, https:\/\/customacrylicproduct.com\/wp-content\/uploads\/2025\/07\/Acrylic-Bent-1-300x300.jpg 300w, https:\/\/customacrylicproduct.com\/wp-content\/uploads\/2025\/07\/Acrylic-Bent-1-150x150.jpg 150w, https:\/\/customacrylicproduct.com\/wp-content\/uploads\/2025\/07\/Acrylic-Bent-1-768x768.jpg 768w, https:\/\/customacrylicproduct.com\/wp-content\/uploads\/2025\/07\/Acrylic-Bent-1-600x600.jpg 600w, https:\/\/customacrylicproduct.com\/wp-content\/uploads\/2025\/07\/Acrylic-Bent-1-100x100.jpg 100w\" sizes=\"(max-width: 800px) 100vw, 800px\" \/><\/p>\n<p><strong>Uma sinfonia de luz e tipo<\/strong><\/p>\n<p>\u00c0 primeira vista, a estante cativa pela sua visibilidade a\u00e9rea. Fabricada a partir de uma pe\u00e7a \u00fanica e substancial de acr\u00edlico transparente de qualidade superior, a sua forma \u00e9 uma pesquisa de contradi\u00e7\u00f5es elegantes. \u00c9 simultaneamente s\u00f3lida e leve, estrutural e l\u00edquida. O layout \u00e9 furtivamente simples: uma forma em U cont\u00ednua e habilmente curvada que produz um ber\u00e7o seguro e arqueado. Este contorno do edif\u00edcio n\u00e3o \u00e9 apenas uma quest\u00e3o de seguran\u00e7a; \u00e9 uma escolha est\u00e9tica que estimula a beleza de uma ponte moderna ou de uma cascata mergulhante gelada no tempo.<\/p>\n<p>O material em si \u00e9 uma parte crucial do seu encanto. N\u00e3o se trata de pl\u00e1stico comum, mas sim de acr\u00edlico de alta densidade e opticamente puro, com uma nitidez que se equipara \u00e0 dos cristais mais imaculados. Quando a luz se liga ao bastidor, executa uma dan\u00e7a emocionante. Passa atrav\u00e9s do corpo transparente, refracta atrav\u00e9s das arestas de corte exato, polidas a diamante, e lan\u00e7a c\u00e1usticos subtis e cintilantes na superf\u00edcie inferior. O recorte circular principal, uma carater\u00edstica espec\u00edfica do design, funciona como uma lente, distorcendo e montando a hist\u00f3ria de forma divertida, acrescentando uma camada adicional de intriga est\u00e9tica. Esta intera\u00e7\u00e3o consistente de luz e sombra garante que a estante \u00e9 uma coisa din\u00e2mica, transformando a sua personalidade ao longo do dia \u00e0 medida que a luz ambiente muda. \u00c9 um fen\u00f3meno silencioso, uma pe\u00e7a que desperta interesse sem o exigir.<\/p>\n<p><img decoding=\"async\" class=\"size-full wp-image-1508\" src=\"https:\/\/customacrylicproduct.com\/wp-content\/uploads\/2025\/07\/Acrylic-Bent-4.jpg\" alt=\"Acr\u00edlico Dobrado (4)\" width=\"800\" height=\"800\" srcset=\"https:\/\/customacrylicproduct.com\/wp-content\/uploads\/2025\/07\/Acrylic-Bent-4.jpg 800w, https:\/\/customacrylicproduct.com\/wp-content\/uploads\/2025\/07\/Acrylic-Bent-4-300x300.jpg 300w, https:\/\/customacrylicproduct.com\/wp-content\/uploads\/2025\/07\/Acrylic-Bent-4-150x150.jpg 150w, https:\/\/customacrylicproduct.com\/wp-content\/uploads\/2025\/07\/Acrylic-Bent-4-768x768.jpg 768w, https:\/\/customacrylicproduct.com\/wp-content\/uploads\/2025\/07\/Acrylic-Bent-4-600x600.jpg 600w, https:\/\/customacrylicproduct.com\/wp-content\/uploads\/2025\/07\/Acrylic-Bent-4-100x100.jpg 100w\" sizes=\"(max-width: 800px) 100vw, 800px\" \/><\/p>\n<p><strong>Para al\u00e9m do contentor: Uma tela para o seu modo de vida<\/strong><\/p>\n<p>Embora batizado como \u201csuporte para bebidas dobrado\u201d, o seu objetivo \u00e9 limitado apenas pela sua imagina\u00e7\u00e3o criativa. A sua fun\u00e7\u00e3o principal, naturalmente, \u00e9 executada com uma eleg\u00e2ncia inigual\u00e1vel. Imagine o seu melhor recipiente de vinho ou um invulgar u\u00edsque de malte solit\u00e1rio aconchegado no seu acolhimento transparente. A prateleira apresenta o recipiente num \u00e2ngulo perfeito e suave, mostrando o r\u00f3tulo e comemorando os materiais nele contidos. Transforma um recipiente b\u00e1sico num ponto focal para o seu bar, mesa de refei\u00e7\u00f5es ou bancada de cozinha. Para restauradores e vinicultores, utiliza um meio avan\u00e7ado e moderno para apresentar vinhos em destaque, desenvolvendo uma impress\u00e3o imediata de qualidade e sabor.<\/p>\n<p>No entanto, a sua conveni\u00eancia \u00e9 a sua resist\u00eancia oculta. Esta placa transparente \u00e9 um camale\u00e3o de estilo, adaptando-se a muitas fun\u00e7\u00f5es numa casa elegante ou numa divis\u00e3o industrial:.<\/p>\n<ul>\n<li><strong>O p\u00falpito do modernista:\u00a0<\/strong>Na \u00e1rea da cozinha, torna-se um meio moderno e est\u00e1vel para um computador tablet ou um livro de receitas favorito. A sua abertura garante que n\u00e3o entra em conflito com a sua decora\u00e7\u00e3o e a sua natureza imperme\u00e1vel torna-o insuscet\u00edvel a derrames acidentais.<\/li>\n<li><strong>A exposi\u00e7\u00e3o do curador:\u00a0<\/strong>Utilize-o para mostrar propriedades preciosas. Uma bola de basebol autorizada, um esp\u00e9cime geol\u00f3gico \u00fanico, uma pequena escultura ou um rel\u00f3gio de luxo podem ser colocados no seu arco, transformando um pr\u00e9mio pessoal numa exposi\u00e7\u00e3o digna de um museu.<\/li>\n<li><strong>O santu\u00e1rio tipo spa:\u00a0<\/strong>Na casa de banho, pode conter uma pilha de toalhas de m\u00e3o de alta qualidade, elegantemente enroladas, dando um toque de luxo de hotel de primeira classe ao seu quarto individual.<\/li>\n<li><strong>O coordenador do executivo:\u00a0<\/strong>Numa secret\u00e1ria minimalista, funciona como um suporte inovador para um smartphone, correio importante ou uma cole\u00e7\u00e3o de cart\u00f5es de visita de qualidade superior, reduzindo a desarruma\u00e7\u00e3o e acrescentando um toque de estilo de constru\u00e7\u00e3o.<\/li>\n<li><strong>O trunfo da loja:\u00a0<\/strong>Para as boutiques de luxo, esta prateleira \u00e9 o vendedor silencioso perfeito. Mostrar cosm\u00e9ticos, perfumes, j\u00f3ias de moda ou pequenos aparelhos electr\u00f3nicos de qualidade superior neste suporte aumenta imediatamente o seu valor visual, chamando a aten\u00e7\u00e3o do consumidor e real\u00e7ando a elevada qualidade do produto.<\/li>\n<\/ul>\n<p><img decoding=\"async\" class=\"size-full wp-image-1507\" src=\"https:\/\/customacrylicproduct.com\/wp-content\/uploads\/2025\/07\/Acrylic-Bent-3.jpg\" alt=\"Acr\u00edlico Dobrado (3)\" width=\"800\" height=\"800\" srcset=\"https:\/\/customacrylicproduct.com\/wp-content\/uploads\/2025\/07\/Acrylic-Bent-3.jpg 800w, https:\/\/customacrylicproduct.com\/wp-content\/uploads\/2025\/07\/Acrylic-Bent-3-300x300.jpg 300w, https:\/\/customacrylicproduct.com\/wp-content\/uploads\/2025\/07\/Acrylic-Bent-3-150x150.jpg 150w, https:\/\/customacrylicproduct.com\/wp-content\/uploads\/2025\/07\/Acrylic-Bent-3-768x768.jpg 768w, https:\/\/customacrylicproduct.com\/wp-content\/uploads\/2025\/07\/Acrylic-Bent-3-600x600.jpg 600w, https:\/\/customacrylicproduct.com\/wp-content\/uploads\/2025\/07\/Acrylic-Bent-3-100x100.jpg 100w\" sizes=\"(max-width: 800px) 100vw, 800px\" \/><\/p>\n<p><strong>A Pureza do Material, O Compromisso de Longevidade<\/strong><\/p>\n<p>A op\u00e7\u00e3o pelo acr\u00edlico \u00e9 intencional e significativa. Oferece o encanto visual deslumbrante do vidro sem a sua fragilidade intr\u00ednseca. Este suporte para bebidas \u00e9 consideravelmente mais resistente a estilha\u00e7os e mais leve do que um vidro com a mesma densidade, o que o torna mais seguro e mais pr\u00e1tico para o uso di\u00e1rio e em ambientes comerciais de elevado tr\u00e1fego. A densidade significativa do acr\u00edlico confere-lhe um peso agrad\u00e1vel e uma sensa\u00e7\u00e3o de durabilidade, dissipando qualquer tipo de conceito de fragilidade. A manuten\u00e7\u00e3o \u00e9 simples: uma limpeza suave com um pano macio e h\u00famido \u00e9 tudo o que \u00e9 necess\u00e1rio para recuperar o seu grande apelo cristalino durante muitos anos.<\/p>\n<p><strong>O poder do \u201cpersonalizado\u201d: Uma declara\u00e7\u00e3o \u00e0 medida<\/strong><\/p>\n<p>A faceta \u201cPersonalizado\u201d deste item \u00e9 onde ele se torna absolutamente seu. Reconhecemos que o verdadeiro luxo reside na personaliza\u00e7\u00e3o. Esta placa transparente pode ser adaptada \u00e0s suas necessidades espec\u00edficas, transformando-a de um artigo ador\u00e1vel num artefacto \u00fanico e personalizado.<\/p>\n<ul>\n<li><strong>Dimens\u00f5es \u00e0 medida:\u00a0<\/strong>Tem uma garrafa magnum extra-grande ou um decanter com uma forma distinta? Podemos ajustar as dimens\u00f5es da prateleira para obter um encaixe perfeito e seguro.<\/li>\n<li><strong>Inscri\u00e7\u00e3o personalizada:\u00a0<\/strong>Pense na estante gravada com um monograma de fam\u00edlia como um presente de casamento ou anivers\u00e1rio intemporal.<\/li>\n<li><strong>Branding empresarial:\u00a0<\/strong>Para est\u00e2ncias tur\u00edsticas, estabelecimentos de restaura\u00e7\u00e3o, vinhas ou ofertas de empresas, podemos gravar habilmente o log\u00f3tipo da sua empresa na superf\u00edcie. Isto transforma a prateleira num dispositivo de marca eficaz que fala muito sobre o seu empenho na qualidade e nos pormenores.<\/li>\n<li><strong>Tons subtis:\u00a0<\/strong>Embora a transpar\u00eancia cristalina seja a sua imagem de marca, podemos explorar encomendas personalizadas com cores subtis - um grande cinzento fumado, um \u00e2mbar acolhedor ou um azul fant\u00e1stico - para combinar na perfei\u00e7\u00e3o com a identidade da sua marca ou com a combina\u00e7\u00e3o de decora\u00e7\u00e3o de interiores.<\/li>\n<\/ul>\n<p><strong>Um convite \u00e0 cria\u00e7\u00e3o<\/strong><\/p>\n<p>O porta-bebidas em acr\u00edlico transparente dobrado personalizado \u00e9 mais do que um acess\u00f3rio; \u00e9 um investimento em melhoria est\u00e9tica. Destina-se ao aficionado que valoriza a hist\u00f3ria por detr\u00e1s da garrafa, ao criador de interiores que procura o toque final perfeito e ao indiv\u00edduo que acredita que o charme deve ser tecido diretamente no tecido da vida. \u00c9 um testemunho do conceito de que um dos objectos mais funcionais pode tamb\u00e9m ser o mais belo.<\/p>\n<p>D\u00ea as boas-vindas a esta pe\u00e7a de escultura funcional no seu espa\u00e7o. Deixe-a transformar o ato f\u00e1cil de exibir num minuto de evento pac\u00edfico. Melhore o seu ambiente, mostre o seu gosto e possua um objeto t\u00e3o funcional e distinto como voc\u00ea.<\/p>","protected":false},"excerpt":{"rendered":"<p class=\"ng-star-inserted\"><span class=\"ng-star-inserted\">Exiba bebidas com estilo com esta elegante prateleira em acr\u00edlico curvado. Fabricada em acr\u00edlico cristalino de primeira qualidade, a sua forma curva \u00fanica proporciona uma exposi\u00e7\u00e3o deslumbrante e minimalista para garrafas ou latas. Um toque sofisticado e moderno para qualquer bar ou balc\u00e3o em casa.<\/span><\/p>","protected":false},"featured_media":1505,"template":"","meta":{"_kad_post_transparent":"default","_kad_post_title":"","_kad_post_layout":"default","_kad_post_sidebar_id":"","_kad_post_content_style":"default","_kad_post_vertical_padding":"default","_kad_post_feature":"","_kad_post_feature_position":"","_kad_post_header":false,"_kad_post_footer":false,"_kad_post_classname":""},"product_brand":[],"product_cat":[21],"product_tag":[69],"class_list":{"0":"post-1504","1":"product","2":"type-product","3":"status-publish","4":"has-post-thumbnail","6":"product_cat-custom-acrylic-furnitures","7":"product_tag-custom-acrylic-furnitures","9":"first","10":"instock","11":"shipping-taxable","12":"product-type-simple","13":"entry","14":"content-bg","15":"loop-entry"},"_links":{"self":[{"href":"https:\/\/customacrylicproduct.com\/pt\/wp-json\/wp\/v2\/product\/1504","targetHints":{"allow":["GET"]}}],"collection":[{"href":"https:\/\/customacrylicproduct.com\/pt\/wp-json\/wp\/v2\/product"}],"about":[{"href":"https:\/\/customacrylicproduct.com\/pt\/wp-json\/wp\/v2\/types\/product"}],"wp:featuredmedia":[{"embeddable":true,"href":"https:\/\/customacrylicproduct.com\/pt\/wp-json\/wp\/v2\/media\/1505"}],"wp:attachment":[{"href":"https:\/\/customacrylicproduct.com\/pt\/wp-json\/wp\/v2\/media?parent=1504"}],"wp:term":[{"taxonomy":"product_brand","embeddable":true,"href":"https:\/\/customacrylicproduct.com\/pt\/wp-json\/wp\/v2\/product_brand?post=1504"},{"taxonomy":"product_cat","embeddable":true,"href":"https:\/\/customacrylicproduct.com\/pt\/wp-json\/wp\/v2\/product_cat?post=1504"},{"taxonomy":"product_tag","embeddable":true,"href":"https:\/\/customacrylicproduct.com\/pt\/wp-json\/wp\/v2\/product_tag?post=1504"}],"curies":[{"name":"wp","href":"https:\/\/api.w.org\/{rel}","templated":true}]}}