{"id":1510,"date":"2025-07-22T01:39:13","date_gmt":"2025-07-22T01:39:13","guid":{"rendered":"https:\/\/customacrylicproduct.com\/?post_type=product&#038;p=1510"},"modified":"2025-07-22T01:39:13","modified_gmt":"2025-07-22T01:39:13","slug":"acrylic-wedding-place-cards-acrylic-table-number-sign","status":"publish","type":"product","link":"https:\/\/customacrylicproduct.com\/pt\/acrylic-wedding-place-cards-acrylic-table-number-sign\/","title":{"rendered":"Marcadores de lugar de casamento em acr\u00edlico Sinal de n\u00famero de mesa em acr\u00edlico"},"content":{"rendered":"<h3 id=\"elevate-your-occasion-with-classic-beauty-introducing-our-premium-polymer-hexagon-signs\">Eleve a sua ocasi\u00e3o com beleza cl\u00e1ssica: Apresentamos os nossos sinais hexagonais em pol\u00edmero de alta qualidade<\/h3>\n<p>Na arte do planeamento de eventos, s\u00e3o os detalhes precisos que transformam uma reuni\u00e3o atraente numa experi\u00eancia memor\u00e1vel. \u00c9 o sussurro refinado de eleg\u00e2ncia na decora\u00e7\u00e3o, o toque pessoal que faz com que cada convidado se sinta visto e o estilo natural que flui com cada elemento. Convidamo-lo a encontrar o melhor acess\u00f3rio para o anfitri\u00e3o, o coordenador e a noiva modernos: o nosso elegante\u00a0<strong>Cart\u00f5es de \u00e1rea hexagonais em acr\u00edlico transparente e indica\u00e7\u00f5es de n\u00fameros de mesa\u00a0<\/strong>.<\/p>\n<p>Concebidos para quem tem um olhar cr\u00edtico sobre a disposi\u00e7\u00e3o contempor\u00e2nea e a eleg\u00e2ncia intemporal, estes hex\u00e1gonos acr\u00edlicos funcionais s\u00e3o mais do que simples objectos \u00fateis - s\u00e3o uma tela para a sua imagina\u00e7\u00e3o e a pedra angular de um cen\u00e1rio de mesa impressionante. Imagine os seus convidados a chegarem e a encontrarem os seus nomes aparentemente a flutuar numa beleza cristalina, ou a dirigirem-se para as suas mesas com a ajuda de n\u00fameros elegantes e minimalistas que real\u00e7am, em vez de obstru\u00edrem, os seus ador\u00e1veis centros de mesa. Este \u00e9 o novo requisito do design de ocasi\u00f5es e come\u00e7a aqui mesmo.<\/p>\n<p><img fetchpriority=\"high\" decoding=\"async\" class=\"size-full wp-image-1511\" src=\"https:\/\/customacrylicproduct.com\/wp-content\/uploads\/2025\/07\/Table-Number-Sign-1.jpg\" alt=\"Sinal de n\u00famero de mesa (1)\" width=\"1000\" height=\"1000\" srcset=\"https:\/\/customacrylicproduct.com\/wp-content\/uploads\/2025\/07\/Table-Number-Sign-1.jpg 1000w, https:\/\/customacrylicproduct.com\/wp-content\/uploads\/2025\/07\/Table-Number-Sign-1-300x300.jpg 300w, https:\/\/customacrylicproduct.com\/wp-content\/uploads\/2025\/07\/Table-Number-Sign-1-150x150.jpg 150w, https:\/\/customacrylicproduct.com\/wp-content\/uploads\/2025\/07\/Table-Number-Sign-1-768x768.jpg 768w, https:\/\/customacrylicproduct.com\/wp-content\/uploads\/2025\/07\/Table-Number-Sign-1-600x600.jpg 600w, https:\/\/customacrylicproduct.com\/wp-content\/uploads\/2025\/07\/Table-Number-Sign-1-100x100.jpg 100w\" sizes=\"(max-width: 1000px) 100vw, 1000px\" \/><\/p>\n<h4 id=\"the-appeal-of-flawless-design-material-and-workmanship\">O apelo de um design impec\u00e1vel: Material e m\u00e3o de obra<\/h4>\n<p>Os nossos indicadores hexagonais s\u00e3o cortados com precis\u00e3o em acr\u00edlico de alta qualidade, resiliente e cristalino. Ao contr\u00e1rio do vidro, que pode ser delicado e inseguro, o nosso acr\u00edlico de custos oferece exatamente a mesma abertura luminosa com uma for\u00e7a not\u00e1vel e uma sensa\u00e7\u00e3o de leveza. Cada artigo apresenta lados cortados a laser, perfeitamente iluminados, garantindo um revestimento suave, sem riscos e glamoroso que \u00e9 maravilhoso ao toque.<\/p>\n<p>A escolha da forma hexagonal \u00e9 intencional e inspirada. Como adepto do estilo geom\u00e9trico moderno, o hex\u00e1gono fornece um estilo arquitet\u00f3nico distinto que distingue a sua ocasi\u00e3o das que utilizam os t\u00edpicos cart\u00f5es rectangulares ou redondos. \u00c9 um s\u00edmbolo de consist\u00eancia, equil\u00edbrio e liga\u00e7\u00e3o - a vis\u00e3o excelente para um evento de casamento, anivers\u00e1rio de casamento ou qualquer tipo de reuni\u00e3o destinada a juntar pessoas. Para garantir que chegam aqui em excelentes condi\u00e7\u00f5es e sem riscos, cada hex\u00e1gono acr\u00edlico individual \u00e9 enviado com uma pel\u00edcula de seguran\u00e7a em ambos os lados. Basta retir\u00e1-lo antes de o utilizar para expor uma superf\u00edcie excelente e incrivelmente clara, preparada para o seu toque individual.<\/p>\n<p><img decoding=\"async\" class=\"wp-image-1512 size-large\" src=\"https:\/\/customacrylicproduct.com\/wp-content\/uploads\/2025\/07\/Table-Number-Sign-2-1024x1024.jpg\" alt=\"Sinal de n\u00famero de mesa (2)\" width=\"1024\" height=\"1024\" srcset=\"https:\/\/customacrylicproduct.com\/wp-content\/uploads\/2025\/07\/Table-Number-Sign-2-1024x1024.jpg 1024w, https:\/\/customacrylicproduct.com\/wp-content\/uploads\/2025\/07\/Table-Number-Sign-2-300x300.jpg 300w, https:\/\/customacrylicproduct.com\/wp-content\/uploads\/2025\/07\/Table-Number-Sign-2-150x150.jpg 150w, https:\/\/customacrylicproduct.com\/wp-content\/uploads\/2025\/07\/Table-Number-Sign-2-768x768.jpg 768w, https:\/\/customacrylicproduct.com\/wp-content\/uploads\/2025\/07\/Table-Number-Sign-2-600x600.jpg 600w, https:\/\/customacrylicproduct.com\/wp-content\/uploads\/2025\/07\/Table-Number-Sign-2-100x100.jpg 100w, https:\/\/customacrylicproduct.com\/wp-content\/uploads\/2025\/07\/Table-Number-Sign-2.jpg 1500w\" sizes=\"(max-width: 1024px) 100vw, 1024px\" \/><\/p>\n<h4 id=\"a-canvas-for-your-distinct-vision-unmatched-versatility\">Uma tela para a sua vis\u00e3o distinta: Versatilidade inigual\u00e1vel<\/h4>\n<p>A verdadeira magia destes hex\u00e1gonos de acr\u00edlico reside na sua versatilidade sem limites. S\u00e3o oferecidos como excelentes quadros vazios, permitindo-lhe dar largas \u00e0 sua imagina\u00e7\u00e3o e adapt\u00e1-los perfeitamente ao estilo e esquema de cores especiais do seu evento.<\/p>\n<p><strong>1. Cart\u00f5es de lugar com estilo:\u00a0<\/strong>. Transforme a configura\u00e7\u00e3o dos seus lugares numa obra de arte. Utilizando uma caneta de tinta \u00e0 base de \u00f3leo (em dourado, prateado, branco, dourado aumentado ou preto), pode escrever \u00e0 m\u00e3o o nome de cada visitante numa caligrafia deslumbrante. O nome parecer\u00e1 certamente suspenso no ar, criando um impacto est\u00e9tico sensacional em qualquer toalha de mesa ou prato de carregamento. Como mostrado nas imagens, pode coloc\u00e1-los diretamente sobre o guardanapo de papel, coloc\u00e1-los num pequeno suporte ou coloc\u00e1-los sobre um menu de papel para um aspeto rico e multidimensional. N\u00e3o se trata apenas de um marcador de \u00e1rea, mas de uma lembran\u00e7a personalizada que os seus visitantes podem levar para casa.<\/p>\n<p><strong>2. Figuras de tabelas chiques:\u00a0<\/strong>. Diga adeus aos n\u00fameros de mesa inc\u00f3modos e que bloqueiam a vista. Os nossos hex\u00e1gonos em acr\u00edlico transparente oferecem um suporte claro sem p\u00f4r em risco a sua decora\u00e7\u00e3o. Um n\u00famero arrojado e elegante aplicado com vinil ou tinta atrai maravilhosamente a aten\u00e7\u00e3o, enquanto o fundo transparente permite que os seus planos de flores e centros de mesa continuem a ser a estrela do programa. Coloque-os num suporte simples de madeira, acr\u00edlico ou metal (conforme previsto) para os incorporar perfeitamente em qualquer tipo de estilo, desde o charme r\u00fastico \u00e0 beleza moderna.<\/p>\n<p><strong>3. Para al\u00e9m da mesa:\u00a0<\/strong>. A sua utilidade vai muito para al\u00e9m da configura\u00e7\u00e3o de locais e n\u00fameros de mesa. Tenha em considera\u00e7\u00e3o estas v\u00e1rias outras aplica\u00e7\u00f5es imaginativas:.<\/p>\n<ul>\n<li><strong>R\u00f3tulos para buffets e bares de guloseimas:\u00a0<\/strong>Rotular os pratos, as guloseimas ou os queijos em voga.<\/li>\n<li><strong>Indica\u00e7\u00f5es para bares e bebidas alco\u00f3licas:\u00a0<\/strong>Apresente as suas bebidas mistas de assinatura ou fa\u00e7a uma lista dos vinhos brancos e cervejas dispon\u00edveis.<\/li>\n<li><strong>Indicadores pouco informativos:\u00a0<\/strong>Utilize-os na sua mesa de presentes, na esta\u00e7\u00e3o do livro de visitas ou para apresentar o hashtag do seu evento de casamento.<\/li>\n<li><strong>\u201d Indicadores \u201dReservado\":\u00a0<\/strong>Marque com eleg\u00e2ncia lugares especiais para a fam\u00edlia ou para a celebra\u00e7\u00e3o do evento de casamento.<\/li>\n<li><strong>A celebra\u00e7\u00e3o do casamento DIY prefere:\u00a0<\/strong>Grave ou pinte uma mensagem de agradecimento ou o monograma do seu evento de casamento para um suporte que seja simultaneamente bonito e memor\u00e1vel.<\/li>\n<\/ul>\n<p><img decoding=\"async\" class=\"wp-image-1513 size-large aligncenter\" src=\"https:\/\/customacrylicproduct.com\/wp-content\/uploads\/2025\/07\/Table-Number-Sign-3-1024x1024.jpg\" alt=\"Sinal de n\u00famero de mesa (3)\" width=\"1024\" height=\"1024\" srcset=\"https:\/\/customacrylicproduct.com\/wp-content\/uploads\/2025\/07\/Table-Number-Sign-3-1024x1024.jpg 1024w, https:\/\/customacrylicproduct.com\/wp-content\/uploads\/2025\/07\/Table-Number-Sign-3-300x300.jpg 300w, https:\/\/customacrylicproduct.com\/wp-content\/uploads\/2025\/07\/Table-Number-Sign-3-150x150.jpg 150w, https:\/\/customacrylicproduct.com\/wp-content\/uploads\/2025\/07\/Table-Number-Sign-3-768x768.jpg 768w, https:\/\/customacrylicproduct.com\/wp-content\/uploads\/2025\/07\/Table-Number-Sign-3-600x600.jpg 600w, https:\/\/customacrylicproduct.com\/wp-content\/uploads\/2025\/07\/Table-Number-Sign-3-100x100.jpg 100w, https:\/\/customacrylicproduct.com\/wp-content\/uploads\/2025\/07\/Table-Number-Sign-3.jpg 1500w\" sizes=\"(max-width: 1024px) 100vw, 1024px\" \/><\/p>\n<h4 id=\"perfectly-fit-for-any-theme-\">Adapta-se perfeitamente a qualquer tema<\/h4>\n<p>A alta qualidade minimalista e camale\u00f3nica destes sinais em acr\u00edlico transparente permite-lhes integrarem-se perfeitamente em qualquer tipo de est\u00e9tica. N\u00e3o determinam um design; elevam-no.<\/p>\n<ul>\n<li><strong>Moderno e minimalista:\u00a0<\/strong>As suas linhas simples e forma geom\u00e9trica s\u00e3o naturalmente adequadas para uma celebra\u00e7\u00e3o moderna. Combine com tipografia simples e detalhes a preto e branco para obter um visual n\u00edtido e inovador.<\/li>\n<li><strong>Charme e jardim:\u00a0<\/strong>Num cen\u00e1rio de flores exuberantes, vegeta\u00e7\u00e3o como o eucalipto e luz suave de velas, os indicadores em acr\u00edlico incluem um toque de magia contempor\u00e2nea, captando a luz e acrescentando uma camada de profundidade.<\/li>\n<li><strong>Antiquado e Hippie:\u00a0<\/strong>Contraste o acr\u00edlico aerodin\u00e2mico com estruturas totalmente naturais. Coloque-os em propriet\u00e1rios de madeira em bruto, amarre-os com cordel e combine-os com flores secas para desenvolver uma magn\u00edfica associa\u00e7\u00e3o entre o moderno e o org\u00e2nico.<\/li>\n<li><strong>Glamoroso e Art Deco:\u00a0<\/strong>Embelezados com caligrafia met\u00e1lica prateada ou dourada e posicionados ao lado de pontos focais opulentos, estes indicadores exalam uma beleza luxuosa e premium.<\/li>\n<\/ul>\n<h4 id=\"greater-than-a-wedding-information-\">Mais do que uma informa\u00e7\u00e3o de casamento<\/h4>\n<p>Embora sejam perfeitos para eventos de casamento, o encanto intemporal destes hex\u00e1gonos de acr\u00edlico torna-os vitais para uma grande variedade de eventos. Eleve uma gala de neg\u00f3cios sofisticada, d\u00ea um toque pessoal a uma festa de anivers\u00e1rio marcante, d\u00ea uma vis\u00e3o geral aos visitantes num casamento ou numa festa de beb\u00e9 ou d\u00ea um toque de curso \u00e0s suas mesas de jantar de A\u00e7\u00e3o de Gra\u00e7as ou de Natal. Para os propriet\u00e1rios de lojas, podem at\u00e9 funcionar como etiquetas de pre\u00e7o ou indica\u00e7\u00f5es de artigos elegantes e recicl\u00e1veis.<\/p>\n<p>Adquira um artigo que pode ser utilizado vezes sem conta. O acr\u00edlico resistente \u00e9 f\u00e1cil de limpar com um tecido macio e pode ser guardado e reciclado para todos os eventos futuros da vida.<\/p>\n<h4 id=\"your-event-your-work-of-art-\">O seu evento, a sua obra de arte<\/h4>\n<p>Na verdade, dedicaram o vosso cora\u00e7\u00e3o a pensar em cada detalhe do vosso dia especial. Desde as flores at\u00e9 \u00e0 m\u00fasica, cada sele\u00e7\u00e3o conta uma parte da vossa hist\u00f3ria. Deixe que as suas mesas consultem com o mesmo grau de prop\u00f3sito e estilo. Estes sinais hexagonais em acr\u00edlico n\u00e3o s\u00e3o apenas uma ferramenta log\u00edstica; s\u00e3o uma declara\u00e7\u00e3o de estilo, um aceno para o romance contempor\u00e2neo e um detalhe que os seus convidados ir\u00e3o certamente apreciar e ter em mente.<\/p>\n<p>Acrescente este importante elemento ao seu estilo e inicie o belo processo de o tornar seu. Produza um visual coeso e de alta qualidade que parece individual e habilmente selecionado. Encomende o seu conjunto de\u00a0<strong>Custos Indicadores de hex\u00e1gono de pol\u00edmero\u00a0<\/strong>hoje e criar um ambiente de beleza pura e memor\u00e1vel.<\/p>","protected":false},"excerpt":{"rendered":"<p class=\"ng-star-inserted\"><span class=\"ng-star-inserted\">Eleve o seu evento com estes elegantes sinais hexagonais em acr\u00edlico. Perfeitos como elegantes cart\u00f5es de lugar ou n\u00fameros de mesa modernos, o seu design cristalino d\u00e1 um toque sofisticado e minimalista a qualquer decora\u00e7\u00e3o de casamento ou festa. Uma op\u00e7\u00e3o bonita e reutiliz\u00e1vel para orientar os seus convidados com estilo.<\/span><\/p>","protected":false},"featured_media":1511,"template":"","meta":{"_kad_post_transparent":"default","_kad_post_title":"","_kad_post_layout":"default","_kad_post_sidebar_id":"","_kad_post_content_style":"default","_kad_post_vertical_padding":"default","_kad_post_feature":"","_kad_post_feature_position":"","_kad_post_header":false,"_kad_post_footer":false,"_kad_post_classname":""},"product_brand":[],"product_cat":[18],"product_tag":[51],"class_list":{"0":"post-1510","1":"product","2":"type-product","3":"status-publish","4":"has-post-thumbnail","6":"product_cat-custom-acrylic-signs","7":"product_tag-custom-acrylic-signs","9":"first","10":"instock","11":"shipping-taxable","12":"product-type-simple","13":"entry","14":"content-bg","15":"loop-entry"},"_links":{"self":[{"href":"https:\/\/customacrylicproduct.com\/pt\/wp-json\/wp\/v2\/product\/1510","targetHints":{"allow":["GET"]}}],"collection":[{"href":"https:\/\/customacrylicproduct.com\/pt\/wp-json\/wp\/v2\/product"}],"about":[{"href":"https:\/\/customacrylicproduct.com\/pt\/wp-json\/wp\/v2\/types\/product"}],"wp:featuredmedia":[{"embeddable":true,"href":"https:\/\/customacrylicproduct.com\/pt\/wp-json\/wp\/v2\/media\/1511"}],"wp:attachment":[{"href":"https:\/\/customacrylicproduct.com\/pt\/wp-json\/wp\/v2\/media?parent=1510"}],"wp:term":[{"taxonomy":"product_brand","embeddable":true,"href":"https:\/\/customacrylicproduct.com\/pt\/wp-json\/wp\/v2\/product_brand?post=1510"},{"taxonomy":"product_cat","embeddable":true,"href":"https:\/\/customacrylicproduct.com\/pt\/wp-json\/wp\/v2\/product_cat?post=1510"},{"taxonomy":"product_tag","embeddable":true,"href":"https:\/\/customacrylicproduct.com\/pt\/wp-json\/wp\/v2\/product_tag?post=1510"}],"curies":[{"name":"wp","href":"https:\/\/api.w.org\/{rel}","templated":true}]}}