{"id":1519,"date":"2025-07-22T02:10:17","date_gmt":"2025-07-22T02:10:17","guid":{"rendered":"https:\/\/customacrylicproduct.com\/?post_type=product&#038;p=1519"},"modified":"2025-07-22T02:10:17","modified_gmt":"2025-07-22T02:10:17","slug":"simplicity-custom-clear-acrylic-digital-photo-frame-standing","status":"publish","type":"product","link":"https:\/\/customacrylicproduct.com\/pt\/simplicity-custom-clear-acrylic-digital-photo-frame-standing\/","title":{"rendered":"Moldura fotogr\u00e1fica digital acr\u00edlica transparente personalizada Simplicity em p\u00e9"},"content":{"rendered":"<h3 id=\"-showcase-your-memories-in-flawless-clearness-the-simpleness-personalized-clear-polymer-image-framework-\"><strong>Mostre as suas recorda\u00e7\u00f5es com uma nitidez impec\u00e1vel: A estrutura de imagens em pol\u00edmero transparente personalizada Simpleness<\/strong><\/h3>\n<p>Num mundo saturado de imagens electr\u00f3nicas, onde os nossos minutos mais valiosos est\u00e3o frequentemente limitados ao brilho de curto prazo de um ecr\u00e3, h\u00e1 um poder extenso e duradouro em dar vida a uma fotografia no mundo real. Uma fotografia publicada \u00e9 uma liga\u00e7\u00e3o substancial a uma mem\u00f3ria, uma hist\u00f3ria congelada no tempo. Mas como mostrar esses minutos preciosos sem perder o seu encanto? Como reconhecer uma mem\u00f3ria de uma forma que seja simultaneamente moderna e intemporal?<\/p>\n<p>Apresenta\u00e7\u00e3o do\u00a0<strong>Moldura de pol\u00edmero transparente personalizada Simplicity\u00a0<\/strong>- uma aula de mestre em design minimalista e o melhor expositor para as suas fotografias, obras de arte e pr\u00e9mios mais queridos. Isto \u00e9 mais do que uma simples moldura; \u00e9 um palco cristalino que eleva as suas mem\u00f3rias, permitindo-lhes irradiar com um brilho inigual\u00e1vel e ser o centro das aten\u00e7\u00f5es em qualquer ambiente. Despreze os rebordos volumosos e ornamentados que competem pela aten\u00e7\u00e3o. A nossa estrutura em acr\u00edlico foi concebida com um conceito em mente: fazer da sua fotografia o her\u00f3i.<\/p>\n<p><img fetchpriority=\"high\" decoding=\"async\" class=\"size-full wp-image-1522\" src=\"https:\/\/customacrylicproduct.com\/wp-content\/uploads\/2025\/07\/Custom-Clear-Acrylic-Digital-Photo-Frame-3.jpg\" alt=\"Moldura fotogr\u00e1fica digital acr\u00edlica transparente personalizada (3)\" width=\"800\" height=\"800\" srcset=\"https:\/\/customacrylicproduct.com\/wp-content\/uploads\/2025\/07\/Custom-Clear-Acrylic-Digital-Photo-Frame-3.jpg 800w, https:\/\/customacrylicproduct.com\/wp-content\/uploads\/2025\/07\/Custom-Clear-Acrylic-Digital-Photo-Frame-3-300x300.jpg 300w, https:\/\/customacrylicproduct.com\/wp-content\/uploads\/2025\/07\/Custom-Clear-Acrylic-Digital-Photo-Frame-3-150x150.jpg 150w, https:\/\/customacrylicproduct.com\/wp-content\/uploads\/2025\/07\/Custom-Clear-Acrylic-Digital-Photo-Frame-3-768x768.jpg 768w, https:\/\/customacrylicproduct.com\/wp-content\/uploads\/2025\/07\/Custom-Clear-Acrylic-Digital-Photo-Frame-3-600x600.jpg 600w, https:\/\/customacrylicproduct.com\/wp-content\/uploads\/2025\/07\/Custom-Clear-Acrylic-Digital-Photo-Frame-3-100x100.jpg 100w\" sizes=\"(max-width: 800px) 100vw, 800px\" \/><\/p>\n<p><strong>A pureza do design: Uma janela de casa para o vosso globo<\/strong><\/p>\n<p>A nossa moldura \u00e9 fabricada a partir de 2 pain\u00e9is de acr\u00edlico espessos, de qualidade superior e cristalinos, que colocam a sua fotografia ou ficheiro entre eles. Este estilo engenhoso e sem moldura desenvolve um impacto sensacional de \u201cflutua\u00e7\u00e3o\u201d, fazendo com que a sua fotografia pare\u00e7a estar suspensa no ar. A luz refracta maravilhosamente atrav\u00e9s dos lados polidos, incluindo um brilho refinado e luminescente que atrai o olhar diretamente para o cora\u00e7\u00e3o do ecr\u00e3 - a sua mem\u00f3ria.<\/p>\n<p>A constru\u00e7\u00e3o \u00e9 uma maravilha da engenharia sofisticada. Os dois pain\u00e9is s\u00e3o mantidos um com o outro de forma segura por postes de blogue de metal de topo, que s\u00e3o tanto uma parte da est\u00e9tica como s\u00e3o pr\u00e1ticos. Estes pormenores em a\u00e7o refinado, dispon\u00edveis em v\u00e1rios revestimentos, d\u00e3o um toque de classe industrial-chique. A montagem \u00e9 simples: basta desapertar os postes, colocar a sua imagem entre os pain\u00e9is e voltar a fix\u00e1-los. N\u00e3o h\u00e1 abas de metal para dobrar ou risco de estragar o vidro. Alterar as fotografias \u00e9 um procedimento simples e agrad\u00e1vel que demora apenas alguns segundos, motivando-o a manter o seu ecr\u00e3 fresco e atual.<\/p>\n<p><img decoding=\"async\" class=\"wp-image-1523 size-large aligncenter\" src=\"https:\/\/customacrylicproduct.com\/wp-content\/uploads\/2025\/07\/Custom-Clear-Acrylic-Digital-Photo-Frame-4-1024x1024.jpg\" alt=\"Moldura digital acr\u00edlica transparente personalizada (4)\" width=\"1024\" height=\"1024\" srcset=\"https:\/\/customacrylicproduct.com\/wp-content\/uploads\/2025\/07\/Custom-Clear-Acrylic-Digital-Photo-Frame-4-1024x1024.jpg 1024w, https:\/\/customacrylicproduct.com\/wp-content\/uploads\/2025\/07\/Custom-Clear-Acrylic-Digital-Photo-Frame-4-300x300.jpg 300w, https:\/\/customacrylicproduct.com\/wp-content\/uploads\/2025\/07\/Custom-Clear-Acrylic-Digital-Photo-Frame-4-150x150.jpg 150w, https:\/\/customacrylicproduct.com\/wp-content\/uploads\/2025\/07\/Custom-Clear-Acrylic-Digital-Photo-Frame-4-768x768.jpg 768w, https:\/\/customacrylicproduct.com\/wp-content\/uploads\/2025\/07\/Custom-Clear-Acrylic-Digital-Photo-Frame-4-1536x1536.jpg 1536w, https:\/\/customacrylicproduct.com\/wp-content\/uploads\/2025\/07\/Custom-Clear-Acrylic-Digital-Photo-Frame-4-600x600.jpg 600w, https:\/\/customacrylicproduct.com\/wp-content\/uploads\/2025\/07\/Custom-Clear-Acrylic-Digital-Photo-Frame-4-100x100.jpg 100w, https:\/\/customacrylicproduct.com\/wp-content\/uploads\/2025\/07\/Custom-Clear-Acrylic-Digital-Photo-Frame-4.jpg 1920w\" sizes=\"(max-width: 1024px) 100vw, 1024px\" \/><\/p>\n<p><strong>Clareza incompar\u00e1vel e robustez a longo prazo<\/strong><\/p>\n<p>Utilizamos apenas o melhor acr\u00edlico fundido, popular pela sua clareza \u00f3tica superior que se equipara ao vidro mais bonito, mas sem a fragilidade. Ao contr\u00e1rio do acr\u00edlico mais barato e espremido, os nossos pain\u00e9is s\u00e3o imunes ao amarelecimento gradual, garantindo que o seu ecr\u00e3 permanece t\u00e3o claro e din\u00e2mico como no dia em que o instalou pela primeira vez. Al\u00e9m disso, o acr\u00edlico oferece uma camada natural de prote\u00e7\u00e3o UV, ajudando a proteger as suas fotografias de valor inestim\u00e1vel dos resultados do desvanecimento da luz solar, preservando as suas tonalidades e detalhes durante muitos anos.<\/p>\n<p>A espessura substancial dos pain\u00e9is confere \u00e0 estrutura um peso gratificante e uma sensa\u00e7\u00e3o de qualidade superior. Mant\u00e9m-se de p\u00e9 com confian\u00e7a por si s\u00f3, quer para cima e para baixo, quer na horizontal, gra\u00e7as \u00e0s pernas de apoio inteligentemente criadas. Esta comodidade permite-lhe mostrar fotografias orientadas para o retrato e para a paisagem com uma rota\u00e7\u00e3o b\u00e1sica, tornando-a adapt\u00e1vel a qualquer tipo de fotografia ou \u00e1rea.<\/p>\n<p><img decoding=\"async\" class=\"size-full wp-image-1521\" src=\"https:\/\/customacrylicproduct.com\/wp-content\/uploads\/2025\/07\/Custom-Clear-Acrylic-Digital-Photo-Frame-2.jpg\" alt=\"Moldura fotogr\u00e1fica digital acr\u00edlica transparente personalizada (2)\" width=\"800\" height=\"800\" srcset=\"https:\/\/customacrylicproduct.com\/wp-content\/uploads\/2025\/07\/Custom-Clear-Acrylic-Digital-Photo-Frame-2.jpg 800w, https:\/\/customacrylicproduct.com\/wp-content\/uploads\/2025\/07\/Custom-Clear-Acrylic-Digital-Photo-Frame-2-300x300.jpg 300w, https:\/\/customacrylicproduct.com\/wp-content\/uploads\/2025\/07\/Custom-Clear-Acrylic-Digital-Photo-Frame-2-150x150.jpg 150w, https:\/\/customacrylicproduct.com\/wp-content\/uploads\/2025\/07\/Custom-Clear-Acrylic-Digital-Photo-Frame-2-768x768.jpg 768w, https:\/\/customacrylicproduct.com\/wp-content\/uploads\/2025\/07\/Custom-Clear-Acrylic-Digital-Photo-Frame-2-600x600.jpg 600w, https:\/\/customacrylicproduct.com\/wp-content\/uploads\/2025\/07\/Custom-Clear-Acrylic-Digital-Photo-Frame-2-100x100.jpg 100w\" sizes=\"(max-width: 800px) 100vw, 800px\" \/><\/p>\n<p><strong>Uma tela para cada hist\u00f3ria<\/strong><\/p>\n<p>A verdadeira eleg\u00e2ncia da estrutura de pol\u00edmeros Simpleness reside na sua inacredit\u00e1vel comodidade. \u00c9 uma tela em branco \u00e0 espera da sua hist\u00f3ria.<\/p>\n<ul>\n<li><strong>Fotografias:\u00a0<\/strong>Desde retratos de fam\u00edlia especializados e fotografias de paisagens sensacionais a instant\u00e2neos espont\u00e2neos do seu dispositivo inteligente, esta moldura proporciona a cada fotografia uma discuss\u00e3o com qualidade de galeria. A nitidez real\u00e7a todos os pormenores, fazendo com que as cores sobressaiam e as fotografias a preto e branco pare\u00e7am realmente ricas e profundas.<\/li>\n<li><strong>Arte e ilustra\u00e7\u00f5es:\u00a0<\/strong>Mostre a primeira obra de arte do seu filho, um postal preferido ou uma imagem caprichosa (como o pato cativante visto na imagem). O design sem moldura valoriza a integridade da obra de arte, apresentando-a totalmente sem cortar ou esconder qualquer tipo de componente da cria\u00e7\u00e3o.<\/li>\n<li><strong>Certificados e pr\u00e9mios:\u00a0<\/strong>Ofere\u00e7a \u00e0s suas conquistas arduamente obtidas o reconhecimento que merecem. Quer se trate de um diploma universit\u00e1rio, de uma acredita\u00e7\u00e3o especializada ou de um pr\u00e9mio empresarial, esta estrutura confere-lhe um estilo moderno e autoridade, tornando-a um complemento ideal para qualquer tipo de casa ou local de trabalho empresarial.<\/li>\n<li><strong>Lembran\u00e7as:\u00a0<\/strong>N\u00e3o deixe que as suas recorda\u00e7\u00f5es acumulem p\u00f3 numa caixa. Utilize a estrutura para mostrar outros pr\u00e9mios planos - um canhoto de bilhete de um espet\u00e1culo que mudou a sua vida, uma flor prensada de um bouquet de casamento, uma nota transcrita de um ente querido. Os pain\u00e9is de acr\u00edlico protegem estes produtos fr\u00e1geis, mantendo-os perfeitamente no ecr\u00e3.<\/li>\n<\/ul>\n<p><strong>Assimila\u00e7\u00e3o suave em qualquer tipo de decora\u00e7\u00e3o<\/strong><\/p>\n<p>O visual minimalista da Estrutura Acr\u00edlica Simpleness garante a sua valoriza\u00e7\u00e3o em qualquer tipo de estilo de decora\u00e7\u00e3o de interiores.<\/p>\n<ul>\n<li><strong>Na casa moderna:\u00a0<\/strong>As suas linhas simples e a sua natureza clara integram-se perfeitamente no design moderno, escandinavo ou comercial. Coloque-o numa lareira minimalista, numa secret\u00e1ria de escrit\u00f3rio suave ou numa mesa de cabeceira para um toque de eleg\u00e2ncia discreta.<\/li>\n<li><strong>Na sala convencional:\u00a0<\/strong>A estrutura oferece um contraponto refrescante e contempor\u00e2neo em cen\u00e1rios muito mais convencionais. Ao \u201cflutuar\u201d a imagem, evita a confus\u00e3o est\u00e9tica que pode acompanhar estruturas pesadas e cl\u00e1ssicas, permitindo que a imagem respire.<\/li>\n<li><strong>No local de trabalho dos peritos:\u00a0<\/strong>Projetar uma imagem de desempenho e design modernos. Utilize-o para apresentar os valores da empresa, imagens de grupo ou distin\u00e7\u00f5es. A sua disposi\u00e7\u00e3o limpa e discreta mant\u00e9m um ambiente de especialista, acrescentando um toque pessoal.<\/li>\n<\/ul>\n<p><strong>O presente perfeito, personalizado e atencioso\u00a0<\/strong>.<\/p>\n<p>Est\u00e1 \u00e0 procura de um presente que seja simultaneamente pessoal e apelativo? N\u00e3o procure mais. A moldura acr\u00edlica Simplicity \u00e9 uma escolha fenomenal para qualquer tipo de ocasi\u00e3o - celebra\u00e7\u00f5es de casamento, anivers\u00e1rios, formaturas, anivers\u00e1rios, Dia da M\u00e3e ou como presente de boas-vindas. Coloque previamente uma fotografia significativa para um movimento verdadeiramente genu\u00edno. \u00c9 uma prenda que menciona considera\u00e7\u00e3o e um reconhecimento tanto pela mem\u00f3ria como pelo design.<\/p>\n<p><strong>Do digital ao espet\u00e1culo: Unir os seus mundos<\/strong><\/p>\n<p>Embora o nosso objeto seja uma estrutura f\u00edsica, chamamos-lhe \u201cEstrutura de imagem digital\u201d em esp\u00edrito. \u00c9 o destino perfeito para as in\u00fameras imagens deslumbrantes captadas pelas nossas c\u00e2maras electr\u00f3nicas e dispositivos inteligentes. Oferece a ponte adequada, pegando nos seus minutos digitais ideais e transformando-os em arte f\u00edsica de longa dura\u00e7\u00e3o para a sua casa ou escrit\u00f3rio. Motiva-o a fazer a curadoria da sua vida, a escolher aquelas fotografias particulares que especificam um momento e proporcionam um local de honra.<\/p>\n<p>Deixe de passar o dedo e comece a mostrar. Liberte as suas mem\u00f3rias dos limites da sua unidade de disco. Deixe que as gargalhadas de umas f\u00e9rias em casa, o romance de um dia especial ou o orgulho de uma conquista carreguem a sua \u00e1rea.<\/p>\n<p>Encomendar o seu\u00a0<strong>Estrutura fotogr\u00e1fica em acr\u00edlico transparente personalizada Simplicity\u00a0<\/strong>hoje, e ofere\u00e7a \u00e0s suas hist\u00f3rias a montra fant\u00e1stica e atractiva a que t\u00eam direito.<\/p>","protected":false},"excerpt":{"rendered":"<p class=\"ng-star-inserted\"><span class=\"ng-star-inserted\">Mostre as suas recorda\u00e7\u00f5es com uma simplicidade moderna. A nossa moldura de p\u00e9 em acr\u00edlico transparente d\u00e1 \u00e0s fotografias e aos certificados um deslumbrante efeito \u201cflutuante\u201d. O design sem moldura e de painel duplo \u00e9 perfeito para qualquer secret\u00e1ria ou prateleira.<\/span><\/p>","protected":false},"featured_media":1522,"template":"","meta":{"_kad_post_transparent":"default","_kad_post_title":"","_kad_post_layout":"default","_kad_post_sidebar_id":"","_kad_post_content_style":"default","_kad_post_vertical_padding":"default","_kad_post_feature":"","_kad_post_feature_position":"","_kad_post_header":false,"_kad_post_footer":false,"_kad_post_classname":""},"product_brand":[],"product_cat":[20],"product_tag":[65],"class_list":{"0":"post-1519","1":"product","2":"type-product","3":"status-publish","4":"has-post-thumbnail","6":"product_cat-custom-acrylic-crafts","7":"product_tag-custom-acrylic-crafts","9":"first","10":"instock","11":"shipping-taxable","12":"product-type-simple","13":"entry","14":"content-bg","15":"loop-entry"},"_links":{"self":[{"href":"https:\/\/customacrylicproduct.com\/pt\/wp-json\/wp\/v2\/product\/1519","targetHints":{"allow":["GET"]}}],"collection":[{"href":"https:\/\/customacrylicproduct.com\/pt\/wp-json\/wp\/v2\/product"}],"about":[{"href":"https:\/\/customacrylicproduct.com\/pt\/wp-json\/wp\/v2\/types\/product"}],"wp:featuredmedia":[{"embeddable":true,"href":"https:\/\/customacrylicproduct.com\/pt\/wp-json\/wp\/v2\/media\/1522"}],"wp:attachment":[{"href":"https:\/\/customacrylicproduct.com\/pt\/wp-json\/wp\/v2\/media?parent=1519"}],"wp:term":[{"taxonomy":"product_brand","embeddable":true,"href":"https:\/\/customacrylicproduct.com\/pt\/wp-json\/wp\/v2\/product_brand?post=1519"},{"taxonomy":"product_cat","embeddable":true,"href":"https:\/\/customacrylicproduct.com\/pt\/wp-json\/wp\/v2\/product_cat?post=1519"},{"taxonomy":"product_tag","embeddable":true,"href":"https:\/\/customacrylicproduct.com\/pt\/wp-json\/wp\/v2\/product_tag?post=1519"}],"curies":[{"name":"wp","href":"https:\/\/api.w.org\/{rel}","templated":true}]}}