{"id":1524,"date":"2025-07-22T02:24:38","date_gmt":"2025-07-22T02:24:38","guid":{"rendered":"https:\/\/customacrylicproduct.com\/?post_type=product&#038;p=1524"},"modified":"2025-07-22T02:24:38","modified_gmt":"2025-07-22T02:24:38","slug":"customized-acrylic-logo-signs-handy-gadget-for-work","status":"publish","type":"product","link":"https:\/\/customacrylicproduct.com\/pt\/customized-acrylic-logo-signs-handy-gadget-for-work\/","title":{"rendered":"Sinais acr\u00edlicos personalizados com log\u00f3tipo Gadget \u00fatil para o trabalho"},"content":{"rendered":"<h3 id=\"-elevate-your-workspace-with-our-premium-custom-made-polymer-indications-the-ultimate-fusion-of-clarity-longevity-and-professionalism-and-trust-\"><strong>Eleve o seu espa\u00e7o de trabalho com as nossas indica\u00e7\u00f5es de pol\u00edmero de qualidade superior feitas \u00e0 medida: A derradeira fus\u00e3o de clareza, longevidade, profissionalismo e confian\u00e7a<\/strong><\/h3>\n<p>Em qualquer tipo de ambiente especializado - quer se trate de um piso de produ\u00e7\u00e3o sofisticado, de um local de trabalho empresarial din\u00e2mico ou de um laborat\u00f3rio de vanguarda - uma comunica\u00e7\u00e3o clara n\u00e3o \u00e9 apenas uma conveni\u00eancia; \u00e9 a base da seguran\u00e7a, da efici\u00eancia e da identidade da marca. Os indicadores em papel leve desbotam e rasgam-se, as etiquetas improvisadas descolam-se e causam perplexidade, e a aus\u00eancia de uma dire\u00e7\u00e3o clara pode resultar em erros dispendiosos ou, pior ainda, em riscos de seguran\u00e7a. \u00c9 altura de trocar o moment\u00e2neo pelo longo prazo, o incerto pelo certo.<\/p>\n<p>Apresenta\u00e7\u00e3o do nosso\u00a0<strong>Sinais com log\u00f3tipo em acr\u00edlico personalizados\u00a0<\/strong>, O sinalizador de secret\u00e1ria, o dispositivo pr\u00e1tico essencial para qualquer escrit\u00f3rio moderno. Cuidadosamente fabricados em acr\u00edlico de \u00faltima gera\u00e7\u00e3o, estes sinais foram concebidos para fornecer detalhes importantes com uma nitidez inigual\u00e1vel e um design duradouro. S\u00e3o mais do que simples etiquetas; s\u00e3o uma declara\u00e7\u00e3o do seu empenhamento na qualidade superior, seguran\u00e7a e prote\u00e7\u00e3o e qualidade operacional.<\/p>\n<p><img fetchpriority=\"high\" decoding=\"async\" class=\"size-full wp-image-1525\" src=\"https:\/\/customacrylicproduct.com\/wp-content\/uploads\/2025\/07\/Customized-Acrylic-Logo-Signs-1.jpg\" alt=\"Sinais acr\u00edlicos personalizados com log\u00f3tipo (1)\" width=\"800\" height=\"800\" srcset=\"https:\/\/customacrylicproduct.com\/wp-content\/uploads\/2025\/07\/Customized-Acrylic-Logo-Signs-1.jpg 800w, https:\/\/customacrylicproduct.com\/wp-content\/uploads\/2025\/07\/Customized-Acrylic-Logo-Signs-1-300x300.jpg 300w, https:\/\/customacrylicproduct.com\/wp-content\/uploads\/2025\/07\/Customized-Acrylic-Logo-Signs-1-150x150.jpg 150w, https:\/\/customacrylicproduct.com\/wp-content\/uploads\/2025\/07\/Customized-Acrylic-Logo-Signs-1-768x768.jpg 768w, https:\/\/customacrylicproduct.com\/wp-content\/uploads\/2025\/07\/Customized-Acrylic-Logo-Signs-1-600x600.jpg 600w, https:\/\/customacrylicproduct.com\/wp-content\/uploads\/2025\/07\/Customized-Acrylic-Logo-Signs-1-100x100.jpg 100w\" sizes=\"(max-width: 800px) 100vw, 800px\" \/><\/p>\n<h4 id=\"-unparalleled-high-quality-and-durability-built-to-last-\"><strong>Alta qualidade e durabilidade sem paralelo: Constru\u00eddo para durar<\/strong><\/h4>\n<p>No centro das nossas indica\u00e7\u00f5es est\u00e3o os custos do material acr\u00edlico. Ao contr\u00e1rio do vidro, o pol\u00edmero \u00e9 resistente a estilha\u00e7os e leve, o que o torna uma op\u00e7\u00e3o muito mais segura e \u00fatil para \u00e1reas agitadas e de tr\u00e1fego intenso. Ao contr\u00e1rio do pl\u00e1stico barato, resiste ao amarelecimento com o tempo, garantindo que os seus sinais permanecem n\u00edtidos e claros durante muitos anos.<\/p>\n<p>O nosso processo de fabrico utiliza um m\u00e9todo sofisticado de impress\u00e3o inversa. A mensagem e o grafismo s\u00e3o publicados no verso do painel de acr\u00edlico transparente, sob a superf\u00edcie. Esta t\u00e9cnica inovadora fornece uma dupla camada de seguran\u00e7a:.<\/p>\n<ol>\n<li><strong>Brilhante, Acabamento Especializado:\u00a0<\/strong>A superf\u00edcie frontal mant\u00e9m-se completamente lisa e brilhante, dando ao indicador um aspeto suave e topo de gama que real\u00e7a prontamente o seu ambiente.<\/li>\n<li><strong>Seguran\u00e7a m\u00e1xima:\u00a0<\/strong>Os detalhes impressos est\u00e3o protegidos contra riscos, arranh\u00f5es, produtos qu\u00edmicos e representantes de limpeza. Os seus cuidados e etiquetas vitais n\u00e3o descolorem, lascam ou deterioram, mesmo num dos ambientes comerciais mais exigentes.<\/li>\n<\/ol>\n<p>Como se pode ver nas imagens, estes indicadores foram concebidos para resistir \u00e0 aspereza do escrit\u00f3rio, o que faz deles um investimento financeiro inteligente e a longo prazo.<\/p>\n<p><img decoding=\"async\" class=\"size-full wp-image-1527\" src=\"https:\/\/customacrylicproduct.com\/wp-content\/uploads\/2025\/07\/Customized-Acrylic-Logo-Signs-3.jpg\" alt=\"Sinais com log\u00f3tipo em acr\u00edlico personalizados (3)\" width=\"800\" height=\"800\" srcset=\"https:\/\/customacrylicproduct.com\/wp-content\/uploads\/2025\/07\/Customized-Acrylic-Logo-Signs-3.jpg 800w, https:\/\/customacrylicproduct.com\/wp-content\/uploads\/2025\/07\/Customized-Acrylic-Logo-Signs-3-300x300.jpg 300w, https:\/\/customacrylicproduct.com\/wp-content\/uploads\/2025\/07\/Customized-Acrylic-Logo-Signs-3-150x150.jpg 150w, https:\/\/customacrylicproduct.com\/wp-content\/uploads\/2025\/07\/Customized-Acrylic-Logo-Signs-3-768x768.jpg 768w, https:\/\/customacrylicproduct.com\/wp-content\/uploads\/2025\/07\/Customized-Acrylic-Logo-Signs-3-600x600.jpg 600w, https:\/\/customacrylicproduct.com\/wp-content\/uploads\/2025\/07\/Customized-Acrylic-Logo-Signs-3-100x100.jpg 100w\" sizes=\"(max-width: 800px) 100vw, 800px\" \/><\/p>\n<h4 id=\"-crystal-clear-interaction-information-at-a-glance-\"><strong>Intera\u00e7\u00e3o cristalina: Informa\u00e7\u00e3o num relance<\/strong><\/h4>\n<p>A principal carater\u00edstica de qualquer tipo de indica\u00e7\u00e3o \u00e9 comunicar, e a nossa \u00e9 bem sucedida nesse objetivo. Utilizamos texto forte e de alto contraste - geralmente vermelho vivo ou preto profundo sobre um fundo branco limpo - para garantir uma legibilidade \u00f3ptima. Este conceito de estilo \u00e9 essencial para:.<\/p>\n<ul>\n<li><strong>Precau\u00e7\u00f5es de seguran\u00e7a:\u00a0<\/strong>O indicador \u201c\u7981\u6b62\u5408\u95f8 \u6709\u4eba\u5de5\u4f5c\u201d (J\u00ecnzh\u01d0 H\u00e9zh\u00e1, Y\u01d2ur\u00e9n G\u014dngzu\u00f2), que se converte em\u00a0<strong>\u201d N\u00e3o fechar o interrutor, uma pessoa est\u00e1 a funcionar\u201d.\u201d\u00a0<\/strong>\u00e9 um bom exemplo. Numa situa\u00e7\u00e3o de manuten\u00e7\u00e3o el\u00e9ctrica, as letras vermelhas fortes s\u00e3o um sinal de paragem imperd\u00edvel, protegendo contra acidentes tr\u00e1gicos. A sua clareza pode ser literalmente um salva-vidas.<\/li>\n<li><strong>Identifica\u00e7\u00e3o do perigo:\u00a0<\/strong>O sinal \u201c\u6b62\u6b65 \u9ad8\u6b65\u5371\u9669\u201d (Zh\u01d0b\u00f9, G\u0101ob\u00f9 W\u00e9ixi\u01cen), que significa\u00a0<strong>\u201d Desistir, risco elevado de a\u00e7\u00e3o\u201d\u00a0<\/strong>ou\u00a0<strong>\u201d Risco, \u00e1rea elevada, n\u00e3o continuar\u201d.\u201d\u00a0<\/strong>fornece um aviso instant\u00e2neo e distinto sobre um perigo f\u00edsico, protegendo o pessoal e os visitantes do local de desloca\u00e7\u00f5es e quedas.<\/li>\n<li><strong>Etiquetagem do equipamento:\u00a0<\/strong>O indicador \u201c\u51b7\u5242\u538b\u7f29\u673a\u542f\u52a8\u67dc 921\u201d (L\u011bngj\u00ec Y\u0101su\u014d J\u012b Q\u01d0d\u00f2ng Gu\u00ec 921), ou\u00a0<strong>\u201d Compressor de Refrigerante Arm\u00e1rio para principiantes 921,\u201d\u00a0<\/strong>demonstra a energia ideal. Permite a identifica\u00e7\u00e3o r\u00e1pida e exacta de equipamento cr\u00edtico, poupando tempo importante durante procedimentos, exames e manuten\u00e7\u00e3o em situa\u00e7\u00f5es de emerg\u00eancia.<\/li>\n<\/ul>\n<p>Com os nossos cartazes, n\u00e3o h\u00e1 lugar para falsas impress\u00f5es. A mensagem \u00e9 transmitida imediatamente e com sucesso.<\/p>\n<p><img decoding=\"async\" class=\"size-full wp-image-1526\" src=\"https:\/\/customacrylicproduct.com\/wp-content\/uploads\/2025\/07\/Customized-Acrylic-Logo-Signs-2.jpg\" alt=\"Sinais acr\u00edlicos personalizados com log\u00f3tipo (2)\" width=\"800\" height=\"800\" srcset=\"https:\/\/customacrylicproduct.com\/wp-content\/uploads\/2025\/07\/Customized-Acrylic-Logo-Signs-2.jpg 800w, https:\/\/customacrylicproduct.com\/wp-content\/uploads\/2025\/07\/Customized-Acrylic-Logo-Signs-2-300x300.jpg 300w, https:\/\/customacrylicproduct.com\/wp-content\/uploads\/2025\/07\/Customized-Acrylic-Logo-Signs-2-150x150.jpg 150w, https:\/\/customacrylicproduct.com\/wp-content\/uploads\/2025\/07\/Customized-Acrylic-Logo-Signs-2-768x768.jpg 768w, https:\/\/customacrylicproduct.com\/wp-content\/uploads\/2025\/07\/Customized-Acrylic-Logo-Signs-2-600x600.jpg 600w, https:\/\/customacrylicproduct.com\/wp-content\/uploads\/2025\/07\/Customized-Acrylic-Logo-Signs-2-100x100.jpg 100w\" sizes=\"(max-width: 800px) 100vw, 800px\" \/><\/p>\n<h4 id=\"-totally-customizable-to-your-specific-specifications-\"><strong>Totalmente personaliz\u00e1vel de acordo com as suas especifica\u00e7\u00f5es<\/strong><\/h4>\n<p>O seu servi\u00e7o \u00e9 \u00fanico e a sua sinal\u00e9tica deve refletir isso mesmo. Oferecemos uma experi\u00eancia completamente ajust\u00e1vel, permitindo-lhe criar o cartaz perfeito para qualquer objetivo. O utilizador gere todos os aspectos do design:.<\/p>\n<ul>\n<li><strong>Texto e material:\u00a0<\/strong>Desde instru\u00e7\u00f5es de seguran\u00e7a e etiquetas de dispositivos a detalhes de direc\u00e7\u00f5es e nomes de empregados, podemos publicar qualquer tipo de mensagem que pretenda, em qualquer l\u00edngua.<\/li>\n<li><strong>Marcas e gr\u00e1ficos:\u00a0<\/strong>Melhore a identidade da sua marca integrando o design do log\u00f3tipo da sua empresa, \u00edcones personalizados ou s\u00edmbolos espec\u00edficos do mercado.<\/li>\n<li><strong>Cores e tipos de letra:\u00a0<\/strong>Embora o nosso requisito seja o vermelho ou o preto de alto contraste, podemos combinar a paleta de cores da sua marca. Escolha entre uma vasta gama de tipos de letra especializados para corresponder ao design da sua empresa.<\/li>\n<li><strong>Formas e tamanhos:\u00a0<\/strong>Podemos criar sinais de v\u00e1rias formas e tamanhos, desde pequenas etiquetas para ferramentas at\u00e9 placas direcionais de grande formato. Os formatos rectangulares e quadrados que recebem as imagens destacam-se pelo seu aspeto limpo e moderno.<\/li>\n<li><strong>Numera\u00e7\u00e3o e codifica\u00e7\u00e3o:\u00a0<\/strong>Integre o seu centro com numera\u00e7\u00e3o consecutiva, c\u00f3digos QR ou c\u00f3digos de barras para controlo e monitoriza\u00e7\u00e3o de propriedades.<\/li>\n<\/ul>\n<h4 id=\"-versatile-and-effortless-installment-\"><strong>Parcelamento vers\u00e1til e sem esfor\u00e7o<\/strong><\/h4>\n<p>Compreendemos que as diferentes superf\u00edcies e aplica\u00e7\u00f5es necessitam de diferentes solu\u00e7\u00f5es de montagem. \u00c9 por isso que oferecemos 2 op\u00e7\u00f5es pr\u00e1ticas:.<\/p>\n<ol>\n<li><strong>Furos pr\u00e9-perfurados para uma montagem segura:\u00a0<\/strong>Para uma instala\u00e7\u00e3o robusta e de longa dura\u00e7\u00e3o, em particular em equipamentos, superf\u00edcies de parede ou dispositivos exteriores, as nossas indica\u00e7\u00f5es podem incluir aberturas perfuradas com precis\u00e3o em cada canto. Isto permite uma montagem muito f\u00e1cil com parafusos, parafusos ou rebites, assegurando que a indica\u00e7\u00e3o se mant\u00e9m firmemente no lugar.<\/li>\n<li><strong>Suporte adesivo 3M de alta resist\u00eancia:\u00a0<\/strong>Para um aspeto limpo e suave sem perfura\u00e7\u00e3o, selecione o nosso suporte de cola 3M de cobertura total. Como se pode ver na imagem detalhada, n\u00e3o se trata apenas de um par de tiras de fita; \u00e9 uma folha de cola eficaz, de n\u00edvel industrial, que cobre toda a parte de tr\u00e1s do indicador. Basta descascar e colar para obter uma liga\u00e7\u00e3o s\u00f3lida e duradoura em \u00e1reas de superf\u00edcie lisa, como portas, vidro, madeira acabada e arm\u00e1rios de metal. Este \u00e9 o servi\u00e7o excelente para locais de trabalho, laborat\u00f3rios e qualquer tipo de \u00e1rea onde se pretenda evitar danificar a superf\u00edcie da parede.<\/li>\n<\/ol>\n<h4 id=\"-applications-across-every-sector-\"><strong>Aplica\u00e7\u00f5es em todos os sectores<\/strong><\/h4>\n<p>A flexibilidade dos nossos indicadores de pol\u00edmero feitos \u00e0 medida torna-os num dispositivo essencial para praticamente qualquer tipo de mercado:.<\/p>\n<ul>\n<li><strong>Fabrico e ind\u00fastria:\u00a0<\/strong>Etiquetar pain\u00e9is de controlo, determinar m\u00e1quinas, colocar avisos de bloqueio\/etiquetagem (LOTO) e marcar locais de armazenamento de materiais perigosos.<\/li>\n<li><strong>Escrit\u00f3rios comerciais:\u00a0<\/strong>Produza placas de identifica\u00e7\u00e3o profissionais para portas, etiquete salas de reuni\u00f5es, forne\u00e7a sinais para casas de banho e apresente o design do log\u00f3tipo da sua empresa no local do evento.<\/li>\n<li><strong>Armaz\u00e9ns e log\u00edstica:\u00a0<\/strong>Marque corredores e \u00e1reas, forne\u00e7a diretrizes nas ancoragens de carga e etiquete os sistemas de prateleiras para uma gest\u00e3o eficiente do abastecimento.<\/li>\n<li><strong>Cuidados m\u00e9dicos e laborat\u00f3rios:\u00a0<\/strong>Artigos sobre m\u00e9todos de higiene, rotulagem de ferramentas delicadas, determina\u00e7\u00e3o de locais restritos e apresenta\u00e7\u00e3o de avisos de risco biol\u00f3gico com clareza, profissionalismo e fiabilidade.<\/li>\n<li><strong>Retalho e simpatia:\u00a0<\/strong>D\u00ea uma vis\u00e3o geral dos clientes com indica\u00e7\u00f5es direcionais, designe locais \u201cApenas pessoal\u201d e apresente os detalhes de forma organizada e com a sua marca.<\/li>\n<li><strong>Institui\u00e7\u00f5es de ensino:\u00a0<\/strong>Etiquetar as salas de aula, os locais de trabalho e os laborat\u00f3rios e fornecer orienta\u00e7\u00f5es claras em mat\u00e9ria de seguran\u00e7a e prote\u00e7\u00e3o nas oficinas e centros de investiga\u00e7\u00e3o cient\u00edfica.<\/li>\n<\/ul>\n<p><strong>Comprar clareza. Compre Seguran\u00e7a. Compre a sua marca.<\/strong><\/p>\n<p>As nossas indica\u00e7\u00f5es personalizadas de design de log\u00f3tipo em pol\u00edmero s\u00e3o mais do que um simples artigo de pl\u00e1stico; s\u00e3o um componente fundamental de uma \u00e1rea de trabalho eficiente, sem riscos e com aspeto profissional. S\u00e3o o \u201cdispositivo conveniente\u201d que funciona silenciosamente em segundo plano, evitando confus\u00f5es, aumentando a seguran\u00e7a e refor\u00e7ando os padr\u00f5es da sua organiza\u00e7\u00e3o todos os dias.<\/p>\n<p>Deixe de optar por solu\u00e7\u00f5es de curta dura\u00e7\u00e3o. Actualize-se para um sistema de comunica\u00e7\u00e3o que seja t\u00e3o resistente e profissional como a sua empresa. Contacte-nos hoje para discutir as suas necessidades de sinaliza\u00e7\u00e3o personalizada e receber um or\u00e7amento. Permita-nos ajud\u00e1-lo a desenvolver os sinais ideais para informar, proteger e emocionar.<\/p>","protected":false},"excerpt":{"rendered":"<p class=\"ng-star-inserted\"><span class=\"ng-star-inserted\">Crie sinais acr\u00edlicos personalizados e profissionais para o seu local de trabalho. Perfeitos para avisos de seguran\u00e7a, identifica\u00e7\u00e3o de equipamento e log\u00f3tipos. Estes sinais duradouros s\u00e3o resistentes \u00e0s intemp\u00e9ries e f\u00e1ceis de instalar com um adesivo forte ou orif\u00edcios nos cantos. Garanta clareza e seguran\u00e7a com impress\u00e3o personalizada de alta qualidade.<\/span><\/p>","protected":false},"featured_media":1525,"template":"","meta":{"_kad_post_transparent":"default","_kad_post_title":"","_kad_post_layout":"default","_kad_post_sidebar_id":"","_kad_post_content_style":"default","_kad_post_vertical_padding":"default","_kad_post_feature":"","_kad_post_feature_position":"","_kad_post_header":false,"_kad_post_footer":false,"_kad_post_classname":""},"product_brand":[],"product_cat":[18],"product_tag":[51],"class_list":{"0":"post-1524","1":"product","2":"type-product","3":"status-publish","4":"has-post-thumbnail","6":"product_cat-custom-acrylic-signs","7":"product_tag-custom-acrylic-signs","9":"first","10":"instock","11":"shipping-taxable","12":"product-type-simple","13":"entry","14":"content-bg","15":"loop-entry"},"_links":{"self":[{"href":"https:\/\/customacrylicproduct.com\/pt\/wp-json\/wp\/v2\/product\/1524","targetHints":{"allow":["GET"]}}],"collection":[{"href":"https:\/\/customacrylicproduct.com\/pt\/wp-json\/wp\/v2\/product"}],"about":[{"href":"https:\/\/customacrylicproduct.com\/pt\/wp-json\/wp\/v2\/types\/product"}],"wp:featuredmedia":[{"embeddable":true,"href":"https:\/\/customacrylicproduct.com\/pt\/wp-json\/wp\/v2\/media\/1525"}],"wp:attachment":[{"href":"https:\/\/customacrylicproduct.com\/pt\/wp-json\/wp\/v2\/media?parent=1524"}],"wp:term":[{"taxonomy":"product_brand","embeddable":true,"href":"https:\/\/customacrylicproduct.com\/pt\/wp-json\/wp\/v2\/product_brand?post=1524"},{"taxonomy":"product_cat","embeddable":true,"href":"https:\/\/customacrylicproduct.com\/pt\/wp-json\/wp\/v2\/product_cat?post=1524"},{"taxonomy":"product_tag","embeddable":true,"href":"https:\/\/customacrylicproduct.com\/pt\/wp-json\/wp\/v2\/product_tag?post=1524"}],"curies":[{"name":"wp","href":"https:\/\/api.w.org\/{rel}","templated":true}]}}