{"id":1544,"date":"2025-07-22T03:35:11","date_gmt":"2025-07-22T03:35:11","guid":{"rendered":"https:\/\/customacrylicproduct.com\/?post_type=product&#038;p=1544"},"modified":"2025-07-22T03:35:11","modified_gmt":"2025-07-22T03:35:11","slug":"acrylic-senior-special-new-design-trophy-award-custom","status":"publish","type":"product","link":"https:\/\/customacrylicproduct.com\/pt\/acrylic-senior-special-new-design-trophy-award-custom\/","title":{"rendered":"Trof\u00e9u Acr\u00edlico S\u00e9nior Especial Novo Design Pr\u00e9mio Personalizado"},"content":{"rendered":"<h3 id=\"redefining-recognition-presenting-the-apex-collection-custom-3d-polymer-trophies\">Redefinindo o reconhecimento: Apresenta\u00e7\u00e3o dos trof\u00e9us de pol\u00edmero 3D personalizados da cole\u00e7\u00e3o Apex<\/h3>\n<p>Num mundo de elogios digitais fugazes, o ato de entregar um pr\u00e9mio f\u00edsico continua a ser um movimento eficaz e intemporal. \u00c9 um minuto gelado no tempo, um s\u00edmbolo concreto de dedica\u00e7\u00e3o, qualidade e sucesso significativo. Mas tamb\u00e9m por muito tempo, as pr\u00f3prias honras t\u00eam sido comuns, previs\u00edveis e sem a verdadeira alma da realiza\u00e7\u00e3o que se sugere comemorar.<\/p>\n<p>A nossa empresa acredita que o verdadeiro reconhecimento tem direito a um mon\u00f3lito e n\u00e3o a uma simples caneta. \u00c9 com esta ideologia que orgulhosamente apresentamos a nossa linha de ponta de\u00a0<strong>Trof\u00e9us de pol\u00edmero 3D personalizados\u00a0<\/strong>- uma cole\u00e7\u00e3o onde a arte h\u00e1bil, a inova\u00e7\u00e3o inovadora e a import\u00e2ncia extensiva se juntam para produzir uma honra t\u00e3o excecional como o destinat\u00e1rio.<\/p>\n<p><img fetchpriority=\"high\" decoding=\"async\" class=\"size-full wp-image-1545\" src=\"https:\/\/customacrylicproduct.com\/wp-content\/uploads\/2025\/07\/New-Design-Trophy-1.jpg\" alt=\"Trof\u00e9u Novo Design (1)\" width=\"900\" height=\"900\" srcset=\"https:\/\/customacrylicproduct.com\/wp-content\/uploads\/2025\/07\/New-Design-Trophy-1.jpg 900w, https:\/\/customacrylicproduct.com\/wp-content\/uploads\/2025\/07\/New-Design-Trophy-1-300x300.jpg 300w, https:\/\/customacrylicproduct.com\/wp-content\/uploads\/2025\/07\/New-Design-Trophy-1-150x150.jpg 150w, https:\/\/customacrylicproduct.com\/wp-content\/uploads\/2025\/07\/New-Design-Trophy-1-768x768.jpg 768w, https:\/\/customacrylicproduct.com\/wp-content\/uploads\/2025\/07\/New-Design-Trophy-1-600x600.jpg 600w, https:\/\/customacrylicproduct.com\/wp-content\/uploads\/2025\/07\/New-Design-Trophy-1-100x100.jpg 100w\" sizes=\"(max-width: 900px) 100vw, 900px\" \/><\/p>\n<p><strong>Um novo patamar no design de honra: O motivo da colina<\/strong><\/p>\n<p>No cora\u00e7\u00e3o da nossa nova cole\u00e7\u00e3o, encontra-se um design eficaz e evocativo: uma cadeia de montanhas extraordinariamente minuciosa, aparentemente \u00e0 deriva na limpidez imaculada do acr\u00edlico. N\u00e3o se trata apenas de um elemento ornamental, mas de uma narrativa registada em forma s\u00f3lida.<\/p>\n<p>A colina representa o auge da realiza\u00e7\u00e3o. Significa a viagem dif\u00edcil, os obst\u00e1culos que se ultrapassam, a for\u00e7a de vontade inabal\u00e1vel necess\u00e1ria para l\u00e1 chegar. \u00c9 sin\u00f3nimo de resist\u00eancia, seguran\u00e7a e da ambi\u00e7\u00e3o crescente que leva as pessoas e as empresas a avan\u00e7ar. Quer esteja a homenagear um \u201cCompanheiro do Ano\u201d, um campe\u00e3o de \u201cFinest Service\u201d ou um atleta de classe mundial, o tema da colina interage com uma hist\u00f3ria global de sucesso que transcende a l\u00edngua e a cultura.<\/p>\n<p>Como se pode ver nos diversos exemplos, este princ\u00edpio fundamental \u00e9 maravilhosamente vers\u00e1til. Para uma homenagem a um parceiro de uma empresa, a montanha \u00e9 apresentada num sofisticado preto e cinzento, num cen\u00e1rio de elegante texto dourado, transmitindo seriedade e colabora\u00e7\u00e3o estimada. Para um trof\u00e9u da \u201cTa\u00e7a do Mundo de Nata\u00e7\u00e3o\u201d, a mesma cadeia de montanhas flutua maravilhosamente acima de um aspeto azul vivo que imita as profundezas de um excelente lago ou a massa efectiva de um icebergue - uma excelente liga\u00e7\u00e3o tem\u00e1tica que \u00e9 simultaneamente esteticamente cativante e profundamente significativa.<\/p>\n<p><img decoding=\"async\" class=\"size-full wp-image-1547\" src=\"https:\/\/customacrylicproduct.com\/wp-content\/uploads\/2025\/07\/New-Design-Trophy-3.jpg\" alt=\"Trof\u00e9u Novo Design (3)\" width=\"900\" height=\"900\" srcset=\"https:\/\/customacrylicproduct.com\/wp-content\/uploads\/2025\/07\/New-Design-Trophy-3.jpg 900w, https:\/\/customacrylicproduct.com\/wp-content\/uploads\/2025\/07\/New-Design-Trophy-3-300x300.jpg 300w, https:\/\/customacrylicproduct.com\/wp-content\/uploads\/2025\/07\/New-Design-Trophy-3-150x150.jpg 150w, https:\/\/customacrylicproduct.com\/wp-content\/uploads\/2025\/07\/New-Design-Trophy-3-768x768.jpg 768w, https:\/\/customacrylicproduct.com\/wp-content\/uploads\/2025\/07\/New-Design-Trophy-3-600x600.jpg 600w, https:\/\/customacrylicproduct.com\/wp-content\/uploads\/2025\/07\/New-Design-Trophy-3-100x100.jpg 100w\" sizes=\"(max-width: 900px) 100vw, 900px\" \/><\/p>\n<p><strong>Artesanato sem paralelo e pureza do produto<\/strong><\/p>\n<p>Um estilo surpreendente exige um suporte not\u00e1vel. Os nossos trof\u00e9us s\u00e3o fabricados em acr\u00edlico \u00f3tico da melhor qualidade ou, a pedido, em cristal K9. Este produto \u00e9 escolhido pela sua qualidade perfeita, peso significativo e fenomenal capacidade de refra\u00e7\u00e3o da luz. Ao contr\u00e1rio do acr\u00edlico comum, \u00e9 desprovido das manchas e do amarelecimento que podem diminuir a estatura de uma homenagem ao longo do tempo. O resultado \u00e9 uma pe\u00e7a com o deslumbrante brilho do vidro, mas com uma longevidade superior.<\/p>\n<p>Cada pr\u00e9mio \u00e9 o testemunho de um processo de precis\u00e3o em v\u00e1rias fases:.<\/p>\n<ol>\n<li><strong>Inscri\u00e7\u00e3o interna a laser 3D:\u00a0<\/strong>A magia da montanha \u201cflutuante\u201d \u00e9 conseguida atrav\u00e9s de uma sofisticada estrat\u00e9gia de grava\u00e7\u00e3o a laser subsuperficial. O nosso sofisticado equipamento concentra feixes de luz laser de alta intensidade para desenvolver centenas de micro-fracturas complexas no interior do bloco s\u00f3lido de acr\u00edlico. Estes pontos desenvolvem coletivamente a paisagem montanhosa tridimensional e completa, com alturas dif\u00edceis e vales sombrios, todos suspensos de forma imposs\u00edvel no n\u00facleo do trof\u00e9u.<\/li>\n<li><strong>Impress\u00e3o de sombreado UV de alta resolu\u00e7\u00e3o:\u00a0<\/strong>As tonalidades vivas, os desenhos n\u00edtidos dos log\u00f3tipos e as mensagens precisas s\u00e3o aplicados utilizando a inova\u00e7\u00e3o avan\u00e7ada da impress\u00e3o UV. Este processo cura a tinta prontamente com luz ultravioleta, dando origem a uma impress\u00e3o dur\u00e1vel e resistente a riscos com uma integridade de tonalidade impressionante. Isto permite os azuis ricos da \u00e1gua, o dourado deslumbrante dos t\u00edtulos e a replica\u00e7\u00e3o ideal da marca da empresa.<\/li>\n<li><strong>Acabamento artesanal:\u00a0<\/strong>A tecnologia \u00e9 apenas uma parte da hist\u00f3ria. Cada pr\u00e9mio \u00e9 submetido a um processo de acabamento minucioso pelas m\u00e3os de artes\u00e3os experientes. Os lados s\u00e3o polidos com diamante at\u00e9 obterem um brilho espelhado, garantindo que n\u00e3o existem arestas vivas e que o objeto capta e reflecte a luz de todos os \u00e2ngulos. As estruturas, como a base da montanha brilhante e infundida de purpurina ou a grava\u00e7\u00e3o fosca de um mapa-mundo, s\u00e3o utilizadas com precis\u00e3o para incluir mais uma camada de riqueza sensorial.<\/li>\n<\/ol>\n<p><img decoding=\"async\" class=\"size-full wp-image-1548\" src=\"https:\/\/customacrylicproduct.com\/wp-content\/uploads\/2025\/07\/New-Design-Trophy-4.jpg\" alt=\"Trof\u00e9u Novo Design (4)\" width=\"900\" height=\"900\" srcset=\"https:\/\/customacrylicproduct.com\/wp-content\/uploads\/2025\/07\/New-Design-Trophy-4.jpg 900w, https:\/\/customacrylicproduct.com\/wp-content\/uploads\/2025\/07\/New-Design-Trophy-4-300x300.jpg 300w, https:\/\/customacrylicproduct.com\/wp-content\/uploads\/2025\/07\/New-Design-Trophy-4-150x150.jpg 150w, https:\/\/customacrylicproduct.com\/wp-content\/uploads\/2025\/07\/New-Design-Trophy-4-768x768.jpg 768w, https:\/\/customacrylicproduct.com\/wp-content\/uploads\/2025\/07\/New-Design-Trophy-4-600x600.jpg 600w, https:\/\/customacrylicproduct.com\/wp-content\/uploads\/2025\/07\/New-Design-Trophy-4-100x100.jpg 100w\" sizes=\"(max-width: 900px) 100vw, 900px\" \/><\/p>\n<p><strong>O poder da modifica\u00e7\u00e3o infinita<\/strong><\/p>\n<p>O seu feito \u00e9 distinto. O seu pr\u00e9mio tamb\u00e9m o deve ser. A nossa plataforma foi concebida em torno do conceito de personaliza\u00e7\u00e3o profunda e intencional, permitindo-lhe criar um trof\u00e9u que \u00e9 uma verdadeira obra-prima \u00fanica.<\/p>\n<ul>\n<li><strong>Forma\u00e7\u00e3o e tipo:\u00a0<\/strong>Embora o bloco retangular intemporal tenha um toque cl\u00e1ssico e substancial, e o \u201cdisco\u201d redondo forne\u00e7a uma escolha moderna e elegante, n\u00e3o estamos limitados pelas conven\u00e7\u00f5es. A nossa equipa de estilo pode trabalhar consigo para desenvolver uma forma personalizada que mostre a identidade da sua marca ou o tema do seu evento.<\/li>\n<li><strong>Imagens e v\u00eddeos personalizados:\u00a0<\/strong>As possibilidades de design s\u00e3o ilimitadas. Como se pode ver numa varia\u00e7\u00e3o sensacional, podemos incorporar um mapa do globo subtilmente gravado na hist\u00f3ria, com uma estrela a determinar um local de import\u00e2ncia. Podemos gravar marcas registadas individuais para dar um toque realmente especial ou incorporar padr\u00f5es e \u00edcones elaborados, como as delicadas estrelas que adornam a parte lateral do pr\u00e9mio de servi\u00e7o.<\/li>\n<li><strong>Texto e marca personalizados:\u00a0<\/strong>Todas as palavras s\u00e3o importantes. Podemos criar qualquer mensagem - desde o nome e t\u00edtulo do destinat\u00e1rio at\u00e9 \u00e0 data do evento e uma mensagem sentida - numa sele\u00e7\u00e3o de tipos de letra e revestimentos, que consistem em folha de alum\u00ednio dourada elegante, preto cl\u00e1ssico ou branco n\u00edtido. Os log\u00f3tipos de empresas, como os do \u201cEco-Green Group\u201d ou da \u201cBoehringer Ingelheim\u201d, s\u00e3o recriados com a precis\u00e3o ideal para manter a integridade da marca.<\/li>\n<li><strong>Paletas de sombras tem\u00e1ticas:\u00a0<\/strong>O elemento azul vivo \u00e9 apenas o come\u00e7o. Podemos personalizar o esquema de cores para corresponder \u00e0 marca da sua empresa, aos tons do evento ou ao seu estado de esp\u00edrito preferido. Imagine um vermelho intenso para uma honra de vendas, um eco-friendly profundo para um pr\u00e9mio ecol\u00f3gico ou um prateado met\u00e1lico elegante para um criador de tend\u00eancias tecnol\u00f3gicas modernas.<\/li>\n<\/ul>\n<p><strong>O \u00faltimo toque: Uma apresenta\u00e7\u00e3o inesquec\u00edvel<\/strong><\/p>\n<p>A experi\u00eancia de receber um pr\u00e9mio come\u00e7a no momento em que este \u00e9 entregue. Para reconhecer este facto, cada um dos nossos trof\u00e9us personalizados \u00e9 guardado numa caixa de presente glamorosa e de alta qualidade. A caixa de bronze dourado, forte e texturada, que se v\u00ea na imagem, foi desenvolvida para proteger a honra e, ao mesmo tempo, elevar toda a discuss\u00e3o. Abrir a caixa para revelar o reluzente e substancial pr\u00e9mio que se encontra no seu interior \u00e9 uma experi\u00eancia em si mesma, uma experi\u00eancia que liga valor, considera\u00e7\u00e3o e profundo reconhecimento antes mesmo de a honra ser realizada.<\/p>\n<p><strong>Uma honra para cada ocasi\u00e3o:<\/strong><\/p>\n<p>Este estilo vers\u00e1til \u00e9 a escolha ideal para uma vasta gama de ocasi\u00f5es de reconhecimento:.<\/p>\n<ul>\n<li><strong>Reconhecimento da empresa:\u00a0<\/strong>Trabalhador do M\u00eas, Melhor Desempenho, Servi\u00e7o Ideal, Honras de Gest\u00e3o.<\/li>\n<li><strong>Parceria e admira\u00e7\u00e3o dos clientes:\u00a0<\/strong>Parceiro do Ano, Pr\u00e9mios de Fornecedores, Anivers\u00e1rios de Clientes.<\/li>\n<li><strong>Ocasi\u00f5es desportivas:\u00a0<\/strong>Trof\u00e9us de campe\u00e3o, pr\u00e9mios MVP, placas comemorativas.<\/li>\n<li><strong>Marcos e anivers\u00e1rios:\u00a0<\/strong>Anivers\u00e1rios de casamento no trabalho, dias de estrutura\u00e7\u00e3o da empresa, presente de vida de reformado.<\/li>\n<li><strong>Acad\u00e9mico e sem fins lucrativos:\u00a0<\/strong>Reconhecimento de Doadores, Bolsas de Estudo de Realiza\u00e7\u00f5es, Volunt\u00e1rio do Ano.<\/li>\n<\/ul>\n<p>Ultrapassar o habitual. Escolha um pr\u00e9mio que narre, motive a admira\u00e7\u00e3o e que seja guardado para toda a vida. Escolha o pr\u00e9mio acr\u00edlico 3D feito \u00e0 medida da s\u00e9rie Pinnacle - onde o seu reconhecimento atinge o seu auge.<\/p>\n<p><strong>Entre em contacto connosco hoje para iniciar uma consulta com a nossa equipa de layout e criar uma heran\u00e7a substancial de sucesso.<\/strong><\/p>","protected":false},"excerpt":{"rendered":"<p>Reconhe\u00e7a a excel\u00eancia com os nossos novos trof\u00e9us em acr\u00edlico personalizados. Com uma deslumbrante paisagem montanhosa em 3D capturada em acr\u00edlico cristalino, estes pr\u00e9mios s\u00e3o totalmente personaliz\u00e1veis. S\u00e3o perfeitos para homenagens empresariais, eventos desportivos e para celebrar os melhores realizadores com um pr\u00e9mio \u00fanico e prestigiante.<\/p>","protected":false},"featured_media":1545,"template":"","meta":{"_kad_post_transparent":"default","_kad_post_title":"","_kad_post_layout":"default","_kad_post_sidebar_id":"","_kad_post_content_style":"default","_kad_post_vertical_padding":"default","_kad_post_feature":"","_kad_post_feature_position":"","_kad_post_header":false,"_kad_post_footer":false,"_kad_post_classname":""},"product_brand":[],"product_cat":[19],"product_tag":[145],"class_list":{"0":"post-1544","1":"product","2":"type-product","3":"status-publish","4":"has-post-thumbnail","6":"product_cat-custom-acrylic-trophies-awards","7":"product_tag-acrylic-custom-trophy","9":"first","10":"instock","11":"shipping-taxable","12":"product-type-simple","13":"entry","14":"content-bg","15":"loop-entry"},"_links":{"self":[{"href":"https:\/\/customacrylicproduct.com\/pt\/wp-json\/wp\/v2\/product\/1544","targetHints":{"allow":["GET"]}}],"collection":[{"href":"https:\/\/customacrylicproduct.com\/pt\/wp-json\/wp\/v2\/product"}],"about":[{"href":"https:\/\/customacrylicproduct.com\/pt\/wp-json\/wp\/v2\/types\/product"}],"wp:featuredmedia":[{"embeddable":true,"href":"https:\/\/customacrylicproduct.com\/pt\/wp-json\/wp\/v2\/media\/1545"}],"wp:attachment":[{"href":"https:\/\/customacrylicproduct.com\/pt\/wp-json\/wp\/v2\/media?parent=1544"}],"wp:term":[{"taxonomy":"product_brand","embeddable":true,"href":"https:\/\/customacrylicproduct.com\/pt\/wp-json\/wp\/v2\/product_brand?post=1544"},{"taxonomy":"product_cat","embeddable":true,"href":"https:\/\/customacrylicproduct.com\/pt\/wp-json\/wp\/v2\/product_cat?post=1544"},{"taxonomy":"product_tag","embeddable":true,"href":"https:\/\/customacrylicproduct.com\/pt\/wp-json\/wp\/v2\/product_tag?post=1544"}],"curies":[{"name":"wp","href":"https:\/\/api.w.org\/{rel}","templated":true}]}}