{"id":1554,"date":"2025-07-22T06:19:11","date_gmt":"2025-07-22T06:19:11","guid":{"rendered":"https:\/\/customacrylicproduct.com\/?post_type=product&#038;p=1554"},"modified":"2025-07-22T06:19:11","modified_gmt":"2025-07-22T06:19:11","slug":"custom-clear-acrylic-bubble-rod-cast-solid-acrylic-rods","status":"publish","type":"product","link":"https:\/\/customacrylicproduct.com\/pt\/custom-clear-acrylic-bubble-rod-cast-solid-acrylic-rods\/","title":{"rendered":"Haste de bolha em acr\u00edlico transparente personalizada Hastes de acr\u00edlico s\u00f3lido fundido"},"content":{"rendered":"<h3 id=\"presenting-the-exquisite-custom-made-clear-polymer-radiance-rod-a-world-of-sparkle-for-your-layouts\">Apresentamos a requintada barra de brilho de pol\u00edmero transparente feita \u00e0 medida: Um mundo de brilho para as suas maquetas<\/h3>\n<p>Em todo o mundo do design e do fabrico, os produtos s\u00e3o a linguagem que utilizamos para narrar. Est\u00e1 \u00e0 procura de um produto que transcenda o normal, que fale de eleg\u00e2ncia moderna, de luxo espirituoso e de imagina\u00e7\u00e3o sem limites? Convidamo-lo a descobrir os nossos\u00a0<strong>Barras de purpurina de pol\u00edmero transparente feitas \u00e0 medida\u00a0<\/strong>- uma fus\u00e3o espetacular de excelente nitidez e brilho cativante, concebida para aumentar as suas tarefas de not\u00e1veis para not\u00e1veis.<\/p>\n<p>Embora muitas vezes classificadas como \u201cpostes bolha\u201d pelas suas adi\u00e7\u00f5es ornamentais, estas hastes de acr\u00edlico s\u00f3lido fundido substituem as bolhas de ar tradicionais por uma gal\u00e1xia de brilho tipo arco-\u00edris, criando um resultado visual ainda mais vibrante e avan\u00e7ado. Cada poste \u00e9 um universo de luz aut\u00f3nomo, um testemunho de uma produ\u00e7\u00e3o precisa e de uma disposi\u00e7\u00e3o imaginativa.<\/p>\n<p><img fetchpriority=\"high\" decoding=\"async\" class=\"size-full wp-image-1555\" src=\"https:\/\/customacrylicproduct.com\/wp-content\/uploads\/2025\/07\/Acrylic-Bubble-Rod-1.jpg\" alt=\"Barra de bolhas acr\u00edlica (1)\" width=\"800\" height=\"800\" srcset=\"https:\/\/customacrylicproduct.com\/wp-content\/uploads\/2025\/07\/Acrylic-Bubble-Rod-1.jpg 800w, https:\/\/customacrylicproduct.com\/wp-content\/uploads\/2025\/07\/Acrylic-Bubble-Rod-1-300x300.jpg 300w, https:\/\/customacrylicproduct.com\/wp-content\/uploads\/2025\/07\/Acrylic-Bubble-Rod-1-150x150.jpg 150w, https:\/\/customacrylicproduct.com\/wp-content\/uploads\/2025\/07\/Acrylic-Bubble-Rod-1-768x768.jpg 768w, https:\/\/customacrylicproduct.com\/wp-content\/uploads\/2025\/07\/Acrylic-Bubble-Rod-1-600x600.jpg 600w, https:\/\/customacrylicproduct.com\/wp-content\/uploads\/2025\/07\/Acrylic-Bubble-Rod-1-100x100.jpg 100w\" sizes=\"(max-width: 800px) 100vw, 800px\" \/><\/p>\n<h4 id=\"the-significance-of-sparkle-product-and-looks\">O significado do brilho: Produto e apar\u00eancia<\/h4>\n<p>No centro do nosso artigo est\u00e1 o melhor acr\u00edlico fundido, tamb\u00e9m conhecido como polimetacrilato de metilo (PMMA). Ao contr\u00e1rio da sua contraparte extrudida, o acr\u00edlico fundido oferece uma qualidade \u00f3tica not\u00e1vel, que rivaliza e, normalmente, ultrapassa a do vidro de qualidade. \u00c9 impecavelmente transparente, permitindo que a luz atravesse sem obst\u00e1culos, o que \u00e9 crucial para mostrar as deslumbrantes adi\u00e7\u00f5es no seu interior. Este produto n\u00e3o \u00e9 apenas bonito, mas tamb\u00e9m extraordinariamente robusto, ostentando uma excelente resist\u00eancia \u00e0s intemp\u00e9ries, seguran\u00e7a UV e uma elevada propor\u00e7\u00e3o de resist\u00eancia ao peso. \u00c9 consideravelmente mais resistente a estilha\u00e7os e mais leve do que o vidro, o que o torna uma escolha muito mais segura e muito mais flex\u00edvel para uma enorme s\u00e9rie de aplica\u00e7\u00f5es.<\/p>\n<p>A magia da verdade, no entanto, est\u00e1 suspensa neste meio cristalino. Centenas de part\u00edculas de brilho, cuidadosamente selecionadas, s\u00e3o perfeitamente dispersas pelo bast\u00e3o durante o processo de fundi\u00e7\u00e3o. N\u00e3o se trata de uma terapia de superf\u00edcie; o brilho \u00e9 uma parte integrante da pr\u00f3pria vara. Quando a luz entra na haste, \u00e9 refractada pelos aspectos hexagonais polidos e depois atinge estes numerosos pequenos espelhos, espalhando-se num ecr\u00e3 din\u00e2mico e multicolorido. O resultado \u00e9 vibrante e est\u00e1 sempre a mudar, respondendo \u00e0 luz ambiente e ao \u00e2ngulo do p\u00fablico. Com luz reduzida, fornece um brilho refinado e inovador. Sob a luz direta dos projectores, explode num espet\u00e1culo brilhante e efervescente.<\/p>\n<p>O perfil hexagonal do poste \u00e9 uma sele\u00e7\u00e3o de estilo intencional. Embora os postes redondos tradicionais sejam atractivos, as 6 faces planas dos nossos var\u00f5es hexagonais produzem linhas geom\u00e9tricas organizadas que oferecem uma sensa\u00e7\u00e3o de constru\u00e7\u00e3o contempor\u00e2nea. Estas facetas funcionam como janelas e prismas individuais, melhorando o jogo de luz e proporcionando uma experi\u00eancia t\u00e1til especial. Al\u00e9m disso, as faces planas oferecem vantagens sens\u00edveis, como a prote\u00e7\u00e3o contra o rolamento e uma superf\u00edcie est\u00e1vel para a instala\u00e7\u00e3o ou integra\u00e7\u00e3o em conjuntos maiores.<\/p>\n<p><img decoding=\"async\" class=\"size-full wp-image-1559\" src=\"https:\/\/customacrylicproduct.com\/wp-content\/uploads\/2025\/07\/Acrylic-Bubble-Rod-5.jpg\" alt=\"Barra de bolhas acr\u00edlica (5)\" width=\"800\" height=\"800\" srcset=\"https:\/\/customacrylicproduct.com\/wp-content\/uploads\/2025\/07\/Acrylic-Bubble-Rod-5.jpg 800w, https:\/\/customacrylicproduct.com\/wp-content\/uploads\/2025\/07\/Acrylic-Bubble-Rod-5-300x300.jpg 300w, https:\/\/customacrylicproduct.com\/wp-content\/uploads\/2025\/07\/Acrylic-Bubble-Rod-5-150x150.jpg 150w, https:\/\/customacrylicproduct.com\/wp-content\/uploads\/2025\/07\/Acrylic-Bubble-Rod-5-768x768.jpg 768w, https:\/\/customacrylicproduct.com\/wp-content\/uploads\/2025\/07\/Acrylic-Bubble-Rod-5-600x600.jpg 600w, https:\/\/customacrylicproduct.com\/wp-content\/uploads\/2025\/07\/Acrylic-Bubble-Rod-5-100x100.jpg 100w\" sizes=\"(max-width: 800px) 100vw, 800px\" \/><\/p>\n<h4 id=\"a-canvas-for-imagination-unparalleled-applications\">Uma tela para a imagina\u00e7\u00e3o: Aplica\u00e7\u00f5es sem paralelo<\/h4>\n<p>A adaptabilidade das nossas Barras de Brilho em Acr\u00edlico Transparente feitas \u00e0 medida \u00e9 limitada apenas pela sua imagina\u00e7\u00e3o. As suas propriedades visuais especiais e f\u00edsicas robustas tornam-nas uma escolha \u00f3ptima para uma grande variedade de mercados e empreendimentos inovadores:<\/p>\n<ul>\n<li><strong>Arquitetura e design de interiores:\u00a0<\/strong>Transforme componentes pr\u00e1ticos em atributos magn\u00edficos. Pense nestes postes como balaustradas elegantes para escadas, puxadores de portas com classe ou divis\u00f3rias apelativas. Podem ser utilizados para criar superf\u00edcies de parede que se divertem com a luz e acrescentam uma sensa\u00e7\u00e3o de profundidade e beleza a qualquer tipo de espa\u00e7o, desde casas de luxo a est\u00e2ncias de luxo e halls de entrada de empresas.<\/li>\n<li><strong>Fabrico de mobili\u00e1rio:\u00a0<\/strong>D\u00ea um toque de assinatura ao seu mobili\u00e1rio. Utilize estes postes como pernas de mesa para obter um resultado celestial e flutuante, ou como elegantes puxadores de gavetas e puxadores de arm\u00e1rios que funcionam como j\u00f3ias preciosas para os seus arm\u00e1rios. O resultado \u00e9 uma pe\u00e7a de mobili\u00e1rio que n\u00e3o \u00e9 simplesmente pr\u00e1tica, mas uma verdadeira obra de arte.<\/li>\n<li><strong>Apresenta\u00e7\u00f5es de retalho e de pontos de venda (POS):\u00a0<\/strong>Num ambiente de retalho competitivo, captar o interesse do cliente \u00e9 vital. As nossas hastes de brilho s\u00e3o ideais para desenvolver ecr\u00e3s de exposi\u00e7\u00e3o de artigos de primeira qualidade, suportes e acentos de sinaliza\u00e7\u00e3o que atraem o olhar. O brilho fundamental inclui um pressuposto de valor e luxo, tornando-as ideais para a apresenta\u00e7\u00e3o de cosm\u00e9ticos, j\u00f3ias da moda, eletr\u00f3nica e outros produtos de custo elevado.<\/li>\n<li><strong>Design de luzes:\u00a0<\/strong>Estes postes s\u00e3o o sonho de um designer de ilumina\u00e7\u00e3o. Integre-os em candelabros personalizados, luzes pendentes ou arandelas de parede. A pr\u00f3pria haste passa a ser um componente da ilumina\u00e7\u00e3o, captando a luz da fonte e refractando-a num padr\u00e3o deslumbrante, desenvolvendo impactos ambientais que nenhum produto comum consegue reproduzir.<\/li>\n<li><strong>Arte e escultura:\u00a0<\/strong>Para m\u00fasicos e escultores, estes postes s\u00e3o uma ferramenta especial e inspiradora. As suas casas \u00f3pticas e o seu brilho interno podem ser utilizados para descobrir motivos de luz, espa\u00e7o e compreens\u00e3o, dando origem a esculturas visualmente deslumbrantes e concetualmente ricas.<\/li>\n<li><strong>Projectos artesanais e personalizados:\u00a0<\/strong>Desde o fabrico de l\u00e2minas e esbo\u00e7os de canetas personalizados at\u00e9 \u00e0s varas decorativas e ao fabrico de modelos, as possibilidades para os entusiastas e artes\u00e3os s\u00e3o ilimitadas. O material \u00e9 muito f\u00e1cil de aparelhar, cortar, furar e polir, permitindo uma personaliza\u00e7\u00e3o complexa.<\/li>\n<\/ul>\n<p><img decoding=\"async\" class=\"size-full wp-image-1558\" src=\"https:\/\/customacrylicproduct.com\/wp-content\/uploads\/2025\/07\/Acrylic-Bubble-Rod-4.jpg\" alt=\"Vareta acr\u00edlica para bolhas (4)\" width=\"800\" height=\"800\" srcset=\"https:\/\/customacrylicproduct.com\/wp-content\/uploads\/2025\/07\/Acrylic-Bubble-Rod-4.jpg 800w, https:\/\/customacrylicproduct.com\/wp-content\/uploads\/2025\/07\/Acrylic-Bubble-Rod-4-300x300.jpg 300w, https:\/\/customacrylicproduct.com\/wp-content\/uploads\/2025\/07\/Acrylic-Bubble-Rod-4-150x150.jpg 150w, https:\/\/customacrylicproduct.com\/wp-content\/uploads\/2025\/07\/Acrylic-Bubble-Rod-4-768x768.jpg 768w, https:\/\/customacrylicproduct.com\/wp-content\/uploads\/2025\/07\/Acrylic-Bubble-Rod-4-600x600.jpg 600w, https:\/\/customacrylicproduct.com\/wp-content\/uploads\/2025\/07\/Acrylic-Bubble-Rod-4-100x100.jpg 100w\" sizes=\"(max-width: 800px) 100vw, 800px\" \/><\/p>\n<h4 id=\"the-power-of-customization-tailored-to-your-vision\">O poder da personaliza\u00e7\u00e3o: \u00c0 medida da sua vis\u00e3o<\/h4>\n<p>Compreendemos que cada tarefa tem requisitos distintos. \u00c9 por isso que oferecemos op\u00e7\u00f5es de modifica\u00e7\u00e3o consider\u00e1veis para garantir que os nossos var\u00f5es de acr\u00edlico se alinham perfeitamente com a sua vis\u00e3o inovadora.<\/p>\n<ul>\n<li><strong>Dimens\u00f5es:\u00a0<\/strong>Podemos produzir var\u00f5es numa grande variedade de tamanhos e tamanhos personalizados para se adaptarem \u00e0s suas especifica\u00e7\u00f5es exactas, minimizando o desperd\u00edcio e o tempo de constru\u00e7\u00e3o da sua parte.<\/li>\n<li><strong>Op\u00e7\u00f5es de brilho:\u00a0<\/strong>A sua vis\u00e3o, a sua tonalidade. Embora o tradicional brilho prateado\/iridescente seja uma escolha proeminente, podemos trabalhar consigo para incorporar v\u00e1rias cores, dimens\u00f5es e espessuras de purpurina para obter uma determinada apar\u00eancia - desde um efeito refinado e espor\u00e1dico de luz das estrelas at\u00e9 um brilho denso e super-saturado.<\/li>\n<li><strong>Perfis:\u00a0<\/strong>Embora o var\u00e3o hexagonal seja a nossa oferta de marca registada, podemos tamb\u00e9m descobrir outros perfis, como o quadrado, redondo ou talvez torcido, dependendo das necessidades da tarefa.<\/li>\n<li><strong>Acabamento:\u00a0<\/strong>O nosso servi\u00e7o n\u00e3o termina com a produ\u00e7\u00e3o. Podemos fornecer os postes reduzidos a comprimentos exactos, com as extremidades abrilhantadas para uma superf\u00edcie semelhante ao vidro, ou perfurados e tocados para facilitar a instala\u00e7\u00e3o.<\/li>\n<\/ul>\n<h4 id=\"your-partner-in-technology\">O seu parceiro em tecnologia<\/h4>\n<p>As nossas barras de brilho de pol\u00edmero transparente personalizadas s\u00e3o mais do que um simples artigo; s\u00e3o um componente de motiva\u00e7\u00e3o. Proporcionam uma oportunidade \u00fanica de incutir nas tarefas luz, luxo e uma personalidade distinta. Ao escolher as nossas hastes de acr\u00edlico para actores fortes, est\u00e1 a comprar alta qualidade superior, fasc\u00ednio visual inigual\u00e1vel e a flexibilidade de uma modifica\u00e7\u00e3o completa.<\/p>\n<p>Permita-nos ajud\u00e1-lo a dar vida aos seus conceitos mais entusi\u00e1sticos. Quer seja um arquiteto a desenhar uma estrutura para um local, um fabricante de mobili\u00e1rio a produzir uma cole\u00e7\u00e3o totalmente nova ou um m\u00fasico a ultrapassar os limites do seu meio, estes postes oferecem uma estrutura de brilho.<\/p>\n<p>Ligue-nos hoje para discutir as exig\u00eancias do seu projeto, pe\u00e7a uma amostra e descubra como as nossas Barras de Brilho em Acr\u00edlico Transparente Personalizadas podem dar brilho ao seu desenvolvimento seguinte. A sua vis\u00e3o \u00e9 o projeto; n\u00f3s oferecemos o brilho.<\/p>","protected":false},"excerpt":{"rendered":"<p class=\"ng-star-inserted\"><span class=\"ng-star-inserted\">Melhore os seus projectos com as nossas varetas de bolhas em acr\u00edlico transparente personalizadas. Estas hastes hexagonais s\u00f3lidas e fundidas s\u00e3o preenchidas com purpurina cintilante para um acabamento deslumbrante e de alta qualidade. Perfeitas para acentos decorativos, expositores e projectos criativos.<\/span><\/p>","protected":false},"featured_media":1555,"template":"","meta":{"_kad_post_transparent":"default","_kad_post_title":"","_kad_post_layout":"default","_kad_post_sidebar_id":"","_kad_post_content_style":"default","_kad_post_vertical_padding":"default","_kad_post_feature":"","_kad_post_feature_position":"","_kad_post_header":false,"_kad_post_footer":false,"_kad_post_classname":""},"product_brand":[],"product_cat":[23],"product_tag":[61],"class_list":{"0":"post-1554","1":"product","2":"type-product","3":"status-publish","4":"has-post-thumbnail","6":"product_cat-custom-acrylic-rods-tubes","7":"product_tag-custom-acrylic-rods","9":"first","10":"instock","11":"shipping-taxable","12":"product-type-simple","13":"entry","14":"content-bg","15":"loop-entry"},"_links":{"self":[{"href":"https:\/\/customacrylicproduct.com\/pt\/wp-json\/wp\/v2\/product\/1554","targetHints":{"allow":["GET"]}}],"collection":[{"href":"https:\/\/customacrylicproduct.com\/pt\/wp-json\/wp\/v2\/product"}],"about":[{"href":"https:\/\/customacrylicproduct.com\/pt\/wp-json\/wp\/v2\/types\/product"}],"wp:featuredmedia":[{"embeddable":true,"href":"https:\/\/customacrylicproduct.com\/pt\/wp-json\/wp\/v2\/media\/1555"}],"wp:attachment":[{"href":"https:\/\/customacrylicproduct.com\/pt\/wp-json\/wp\/v2\/media?parent=1554"}],"wp:term":[{"taxonomy":"product_brand","embeddable":true,"href":"https:\/\/customacrylicproduct.com\/pt\/wp-json\/wp\/v2\/product_brand?post=1554"},{"taxonomy":"product_cat","embeddable":true,"href":"https:\/\/customacrylicproduct.com\/pt\/wp-json\/wp\/v2\/product_cat?post=1554"},{"taxonomy":"product_tag","embeddable":true,"href":"https:\/\/customacrylicproduct.com\/pt\/wp-json\/wp\/v2\/product_tag?post=1554"}],"curies":[{"name":"wp","href":"https:\/\/api.w.org\/{rel}","templated":true}]}}