{"id":1564,"date":"2025-07-22T06:36:07","date_gmt":"2025-07-22T06:36:07","guid":{"rendered":"https:\/\/customacrylicproduct.com\/?post_type=product&#038;p=1564"},"modified":"2025-07-22T06:36:07","modified_gmt":"2025-07-22T06:36:07","slug":"custom-color-printing-square-shape-acrylic-trophy-awards","status":"publish","type":"product","link":"https:\/\/customacrylicproduct.com\/pt\/custom-color-printing-square-shape-acrylic-trophy-awards\/","title":{"rendered":"Trof\u00e9us em acr\u00edlico com impress\u00e3o a cores personalizada em forma de quadrado"},"content":{"rendered":"<h3 id=\"elevate-recognition-the-exceptional-style-of-custom-made-color-printing-square-shape-acrylic-trophy-honors\">Elevar o reconhecimento: O estilo excecional dos trof\u00e9us de acr\u00edlico de forma quadrada com impress\u00e3o a cores personalizada<\/h3>\n<p>Num mundo de recomenda\u00e7\u00f5es electr\u00f3nicas fugazes, o ato de oferecer uma homenagem f\u00edsica continua a ser um movimento extenso e duradouro. \u00c9 um \u00edcone tang\u00edvel de realiza\u00e7\u00e3o, uma recorda\u00e7\u00e3o duradoura de um ponto de viragem e uma declara\u00e7\u00e3o de valor eficaz. Apresentamos a nossa primeira linha de\u00a0<strong>Trof\u00e9u acr\u00edlico de forma\u00e7\u00e3o quadrada com impress\u00e3o a cores personalizada\u00a0<\/strong>- uma op\u00e7\u00e3o moderna, din\u00e2mica e sofisticada criada para transformar o reconhecimento numa obra de arte. Estes pr\u00e9mios v\u00e3o al\u00e9m dos pr\u00e9mios t\u00edpicos, utilizando uma tela luminescente onde a sua marca, a sua mensagem e o seu evento revivem com uma qualidade e uma tonalidade fant\u00e1sticas.<\/p>\n<p><img fetchpriority=\"high\" decoding=\"async\" class=\"size-full wp-image-1565\" src=\"https:\/\/customacrylicproduct.com\/wp-content\/uploads\/2025\/07\/Acrylic-Trophy-Awards-1.jpg\" alt=\"Trof\u00e9us em acr\u00edlico (1)\" width=\"800\" height=\"800\" srcset=\"https:\/\/customacrylicproduct.com\/wp-content\/uploads\/2025\/07\/Acrylic-Trophy-Awards-1.jpg 800w, https:\/\/customacrylicproduct.com\/wp-content\/uploads\/2025\/07\/Acrylic-Trophy-Awards-1-300x300.jpg 300w, https:\/\/customacrylicproduct.com\/wp-content\/uploads\/2025\/07\/Acrylic-Trophy-Awards-1-150x150.jpg 150w, https:\/\/customacrylicproduct.com\/wp-content\/uploads\/2025\/07\/Acrylic-Trophy-Awards-1-768x768.jpg 768w, https:\/\/customacrylicproduct.com\/wp-content\/uploads\/2025\/07\/Acrylic-Trophy-Awards-1-600x600.jpg 600w, https:\/\/customacrylicproduct.com\/wp-content\/uploads\/2025\/07\/Acrylic-Trophy-Awards-1-100x100.jpg 100w\" sizes=\"(max-width: 800px) 100vw, 800px\" \/><\/p>\n<p><strong>O meio moderno: O poder e a pureza do acr\u00edlico<\/strong><\/p>\n<p>No centro destes pr\u00e9mios excepcionais est\u00e1 a sele\u00e7\u00e3o do material: acr\u00edlico de alta qualidade e cristalino. Valorizado pela sua nitidez \u00f3tica que se equipara ao vidro mais fino, o acr\u00edlico oferece uma s\u00e9rie de vantagens superiores. Possui uma alta qualidade brilhante e luminescente que capta e refracta a luz, dando a qualquer estilo uma sensa\u00e7\u00e3o inata de emin\u00eancia e import\u00e2ncia.<\/p>\n<p>Ao contr\u00e1rio do vidro, o pol\u00edmero \u00e9 substancialmente muito mais leve e resistente a estilha\u00e7os, garantindo que o seu s\u00edmbolo de reconhecimento seja deslumbrante e resistente. Essa for\u00e7a o torna perfeito para entrega, oferecendo em grandes eventos e exibindo com orgulho por muitos anos sem a preocupa\u00e7\u00e3o de danos muito f\u00e1ceis. As linhas limpas e n\u00edtidas e a sensa\u00e7\u00e3o significativa do bloco de acr\u00edlico forte produzem uma est\u00e9tica moderna que parece simultaneamente moderna e cl\u00e1ssica. A sua superf\u00edcie not\u00e1vel e n\u00e3o porosa \u00e9 a estrutura ideal para a espetacular inova\u00e7\u00e3o de impress\u00e3o que distingue estas homenagens.<\/p>\n<p><img decoding=\"async\" class=\"size-full wp-image-1566\" src=\"https:\/\/customacrylicproduct.com\/wp-content\/uploads\/2025\/07\/Acrylic-Trophy-Awards-2.jpg\" alt=\"Trof\u00e9us em acr\u00edlico (2)\" width=\"800\" height=\"800\" srcset=\"https:\/\/customacrylicproduct.com\/wp-content\/uploads\/2025\/07\/Acrylic-Trophy-Awards-2.jpg 800w, https:\/\/customacrylicproduct.com\/wp-content\/uploads\/2025\/07\/Acrylic-Trophy-Awards-2-300x300.jpg 300w, https:\/\/customacrylicproduct.com\/wp-content\/uploads\/2025\/07\/Acrylic-Trophy-Awards-2-150x150.jpg 150w, https:\/\/customacrylicproduct.com\/wp-content\/uploads\/2025\/07\/Acrylic-Trophy-Awards-2-768x768.jpg 768w, https:\/\/customacrylicproduct.com\/wp-content\/uploads\/2025\/07\/Acrylic-Trophy-Awards-2-600x600.jpg 600w, https:\/\/customacrylicproduct.com\/wp-content\/uploads\/2025\/07\/Acrylic-Trophy-Awards-2-100x100.jpg 100w\" sizes=\"(max-width: 800px) 100vw, 800px\" \/><\/p>\n<p><strong>Uma revolu\u00e7\u00e3o no reconhecimento: Publica\u00e7\u00e3o a cores com profundidade tridimensional<\/strong><\/p>\n<p>O que especifica verdadeiramente estas honras \u00e9 o processo de impress\u00e3o a cores de vanguarda. Utilizamos a tecnologia de ponta de impress\u00e3o direta UV, que utiliza a tinta diretamente no verso do bloco de acr\u00edlico. Esta t\u00e9cnica \u00e9 transformadora por uma s\u00e9rie de factores:.<\/p>\n<ol>\n<li><strong>Cor viva e rica:\u00a0<\/strong>As cores n\u00e3o est\u00e3o apenas na superf\u00edcie; est\u00e3o seguras por detr\u00e1s de uma camada espessa e transparente de acr\u00edlico. Isto cria uma sensa\u00e7\u00e3o espantosa de profundidade e vibra\u00e7\u00e3o. O acr\u00edlico actua como uma lente, multiplicando o esplendor das tonalidades e fixando a obra de arte. Como se pode ver nas imagens, isto permite a cria\u00e7\u00e3o de designs deslumbrantes - desde os aconchegantes gradientes amarelo e laranja beijados pelo sol de um pr\u00e9mio do 10\u00ba anivers\u00e1rio at\u00e9 aos azuis frios e empresariais de uma placa de qualifica\u00e7\u00e3o profissional.<\/li>\n<li><strong>Informa\u00e7\u00e3o e precis\u00e3o inacredit\u00e1veis:\u00a0<\/strong>O nosso processo de impress\u00e3o pode reproduzir desenhos de log\u00f3tipos complicados, padr\u00f5es intrincados, texto fino e at\u00e9 fotografias com uma integridade sensacional. Todas as linhas s\u00e3o n\u00edtidas, todos os gradientes s\u00e3o suaves e todos os tons s\u00e3o fi\u00e9is \u00e0 identidade da sua marca. Os padr\u00f5es de pontos subtis e os gr\u00e1ficos divididos vis\u00edveis no pr\u00e9mio \u201cChina Coffee Cup\u201d mostram o grau de informa\u00e7\u00e3o que pode ser alcan\u00e7ado, incluindo uma estrutura avan\u00e7ada para o design.<\/li>\n<li><strong>Um sentido de profundidade e suspens\u00e3o:\u00a0<\/strong>Ao publicar no verso, a apresenta\u00e7\u00e3o parece flutuar no interior do bloco de acr\u00edlico. Isto cria um resultado tridimensional cativante que convida o visitante a olhar melhor. A intera\u00e7\u00e3o da luz com o bloco estimula o design, tornando-o numa pe\u00e7a din\u00e2mica e interessante. Esta profundidade est\u00e9tica transforma um pr\u00e9mio simples numa cativante escultura de computador de secret\u00e1ria.<\/li>\n<\/ol>\n<p><img decoding=\"async\" class=\"size-full wp-image-1568\" src=\"https:\/\/customacrylicproduct.com\/wp-content\/uploads\/2025\/07\/Acrylic-Trophy-Awards-4.jpg\" alt=\"Trof\u00e9us em acr\u00edlico (4)\" width=\"800\" height=\"800\" srcset=\"https:\/\/customacrylicproduct.com\/wp-content\/uploads\/2025\/07\/Acrylic-Trophy-Awards-4.jpg 800w, https:\/\/customacrylicproduct.com\/wp-content\/uploads\/2025\/07\/Acrylic-Trophy-Awards-4-300x300.jpg 300w, https:\/\/customacrylicproduct.com\/wp-content\/uploads\/2025\/07\/Acrylic-Trophy-Awards-4-150x150.jpg 150w, https:\/\/customacrylicproduct.com\/wp-content\/uploads\/2025\/07\/Acrylic-Trophy-Awards-4-768x768.jpg 768w, https:\/\/customacrylicproduct.com\/wp-content\/uploads\/2025\/07\/Acrylic-Trophy-Awards-4-600x600.jpg 600w, https:\/\/customacrylicproduct.com\/wp-content\/uploads\/2025\/07\/Acrylic-Trophy-Awards-4-100x100.jpg 100w\" sizes=\"(max-width: 800px) 100vw, 800px\" \/><\/p>\n<p><strong>A forma quadrada: Um \u00edcone de seguran\u00e7a, honestidade e excel\u00eancia<\/strong><\/p>\n<p>A op\u00e7\u00e3o por uma forma de bloco quadrado ou retangular \u00e9 intencional e simb\u00f3lica. Este tipo geom\u00e9trico intemporal representa estabilidade, for\u00e7a e uma base s\u00f3lida - qualidades intr\u00ednsecas a qualquer tipo de realiza\u00e7\u00e3o consider\u00e1vel. As suas linhas sim\u00e9tricas e organizadas fornecem uma tela perfeita e desobstru\u00edda para a sua vis\u00e3o inovadora, assegurando que o foco continua a ser a mensagem e o layout no seu interior.<\/p>\n<p>A natureza significativa e aut\u00f3noma do bloco confere-lhe uma exist\u00eancia imponente em qualquer secret\u00e1ria, prateleira ou lareira. N\u00e3o necessita de uma base separada, utilizando uma conta m\u00ednima e elegante. As arestas espessas, polidas com diamante, s\u00e3o suaves ao toque e criam belos elementos reflectores que melhoram o brilho total do pr\u00e9mio.<\/p>\n<p><strong>Personaliza\u00e7\u00e3o ilimitada para cada celebra\u00e7\u00e3o<\/strong><\/p>\n<p>Estas homenagens em acr\u00edlico s\u00e3o um quadro em branco para as suas necessidades de reconhecimento. O poder da modifica\u00e7\u00e3o completa implica que pode produzir uma homenagem distinta e profundamente pessoal para qualquer evento ou ponto de viragem. Como demonstrado pelos diversos exemplos, as oportunidades s\u00e3o infinitas:.<\/p>\n<ul>\n<li><strong>Anivers\u00e1rios de empresas:\u00a0<\/strong>Celebre os anos de dedica\u00e7\u00e3o e sucesso, como a \u201c10\u00aa homenagem 2013-2023\u2033, com dias personalizados, slogans firmes (\u201d \u5171\u751f|\u5171\u521b|\u5171\u4eab|\u5171\u8d62\u201d - Sinergia, Co-cria\u00e7\u00e3o, Partilha, Win-Win) e esquemas de cores de alta qualidade.<\/li>\n<li><strong>Reconhecimento do empregado:\u00a0<\/strong>Celebre os principais artistas, o \u201cFuncion\u00e1rio do M\u00eas\u201d ou a qualidade da gest\u00e3o com nomes, dias e mensagens de agradecimento individualizados.<\/li>\n<li><strong>Pr\u00e9mios de vendas e sucesso:\u00a0<\/strong>Incentive as suas equipas identificando os principais n\u00fameros de vendas, conclus\u00f5es de projectos ou marcos de desenvolvimento com esquemas arrojados e impactantes.<\/li>\n<li><strong>Pr\u00e9mios de ocasi\u00e3o e de confer\u00eancia:\u00a0<\/strong>Desenvolva pr\u00e9mios memor\u00e1veis para oradores, patrocinadores ou campe\u00f5es de concursos. O pr\u00e9mio sueco \u201cLLB EXPO 2022 - PRIS F\u00d6R B\u00c4STA MONTER\u201d (Pr\u00e9mio para o melhor stand) \u00e9 o melhor exemplo de um trof\u00e9u moderno e espec\u00edfico para um evento.<\/li>\n<li><strong>Reconhecimento de acompanhantes e clientes:\u00a0<\/strong>Refor\u00e7ar as rela\u00e7\u00f5es comerciais, oferecendo um presente de alta qualidade que indica uma parceria valiosa.<\/li>\n<li><strong>Placas de acredita\u00e7\u00e3o e de forma\u00e7\u00e3o:\u00a0<\/strong>Defina a conclus\u00e3o de um programa, como o \u201cCCT China Coffee Taster \u57f9\u8bad\u8ba4\u8bc1\u9879\u76ee\u201d (Programa de Qualifica\u00e7\u00e3o de Forma\u00e7\u00e3o), com uma placa de autoridades e de aspeto profissional.<\/li>\n<\/ul>\n<p><strong>A arte da apresenta\u00e7\u00e3o<\/strong><\/p>\n<p>Um pr\u00e9mio extraordin\u00e1rio merece uma apresenta\u00e7\u00e3o igualmente extraordin\u00e1ria. Tal como na imagem inicial, os nossos trof\u00e9us em acr\u00edlico podem ser acompanhados por uma caixa de discuss\u00e3o premium e personalizada. Estas elegantes caixas pretas apresentam uma superf\u00edcie distinta e um acabamento inovador, proporcionando uma experi\u00eancia de desembalagem luxuosa. O forro interior macio n\u00e3o s\u00f3 protege o pr\u00e9mio durante o seu transporte, como tamb\u00e9m o estrutura de forma magn\u00edfica no momento da abertura, elevando o momento da apresenta\u00e7\u00e3o e sublinhando a import\u00e2ncia da honra que est\u00e1 a ser concedida.<\/p>\n<p><strong>Porqu\u00ea escolher os nossos trof\u00e9us acr\u00edlicos personalizados?<\/strong><\/p>\n<ul>\n<li><strong>Sofistica\u00e7\u00e3o moderna:\u00a0<\/strong>Uma op\u00e7\u00e3o contempor\u00e2nea aos t\u00edpicos pr\u00e9mios de vidro ou metal.<\/li>\n<li><strong>Impacto visual inigual\u00e1vel:\u00a0<\/strong>A impress\u00e3o a cores e em alta defini\u00e7\u00e3o desenvolve designs sensacionais e din\u00e2micos com um impacto 3D \u00fanico.<\/li>\n<li><strong>Durabilidade superior:\u00a0<\/strong>Fabricado em acr\u00edlico resistente a estilha\u00e7os com impress\u00e3o \u00e0 prova de desvanecimento e resistente a riscos.<\/li>\n<li><strong>Personaliza\u00e7\u00e3o completa:\u00a0<\/strong>O seu log\u00f3tipo, os seus tons, o seu texto. Desenvolva um pr\u00e9mio que seja uma verdadeira representa\u00e7\u00e3o da sua marca e do feito que celebra.<\/li>\n<li><strong>Impacto duradouro:\u00a0<\/strong>Isto \u00e9 mais do que um trof\u00e9u; \u00e9 uma pe\u00e7a de arte que funciona como um lembrete constante e bonito do sucesso e do reconhecimento.<\/li>\n<\/ul>\n<p>Comemore o seu pr\u00f3ximo marco n\u00e3o apenas com um pr\u00e9mio, mas com uma declara\u00e7\u00e3o. Uma declara\u00e7\u00e3o de qualidade superior, uma declara\u00e7\u00e3o de criatividade e uma declara\u00e7\u00e3o de verdadeira admira\u00e7\u00e3o. Escolha o Trof\u00e9u de Honra em Acr\u00edlico de Forma\u00e7\u00e3o Quadrada com Impress\u00e3o a Cores Personalizada e ofere\u00e7a um presente t\u00e3o fant\u00e1stico como o pr\u00f3prio sucesso.<\/p>","protected":false},"excerpt":{"rendered":"<p class=\"ng-star-inserted\"><span class=\"ng-star-inserted\">Celebre o sucesso com os nossos pr\u00e9mios acr\u00edlicos quadrados personalizados. Com uma impress\u00e3o a cores vibrante para mostrar o seu log\u00f3tipo e mensagem. Estes trof\u00e9us de bloco modernos s\u00e3o perfeitos para reconhecimento empresarial, valoriza\u00e7\u00e3o dos funcion\u00e1rios e eventos especiais. Uma forma elegante e memor\u00e1vel de homenagear o sucesso.<\/span><\/p>","protected":false},"featured_media":1565,"template":"","meta":{"_kad_post_transparent":"default","_kad_post_title":"","_kad_post_layout":"default","_kad_post_sidebar_id":"","_kad_post_content_style":"default","_kad_post_vertical_padding":"default","_kad_post_feature":"","_kad_post_feature_position":"","_kad_post_header":false,"_kad_post_footer":false,"_kad_post_classname":""},"product_brand":[],"product_cat":[19],"product_tag":[96,145],"class_list":{"0":"post-1564","1":"product","2":"type-product","3":"status-publish","4":"has-post-thumbnail","6":"product_cat-custom-acrylic-trophies-awards","7":"product_tag-acrylic-awards","8":"product_tag-acrylic-custom-trophy","10":"first","11":"instock","12":"shipping-taxable","13":"product-type-simple","14":"entry","15":"content-bg","16":"loop-entry"},"_links":{"self":[{"href":"https:\/\/customacrylicproduct.com\/pt\/wp-json\/wp\/v2\/product\/1564","targetHints":{"allow":["GET"]}}],"collection":[{"href":"https:\/\/customacrylicproduct.com\/pt\/wp-json\/wp\/v2\/product"}],"about":[{"href":"https:\/\/customacrylicproduct.com\/pt\/wp-json\/wp\/v2\/types\/product"}],"wp:featuredmedia":[{"embeddable":true,"href":"https:\/\/customacrylicproduct.com\/pt\/wp-json\/wp\/v2\/media\/1565"}],"wp:attachment":[{"href":"https:\/\/customacrylicproduct.com\/pt\/wp-json\/wp\/v2\/media?parent=1564"}],"wp:term":[{"taxonomy":"product_brand","embeddable":true,"href":"https:\/\/customacrylicproduct.com\/pt\/wp-json\/wp\/v2\/product_brand?post=1564"},{"taxonomy":"product_cat","embeddable":true,"href":"https:\/\/customacrylicproduct.com\/pt\/wp-json\/wp\/v2\/product_cat?post=1564"},{"taxonomy":"product_tag","embeddable":true,"href":"https:\/\/customacrylicproduct.com\/pt\/wp-json\/wp\/v2\/product_tag?post=1564"}],"curies":[{"name":"wp","href":"https:\/\/api.w.org\/{rel}","templated":true}]}}