{"id":379,"date":"2025-07-01T04:24:38","date_gmt":"2025-07-01T04:24:38","guid":{"rendered":"https:\/\/customacrylicproduct.com\/?post_type=product&#038;p=379"},"modified":"2025-07-02T12:34:12","modified_gmt":"2025-07-02T12:34:12","slug":"factory-price-uv-printing-cosmetic-custom-acrylic-display","status":"publish","type":"product","link":"https:\/\/customacrylicproduct.com\/pt\/factory-price-uv-printing-cosmetic-custom-acrylic-display\/","title":{"rendered":"Pre\u00e7o de F\u00e1brica Impress\u00e3o UV Cosm\u00e9ticos Expositor Acr\u00edlico Personalizado"},"content":{"rendered":"<p>Eleve a presen\u00e7a da sua marca com o nosso ** Expositor acr\u00edlico personalizado de cosm\u00e9tica com impress\u00e3o UV**, habilmente concebido para combinar funcionalidade, eleg\u00e2ncia e durabilidade. Fabricado em acr\u00edlico ecol\u00f3gico de **Grau A**, este expositor oferece uma resist\u00eancia excecional e uma longa vida \u00fatil, garantindo que os seus produtos cosm\u00e9ticos s\u00e3o apresentados com estilo e fiabilidade.<\/p>\n<p>O que distingue o nosso expositor \u00e9 o suporte de **transpar\u00eancia elevada**, polido com precis\u00e3o utilizando t\u00e9cnicas de chama para obter um acabamento cristalino. Esta clareza brilhante aumenta a visibilidade do produto e acrescenta um toque elegante e de qualidade superior que atrai facilmente o olhar - perfeito para balc\u00f5es de beleza, prateleiras de retalho e eventos promocionais.<\/p>\n<figure id=\"attachment_382\" aria-describedby=\"caption-attachment-382\" style=\"width: 800px\" class=\"wp-caption aligncenter\"><a href=\"https:\/\/customacrylicproduct.com\/pt\/custom-acrylic-displays\/\"><img fetchpriority=\"high\" decoding=\"async\" class=\"wp-image-382 size-full\" src=\"https:\/\/customacrylicproduct.com\/wp-content\/uploads\/2025\/07\/Factory-Price-UV-Printing-Cosmetic-Custom-Acrylic-Display-03.jpg\" alt=\"Expositor acr\u00edlico personalizado\" width=\"800\" height=\"800\" srcset=\"https:\/\/customacrylicproduct.com\/wp-content\/uploads\/2025\/07\/Factory-Price-UV-Printing-Cosmetic-Custom-Acrylic-Display-03.jpg 800w, https:\/\/customacrylicproduct.com\/wp-content\/uploads\/2025\/07\/Factory-Price-UV-Printing-Cosmetic-Custom-Acrylic-Display-03-300x300.jpg 300w, https:\/\/customacrylicproduct.com\/wp-content\/uploads\/2025\/07\/Factory-Price-UV-Printing-Cosmetic-Custom-Acrylic-Display-03-150x150.jpg 150w, https:\/\/customacrylicproduct.com\/wp-content\/uploads\/2025\/07\/Factory-Price-UV-Printing-Cosmetic-Custom-Acrylic-Display-03-768x768.jpg 768w, https:\/\/customacrylicproduct.com\/wp-content\/uploads\/2025\/07\/Factory-Price-UV-Printing-Cosmetic-Custom-Acrylic-Display-03-12x12.jpg 12w, https:\/\/customacrylicproduct.com\/wp-content\/uploads\/2025\/07\/Factory-Price-UV-Printing-Cosmetic-Custom-Acrylic-Display-03-600x600.jpg 600w, https:\/\/customacrylicproduct.com\/wp-content\/uploads\/2025\/07\/Factory-Price-UV-Printing-Cosmetic-Custom-Acrylic-Display-03-100x100.jpg 100w\" sizes=\"(max-width: 800px) 100vw, 800px\" \/><\/a><figcaption id=\"caption-attachment-382\" class=\"wp-caption-text\">Expositor acr\u00edlico personalizado<\/figcaption><\/figure>\n<p>O nosso expositor tamb\u00e9m possui **impress\u00e3o UV avan\u00e7ada de alta defini\u00e7\u00e3o**, permitindo uma reprodu\u00e7\u00e3o de cores vibrantes e texto n\u00edtido que n\u00e3o se desvanece com o tempo. Os log\u00f3tipos, nomes de produtos ou elementos de marca t\u00eam um aspeto mais v\u00edvido e profissional, ajudando o seu expositor a destacar-se em qualquer ambiente de venda a retalho. O processo de impress\u00e3o UV suporta pormenores complexos, assegurando que todos os tipos de letra e imagens s\u00e3o n\u00edtidos, limpos e esteticamente agrad\u00e1veis.<\/p>\n<p>Concebida e fabricada diretamente na nossa f\u00e1brica, esta solu\u00e7\u00e3o de expositor pode ser totalmente personalizada para satisfazer as necessidades espec\u00edficas da sua marca - quer se trate de forma, tamanho ou disposi\u00e7\u00e3o de impress\u00e3o - tornando-a ideal para empresas de cosm\u00e9ticos que procuram uma apresenta\u00e7\u00e3o \u00fanica e impactante. Quer esteja a lan\u00e7ar uma nova linha de produtos ou a renovar o seu expositor de retalho, este suporte em acr\u00edlico oferece uma solu\u00e7\u00e3o visualmente deslumbrante e duradoura que melhora a experi\u00eancia do cliente e a visibilidade do produto.<\/p>\n<p>Confie numa solu\u00e7\u00e3o direta da f\u00e1brica que d\u00e1 prioridade \u00e0 qualidade, \u00e0 sustentabilidade e ao design marcante - tudo num pacote perfeito.<\/p>","protected":false},"excerpt":{"rendered":"<p>Apresente os seus cosm\u00e9ticos em grande estilo com o nosso expositor acr\u00edlico personalizado, fabricado em acr\u00edlico ecol\u00f3gico de grau A. Com um suporte cristalino, polido por chama e impress\u00e3o UV de alta defini\u00e7\u00e3o, oferece um aspeto elegante, gr\u00e1ficos vibrantes e durabilidade duradoura - diretamente da f\u00e1brica.<\/p>","protected":false},"featured_media":380,"template":"","meta":{"_kad_post_transparent":"default","_kad_post_title":"","_kad_post_layout":"default","_kad_post_sidebar_id":"","_kad_post_content_style":"default","_kad_post_vertical_padding":"default","_kad_post_feature":"","_kad_post_feature_position":"","_kad_post_header":false,"_kad_post_footer":false,"_kad_post_classname":""},"product_brand":[],"product_cat":[15],"product_tag":[34,33],"class_list":{"0":"post-379","1":"product","2":"type-product","3":"status-publish","4":"has-post-thumbnail","6":"product_cat-custom-acrylic-displays","7":"product_tag-cosmetic-acrylic-display","8":"product_tag-custom-acrylic-display","10":"first","11":"instock","12":"shipping-taxable","13":"product-type-simple","14":"entry","15":"content-bg","16":"loop-entry"},"_links":{"self":[{"href":"https:\/\/customacrylicproduct.com\/pt\/wp-json\/wp\/v2\/product\/379","targetHints":{"allow":["GET"]}}],"collection":[{"href":"https:\/\/customacrylicproduct.com\/pt\/wp-json\/wp\/v2\/product"}],"about":[{"href":"https:\/\/customacrylicproduct.com\/pt\/wp-json\/wp\/v2\/types\/product"}],"wp:featuredmedia":[{"embeddable":true,"href":"https:\/\/customacrylicproduct.com\/pt\/wp-json\/wp\/v2\/media\/380"}],"wp:attachment":[{"href":"https:\/\/customacrylicproduct.com\/pt\/wp-json\/wp\/v2\/media?parent=379"}],"wp:term":[{"taxonomy":"product_brand","embeddable":true,"href":"https:\/\/customacrylicproduct.com\/pt\/wp-json\/wp\/v2\/product_brand?post=379"},{"taxonomy":"product_cat","embeddable":true,"href":"https:\/\/customacrylicproduct.com\/pt\/wp-json\/wp\/v2\/product_cat?post=379"},{"taxonomy":"product_tag","embeddable":true,"href":"https:\/\/customacrylicproduct.com\/pt\/wp-json\/wp\/v2\/product_tag?post=379"}],"curies":[{"name":"wp","href":"https:\/\/api.w.org\/{rel}","templated":true}]}}