{"id":439,"date":"2025-07-01T13:01:12","date_gmt":"2025-07-01T13:01:12","guid":{"rendered":"https:\/\/customacrylicproduct.com\/?post_type=product&#038;p=439"},"modified":"2025-07-02T12:21:48","modified_gmt":"2025-07-02T12:21:48","slug":"best-quality-wholesale-customized-acrylic-storage-boxes","status":"publish","type":"product","link":"https:\/\/customacrylicproduct.com\/pt\/best-quality-wholesale-customized-acrylic-storage-boxes\/","title":{"rendered":"Caixas de armazenamento acr\u00edlicas personalizadas de melhor qualidade por atacado"},"content":{"rendered":"<h1 id=\"the-architect-of-present-premium-wholesale-custom-made-acrylic-storage-space-boxes\">O Arquiteto do Presente: Caixas de espa\u00e7o de armazenamento de acr\u00edlico feitas sob medida por atacado premium<\/h1>\n<p>No atual mercado acess\u00edvel, a apresenta\u00e7\u00e3o n\u00e3o \u00e9 simplesmente uma reflex\u00e3o posterior; \u00e9 um elemento vital da identidade da marca e da compreens\u00e3o do valor. As solu\u00e7\u00f5es de armazenamento da Criterion - normalmente opacas, fr\u00e1geis ou mal ajustadas - n\u00e3o satisfazem as necessidades das organiza\u00e7\u00f5es que vendem alta qualidade, apar\u00eancia e experi\u00eancia. Escondem, em vez de celebrar, os produtos que cont\u00eam. Para o retalhista cr\u00edtico, a ag\u00eancia de cobran\u00e7as minuciosa, a loja pop-up inovadora ou a marca de qualidade superior, \u00e9 necess\u00e1ria uma solu\u00e7\u00e3o not\u00e1vel. Um servi\u00e7o concebido n\u00e3o apenas para guardar, mas para mostrar.<\/p>\n<p>\u00c9 com orgulho que apresentamos a nossa linha de\u00a0<strong>Caixas de espa\u00e7o de armazenamento de pol\u00edmero feitas \u00e0 medida por atacado da mais alta qualidade\u00a0<\/strong>. N\u00e3o se trata apenas de um contentor; \u00e9 um ambiente de ecr\u00e3 modular, meticulosamente criado para elevar os seus produtos, proteger as suas propriedades e melhorar as suas opera\u00e7\u00f5es. Integrando produtos de n\u00edvel industrial com um design inteligente e centrado no utilizador, estas caixas representam o auge da forma e da funcionalidade. S\u00e3o a op\u00e7\u00e3o clara para as empresas que reconhecem que a forma exacta como um produto \u00e9 apresentado \u00e9 t\u00e3o essencial como o pr\u00f3prio produto.<\/p>\n<p>Desde a pureza fundamental do acr\u00edlico ao clique gratificante da porta magn\u00e9tica e \u00e0 capacidade ilimitada da disposi\u00e7\u00e3o empilh\u00e1vel interligada, todos os elementos foram criados com um objetivo. Esta \u00e9 a sua oportunidade de ultrapassar o simples armazenamento e tornar-se o engenheiro do seu pr\u00f3prio ambiente de exposi\u00e7\u00e3o espetacular, escal\u00e1vel e avan\u00e7ado.<\/p>\n<p><a href=\"https:\/\/customacrylicproduct.com\/pt\/custom-acrylic-displays\/\"><img fetchpriority=\"high\" decoding=\"async\" class=\"wp-image-443 size-full aligncenter\" src=\"https:\/\/customacrylicproduct.com\/wp-content\/uploads\/2025\/07\/Acrylic-Storage-Box-05.jpg\" alt=\"Caixa de armazenamento em acr\u00edlico\" width=\"800\" height=\"800\" srcset=\"https:\/\/customacrylicproduct.com\/wp-content\/uploads\/2025\/07\/Acrylic-Storage-Box-05.jpg 800w, https:\/\/customacrylicproduct.com\/wp-content\/uploads\/2025\/07\/Acrylic-Storage-Box-05-300x300.jpg 300w, https:\/\/customacrylicproduct.com\/wp-content\/uploads\/2025\/07\/Acrylic-Storage-Box-05-150x150.jpg 150w, https:\/\/customacrylicproduct.com\/wp-content\/uploads\/2025\/07\/Acrylic-Storage-Box-05-768x768.jpg 768w, https:\/\/customacrylicproduct.com\/wp-content\/uploads\/2025\/07\/Acrylic-Storage-Box-05-12x12.jpg 12w, https:\/\/customacrylicproduct.com\/wp-content\/uploads\/2025\/07\/Acrylic-Storage-Box-05-600x600.jpg 600w, https:\/\/customacrylicproduct.com\/wp-content\/uploads\/2025\/07\/Acrylic-Storage-Box-05-100x100.jpg 100w\" sizes=\"(max-width: 800px) 100vw, 800px\" \/><\/a><\/p>\n<h2 id=\"the-structure-of-excellence-the-scientific-research-of-superior-acrylic\">A estrutura da excel\u00eancia: A Pesquisa Cient\u00edfica do Acr\u00edlico Superior<\/h2>\n<p>A integridade de qualquer estrutura come\u00e7a com os seus materiais. As nossas caixas de arruma\u00e7\u00e3o s\u00e3o fabricadas em acr\u00edlico puro de qualidade superior (poli (metacrilato de metilo) ou PMMA), um material escolhido pela sua combina\u00e7\u00e3o \u00fanica de eleg\u00e2ncia visual e resist\u00eancia ao n\u00edvel da engenharia.<\/p>\n<p><strong>Qualidade \u00f3tica sem compromissos:\u00a0<\/strong>Ao contr\u00e1rio dos pl\u00e1sticos inferiores, como o estireno ou o policarbonato, que podem ter uma tonalidade turva ou azulada, o nosso acr\u00edlico apresenta uma taxa de transmiss\u00e3o de luz de 92%. Isto conduz a uma verdadeira qualidade de museu. As tonalidades s\u00e3o mais vibrantes, os pormenores s\u00e3o mais n\u00edtidos e os seus produtos aparecem na sua luz mais aut\u00eantica, sem distor\u00e7\u00e3o. Este grau de transpar\u00eancia garante que os seus consumidores ou p\u00fablico possam ver todas as informa\u00e7\u00f5es sem terem de abrir a caixa, oferecendo uma vis\u00e3o atraente mas protetora.<\/p>\n<p><strong>Concebida para uma vida de servi\u00e7o:\u00a0<\/strong>Reconhecemos que as nossas caixas de arruma\u00e7\u00e3o s\u00e3o um investimento financeiro. \u00c9 por isso que utilizamos acr\u00edlico reconhecido pela sua extraordin\u00e1ria durabilidade e estabilidade arquitet\u00f3nica. Estas caixas s\u00e3o robustas, imunes ao impacto e, certamente, n\u00e3o se deformam nem se deformam com o peso dos seus componentes ou com o stress e a ansiedade de um ambiente de retalho ativo. O pol\u00edmero de primeira qualidade \u00e9 tamb\u00e9m naturalmente resistente ao amarelecimento provocado pela exposi\u00e7\u00e3o direta aos raios UV, assegurando que os seus expositores continuem a ser cristalinos e a ter um aspeto profissional durante v\u00e1rios anos, salvaguardando tanto os seus produtos como a imagem da sua marca. Esta vida \u00fatil prolongada representa um roi substancial em compara\u00e7\u00e3o com alternativas menos dispendiosas e descart\u00e1veis.<\/p>\n<h2 id=\"intelligent-layout-where-type-and-function-converge\">Layout inteligente: Onde o tipo e a fun\u00e7\u00e3o convergem<\/h2>\n<p>Um material caro merece um layout igualmente excecional. Os nossos\u00a0<strong>caixas acr\u00edlicas personalizadas para espa\u00e7os de arruma\u00e7\u00e3o\u00a0<\/strong>s\u00e3o uma aula magistral de engenharia cuidadosa, em que cada carater\u00edstica \u00e9 criada para aumentar a utiliza\u00e7\u00e3o, a flexibilidade e o encanto visual.<\/p>\n<p><strong>Medidas caritativas para uma flexibilidade m\u00e1xima:\u00a0<\/strong>Cada caso mede uma consider\u00e1vel\u00a0<strong>14,2 polegadas de tamanho, 8,7 polegadas de largura e 10,6 polegadas de eleva\u00e7\u00e3o (14,2\u2033 C x 8,7\u2033 L x 10,6\u2033 A)\u00a0<\/strong>. Esta quantidade interior caridosa foi intencionalmente escolhida para funcionar como uma tela funcional para uma vasta gama de produtos. Pode albergar agradavelmente malas de luxo, sapatos de marca, coleccion\u00e1veis em caixas, elementos electr\u00f3nicos de topo de gama ou colec\u00e7\u00f5es est\u00e9ticas com curadoria. As medidas permitem que os produtos sejam apresentados na horizontal ou na vertical, proporcionando-lhe um controlo criativo total sobre o seu merchandising e a sua narrativa est\u00e9tica.<\/p>\n<p><strong>A porta magn\u00e9tica: F\u00e1cil acesso, unidade segura:\u00a0<\/strong>A porta frontal \u00e9 uma pesquisa sobre intera\u00e7\u00e3o suave. Incluindo um sistema de fecho magn\u00e9tico concebido com precis\u00e3o, proporciona uma acessibilidade simples e f\u00e1cil, com uma s\u00f3 m\u00e3o, aos componentes no interior. Os \u00edmanes garantem que a porta se fecha com um clique gratificante e seguro, criando uma veda\u00e7\u00e3o praticamente herm\u00e9tica. Esta importante carater\u00edstica protege o seu stock \u00fatil do p\u00f3, part\u00edculas e demasiado manuseamento, reduzindo drasticamente a necessidade de limpeza e preservando o bom estado dos seus produtos. Para um parceiro retalhista ocupado ou uma ag\u00eancia de recolha cuidadosa, esta combina\u00e7\u00e3o de acesso f\u00e1cil e defesa fi\u00e1vel \u00e9 inestim\u00e1vel.<\/p>\n<h2 id=\"the-power-of-modularity-a-scalable-show-community\">O poder da modularidade: Uma comunidade de espect\u00e1culos escal\u00e1vel<\/h2>\n<p>A verdadeira genialidade do nosso sistema de caixas de arruma\u00e7\u00e3o assenta na sua modularidade. Uma \u00fanica caixa \u00e9 uma bela pe\u00e7a de ecr\u00e3; v\u00e1rias caixas tornam-se uma afirma\u00e7\u00e3o coesa e construtiva.<\/p>\n<p><strong>Um sistema patenteado de bloqueio:\u00a0<\/strong>A frente e os lados de cada caixa acr\u00edlica t\u00eam 2 ranhuras moldadas com precis\u00e3o e muito discretas. N\u00e3o s\u00e3o simples elementos decorativos, s\u00e3o o cora\u00e7\u00e3o do nosso sistema de encravamento. Estas redes permitem a fixa\u00e7\u00e3o segura de numerosas caixas, tanto em cima como em baixo e na horizontal. Este estilo engenhoso transforma os contentores privados numa estrutura solit\u00e1ria, est\u00e1vel e monol\u00edtica. Pode construir com confian\u00e7a paredes de ecr\u00e3 inteiras ou arm\u00e1rios de espa\u00e7o de armazenamento personalizados sem ter de se preocupar com a mudan\u00e7a, desloca\u00e7\u00e3o ou desalinhamento de dispositivos individuais. Esta seguran\u00e7a \u00e9 importante para a seguran\u00e7a e a per\u00edcia em qualquer tipo de ambiente industrial ou p\u00fablico.<\/p>\n<p><strong>De uma simples declara\u00e7\u00e3o a um muro em grande escala:\u00a0<\/strong>A escalabilidade deste sistema \u00e9 a sua maior resist\u00eancia. Uma loja pode come\u00e7ar com uma pequena pilha organizada numa bancada. \u00c0 medida que o invent\u00e1rio se expande, podem ser inclu\u00eddos muitos mais dispositivos para produzir uma magn\u00edfica superf\u00edcie de parede. Um expositor de uma conven\u00e7\u00e3o comercial pode transportar as caixas de embalagem plana e construir um ecr\u00e3 de stand not\u00e1vel e de n\u00edvel profissional em minutos. Esta versatilidade significa que o seu investimento financeiro cresce com a sua empresa, fornecendo um controlo constante e de marca em todas as fases do seu avan\u00e7o. \u00c9 um servi\u00e7o \u00e0 prova de futuro para necessidades din\u00e2micas de visualiza\u00e7\u00e3o.<\/p>\n<h2 id=\"a-world-of-applications-tailored-to-your-company\">Um mundo de aplica\u00e7\u00f5es: \u00c0 medida da sua empresa<\/h2>\n<p>A versatilidade dos nossos\u00a0<strong>caixas acr\u00edlicas para arruma\u00e7\u00e3o por medida\u00a0<\/strong>torna-os a solu\u00e7\u00e3o ideal para uma vasta gama de aplica\u00e7\u00f5es B2B.<\/p>\n<p><strong>Para o vendedor de luxo (malas, sapatos, complementos):\u00a0<\/strong>. Melhore a sua experi\u00eancia na loja transformando as prateleiras simples numa galeria de luxo. Apresente as suas malas de m\u00e3o caras em vitrinas privadas e sem p\u00f3, permitindo aos clientes admirar o trabalho artesanal sem p\u00f4r em risco o produto. Produza torres apelativas com o cal\u00e7ado de marca mais atualizado ou disponha os acess\u00f3rios topo de gama de uma forma iluminada e organizada. A clareza e a qualidade das caixas demonstram a qualidade dos artigos que as comp\u00f5em, melhorando a perce\u00e7\u00e3o do valor e impulsionando as vendas.<\/p>\n<p><strong>Para a loja de coleccion\u00e1veis e especializada (Anime, t\u00e9nis, modelos):\u00a0<\/strong>. Os seus clientes s\u00e3o coleccionadores apaixonados que valorizam tanto o objeto como o seu problema. As nossas caixas fornecem a fase perfeita. Apresente t\u00e9nis de edi\u00e7\u00e3o limitada, figuras de anime elaboradas ou kits de design detalhados com uma presen\u00e7a de 360 graus. O inv\u00f3lucro protetor mant\u00e9m o seu estado de conserva\u00e7\u00e3o, preservando o seu valor. O sistema modular permite-lhe desenvolver ecr\u00e3s de exposi\u00e7\u00e3o densos, organizados e visualmente incr\u00edveis que ir\u00e3o certamente hipnotizar os seus clientes empenhados.<\/p>\n<p><strong>Para o profissional de exposi\u00e7\u00f5es:\u00a0<\/strong>. Ganhe a luta pelo interesse no concorrido piso da conven\u00e7\u00e3o comercial. O nosso sistema \u00e9 um dispositivo port\u00e1til, especializado e eficaz. A montagem r\u00e1pida e sem ferramentas poupa-lhe tempo e custos de m\u00e3o de obra ben\u00e9ficos durante a configura\u00e7\u00e3o e desmontagem. A disposi\u00e7\u00e3o leve e plana minimiza os custos de transporte e as dores de cabe\u00e7a log\u00edsticas. Pode criar um expositor personalizado e de qualidade superior que mostra completamente os seus produtos e faz do seu stand um destino obrigat\u00f3rio.<\/p>\n<p><strong>Para ambientes empresariais e especializados:\u00a0<\/strong>. Para al\u00e9m do com\u00e9rcio a retalho, estas caixas servem in\u00fameras necessidades profissionais. Utilize-as num hall de entrada de uma empresa para apresentar artigos comerciais ou pr\u00e9mios. Numa oficina de design, organize amostras de produtos com uma exposi\u00e7\u00e3o perfeita. Num laborat\u00f3rio, proteja as pe\u00e7as delicadas da sujidade, mantendo-as convenientemente reconhec\u00edveis. A est\u00e9tica limpa e moderna combina com qualquer tipo de decora\u00e7\u00e3o especializada.<\/p>\n<p><a href=\"https:\/\/customacrylicproduct.com\/pt\/custom-acrylic-displays\/\"><img decoding=\"async\" class=\"wp-image-442 size-full aligncenter\" src=\"https:\/\/customacrylicproduct.com\/wp-content\/uploads\/2025\/07\/Acrylic-Storage-Box-03.jpg\" alt=\"Caixa de armazenamento em acr\u00edlico\" width=\"800\" height=\"800\" srcset=\"https:\/\/customacrylicproduct.com\/wp-content\/uploads\/2025\/07\/Acrylic-Storage-Box-03.jpg 800w, https:\/\/customacrylicproduct.com\/wp-content\/uploads\/2025\/07\/Acrylic-Storage-Box-03-300x300.jpg 300w, https:\/\/customacrylicproduct.com\/wp-content\/uploads\/2025\/07\/Acrylic-Storage-Box-03-150x150.jpg 150w, https:\/\/customacrylicproduct.com\/wp-content\/uploads\/2025\/07\/Acrylic-Storage-Box-03-768x768.jpg 768w, https:\/\/customacrylicproduct.com\/wp-content\/uploads\/2025\/07\/Acrylic-Storage-Box-03-12x12.jpg 12w, https:\/\/customacrylicproduct.com\/wp-content\/uploads\/2025\/07\/Acrylic-Storage-Box-03-600x600.jpg 600w, https:\/\/customacrylicproduct.com\/wp-content\/uploads\/2025\/07\/Acrylic-Storage-Box-03-100x100.jpg 100w\" sizes=\"(max-width: 800px) 100vw, 800px\" \/><\/a><\/p>\n<h2 id=\"the-wholesale-modification-benefit-your-companion-in-success-\">O benef\u00edcio da venda por grosso e da modifica\u00e7\u00e3o: o seu companheiro de sucesso.<\/h2>\n<p>Reconhecemos que, para as nossas organiza\u00e7\u00f5es clientes, a consist\u00eancia, o valor e o posicionamento da marca s\u00e3o fundamentais. \u00c9 por isso que oferecemos um programa detalhado de venda por grosso desenvolvido para funcionar como uma verdadeira colabora\u00e7\u00e3o.<\/p>\n<p><strong>Pre\u00e7os por grosso e integridade:\u00a0<\/strong>Como seu parceiro de fabrico direto, oferecemos pre\u00e7os competitivos por grosso que permitem margens de retalho saud\u00e1veis. Os nossos processos estruturados de produ\u00e7\u00e3o e de garantia de qualidade garantem que cada dispositivo em cada remessa cumpre os mesmos requisitos exigentes de alta qualidade e uniformidade, remessa ap\u00f3s remessa.<\/p>\n<p><strong>O poder da modifica\u00e7\u00e3o total:\u00a0<\/strong>A sua marca \u00e9 \u00fanica e os seus ecr\u00e3s tamb\u00e9m o devem ser. As nossas capacidades de personaliza\u00e7\u00e3o permitem-lhe adaptar o nosso servi\u00e7o de caixas de armazenamento \u00e0s suas especifica\u00e7\u00f5es exactas. Para encomendas por grosso qualificadas, podemos fornecer:.<\/p>\n<ul>\n<li><strong>Dimens\u00f5es personalizadas:\u00a0<\/strong>Precisa de uma caixa mais alta, mais larga ou muito mais profunda para uma determinada linha de produtos? Podemos reequipar para desenvolver uma caixa de tamanho perfeito.<\/li>\n<li><strong>Combina\u00e7\u00e3o de log\u00f3tipo e marca:\u00a0<\/strong>Podemos gravar a laser o desenho do log\u00f3tipo da sua empresa ou as marcas da sua marca diretamente no acr\u00edlico para uma declara\u00e7\u00e3o de marca subtil, sofisticada e a longo prazo.<\/li>\n<li><strong>Op\u00e7\u00f5es de cores e materiais:\u00a0<\/strong>Embora a cor cristalina seja o nosso padr\u00e3o, podemos fabricar caixas numa sele\u00e7\u00e3o de cores - desde o preto ou branco elegante at\u00e9 aos tons vivos espec\u00edficos da marca - para corresponder perfeitamente \u00e0 sua est\u00e9tica.<\/li>\n<li><strong>Embalagem do produto \u00e0 medida:\u00a0<\/strong>Podemos trabalhar consigo para criar solu\u00e7\u00f5es de embalagem personalizadas para venda a retalho ou circula\u00e7\u00e3o.<\/li>\n<\/ul>\n<p>Entre em contacto com o nosso grupo grossista para discutir a sua tarefa. Estamos empenhados em trabalhar consigo para desenvolver uma solu\u00e7\u00e3o de exposi\u00e7\u00e3o personalizada que d\u00ea vida \u00e0 sua vis\u00e3o.<\/p>\n<h3 id=\"simple-and-easy-setting-up-immediate-effect-\">Configura\u00e7\u00e3o simples e f\u00e1cil, efeito imediato.<\/h3>\n<p>Em qualquer tipo de ambiente organizacional, tempo \u00e9 dinheiro. As nossas caixas de arruma\u00e7\u00e3o s\u00e3o concebidas para um desempenho \u00f3timo. Chegam aqui embaladas de forma plana para minimizar a \u00e1rea e os pre\u00e7os de envio, e podem ser montadas em minutos sem um \u00fanico dispositivo. O design intuitivo sugere que qualquer tipo de membro da equipa pode montar ou reconfigurar rapidamente os expositores, permitindo-lhe responder prontamente a novos invent\u00e1rios ou esfor\u00e7os de publicidade e marketing. \u00c9 a redu\u00e7\u00e3o da desordem e a otimiza\u00e7\u00e3o da \u00e1rea de forma simples, elegante e incrivelmente eficiente.<\/p>\n<p>Selecione a op\u00e7\u00e3o que protege, fornece e faz. Comprar o nosso\u00a0<strong>Caixas de espa\u00e7o de armazenamento acr\u00edlico personalizadas por atacado mais altas\u00a0<\/strong>e criar uma configura\u00e7\u00e3o de ecr\u00e3 t\u00e3o excecional como a sua marca.<\/p>","protected":false},"excerpt":{"rendered":"<p>Caixas de armazenamento em acr\u00edlico de qualidade superior para venda por grosso. Concebidas com acr\u00edlico transparente e dur\u00e1vel, um design empilh\u00e1vel inteligente e portas magn\u00e9ticas de f\u00e1cil acesso. A derradeira solu\u00e7\u00e3o personaliz\u00e1vel para exposi\u00e7\u00e3o, coleccion\u00e1veis e organiza\u00e7\u00e3o de retalho de alta qualidade.<\/p>","protected":false},"featured_media":440,"template":"","meta":{"_kad_post_transparent":"default","_kad_post_title":"","_kad_post_layout":"default","_kad_post_sidebar_id":"","_kad_post_content_style":"default","_kad_post_vertical_padding":"default","_kad_post_feature":"","_kad_post_feature_position":"","_kad_post_header":false,"_kad_post_footer":false,"_kad_post_classname":""},"product_brand":[],"product_cat":[17],"product_tag":[44,45],"class_list":{"0":"post-439","1":"product","2":"type-product","3":"status-publish","4":"has-post-thumbnail","6":"product_cat-custom-acrylic-boxes","7":"product_tag-acrylic-storage-boxes","8":"product_tag-customized-acrylic-boxes","10":"first","11":"instock","12":"shipping-taxable","13":"product-type-simple","14":"entry","15":"content-bg","16":"loop-entry"},"_links":{"self":[{"href":"https:\/\/customacrylicproduct.com\/pt\/wp-json\/wp\/v2\/product\/439","targetHints":{"allow":["GET"]}}],"collection":[{"href":"https:\/\/customacrylicproduct.com\/pt\/wp-json\/wp\/v2\/product"}],"about":[{"href":"https:\/\/customacrylicproduct.com\/pt\/wp-json\/wp\/v2\/types\/product"}],"wp:featuredmedia":[{"embeddable":true,"href":"https:\/\/customacrylicproduct.com\/pt\/wp-json\/wp\/v2\/media\/440"}],"wp:attachment":[{"href":"https:\/\/customacrylicproduct.com\/pt\/wp-json\/wp\/v2\/media?parent=439"}],"wp:term":[{"taxonomy":"product_brand","embeddable":true,"href":"https:\/\/customacrylicproduct.com\/pt\/wp-json\/wp\/v2\/product_brand?post=439"},{"taxonomy":"product_cat","embeddable":true,"href":"https:\/\/customacrylicproduct.com\/pt\/wp-json\/wp\/v2\/product_cat?post=439"},{"taxonomy":"product_tag","embeddable":true,"href":"https:\/\/customacrylicproduct.com\/pt\/wp-json\/wp\/v2\/product_tag?post=439"}],"curies":[{"name":"wp","href":"https:\/\/api.w.org\/{rel}","templated":true}]}}