{"id":467,"date":"2025-07-02T10:22:19","date_gmt":"2025-07-02T10:22:19","guid":{"rendered":"https:\/\/customacrylicproduct.com\/?post_type=product&#038;p=467"},"modified":"2025-07-03T02:18:01","modified_gmt":"2025-07-03T02:18:01","slug":"custom-acrylic-bluetooth-headset-display-stands-supplier","status":"publish","type":"product","link":"https:\/\/customacrylicproduct.com\/pt\/custom-acrylic-bluetooth-headset-display-stands-supplier\/","title":{"rendered":"Fornecedor de expositores acr\u00edlicos personalizados para auriculares Bluetooth"},"content":{"rendered":"<h3 id=\"-beyond-package-crafting-bespoke-acrylic-display-stands-to-make-your-bluetooth-headsets-memorable-\"><strong>Para al\u00e9m da embalagem: Criando expositores de acr\u00edlico personalizados para tornar os seus auscultadores Bluetooth memor\u00e1veis\u00a0<\/strong><\/h3>\n<p>No mundo saturado dos dispositivos electr\u00f3nicos dos clientes, um artigo de qualidade superior \u00e9 apenas metade da batalha. Os seus auscultadores Bluetooth podem ter uma integridade de \u00e1udio inigual\u00e1vel, um cancelamento de ru\u00eddo inovador e uma disposi\u00e7\u00e3o ergon\u00f3mica, mas numa prateleira de retalho cheia de produtos, arriscam-se a ser ignorados. O momento cr\u00edtico de decis\u00e3o para um cliente acontece normalmente nos segundos minorit\u00e1rios que passa a analisar um expositor. Como registar a sua aten\u00e7\u00e3o, comunicar um valor superior e dar-lhes as boas-vindas para se envolverem com a sua marca?<\/p>\n<p>A solu\u00e7\u00e3o n\u00e3o est\u00e1 simplesmente no artigo, mas na sua apresenta\u00e7\u00e3o. A <a href=\"https:\/\/customacrylicproduct.com\/pt\/factory-price-uv-printing-cosmetic-custom-acrylic-display\/\">suporte de ecr\u00e3 acr\u00edlico personalizado<\/a> \u00e9 mais do que um suporte; \u00e9 uma propriedade fundamental. \u00c9 o embaixador f\u00edsico da sua marca, um vendedor silencioso que trabalha incansavelmente para fazer com que o seu artigo passe de um produto a um objeto de desejo.<\/p>\n<p>Enquanto fornecedor de primeira linha e fornecedor especializado, estabelecemos parcerias com marcas de dispositivos electr\u00f3nicos engenhosos, vendedores internacionais e ag\u00eancias de publicidade inteligentes para criar servi\u00e7os de ecr\u00e3s \u00e0 medida. Compreendemos que um expositor de ecr\u00e3 \u00e9 um ponto de contacto cr\u00edtico na viagem do cliente - uma ferramenta eficaz concebida para impedir o tr\u00e1fego de p\u00e9 no website, apresentar alta qualidade e, por fim, impulsionar as vendas.<\/p>\n<p>Bem-vindo \u00e0 sua vis\u00e3o geral definitiva sobre a forma exacta como podemos trabalhar em conjunto para criar uma op\u00e7\u00e3o de ecr\u00e3 t\u00e3o \u00fanica e meticulosamente elaborada como os produtos que vende.<\/p>\n<figure id=\"attachment_468\" aria-describedby=\"caption-attachment-468\" style=\"width: 800px\" class=\"wp-caption aligncenter\"><a href=\"https:\/\/customacrylicproduct.com\/pt\/custom-acrylic-displays\/\"><img fetchpriority=\"high\" decoding=\"async\" class=\"wp-image-468 size-full\" src=\"https:\/\/customacrylicproduct.com\/wp-content\/uploads\/2025\/07\/Custom-Acrylic-Display-Stands-1.jpg\" alt=\"Expositores acr\u00edlicos personalizados\" width=\"800\" height=\"800\" srcset=\"https:\/\/customacrylicproduct.com\/wp-content\/uploads\/2025\/07\/Custom-Acrylic-Display-Stands-1.jpg 800w, https:\/\/customacrylicproduct.com\/wp-content\/uploads\/2025\/07\/Custom-Acrylic-Display-Stands-1-300x300.jpg 300w, https:\/\/customacrylicproduct.com\/wp-content\/uploads\/2025\/07\/Custom-Acrylic-Display-Stands-1-150x150.jpg 150w, https:\/\/customacrylicproduct.com\/wp-content\/uploads\/2025\/07\/Custom-Acrylic-Display-Stands-1-768x768.jpg 768w, https:\/\/customacrylicproduct.com\/wp-content\/uploads\/2025\/07\/Custom-Acrylic-Display-Stands-1-12x12.jpg 12w, https:\/\/customacrylicproduct.com\/wp-content\/uploads\/2025\/07\/Custom-Acrylic-Display-Stands-1-600x600.jpg 600w, https:\/\/customacrylicproduct.com\/wp-content\/uploads\/2025\/07\/Custom-Acrylic-Display-Stands-1-100x100.jpg 100w\" sizes=\"(max-width: 800px) 100vw, 800px\" \/><\/a><figcaption id=\"caption-attachment-468\" class=\"wp-caption-text\">Expositores acr\u00edlicos personalizados<\/figcaption><\/figure>\n<h3 id=\"-your-vision-our-know-how-the-power-of-unrestricted-modification-\"><strong>A sua vis\u00e3o, o nosso know-how: O poder da modifica\u00e7\u00e3o sem restri\u00e7\u00f5es\u00a0<\/strong>.<\/h3>\n<p>A nossa empresa acredita que a verdadeira coloca\u00e7\u00e3o do nome da marca s\u00f3 pode ser alcan\u00e7ada atrav\u00e9s de op\u00e7\u00f5es personalizadas. O m\u00e9todo \u201cone-size-fits-all\u201d n\u00e3o consegue captar a ess\u00eancia \u00fanica da sua marca e a linguagem de design espec\u00edfica dos seus produtos. A nossa garantia fundamental \u00e9 fornecer expositores de acr\u00edlico totalmente personalizados, dando-lhe um controlo inovador e absoluto sobre todas as informa\u00e7\u00f5es.<\/p>\n<p>O nosso procedimento de personaliza\u00e7\u00e3o conjunta permite-lhe definir:.<\/p>\n<ul>\n<li><strong>Design feito \u00e0 medida:\u00a0<\/strong>A sua imagina\u00e7\u00e3o criativa \u00e9 o \u00fanico limite. Quer necessite de um pedestal minimalista e elegante para um \u00fanico auricular emblem\u00e1tico ou de um ecr\u00e3 interativo din\u00e2mico com v\u00e1rias unidades para toda uma fam\u00edlia de artigos, as nossas equipas de estilo e engenharia podem concretizar a sua vis\u00e3o. Podemos trabalhar a partir dos seus ficheiros CAD espec\u00edficos ou criar uma ideia a partir de um simples esbo\u00e7o, tendo sempre em considera\u00e7\u00e3o factores cruciais como os \u00e2ngulos de verifica\u00e7\u00e3o, a seguran\u00e7a dos artigos, os designs funcionais do cliente e a praticabilidade na loja.<\/li>\n<li><strong>Personalizado Tamanho e capacidades:\u00a0<\/strong>Um excelente ajuste n\u00e3o \u00e9 negoci\u00e1vel. Um suporte mal ajustado tem um aspeto pouco profissional e pode mesmo n\u00e3o proteger corretamente o produto. Criamos cada suporte de acordo com as especifica\u00e7\u00f5es exactas dos designs dos seus auscultadores Bluetooth, garantindo uma discuss\u00e3o confort\u00e1vel, protegida e visualmente not\u00e1vel. Desde pequenos dispositivos de balc\u00e3o de cozinha concebidos para tirar o m\u00e1ximo partido do impacto do corredor de checkout a grandes e excelentes expositores de ch\u00e3o para lojas emblem\u00e1ticas, o ajuste ser\u00e1 perfeito sempre que.<\/li>\n<li><strong>Um espetro de estilos de cores personalizadas:\u00a0<\/strong>A cor \u00e9 um tipo de comunica\u00e7\u00e3o eficaz e instant\u00e2nea da marca. Fornecemos uma enorme combina\u00e7\u00e3o para corresponder totalmente \u00e0 identifica\u00e7\u00e3o da sua empresa. Selecione a partir de acr\u00edlico opticamente puro e cristalino para oferecer aos seus produtos um efeito \u201cflutuante\u201d; opte pelo preto ou branco cl\u00e1ssico para um requinte sem idade; ou escolha uma tonalidade forte e din\u00e2mica para comandar a aten\u00e7\u00e3o num espa\u00e7o de retalho agitado. Para as marcas que exigem uma uniformidade absoluta, podemos promover a correspond\u00eancia de cores Pantone em encomendas qualificadas.<\/li>\n<li><strong>Conce\u00e7\u00e3o integrada do log\u00f3tipo e da marca:\u00a0<\/strong>Transforme o seu expositor de um simples propriet\u00e1rio numa poderosa ferramenta de publicidade. Oferecemos v\u00e1rios m\u00e9todos de marca de alta fidelidade para incorporar o design do seu log\u00f3tipo e mensagens:.<\/li>\n<li><strong>Impress\u00e3o digital UV:\u00a0<\/strong>Para designs de log\u00f3tipos a cores vibrantes, imagens de produtos fotorrealistas e indica\u00e7\u00f5es t\u00e9cnicas completas. Esta abordagem proporciona uma durabilidade e um esplendor est\u00e9tico excepcionais.<\/li>\n<li><strong>Impress\u00e3o em serigrafia:\u00a0<\/strong>A excelente op\u00e7\u00e3o para log\u00f3tipos e textos n\u00edtidos e opacos em v\u00e1rias cores fortes. Proporciona uma superf\u00edcie robusta e especializada que \u00e9 altamente rent\u00e1vel para grandes s\u00e9ries de fabrico.<\/li>\n<li><strong>Grava\u00e7\u00e3o a laser:\u00a0<\/strong>Para um resultado de marca subtil, t\u00e1til e, sem d\u00favida, premium. Um log\u00f3tipo inscrito interage com o luxo e a perman\u00eancia, incluindo um toque inovador que os clientes podem ver e realmente sentir.<\/li>\n<\/ul>\n<h3 id=\"-more-than-a-stand-a-versatile-multifunctional-present-solution-\"><strong>Mais do que um suporte: Uma solu\u00e7\u00e3o de apresenta\u00e7\u00e3o vers\u00e1til e multifuncional\u00a0<\/strong>.<\/h3>\n<p>Criamos os nossos suportes de ecr\u00e3s para serem mais do que um simples objeto de pl\u00e1stico. Concebemo-los para serem solu\u00e7\u00f5es inteligentes e flex\u00edveis que acrescentam valor em v\u00e1rios contextos, desde o piso da loja at\u00e9 \u00e0 casa do utilizador final.<\/p>\n<ul>\n<li><strong>Adapta\u00e7\u00e3o universal e efic\u00e1cia da divis\u00e3o:\u00a0<\/strong>Embora cada suporte seja constru\u00eddo \u00e0 medida, a ideologia do design privilegia um desempenho inteligente. Os nossos suportes s\u00e3o concebidos para\u00a0<strong>adaptam-se a v\u00e1rios tamanhos e formas de auscultadores\u00a0<\/strong>, A gama de monitores de \u00e1udio \u00e9 composta por duas vers\u00f5es, uma sobre o ouvido e outra auricular, garantindo flexibilidade em toda a sua linha de produtos. Essencialmente, estes ecr\u00e3s foram concebidos para\u00a0<strong>ajudam-no a poupar espa\u00e7o precioso na secret\u00e1ria e nas estantes\u00a0<\/strong>. O seu impacto muito reduzido permite tirar o m\u00e1ximo partido da influ\u00eancia est\u00e9tica sem produzir confus\u00e3o, permitindo um merchandising mais limpo e muito mais eficiente.<\/li>\n<li><strong>Design elegante para qualquer ambiente:\u00a0<\/strong>Fabricados em acr\u00edlico de custos, os nossos suportes apresentam uma\u00a0<strong>layout elegante e moderno\u00a0<\/strong>. Esta est\u00e9tica \u00e9 intencionalmente vers\u00e1til. \u00c9 suficientemente profissional para ser uma pe\u00e7a central numa\u00a0<strong>centro de exposi\u00e7\u00f5es\u00a0<\/strong>ou um cub\u00edculo de exposi\u00e7\u00e3o, mas suficientemente elegante para poder ser considerado um belo objeto de\u00a0<strong>decora\u00e7\u00e3o de casa\u00a0<\/strong>. Este recurso de dupla finalidade inclui um valor visual consider\u00e1vel para o cliente final.<\/li>\n<li><strong>O propriet\u00e1rio inteligente e multifuncional:\u00a0<\/strong>Reconhecemos que os consumidores actuais possuem uma comunidade de ferramentas. \u00c9 por isso que os nossos layouts s\u00e3o tipicamente multifuncionais. Este suporte para auscultadores n\u00e3o \u00e9 apenas um local simples e pr\u00e1tico para os seus adorados auscultadores; pode tamb\u00e9m\u00a0<strong>servir de suporte para colocar um telem\u00f3vel, um rel\u00f3gio e outros aparelhos\u00a0<\/strong>. Isto transforma o ecr\u00e3 de um produto com uma \u00fanica finalidade num \u201carrumador tecnol\u00f3gico\u201d ou num organizador de secret\u00e1ria, uma fun\u00e7\u00e3o que tem grande impacto junto de um p\u00fablico com conhecimentos tecnol\u00f3gicos e proporciona um fator de envolvimento para que o cliente guarde o ecr\u00e3 muito depois da compra.<\/li>\n<li><strong>Port\u00e1til e pr\u00e1tico para um mundo din\u00e2mico:\u00a0<\/strong>Os nossos dispositivos para auscultadores s\u00e3o concebidos para serem\u00a0<strong>finos e leves, o que os torna muito f\u00e1ceis de transportar\u00a0<\/strong>. Esta \u00e9 uma grande vantagem para os seus grupos de marketing que gerem lojas pop-up, participam em feiras comerciais ou realizam promo\u00e7\u00f5es baseadas em eventos. A transportabilidade garante que o debate sobre a sua marca premium pode ser lan\u00e7ado de forma constante e f\u00e1cil, em qualquer lugar onde se encontre com os seus clientes.<\/li>\n<\/ul>\n<h3 id=\"-the-foundation-of-quality-premium-polymer-material-\"><strong>A base da qualidade: Material de pol\u00edmero de alta qualidade\u00a0<\/strong>.<\/h3>\n<p>A qualidade superior de um <a href=\"https:\/\/customacrylicproduct.com\/pt\/factory-price-uv-printing-cosmetic-custom-acrylic-display\/\">suporte para ecr\u00e3<\/a> come\u00e7a com a elevada qualidade dos seus produtos. Constru\u00edmos todos os nossos produtos a partir de acr\u00edlico de alta qualidade e superior, conhecido comercialmente por nomes como\u00a0<strong>Perspex, Plexiglass, PMMA ou Lucite\u00a0<\/strong>. Este produto \u00e9 a sele\u00e7\u00e3o indiscut\u00edvel para aplica\u00e7\u00f5es de retalho de qualidade superior devido \u00e0 sua combina\u00e7\u00e3o distinta de casas:.<\/p>\n<ul>\n<li><strong>Nitidez \u00f3tica incompar\u00e1vel:\u00a0<\/strong>Com uma transmiss\u00e3o de luz superior a 92%, o pol\u00edmero premium \u00e9 mais claro do que o vidro convencional, garantindo que o estilo e a informa\u00e7\u00e3o do seu produto s\u00e3o vistos sem distor\u00e7\u00e3o ou matiz.<\/li>\n<li><strong>Longevidade not\u00e1vel:\u00a0<\/strong>Apesar de possuir o apelo do vidro, o acr\u00edlico \u00e9 muito mais resistente ao impacto e \u00e0 prova de estilha\u00e7os, o que o torna uma op\u00e7\u00e3o mais segura e muito mais fi\u00e1vel para os locais p\u00fablicos de venda a retalho.<\/li>\n<li><strong>Est\u00e9tica elegante e moderna:\u00a0<\/strong>As linhas bem definidas e a superf\u00edcie impec\u00e1vel do acr\u00edlico projectam uma imagem moderna, sofisticada e especializada que aumenta o valor visual dos dispositivos electr\u00f3nicos que apresenta.<\/li>\n<li><strong>Constru\u00e7\u00e3o ligeira:\u00a0<\/strong>O pol\u00edmero tem cerca de metade do peso do vidro, o que se traduz em pre\u00e7os de transporte mais baixos e numa maior facilidade de manuseamento para a equipa de retalho.<\/li>\n<\/ul>\n<figure id=\"attachment_469\" aria-describedby=\"caption-attachment-469\" style=\"width: 800px\" class=\"wp-caption aligncenter\"><a href=\"https:\/\/customacrylicproduct.com\/pt\/best-quality-wholesale-customized-acrylic-storage-boxes\/\"><img decoding=\"async\" class=\"wp-image-469 size-full\" src=\"https:\/\/customacrylicproduct.com\/wp-content\/uploads\/2025\/07\/Custom-Acrylic-Display-Stands-2.jpg\" alt=\"Expositores acr\u00edlicos personalizados\" width=\"800\" height=\"800\" srcset=\"https:\/\/customacrylicproduct.com\/wp-content\/uploads\/2025\/07\/Custom-Acrylic-Display-Stands-2.jpg 800w, https:\/\/customacrylicproduct.com\/wp-content\/uploads\/2025\/07\/Custom-Acrylic-Display-Stands-2-300x300.jpg 300w, https:\/\/customacrylicproduct.com\/wp-content\/uploads\/2025\/07\/Custom-Acrylic-Display-Stands-2-150x150.jpg 150w, https:\/\/customacrylicproduct.com\/wp-content\/uploads\/2025\/07\/Custom-Acrylic-Display-Stands-2-768x768.jpg 768w, https:\/\/customacrylicproduct.com\/wp-content\/uploads\/2025\/07\/Custom-Acrylic-Display-Stands-2-12x12.jpg 12w, https:\/\/customacrylicproduct.com\/wp-content\/uploads\/2025\/07\/Custom-Acrylic-Display-Stands-2-600x600.jpg 600w, https:\/\/customacrylicproduct.com\/wp-content\/uploads\/2025\/07\/Custom-Acrylic-Display-Stands-2-100x100.jpg 100w\" sizes=\"(max-width: 800px) 100vw, 800px\" \/><\/a><figcaption id=\"caption-attachment-469\" class=\"wp-caption-text\">Expositores acr\u00edlicos personalizados<\/figcaption><\/figure>\n<h3 id=\"-a-collaboration-improved-quality-and-speed-our-b2b-refine-\"><strong>Uma colabora\u00e7\u00e3o que melhora a qualidade e a rapidez: O nosso B2B Refine\u00a0<\/strong>.<\/h3>\n<p>Simplific\u00e1mos todo o nosso fluxo de trabalho para sermos transparentes, eficazes e centrados no cliente. Reconhecemos que no movimentado sector da eletr\u00f3nica, a taxa e a fiabilidade n\u00e3o s\u00e3o negoci\u00e1veis.<\/p>\n<h4 id=\"-action-1-inquiry-and-our-quick-quote-warranty-\"><strong>A\u00e7\u00e3o 1: Inqu\u00e9rito e a nossa garantia de or\u00e7amento r\u00e1pido\u00a0<\/strong>.<\/h4>\n<p>A sua viagem come\u00e7a com a sua consulta. Indique-nos os seus princ\u00edpios de layout, dimens\u00f5es, requisitos de quantidade e diretrizes de marca, e a nossa equipa entrar\u00e1 em a\u00e7\u00e3o. Apreciamos o seu tempo e garantimos um or\u00e7amento completo e claro\u00a0<strong>num prazo de 1-8 horas\u00a0<\/strong>.<\/p>\n<h4 id=\"-step-2-validation-with-our-fast-example-program-\"><strong>Passo 2: Valida\u00e7\u00e3o com o nosso programa de exemplo r\u00e1pido\u00a0<\/strong>.<\/h4>\n<p>Queremos que esteja 100% confiante antes de se comprometer com uma produ\u00e7\u00e3o completa. \u00c9 por isso que fornecemos uma\u00a0<strong>exemplo de programa de acessibilidade\u00a0<\/strong>. Um prot\u00f3tipo f\u00edsico permite-lhe testar o ajuste, avaliar a alta qualidade e proteger a autoriza\u00e7\u00e3o das partes interessadas internas. A nossa dedica\u00e7\u00e3o \u00e0 rapidez \u00e9 inabal\u00e1vel:\u00a0<strong>o desenvolvimento da amostra demora cerca de 3-5 dias \u00fateis\u00a0<\/strong>. Com prazos de entrega t\u00edpicos de uma semana para a maioria dos locais, pode ter um prot\u00f3tipo f\u00edsico nas suas m\u00e3os com uma rapidez surpreendente.<\/p>\n<h4 id=\"-step-3-available-manufacturing-with-flexible-moqs-\"><strong>Etapa 3: Fabrico dispon\u00edvel com MOQs flex\u00edveis\u00a0<\/strong>.<\/h4>\n<p>Uma vez aceite o exemplo, passamos \u00e0 produ\u00e7\u00e3o total. Para sustentar empresas de todas as dimens\u00f5es, desde as que est\u00e3o a surgir at\u00e9 aos l\u00edderes de mercado estabelecidos, a nossa\u00a0<strong>a quantidade m\u00ednima de encomenda (MOQ) come\u00e7a simplesmente em 100 artigos\u00a0<\/strong>. Este fator de entrada dispon\u00edvel torna as solu\u00e7\u00f5es realmente personalizadas uma realidade para lan\u00e7amentos de produtos espec\u00edficos, edi\u00e7\u00f5es m\u00ednimas ou projectos de publicidade e marketing espec\u00edficos de eventos.<\/p>\n<h3 id=\"-your-global-companion-worldwide-shipping-and-logistics-\"><strong>O seu companheiro global: Expedi\u00e7\u00e3o e log\u00edstica a n\u00edvel mundial\u00a0<\/strong>.<\/h3>\n<p>A nossa clientela \u00e9 global, tal como a nossa capacidade funcional. Oferecemos servi\u00e7os fi\u00e1veis e rent\u00e1veis\u00a0<strong>solu\u00e7\u00f5es de expedi\u00e7\u00e3o a n\u00edvel mundial\u00a0<\/strong>, A nossa empresa est\u00e1 empenhada em garantir que os seus suportes de ecr\u00e3 personalizados chegam em seguran\u00e7a e atempadamente, independentemente da localiza\u00e7\u00e3o dos seus mercados. Utilizamos uma rede de transportadoras de confian\u00e7a para lhe fornecer alternativas vers\u00e1teis:.<\/p>\n<ul>\n<li><strong>Por mar:\u00a0<\/strong>Para o transporte mais econ\u00f3mico de encomendas grandes e n\u00e3o urgentes.<\/li>\n<li><strong>Por via a\u00e9rea:\u00a0<\/strong>Para uma op\u00e7\u00e3o muito mais r\u00e1pida que equilibra a taxa e a despesa.<\/li>\n<li><strong>Por correio expresso (DHL, FedEx, etc.):\u00a0<\/strong>Para a entrega mais r\u00e1pida de exemplos e encomendas urgentes.<\/li>\n<\/ul>\n<h3 id=\"-why-pick-us-your-success-is-our-criteria-\"><strong>Porqu\u00ea escolher-nos? O seu sucesso \u00e9 o nosso crit\u00e9rio.\u00a0<\/strong>.<\/h3>\n<ul>\n<li><strong>Versatilidade sem igual:\u00a0<\/strong>N\u00e3o nos limitamos a fornecer stands; fornecemos solu\u00e7\u00f5es de exposi\u00e7\u00e3o multifuncionais que incluem valor em todas as fases.<\/li>\n<li><strong>Compromisso com a qualidade:\u00a0<\/strong>Desde os custos em acr\u00edlico at\u00e9 \u00e0 engenharia de precis\u00e3o, a nossa concentra\u00e7\u00e3o na alta qualidade \u00e9 evidente.<\/li>\n<li><strong>Valor direto da f\u00e1brica:\u00a0<\/strong>Como fornecedor, oferecemos pre\u00e7os competitivos, eliminando intermedi\u00e1rios desnecess\u00e1rios.<\/li>\n<li><strong>Rapidez e integridade:\u00a0<\/strong>A nossa r\u00e1pida estimativa de pre\u00e7os, o r\u00e1pido fabrico de exemplos e a log\u00edstica fi\u00e1vel mant\u00eam os seus projectos dentro do prazo.<\/li>\n<li><strong>Uma verdadeira colabora\u00e7\u00e3o:\u00a0<\/strong>Somos profissionais qualificados, dedicados a produzir um ecr\u00e3 que melhora a sua marca e aumenta os seus resultados.<\/li>\n<\/ul>\n<h3 id=\"-ready-to-raise-your-brand-name-allow-s-start-\"><strong>Pronto para aumentar o nome da sua marca? Vamos come\u00e7ar.\u00a0<\/strong>.<\/h3>\n<p>Os seus auscultadores Bluetooth representam o auge da inova\u00e7\u00e3o e do layout \u00e1udio. Est\u00e1 na altura de a sua visibilidade no retalho corresponder a esse crit\u00e9rio de qualidade.<\/p>\n<p>Contacte a nossa equipa hoje para iniciar a discuss\u00e3o. Vamos desenvolver um projeto impressionante <a href=\"https:\/\/customacrylicproduct.com\/pt\/factory-price-uv-printing-cosmetic-custom-acrylic-display\/\">expositor acr\u00edlico personalizado<\/a> que deixa os clientes sem sa\u00edda e transforma um interesse passageiro numa venda validada.<\/p>\n<p><strong>Pe\u00e7a j\u00e1 o seu or\u00e7amento gratuito e sem compromisso e receba uma proposta detalhada no prazo de 1 a 8 horas.\u00a0<\/strong>.<\/p>","protected":false},"excerpt":{"rendered":"<p>Eleve a sua marca com os nossos suportes para auscultadores em acr\u00edlico de qualidade superior. Oferecemos designs personalizados OEM\/ODM completos com o seu log\u00f3tipo para um impacto impressionante no retalho. Como seu fornecedor direto de f\u00e1brica, garantimos uma qualidade superior e pre\u00e7os competitivos. Obtenha um or\u00e7amento para a sua solu\u00e7\u00e3o de exposi\u00e7\u00e3o personalizada hoje mesmo.<\/p>","protected":false},"featured_media":468,"template":"","meta":{"_kad_post_transparent":"default","_kad_post_title":"","_kad_post_layout":"default","_kad_post_sidebar_id":"","_kad_post_content_style":"default","_kad_post_vertical_padding":"default","_kad_post_feature":"","_kad_post_feature_position":"","_kad_post_header":false,"_kad_post_footer":false,"_kad_post_classname":""},"product_brand":[],"product_cat":[15],"product_tag":[47,33,46],"class_list":{"0":"post-467","1":"product","2":"type-product","3":"status-publish","4":"has-post-thumbnail","6":"product_cat-custom-acrylic-displays","7":"product_tag-acrylic-bluetooth-headset-display-stands","8":"product_tag-custom-acrylic-display","9":"product_tag-custom-acrylic-display-stands","11":"first","12":"instock","13":"shipping-taxable","14":"product-type-simple","15":"entry","16":"content-bg","17":"loop-entry"},"_links":{"self":[{"href":"https:\/\/customacrylicproduct.com\/pt\/wp-json\/wp\/v2\/product\/467","targetHints":{"allow":["GET"]}}],"collection":[{"href":"https:\/\/customacrylicproduct.com\/pt\/wp-json\/wp\/v2\/product"}],"about":[{"href":"https:\/\/customacrylicproduct.com\/pt\/wp-json\/wp\/v2\/types\/product"}],"wp:featuredmedia":[{"embeddable":true,"href":"https:\/\/customacrylicproduct.com\/pt\/wp-json\/wp\/v2\/media\/468"}],"wp:attachment":[{"href":"https:\/\/customacrylicproduct.com\/pt\/wp-json\/wp\/v2\/media?parent=467"}],"wp:term":[{"taxonomy":"product_brand","embeddable":true,"href":"https:\/\/customacrylicproduct.com\/pt\/wp-json\/wp\/v2\/product_brand?post=467"},{"taxonomy":"product_cat","embeddable":true,"href":"https:\/\/customacrylicproduct.com\/pt\/wp-json\/wp\/v2\/product_cat?post=467"},{"taxonomy":"product_tag","embeddable":true,"href":"https:\/\/customacrylicproduct.com\/pt\/wp-json\/wp\/v2\/product_tag?post=467"}],"curies":[{"name":"wp","href":"https:\/\/api.w.org\/{rel}","templated":true}]}}