{"id":473,"date":"2025-07-03T02:26:55","date_gmt":"2025-07-03T02:26:55","guid":{"rendered":"https:\/\/customacrylicproduct.com\/?post_type=product&#038;p=473"},"modified":"2025-07-03T03:02:44","modified_gmt":"2025-07-03T03:02:44","slug":"manufacture-custom-logo-acrylic-watch-display-stands","status":"publish","type":"product","link":"https:\/\/customacrylicproduct.com\/pt\/manufacture-custom-logo-acrylic-watch-display-stands\/","title":{"rendered":"Fabrico de expositores acr\u00edlicos para rel\u00f3gios com log\u00f3tipo personalizado"},"content":{"rendered":"<h2 id=\"the-art-of-discussion-boost-your-watches-with-our-custom-made-logo-acrylic-watch-present-stands\">A arte da discuss\u00e3o: Melhore os seus rel\u00f3gios com os nossos suportes de acr\u00edlico para rel\u00f3gios com log\u00f3tipo personalizado<\/h2>\n<p>Em todo o mundo da relojoaria, um rel\u00f3gio nunca \u00e9 apenas um dispositivo para ver as horas. \u00c9 uma declara\u00e7\u00e3o de design individual, uma maravilha do design, uma pe\u00e7a de arte us\u00e1vel e, tipicamente, uma heran\u00e7a querida passada atrav\u00e9s de gera\u00e7\u00f5es. Cada equipamento, cada \u00e1rea de superf\u00edcie polida e cada tique-taque deliberado do rel\u00f3gio anteriormente adquirido conta uma hist\u00f3ria de precis\u00e3o, entusiasmo e patrim\u00f3nio. Ent\u00e3o, por que raz\u00e3o permitiria que uma obra-prima como esta fosse apresentada em algo menos do que um expositor merecedor da sua estatura?<\/p>\n<p>Na paisagem din\u00e2mica e acess\u00edvel do com\u00e9rcio contempor\u00e2neo, ou mesmo no abrigo tranquilo de uma cole\u00e7\u00e3o exclusiva, a discuss\u00e3o \u00e9 tudo. Um grande rel\u00f3gio \u00e9 digno de mais do que ser simplesmente colocado numa caixa ou guardado numa caixa. \u00c9 necess\u00e1rio que seja apresentado, celebrado e admirado de todos os \u00e2ngulos. \u00c9 esta a filosofia que nos move. Como profissionais do mercado no que diz respeito a suportes de acr\u00edlico para ecr\u00e3s de rel\u00f3gios, compreendemos que o palco \u00e9 t\u00e3o vital como a celebridade. N\u00e3o nos limitamos a desenvolver propriet\u00e1rios; criamos experi\u00eancias.<\/p>\n<p>Bem-vindo \u00e0 solu\u00e7\u00e3o definitiva para a discuss\u00e3o de rel\u00f3gios: os nossos suportes acr\u00edlicos para ecr\u00e3s de rel\u00f3gios, feitos \u00e0 medida e totalmente personalizados. \u00c9 aqui que a identifica\u00e7\u00e3o da sua marca se junta \u00e0 nossa qualidade de fabrico para produzir uma declara\u00e7\u00e3o visual que cativa, envolve e converte.<\/p>\n<h3 id=\"the-challenge-of-the-modern-industry-cutting-through-the-noise\">O desafio da ind\u00fastria moderna: Cortar o ru\u00eddo<\/h3>\n<p>Imagine um ambiente de retalho de luxo. \u00c9 uma harmonia de est\u00edmulos - j\u00f3ias de moda reluzentes, ecr\u00e3s din\u00e2micos, marcas completas e o fluxo cont\u00ednuo de clientes. H\u00e1 muitos outros artigos e ru\u00eddos que competem pela aten\u00e7\u00e3o do cliente. Neste mar de mesmice, como \u00e9 que a sua marca de rel\u00f3gios \u00e9 descoberta? Exatamente como \u00e9 que se p\u00e1ra um potencial cliente no seu caminho e o atrai para o mundo detalhado dos seus rel\u00f3gios? Um ecr\u00e3 normal, pronto a usar, n\u00e3o \u00e9 suficiente. \u00c9 um sussurro numa luta de gritos.<\/p>\n<p>Deseja captur\u00e1-los e transform\u00e1-los em compradores. Para isso, \u00e9 necess\u00e1rio um ecr\u00e3 que fa\u00e7a mais do que simplesmente segurar um rel\u00f3gio. Precisa de um representante de vendas silencioso, um embaixador da marca e um autor, tudo num s\u00f3. O nosso grupo ir\u00e1 certamente ajud\u00e1-lo a atingir este objetivo. Os ecr\u00e3s personalizados s\u00e3o necess\u00e1rios se desejar que a sua marca de rel\u00f3gios se destaque absolutamente, comunique a sua sugest\u00e3o de valor especial e crie uma liga\u00e7\u00e3o memor\u00e1vel com o cliente.<\/p>\n<p><a href=\"https:\/\/customacrylicproduct.com\/pt\/custom-acrylic-displays\/\"><img fetchpriority=\"high\" decoding=\"async\" class=\"aligncenter wp-image-475 size-full\" src=\"https:\/\/customacrylicproduct.com\/wp-content\/uploads\/2025\/07\/Custom-Acrylic-Watch-Display-2.jpg\" alt=\"Expositor acr\u00edlico personalizado para rel\u00f3gios\" width=\"800\" height=\"800\" srcset=\"https:\/\/customacrylicproduct.com\/wp-content\/uploads\/2025\/07\/Custom-Acrylic-Watch-Display-2.jpg 800w, https:\/\/customacrylicproduct.com\/wp-content\/uploads\/2025\/07\/Custom-Acrylic-Watch-Display-2-300x300.jpg 300w, https:\/\/customacrylicproduct.com\/wp-content\/uploads\/2025\/07\/Custom-Acrylic-Watch-Display-2-150x150.jpg 150w, https:\/\/customacrylicproduct.com\/wp-content\/uploads\/2025\/07\/Custom-Acrylic-Watch-Display-2-768x768.jpg 768w, https:\/\/customacrylicproduct.com\/wp-content\/uploads\/2025\/07\/Custom-Acrylic-Watch-Display-2-12x12.jpg 12w, https:\/\/customacrylicproduct.com\/wp-content\/uploads\/2025\/07\/Custom-Acrylic-Watch-Display-2-600x600.jpg 600w, https:\/\/customacrylicproduct.com\/wp-content\/uploads\/2025\/07\/Custom-Acrylic-Watch-Display-2-100x100.jpg 100w\" sizes=\"(max-width: 800px) 100vw, 800px\" \/><\/a><\/p>\n<h3 id=\"the-polymer-advantage-clearness-durability-and-unmatched-sophistication\">A vantagem do pol\u00edmero: Transpar\u00eancia, durabilidade e sofistica\u00e7\u00e3o inigual\u00e1veis<\/h3>\n<p>O nosso material de op\u00e7\u00e3o \u00e9 o acr\u00edlico de qualidade superior, e por um grande fator. \u00c9 a tela ideal para construir a discuss\u00e3o da sua marca. Utilizamos material de primeira qualidade\u00a0<strong>produtos acr\u00edlicos para fabricar este suporte, que \u00e9 suficientemente isento de riscos para que possa utiliz\u00e1-lo com confian\u00e7a.\u00a0<\/strong>Este compromisso com um produto de alta qualidade traduz-se diretamente numa s\u00e9rie de vantagens que tornam os nossos stands excepcionais.<\/p>\n<p><strong>1. Clareza cristalina:\u00a0<\/strong>O acr\u00edlico de \u00faltima gera\u00e7\u00e3o oferece uma nitidez \u00f3tica que equivale a um dos cristais mais caros. Ao contr\u00e1rio do vidro, tem uma luminesc\u00eancia totalmente natural que n\u00e3o produz uma tonalidade alterada ou amiga do ambiente, assegurando que as tonalidades verdadeiras e os detalhes elaborados do mostrador, da inst\u00e2ncia e da bracelete do seu rel\u00f3gio existem com total integridade. A transpar\u00eancia do nosso\u00a0<strong>suportes transparentes para rel\u00f3gios\u00a0<\/strong>permite que o rel\u00f3gio flutue relativamente, desenvolvendo uma sensa\u00e7\u00e3o de preciosidade e concentra\u00e7\u00e3o que atrai imediatamente o olhar. O suporte torna-se uma moldura requintada e sofisticada, sem nunca se sobrepor \u00e0 arte que \u00e9 feita para mostrar.<\/p>\n<p><strong>2. Seguran\u00e7a e resili\u00eancia superiores:\u00a0<\/strong>Em qualquer tipo de ambiente p\u00fablico, a seguran\u00e7a \u00e9 extremamente importante. A pr\u00f3pria natureza dos objectos\u00a0<strong>feito de acr\u00edlico, pode utilizar este suporte para ecr\u00e3 de rel\u00f3gio de forma mais segura e conveniente\u00a0<\/strong>do que os fabricados em vidro. O acr\u00edlico \u00e9 consideravelmente mais resistente ao impacto do que o vidro, diminuindo drasticamente o perigo de ru\u00edna e de poss\u00edveis ferimentos num estabelecimento comercial movimentado ou durante o transporte. Esta natureza robusta garante que o seu investimento financeiro num expositor de alta qualidade seja duradouro, resistente a fracturas, lascas e \u00e0 aspereza da utiliza\u00e7\u00e3o di\u00e1ria. Esta \u00e9 a\u00a0<strong>usufruir da base de coordena\u00e7\u00e3o\u00a0<\/strong>que proporciona charme e conforto.<\/p>\n<p><strong>3. Leve e m\u00f3vel:\u00a0<\/strong>Apesar da sua resist\u00eancia, o acr\u00edlico \u00e9 extremamente leve. Este facto torna o nosso\u00a0<strong>suporte atual para rel\u00f3gio\u00a0<\/strong>incrivelmente flex\u00edvel. Com a sua\u00a0<strong>leve e de dimens\u00f5es corretas, sem complica\u00e7\u00f5es para que possa ser utilizado em qualquer tipo de \u00e1rea que necessite\u00a0<\/strong>, A instala\u00e7\u00e3o de ecr\u00e3s para uma feira comercial, uma loja pop-up ou um evento \u00fanico na loja acaba por ser f\u00e1cil. Pode reconfigurar facilmente os seus ecr\u00e3s, adaptando-os a novas colec\u00e7\u00f5es ou campanhas de marketing sem o inc\u00f3modo log\u00edstico associado a materiais mais pesados e muito mais vulner\u00e1veis. N\u00e3o se trata apenas de componentes fixos; s\u00e3o dispositivos publicit\u00e1rios vibrantes.<\/p>\n<p><a href=\"https:\/\/customacrylicproduct.com\/pt\/custom-acrylic-displays\/\"><img decoding=\"async\" class=\"aligncenter wp-image-474 size-full\" src=\"https:\/\/customacrylicproduct.com\/wp-content\/uploads\/2025\/07\/Custom-Acrylic-Watch-Display-1.jpg\" alt=\"Expositor acr\u00edlico personalizado para rel\u00f3gios\" width=\"800\" height=\"800\" srcset=\"https:\/\/customacrylicproduct.com\/wp-content\/uploads\/2025\/07\/Custom-Acrylic-Watch-Display-1.jpg 800w, https:\/\/customacrylicproduct.com\/wp-content\/uploads\/2025\/07\/Custom-Acrylic-Watch-Display-1-300x300.jpg 300w, https:\/\/customacrylicproduct.com\/wp-content\/uploads\/2025\/07\/Custom-Acrylic-Watch-Display-1-150x150.jpg 150w, https:\/\/customacrylicproduct.com\/wp-content\/uploads\/2025\/07\/Custom-Acrylic-Watch-Display-1-768x768.jpg 768w, https:\/\/customacrylicproduct.com\/wp-content\/uploads\/2025\/07\/Custom-Acrylic-Watch-Display-1-12x12.jpg 12w, https:\/\/customacrylicproduct.com\/wp-content\/uploads\/2025\/07\/Custom-Acrylic-Watch-Display-1-600x600.jpg 600w, https:\/\/customacrylicproduct.com\/wp-content\/uploads\/2025\/07\/Custom-Acrylic-Watch-Display-1-100x100.jpg 100w\" sizes=\"(max-width: 800px) 100vw, 800px\" \/><\/a><\/p>\n<h3 id=\"the-power-of-real-customization-your-vision-brought-to-life\">O poder da verdadeira personaliza\u00e7\u00e3o: A sua vis\u00e3o, trazida \u00e0 vida<\/h3>\n<p>\u00c9 aqui que nos distinguimos como l\u00edderes ineg\u00e1veis do sector. A nossa equipa acredita que um expositor de ecr\u00e3 deve ser uma extens\u00e3o do ADN da sua marca. \u00c9 por isso que n\u00e3o oferecemos uma solu\u00e7\u00e3o \u00fanica para todos. Em vez disso, proporcionamos uma viagem de colabora\u00e7\u00e3o.\u00a0<strong>Adaptamos o seu expositor acr\u00edlico para mostradores de rel\u00f3gios de acordo com os seus desejos,\u00a0<\/strong>garantindo que o produto final reflecte perfeitamente a sua vis\u00e3o e os seus valores.<\/p>\n<p>As suas alternativas de modifica\u00e7\u00e3o s\u00e3o praticamente ilimitadas:<\/p>\n<ul>\n<li><strong>Marque a sua identidade com um log\u00f3tipo:\u00a0<\/strong>O seu log\u00f3tipo \u00e9 a sua assinatura. N\u00f3s podemos, de forma competente e completa\u00a0<strong>marcar o seu ecr\u00e3 com um desenho de log\u00f3tipo\u00a0<\/strong>utilizando uma s\u00e9rie de estrat\u00e9gias sofisticadas, que consistem na inscri\u00e7\u00e3o a laser de precis\u00e3o, na impress\u00e3o a cores viva e at\u00e9 em texto sofisticado elevado em 3D. Isto transforma o stand de um propriet\u00e1rio b\u00e1sico numa ferramenta de marca eficaz, refor\u00e7ando a recorda\u00e7\u00e3o do nome da marca e irradiando um ar de exclusividade e experi\u00eancia.<\/li>\n<li><strong>Incorporar tecnologia moderna e interactiva:\u00a0<\/strong>Na atual era digital, os ecr\u00e3s est\u00e1ticos est\u00e3o a tornar-se uma coisa do passado. Podemos levar a sua discuss\u00e3o at\u00e9 ao s\u00e9culo XXI. Imagine um consumidor a aproximar-se do seu ecr\u00e3. N\u00f3s podemos\u00a0<strong>inserir ecr\u00e3s t\u00e1cteis\u00a0<\/strong>diretamente na base de acr\u00edlico, permitindo-lhes interagir consigo. Podem explorar as especifica\u00e7\u00f5es completas do rel\u00f3gio, ver v\u00e1rias combina\u00e7\u00f5es de braceletes, ver a hist\u00f3ria da sua marca a desenrolar-se ou talvez inscrever-se numa newsletter eletr\u00f3nica. Isto transforma a observa\u00e7\u00e3o passiva em envolvimento ativo, aumentando drasticamente o tempo de perman\u00eancia e a taxa de interesse do cliente.<\/li>\n<li><strong>Narra\u00e7\u00e3o visual din\u00e2mica:\u00a0<\/strong>Pretende real\u00e7ar a resist\u00eancia \u00e0 \u00e1gua do seu novo rel\u00f3gio de mergulho ou a atividade complexa do seu cron\u00f3grafo autom\u00e1tico? N\u00f3s podemos\u00a0<strong>colocar pequenos ecr\u00e3s de v\u00eddeo\u00a0<\/strong>que mostram as carater\u00edsticas especiais dos seus rel\u00f3gios numa lacuna emocionante. Mostre o seu trabalho artesanal com imagens de v\u00eddeo de produ\u00e7\u00e3o por detr\u00e1s da cortina, partilhe testemunhos radiantes, ou exiba informa\u00e7\u00f5es sobre pre\u00e7os e quaisquer outras informa\u00e7\u00f5es que gostaria de partilhar. Este aspeto vibrante \u00e9 um \u00edman para a aten\u00e7\u00e3o, contando uma hist\u00f3ria abundante que um simples cartaz nunca poderia contar.<\/li>\n<li><strong>Tu \u00e9s o criador da forma e da fun\u00e7\u00e3o:\u00a0<\/strong>O nome da sua marca tem um visual \u00fanico e o seu ecr\u00e3 tem de o reconhecer.\u00a0<strong>Pode igualmente escolher a tonalidade, a forma e o tamanho do seu suporte.\u00a0<\/strong>Imagina um suporte elegante e minimalista em forma de C em preto azeviche para a sua cole\u00e7\u00e3o moderna e progressiva? Ou possivelmente uma s\u00e9rie de plataformas transparentes de v\u00e1rios n\u00edveis para expor uma fam\u00edlia completa de rel\u00f3gios? Desde a curvatura exacta do propriet\u00e1rio do rel\u00f3gio at\u00e9 \u00e0s dimens\u00f5es da base, todos os aspectos est\u00e3o sob o seu controlo. Podemos criar um \u00fanico\u00a0<strong>suportes acr\u00edlicos para rel\u00f3gios\u00a0<\/strong>para obras de arte individuais ou grandes\u00a0<strong>ver o propriet\u00e1rio do espa\u00e7o de armazenamento no ecr\u00e3\u00a0<\/strong>sistemas para colec\u00e7\u00f5es inteiras.<\/li>\n<\/ul>\n<p><a href=\"https:\/\/customacrylicproduct.com\/pt\/custom-acrylic-displays\/\"><img decoding=\"async\" class=\"aligncenter wp-image-476 size-full\" src=\"https:\/\/customacrylicproduct.com\/wp-content\/uploads\/2025\/07\/Custom-Acrylic-Watch-Display-3.jpg\" alt=\"Expositor acr\u00edlico personalizado para rel\u00f3gios\" width=\"800\" height=\"800\" srcset=\"https:\/\/customacrylicproduct.com\/wp-content\/uploads\/2025\/07\/Custom-Acrylic-Watch-Display-3.jpg 800w, https:\/\/customacrylicproduct.com\/wp-content\/uploads\/2025\/07\/Custom-Acrylic-Watch-Display-3-300x300.jpg 300w, https:\/\/customacrylicproduct.com\/wp-content\/uploads\/2025\/07\/Custom-Acrylic-Watch-Display-3-150x150.jpg 150w, https:\/\/customacrylicproduct.com\/wp-content\/uploads\/2025\/07\/Custom-Acrylic-Watch-Display-3-768x768.jpg 768w, https:\/\/customacrylicproduct.com\/wp-content\/uploads\/2025\/07\/Custom-Acrylic-Watch-Display-3-12x12.jpg 12w, https:\/\/customacrylicproduct.com\/wp-content\/uploads\/2025\/07\/Custom-Acrylic-Watch-Display-3-600x600.jpg 600w, https:\/\/customacrylicproduct.com\/wp-content\/uploads\/2025\/07\/Custom-Acrylic-Watch-Display-3-100x100.jpg 100w\" sizes=\"(max-width: 800px) 100vw, 800px\" \/><\/a><\/p>\n<p><strong>Pode ter a certeza de que lhe daremos especificamente aquilo de que necessita.\u00a0<\/strong>O nosso objetivo \u00e9 transformar o significado da sua marca num tipo f\u00edsico que regule a aten\u00e7\u00e3o e o respeito.<\/p>\n<h3 id=\"our-collaborative-style-process-a-collaboration-in-excellence\">O nosso processo de estilo colaborativo: Uma Colabora\u00e7\u00e3o em Excel\u00eancia<\/h3>\n<p>A nossa equipa acredita que produzir o ecr\u00e3 ideal \u00e9 uma colabora\u00e7\u00e3o. O nosso procedimento foi criado para ser claro, coletivo e totalmente centrado na sua satisfa\u00e7\u00e3o.<\/p>\n<p><strong>A\u00e7\u00e3o 1: O exame.\u00a0<\/strong>Come\u00e7a com um debate.\u00a0<strong>Os nossos profissionais ir\u00e3o certamente ajud\u00e1-lo a identificar um suporte acr\u00edlico para ecr\u00e3 de rel\u00f3gio que corresponda \u00e0s suas exig\u00eancias.\u00a0<\/strong>Prestaremos aten\u00e7\u00e3o aos seus objectivos, conheceremos a identifica\u00e7\u00e3o da sua marca, compreenderemos o seu p\u00fablico-alvo e analisaremos o ambiente em que o expositor ser\u00e1 instalado.<\/p>\n<p><strong>Etapa 2: O plano.\u00a0<\/strong>Com base na nossa consulta,\u00a0<strong>Depois disso, faremos uma ilustra\u00e7\u00e3o do que selecionou e envi\u00e1-la-emos para si.\u00a0<\/strong>N\u00e3o se trata apenas de uma simples ilustra\u00e7\u00e3o; utilizamos um programa de software inovador para criar maquetas 2D e renderiza\u00e7\u00f5es 3D abrangentes, permitindo-lhe imaginar exatamente como ser\u00e1 o seu stand, com o design do seu log\u00f3tipo e qualquer tipo de integra\u00e7\u00e3o t\u00e9cnica.<\/p>\n<p><strong>A\u00e7\u00e3o 3: O prot\u00f3tipo e a melhoria.\u00a0<\/strong>Ver para crer. Para encomendas maiores,\u00a0<strong>ter\u00e1 certamente a oportunidade de verificar o modelo antes de come\u00e7armos a tratar do seu stand.\u00a0<\/strong>Este \u00e9 um passo crucial. Pode sentir a elevada qualidade do acr\u00edlico, ver a exatid\u00e3o da marca e certificar-se de que as medidas s\u00e3o perfeitas. Esta \u00e9 a sua possibilidade de\u00a0<strong>fazer altera\u00e7\u00f5es ao estilo para garantir que obt\u00e9m exatamente o que pretende.\u00a0<\/strong>Agradecemos as suas respostas e afinaremos o design at\u00e9 que satisfa\u00e7a a sua autoriza\u00e7\u00e3o absoluta.<\/p>\n<h3 id=\"beyond-the-retail-counter-a-stand-for-every-event\">Para al\u00e9m do balc\u00e3o de venda: Um stand para cada evento<\/h3>\n<p>Embora seja a melhor op\u00e7\u00e3o para o retalho, a aplica\u00e7\u00e3o da nossa\u00a0<strong>ver propriet\u00e1rios de ecr\u00e3s\u00a0<\/strong>estende-se muito para al\u00e9m da fachada da loja.<\/p>\n<ul>\n<li><strong>Para o colecionador perspicaz:\u00a0<\/strong>Este\u00a0<strong>O suporte do espa\u00e7o de arruma\u00e7\u00e3o enjoy \u00e9 produzido para o propriet\u00e1rio de rel\u00f3gios que reconhece que um rel\u00f3gio, um suporte de vista ou dispositivos de arruma\u00e7\u00e3o de rel\u00f3gios \u00e9 essencial.\u00a0<\/strong>Para a pessoa que tem uma cole\u00e7\u00e3o de rel\u00f3gios de qualidade, os nossos suportes oferecem um ecr\u00e3 de exposi\u00e7\u00e3o com qualidade de museu para a casa ou o escrit\u00f3rio. Protegem o seu investimento financeiro desde o in\u00edcio, apresentando-o como a obra de arte que \u00e9.<\/li>\n<li><strong>O presente perfeito:\u00a0<\/strong>Um suporte de rel\u00f3gio em acr\u00edlico feito \u00e0 medida \u00e9\u00a0<strong>um presente maravilhoso para o seu membro da fam\u00edlia, amantes, amigos, familiares e associados para o deixar ainda mais espantado.\u00a0<\/strong>\u00c9 um presente atencioso, elegante e pessoal para qualquer tipo de fan\u00e1tico por rel\u00f3gios, revelando que aprecia o seu interesse e prefer\u00eancia.<\/li>\n<\/ul>\n<p>O seu rel\u00f3gio fala de trabalho e precis\u00e3o. Deixe-nos ajud\u00e1-lo a considerar essa hist\u00f3ria o palco que ela deve ter. Entre em contacto com o nosso grupo de especialistas hoje e permita-nos iniciar o processo de colabora\u00e7\u00e3o no desenvolvimento de um suporte de ecr\u00e3 acr\u00edlico personalizado para rel\u00f3gios que certamente n\u00e3o s\u00f3 exibir\u00e1 os seus rel\u00f3gios, mas tamb\u00e9m elevar\u00e1 toda a sua marca.<\/p>","protected":false},"excerpt":{"rendered":"<p>Fa\u00e7a com que a sua marca se destaque com um expositor de rel\u00f3gios em acr\u00edlico personalizado. Com a marca do seu log\u00f3tipo, podemos adicionar ecr\u00e3s de v\u00eddeo interactivos para uma solu\u00e7\u00e3o de retalho impressionante. O cliente escolhe a cor, a forma e o tamanho. Os nossos especialistas ajudam a conceber um expositor que capta a aten\u00e7\u00e3o e transforma os compradores em clientes.<\/p>","protected":false},"featured_media":475,"template":"","meta":{"_kad_post_transparent":"default","_kad_post_title":"","_kad_post_layout":"default","_kad_post_sidebar_id":"","_kad_post_content_style":"default","_kad_post_vertical_padding":"default","_kad_post_feature":"","_kad_post_feature_position":"","_kad_post_header":false,"_kad_post_footer":false,"_kad_post_classname":""},"product_brand":[],"product_cat":[15],"product_tag":[48,33,46],"class_list":{"0":"post-473","1":"product","2":"type-product","3":"status-publish","4":"has-post-thumbnail","6":"product_cat-custom-acrylic-displays","7":"product_tag-acrylic-watch-display-stands","8":"product_tag-custom-acrylic-display","9":"product_tag-custom-acrylic-display-stands","11":"first","12":"instock","13":"shipping-taxable","14":"product-type-simple","15":"entry","16":"content-bg","17":"loop-entry"},"_links":{"self":[{"href":"https:\/\/customacrylicproduct.com\/pt\/wp-json\/wp\/v2\/product\/473","targetHints":{"allow":["GET"]}}],"collection":[{"href":"https:\/\/customacrylicproduct.com\/pt\/wp-json\/wp\/v2\/product"}],"about":[{"href":"https:\/\/customacrylicproduct.com\/pt\/wp-json\/wp\/v2\/types\/product"}],"wp:featuredmedia":[{"embeddable":true,"href":"https:\/\/customacrylicproduct.com\/pt\/wp-json\/wp\/v2\/media\/475"}],"wp:attachment":[{"href":"https:\/\/customacrylicproduct.com\/pt\/wp-json\/wp\/v2\/media?parent=473"}],"wp:term":[{"taxonomy":"product_brand","embeddable":true,"href":"https:\/\/customacrylicproduct.com\/pt\/wp-json\/wp\/v2\/product_brand?post=473"},{"taxonomy":"product_cat","embeddable":true,"href":"https:\/\/customacrylicproduct.com\/pt\/wp-json\/wp\/v2\/product_cat?post=473"},{"taxonomy":"product_tag","embeddable":true,"href":"https:\/\/customacrylicproduct.com\/pt\/wp-json\/wp\/v2\/product_tag?post=473"}],"curies":[{"name":"wp","href":"https:\/\/api.w.org\/{rel}","templated":true}]}}