{"id":479,"date":"2025-07-03T03:28:21","date_gmt":"2025-07-03T03:28:21","guid":{"rendered":"https:\/\/customacrylicproduct.com\/?post_type=product&#038;p=479"},"modified":"2025-07-03T06:43:32","modified_gmt":"2025-07-03T06:43:32","slug":"private-label-colored-acrylic-gift-storage-square-boxes","status":"publish","type":"product","link":"https:\/\/customacrylicproduct.com\/pt\/private-label-colored-acrylic-gift-storage-square-boxes\/","title":{"rendered":"Caixas quadradas de acr\u00edlico colorido para armazenamento de presentes com marca pr\u00f3pria"},"content":{"rendered":"<h3 id=\"-unbox-radiance-presenting-our-private-tag-colored-polymer-present-storage-space-boxes-where-clarity-fulfills-creative-thinking-\"><strong>Radi\u00e2ncia Unbox: Apresentando a nossa etiqueta privada Caixas de pol\u00edmero colorido para presentes e espa\u00e7o de armazenamento - Onde a clareza preenche o pensamento criativo\u00a0<\/strong>.<\/h3>\n<p>Num mundo saturado de modas passageiras e artigos n\u00e3o reutiliz\u00e1veis, existe um desejo crescente de objectos que n\u00e3o sejam apenas \u00fateis, mas tamb\u00e9m bonitos, duradouros e profundamente pessoais. Procuramos p\u00f4r ordem no nosso caos, elevar os nossos rituais di\u00e1rios e oferecer os nossos presentes e produtos mais apreciados de uma forma que espelhe verdadeiramente o seu valor. \u00c9 a partir desta necessidade que a nossa cole\u00e7\u00e3o l\u00edder de Personal Label Colored Polymer Present e <a href=\"https:\/\/customacrylicproduct.com\/pt\/best-quality-wholesale-customized-acrylic-storage-boxes\/\">Espa\u00e7o de armazenamento Caixas quadradas<\/a> nasceu - uma sinfonia de cor, claridade e artesanato personalizado concebido para transformar o normal em extraordin\u00e1rio.<\/p>\n<p>Quer se trate de uma marca que procura produzir uma embalagem de produto extraordin\u00e1ria, de uma loja que pretende criar um ecr\u00e3 inovador ou de uma pessoa que se preocupa com o design e organiza um abrigo pessoal, a nossa <a href=\"https:\/\/customacrylicproduct.com\/pt\/best-quality-wholesale-customized-acrylic-storage-boxes\/\">caixas de acr\u00edlico<\/a> oferecem uma tela para o seu pensamento criativo. S\u00e3o uma declara\u00e7\u00e3o de alta qualidade, um compromisso com a eleg\u00e2ncia e uma solu\u00e7\u00e3o \u00fatil para os desafios modernos de espa\u00e7o de armazenamento e apresenta\u00e7\u00e3o. Junte-se a n\u00f3s para explorarmos as qualidades excepcionais que fazem das nossas <a href=\"https:\/\/customacrylicproduct.com\/pt\/best-quality-wholesale-customized-acrylic-storage-boxes\/\">caixas de acr\u00edlico<\/a> a sele\u00e7\u00e3o \u00f3bvia para quem n\u00e3o quer comprometer o design ou o material.<\/p>\n<h4 id=\"-1-the-essence-of-excellence-the-unequaled-top-quality-of-our-polymer-\"><strong>1. A ess\u00eancia da excel\u00eancia: A qualidade superior inigual\u00e1vel do nosso pol\u00edmero\u00a0<\/strong>.<\/h4>\n<p>A base de qualquer produto extraordin\u00e1rio reside no seu material. Na verdade, escolhemos o acr\u00edlico de qualidade superior pela sua mistura \u00fanica de eleg\u00e2ncia visual e resist\u00eancia poderosa, assegurando que cada caixa \u00e9 um investimento financeiro de qualidade superior duradoura.<\/p>\n<ul>\n<li><strong>Transpar\u00eancia cristalina e efici\u00eancia de sombras vivas:\u00a0<\/strong>No centro do fasc\u00ednio do nosso acr\u00edlico est\u00e1 a sua qualidade de cortar a respira\u00e7\u00e3o. Com uma taxa de transmiss\u00e3o de luz superior a 92%, iguala a pureza do vidro \u00f3tico, permitindo que a luz dance atrav\u00e9s da sua estrutura. O impacto \u00e9 um brilho suave e luminoso que ilumina os materiais no seu interior, mostrando-os na sua forma mais verdadeira, sem distor\u00e7\u00e3o. No entanto, a nitidez \u00e9 apenas metade da hist\u00f3ria. Atrav\u00e9s de um processo de tingimento preciso, desbloqueamos um espetro vibrante de possibilidades. De um vermelho ardente e apaixonado a um azul calmo e relaxante, passando por um verde energ\u00e9tico e um roxo majestoso, o nosso esquema de tonalidades \u00e9 t\u00e3o variado quanto a sua criatividade. Esta dupla capacidade serve dois objectivos: proporciona um prazer est\u00e9tico imediato e fornece um sistema \u00fatil para a organiza\u00e7\u00e3o com c\u00f3digo de cores, tornando simples a classifica\u00e7\u00e3o de tudo, desde tons de batom a material de escrit\u00f3rio.<\/li>\n<li><strong>Resili\u00eancia inigual\u00e1vel para uma garantia duradoura:\u00a0<\/strong>As nossas caixas de acr\u00edlico foram concebidas para suportar os rigores da vida quotidiana. Com uma resist\u00eancia \u00e0 influ\u00eancia\u00a0<strong>16 vezes mais do que o vidro comum\u00a0<\/strong>, Utilizam uma op\u00e7\u00e3o resistente a estilha\u00e7os que \u00e9 simultaneamente segura e fi\u00e1vel. Esta durabilidade torna-os ideais para ambientes comerciais movimentados, fam\u00edlias activas e at\u00e9 mesmo \u00e1reas p\u00fablicas. Para al\u00e9m disso, o nosso acr\u00edlico \u00e9 incrivelmente resistente ao desgaste e apresenta uma defesa superior contra corrosivos comuns, como \u00e1cidos e \u00e1lcalis. Ao contr\u00e1rio dos materiais inferiores que amarelecem, deformam ou enfraquecem gradualmente, as nossas caixas mant\u00eam a sua honestidade estrutural e o seu belo aspeto durante v\u00e1rios anos, o que as torna ideais para aplica\u00e7\u00f5es no interior e no exterior, sem preocupa\u00e7\u00f5es de destrui\u00e7\u00e3o.<\/li>\n<li><strong>Leve naturalmente, respons\u00e1vel deliberadamente:\u00a0<\/strong>Apesar da sua natureza dur\u00e1vel, o acr\u00edlico \u00e9 extraordinariamente leve - avaliando apenas metade do peso do vidro. Este facto reduz significativamente o problema e o pre\u00e7o do transporte e da expedi\u00e7\u00e3o, uma vantagem vital para os nossos clientes empresariais. Para o utilizador final, significa que as nossas caixas s\u00e3o f\u00e1ceis de manusear, mover e reorganizar. Num per\u00edodo de maior consci\u00eancia ambiental, orgulhamo-nos do facto de o nosso pol\u00edmero ser um produto totalmente recicl\u00e1vel. Ao escolher os nossos produtos, est\u00e1 a optar por uma sofistica\u00e7\u00e3o duradoura - um belo rem\u00e9dio que se alinha com o compromisso de proteger o nosso mundo.<\/li>\n<\/ul>\n<p><a href=\"https:\/\/customacrylicproduct.com\/pt\/private-label-colored-acrylic-gift-storage-square-boxes\/\"><img fetchpriority=\"high\" decoding=\"async\" class=\"wp-image-483 size-full aligncenter\" src=\"https:\/\/customacrylicproduct.com\/wp-content\/uploads\/2025\/07\/Colored-Acrylic-Boxes-4.jpg\" alt=\"Caixas acr\u00edlicas coloridas\" width=\"800\" height=\"800\" srcset=\"https:\/\/customacrylicproduct.com\/wp-content\/uploads\/2025\/07\/Colored-Acrylic-Boxes-4.jpg 800w, https:\/\/customacrylicproduct.com\/wp-content\/uploads\/2025\/07\/Colored-Acrylic-Boxes-4-300x300.jpg 300w, https:\/\/customacrylicproduct.com\/wp-content\/uploads\/2025\/07\/Colored-Acrylic-Boxes-4-150x150.jpg 150w, https:\/\/customacrylicproduct.com\/wp-content\/uploads\/2025\/07\/Colored-Acrylic-Boxes-4-768x768.jpg 768w, https:\/\/customacrylicproduct.com\/wp-content\/uploads\/2025\/07\/Colored-Acrylic-Boxes-4-12x12.jpg 12w, https:\/\/customacrylicproduct.com\/wp-content\/uploads\/2025\/07\/Colored-Acrylic-Boxes-4-600x600.jpg 600w, https:\/\/customacrylicproduct.com\/wp-content\/uploads\/2025\/07\/Colored-Acrylic-Boxes-4-100x100.jpg 100w\" sizes=\"(max-width: 800px) 100vw, 800px\" \/><\/a><\/p>\n<h4 id=\"-2-from-principle-to-creation-the-art-of-bespoke-style-\"><strong>2. Do princ\u00edpio \u00e0 cria\u00e7\u00e3o: A arte do estilo \u00e0 medida\u00a0<\/strong>.<\/h4>\n<p>Uma caixa nunca \u00e9 simplesmente uma caixa. \u00c9 uma forma de constru\u00e7\u00e3o, uma pe\u00e7a de layout que precisa de ser t\u00e3o \u00fanica como os produtos que cont\u00e9m ou a marca que representa. Os nossos sofisticados processos de fabrico permitem-lhe ultrapassar as formas comuns e desenvolver um produto realmente personalizado.<\/p>\n<ul>\n<li><strong>Versatilidade estrutural ilimitada:\u00a0<\/strong>A sua vis\u00e3o \u00e9 o nosso plano. Tirando partido de tecnologias modernas de ponta, como a precis\u00e3o\u00a0<strong>corte a laser, flex\u00e3o suave a quente e camada protetora UV\u00a0<\/strong>, Podemos tamb\u00e9m dar vida a um dos estilos mais complexos. Embora o tipo quadrado intemporal proporcione um charme intemporal, podemos criar estruturas elaboradas e personalizadas de acordo com exig\u00eancias espec\u00edficas. Imagine um coordenador com v\u00e1rios n\u00edveis e degraus que apresenta uma cole\u00e7\u00e3o de batons como uma tribuna, uma caixa suave em forma de c\u00e1psula para j\u00f3ias de moda valiosas ou um tabuleiro compartimentado com ranhuras personalizadas para pinc\u00e9is e ferramentas de maquilhagem. A sua criatividade \u00e9 o \u00fanico limite.<\/li>\n<li><strong>Uma sinfonia de tratamentos de superf\u00edcie:\u00a0<\/strong>A textura t\u00e1til e est\u00e9tica de um artigo afecta grandemente o seu valor percebido. Oferecemos uma s\u00e9rie de tratamentos de superf\u00edcie para melhorar a est\u00e9tica e criar uma experi\u00eancia multi-sensorial.<\/li>\n<li><strong>Elegante:\u00a0<\/strong>O nosso acabamento polido t\u00edpico \u00e9 perfeitamente liso e transparente, criando um resultado semelhante ao vidro que aproveita ao m\u00e1ximo a claridade e reflecte a luz de forma magn\u00edfica.<\/li>\n<li><strong>Fosco:\u00a0<\/strong>Para um toque de eleg\u00e2ncia discreta, a nossa superf\u00edcie fosca oferece uma estrutura nebulosa e de foco suave. Cobre parcialmente o conte\u00fado, criando uma sensa\u00e7\u00e3o de aura e difundindo perfeitamente a luz.<\/li>\n<li><strong>Texturizado:\u00a0<\/strong>Para incluir uma medida art\u00edstica distinta, podemos incorporar padr\u00f5es de riscas elegantes ou uma apar\u00eancia moderna de favo de mel diretamente na \u00e1rea da superf\u00edcie acr\u00edlica, desenvolvendo um jogo vibrante de luz e sombra que pede para ser tocado.<\/li>\n<li><strong>Integra\u00e7\u00e3o de acess\u00f3rios bem pensada:\u00a0<\/strong>O verdadeiro luxo est\u00e1 na informa\u00e7\u00e3o. Na verdade, pens\u00e1mos em todos os aspectos da funcionalidade, incluindo uma cole\u00e7\u00e3o de acess\u00f3rios funcionais. Escolha um\u00a0<strong>tampa flip-cover \u00e0 prova de p\u00f3\u00a0<\/strong>para guardar materiais \u00fateis, alguns com fechos magn\u00e9ticos silenciosos. Opte por\u00a0<strong>calhas de deslizamento suave para gavetas\u00a0<\/strong>para uma acessibilidade sem esfor\u00e7o em caixas organizadoras em camadas. E para maior estabilidade, podemos adicionar discretos\u00a0<strong>almofadas antiderrapantes de borracha\u00a0<\/strong>\u00e0 base, garantindo que a sua caixa se mant\u00e9m em seguran\u00e7a em qualquer tipo de superf\u00edcie.<\/li>\n<\/ul>\n<p><a href=\"https:\/\/customacrylicproduct.com\/pt\/private-label-colored-acrylic-gift-storage-square-boxes\/\"><img decoding=\"async\" class=\"aligncenter wp-image-480 size-full\" src=\"https:\/\/customacrylicproduct.com\/wp-content\/uploads\/2025\/07\/Colored-Acrylic-Boxes-1.jpg\" alt=\"Caixas acr\u00edlicas coloridas\" width=\"800\" height=\"800\" srcset=\"https:\/\/customacrylicproduct.com\/wp-content\/uploads\/2025\/07\/Colored-Acrylic-Boxes-1.jpg 800w, https:\/\/customacrylicproduct.com\/wp-content\/uploads\/2025\/07\/Colored-Acrylic-Boxes-1-300x300.jpg 300w, https:\/\/customacrylicproduct.com\/wp-content\/uploads\/2025\/07\/Colored-Acrylic-Boxes-1-150x150.jpg 150w, https:\/\/customacrylicproduct.com\/wp-content\/uploads\/2025\/07\/Colored-Acrylic-Boxes-1-768x768.jpg 768w, https:\/\/customacrylicproduct.com\/wp-content\/uploads\/2025\/07\/Colored-Acrylic-Boxes-1-12x12.jpg 12w, https:\/\/customacrylicproduct.com\/wp-content\/uploads\/2025\/07\/Colored-Acrylic-Boxes-1-600x600.jpg 600w, https:\/\/customacrylicproduct.com\/wp-content\/uploads\/2025\/07\/Colored-Acrylic-Boxes-1-100x100.jpg 100w\" sizes=\"(max-width: 800px) 100vw, 800px\" \/><\/a><\/p>\n<h4 id=\"-3-past-package-infinite-opportunities-for-organization-show-\"><strong>3. Pacote passado: oportunidades infinitas de organiza\u00e7\u00e3o e espet\u00e1culo\u00a0<\/strong>.<\/h4>\n<p>A comodidade do nosso <a href=\"https:\/\/customacrylicproduct.com\/pt\/best-quality-wholesale-customized-acrylic-storage-boxes\/\">caixas de acr\u00edlico<\/a> faz deles uma ferramenta importante numa vasta gama de aplica\u00e7\u00f5es, combinando de forma perfeita a energia com apelos visuais de primeira qualidade.<\/p>\n<ul>\n<li><strong>A solu\u00e7\u00e3o definitiva para arruma\u00e7\u00e3o e organiza\u00e7\u00e3o:\u00a0<\/strong>Transforme a desarruma\u00e7\u00e3o numa cole\u00e7\u00e3o bem organizada. As nossas caixas s\u00e3o amplamente reconhecidas como a melhor sele\u00e7\u00e3o para arrumar pequenos objectos de valor inestim\u00e1vel. Para os fan\u00e1ticos do charme, desenvolvem uma casa magn\u00edfica para\u00a0<strong>cosm\u00e9ticos\u00a0<\/strong>, Para os profissionais, os r\u00f3tulos s\u00e3o uma forma de ordenar os produtos, categorizando batons, paletas de sombras de olhos e bases. Para o profissional, permitem ordenar\u00a0<strong>artigos de papelaria\u00a0<\/strong>, canetas e dispositivos de secret\u00e1ria. Para a ag\u00eancia de cobran\u00e7as, fornecem um reposit\u00f3rio livre de riscos e impressionante para\u00a0<strong>j\u00f3ias preciosas\u00a0<\/strong>, rel\u00f3gios e lembran\u00e7as. Os desenhos claros ou coloridos eliminam a procura fren\u00e9tica, transformando a rotina di\u00e1ria de encontrar o que precisa num minuto de calma sem complica\u00e7\u00f5es.<\/li>\n<li><strong>Embalagem de espect\u00e1culos e custos emocionantes:\u00a0<\/strong>As primeiras impress\u00f5es s\u00e3o tudo. A fenomenal transmiss\u00e3o de luz do nosso acr\u00edlico torna-o o produto adequado para\u00a0<strong>embalagens de produtos expostos\u00a0<\/strong>. Os comerciantes podem aumentar o seu produto, transformando um simples artigo numa coisa de alto valor. Uma pe\u00e7a de joalharia preciosa colocada numa caixa de pol\u00edmero colorido torna-se uma obra de arte. Uma estatueta de cole\u00e7\u00e3o \u00e9 colocada numa vitrina com qualidade de museu. Um presente de luxo n\u00e3o \u00e9 apenas oferecido, mas oferecido cerimoniosamente. As nossas caixas aumentam a qualidade visual dos seus produtos, fascinando os clientes e impulsionando as vendas.<\/li>\n<li><strong>Otimiza\u00e7\u00e3o engenhosa da \u00e1rea:\u00a0<\/strong>Na vida contempor\u00e2nea, a \u00e1rea \u00e9 um fator de topo de gama. Os nossos estilos s\u00e3o concebidos para o ajudar a tirar partido de cada cent\u00edmetro quadrado. A forma uniforme e modular das nossas caixas quadradas permite\u00a0<strong>empilhamento est\u00e1vel\u00a0<\/strong>, Desenvolvemos elegantes torres de arruma\u00e7\u00e3o verticais numa mesa de roupa ou numa prateleira. Al\u00e9m disso, concebemos\u00a0<strong>vers\u00f5es de montagem na parede\u00a0<\/strong>, A gama de produtos da marca \"The Best\" inclui tamb\u00e9m produtos como as elegantes capas para caixas de len\u00e7os de papel ou as prateleiras de controlo com bot\u00f5es de press\u00e3o, que libertam um espa\u00e7o precioso na bancada em \u00e1reas pequenas como casas de banho, entradas e locais de trabalho.<\/li>\n<\/ul>\n<h4 id=\"-4-precision-in-every-measurement-customizing-to-your-exact-demands-\"><strong>4. Precis\u00e3o em cada medi\u00e7\u00e3o: Personaliza\u00e7\u00e3o de acordo com as suas necessidades exactas\u00a0<\/strong>.<\/h4>\n<p>Sabemos que uma dimens\u00e3o n\u00e3o serve para todos. O nosso compromisso de personaliza\u00e7\u00e3o vai at\u00e9 \u00e0s especifica\u00e7\u00f5es t\u00e9cnicas de cada caixa, garantindo uma excelente adequa\u00e7\u00e3o ao seu projeto.<\/p>\n<ul>\n<li><strong>Dimens\u00e3o e densidade ajust\u00e1veis:\u00a0<\/strong>Fornecemos uma s\u00e9rie substancial de densidade de produtos, desde um delicado\u00a0<strong>1mm\u00a0<\/strong>para aplica\u00e7\u00f5es ligeiras a um n\u00edvel significativo\u00a0<strong>50mm\u00a0<\/strong>para uma est\u00e9tica arrojada e robusta. Para projectos especiais, espessuras personalizadas de aproximadamente\u00a0<strong>100 mm\u00a0<\/strong>podem ser alcan\u00e7ados. Trabalhamos com grandes placas convencionais (por exemplo,\u00a0<strong>1220 \u00d7 2440mm, 2050 \u00d7 3050mm\u00a0<\/strong>), o que nos permite criar caixas completas essencialmente de qualquer dimens\u00e3o, desde uma pequena caixa de an\u00e9is at\u00e9 uma grande caixa de discos.<\/li>\n<li><strong>Um mundo de cor e luz:\u00a0<\/strong>O nosso sistema de cores foi desenvolvido para uma m\u00e1xima flexibilidade imaginativa. Selecione entre\u00a0<strong>transparente, transparente (semi-opaco) e totalmente opaco\u00a0<\/strong>alternativas. Descubra as nossas\u00a0<strong>sistemas monocrom\u00e1ticos e bicolores\u00a0<\/strong>, ou fazer uma afirma\u00e7\u00e3o verdadeiramente \u00fanica com pol\u00edmeros de efeito especial que cont\u00eam\u00a0<strong>bits fluorescentes\u00a0<\/strong>ou mostrar-se encantador\u00a0<strong>mudan\u00e7as de tonalidade gradientes\u00a0<\/strong>. Isto permite-lhe combinar perfeitamente a identifica\u00e7\u00e3o da sua marca, o design de interiores ou o design pessoal.<\/li>\n<li><strong>Concebida para suportar cargas e seguran\u00e7a:\u00a0<\/strong>Para al\u00e9m da sua eleg\u00e2ncia, o acr\u00edlico \u00e9 um pol\u00edmero de alto desempenho. A sua robustez integral permite-lhe suportar um peso significativo sem ansiedade ou contor\u00e7\u00e3o. A s\u00e9rio, na improv\u00e1vel ocasi\u00e3o de um impacto grave que provoque danos, o acr\u00edlico\u00a0<strong>n\u00e3o se desfa\u00e7a em fragmentos cortantes e perigosos\u00a0<\/strong>como o vidro. Esta fun\u00e7\u00e3o de seguran\u00e7a faz com que as nossas caixas sejam uma excelente op\u00e7\u00e3o para ambientes com crian\u00e7as, locais p\u00fablicos com muito tr\u00e1fego e estabelecimentos comerciais onde a seguran\u00e7a do cliente \u00e9 extremamente importante.<\/li>\n<\/ul>\n<h4 id=\"-5-uncomplicated-beauty-a-seamless-user-experience-\"><strong>5. Beleza descomplicada: Uma experi\u00eancia de utilizador sem falhas\u00a0<\/strong>.<\/h4>\n<p>Um artigo s\u00f3 tem sucesso absoluto se for um prazer utiliz\u00e1-lo. Cri\u00e1mos meticulosamente as nossas caixas de acr\u00edlico para serem t\u00e3o simples e de baixa manuten\u00e7\u00e3o como encantadoras.<\/p>\n<ul>\n<li><strong>Amig\u00e1vel e f\u00e1cil de utilizar:\u00a0<\/strong>Os nossos designs centram-se nos seus rituais quotidianos. A\u00a0<strong>caixa tipo gaveta\u00a0<\/strong>abre-se com um deslizamento suave e satisfat\u00f3rio. A\u00a0<strong>tampa flip-top\u00a0<\/strong>abre-se e fecha-se com comodidade, proporcionando um acesso instant\u00e2neo e protegendo o conte\u00fado. As superf\u00edcies s\u00e3o extremamente\u00a0<strong>simples de limpar\u00a0<\/strong>; Uma limpeza simples com um pano macio e h\u00famido \u00e9 tudo o que \u00e9 necess\u00e1rio para remover o p\u00f3 e as impress\u00f5es digitais, restaurando o seu brilho imaculado em segundos.<\/li>\n<li><strong>Resolver problemas do mundo real:\u00a0<\/strong>As nossas caixas s\u00e3o criadas para serem remediadas. As\u00a0<strong>\u00e0 prova de p\u00f3 e de humidade\u00a0<\/strong>As casas oferecem um escudo protetor para os seus objectos de valor, desde cosm\u00e9ticos caros e aparelhos electr\u00f3nicos sens\u00edveis a ficheiros essenciais e recorda\u00e7\u00f5es valiosas. O car\u00e1cter transparente do produto\u00a0<strong>diminui consideravelmente o tempo de navega\u00e7\u00e3o\u00a0<\/strong>, melhorando o seu desempenho quotidiano e diminuindo a irrita\u00e7\u00e3o. \u00c9 uma pequena mudan\u00e7a que tem um grande efeito na sua qualidade de vida.<\/li>\n<li><strong>Cuidar do seu investimento:\u00a0<\/strong>Para garantir uma vida de beleza, recomendamos algumas medidas de seguran\u00e7a simples. Evite colocar as caixas em ambientes com temperaturas elevadas, pois o pol\u00edmero pode deformar-se quando exposto a calor extremo. Proteja a superf\u00edcie desde o in\u00edcio, evitando o contacto com objectos afiados ou abrasivos. Embora o nosso acr\u00edlico tenha prote\u00e7\u00e3o contra os raios UV, a exposi\u00e7\u00e3o direta e prolongada a uma luz solar intensa pode eventualmente fazer com que algumas tonalidades se desvane\u00e7am.<\/li>\n<\/ul>\n<p><a href=\"https:\/\/customacrylicproduct.com\/pt\/private-label-colored-acrylic-gift-storage-square-boxes\/\"><img decoding=\"async\" class=\"aligncenter wp-image-482 size-full\" src=\"https:\/\/customacrylicproduct.com\/wp-content\/uploads\/2025\/07\/Colored-Acrylic-Boxes-3.jpg\" alt=\"Caixas acr\u00edlicas coloridas\" width=\"800\" height=\"800\" srcset=\"https:\/\/customacrylicproduct.com\/wp-content\/uploads\/2025\/07\/Colored-Acrylic-Boxes-3.jpg 800w, https:\/\/customacrylicproduct.com\/wp-content\/uploads\/2025\/07\/Colored-Acrylic-Boxes-3-300x300.jpg 300w, https:\/\/customacrylicproduct.com\/wp-content\/uploads\/2025\/07\/Colored-Acrylic-Boxes-3-150x150.jpg 150w, https:\/\/customacrylicproduct.com\/wp-content\/uploads\/2025\/07\/Colored-Acrylic-Boxes-3-768x768.jpg 768w, https:\/\/customacrylicproduct.com\/wp-content\/uploads\/2025\/07\/Colored-Acrylic-Boxes-3-12x12.jpg 12w, https:\/\/customacrylicproduct.com\/wp-content\/uploads\/2025\/07\/Colored-Acrylic-Boxes-3-600x600.jpg 600w, https:\/\/customacrylicproduct.com\/wp-content\/uploads\/2025\/07\/Colored-Acrylic-Boxes-3-100x100.jpg 100w\" sizes=\"(max-width: 800px) 100vw, 800px\" \/><\/a><\/p>\n<h4 id=\"-6-your-brand-name-brilliantly-stood-for-our-personal-label-partnership-\"><strong>6. A sua marca, defendida de forma brilhante: A nossa parceria de marca pessoal\u00a0<\/strong>.<\/h4>\n<p>Somos mais do que um distribuidor; somos o seu parceiro estrat\u00e9gico na produ\u00e7\u00e3o de produtos not\u00e1veis. A nossa solu\u00e7\u00e3o de personal label \u00e9 desenvolvida para levar a identifica\u00e7\u00e3o da sua marca \u00e0 vanguarda com uma qualidade e modifica\u00e7\u00e3o inigual\u00e1veis.<\/p>\n<ul>\n<li><strong>Direcionado para p\u00fablicos exigentes:\u00a0<\/strong>A nossa oferta destina-se a clientes que valorizam a qualidade e o design. Os nossos principais p\u00fablicos s\u00e3o\u00a0<strong>fam\u00edlias jovens e modernas\u00a0<\/strong>centrada na produ\u00e7\u00e3o de op\u00e7\u00f5es de armazenamento modernas e eficazes;\u00a0<strong>comerciantes de activos com vis\u00e3o de futuro\u00a0<\/strong>e marcas de com\u00e9rcio eletr\u00f3nico que reconhecem que os custos da embalagem do produto impulsionam as vendas; e\u00a0<strong>designers culturais e criativos vision\u00e1rios\u00a0<\/strong>que requerem uma ferramenta de alta qualidade para as suas express\u00f5es imaginativas.<\/li>\n<li><strong>Modifica\u00e7\u00e3o completa para a sua marca:\u00a0<\/strong>A sua marca \u00e9 especial, e a sua embalagem tamb\u00e9m o deve ser. Fornecemos modifica\u00e7\u00f5es de n\u00edvel empresarial para garantir que o seu artigo \u00e9 inconfundivelmente seu. Isto inclui\u00a0<strong>impress\u00e3o ou grava\u00e7\u00e3o com desenho de log\u00f3tipo de precis\u00e3o\u00a0<\/strong>, com impress\u00e3o personalizada\u00a0<strong>gr\u00e1ficos e padr\u00f5es\u00a0<\/strong>, e estilos de caixas totalmente personalizados. Para disponibilizar as nossas solu\u00e7\u00f5es de qualidade superior, a nossa\u00a0<strong>o montante m\u00ednimo de encomenda (MOQ) pode ser t\u00e3o baixo como 100 pe\u00e7as\u00a0<\/strong>. De igual modo, damos\u00a0<strong>servi\u00e7os de amostragem\u00a0<\/strong>, O nosso servi\u00e7o de assist\u00eancia ao cliente \u00e9 muito simples, permitindo-lhe ver e sentir a qualidade superior em primeira m\u00e3o antes de se dedicar a uma encomenda maior.<\/li>\n<li><strong>Custo-efic\u00e1cia extraordin\u00e1rio e valor a longo prazo:\u00a0<\/strong>Embora o primeiro investimento no acr\u00edlico possa ser mais elevado do que no pl\u00e1stico fundamental ou no vidro comum, o seu valor a longo prazo \u00e9 muito excecional. A longevidade excecional sugere uma vida \u00fatil muito mais longa do produto, sem necessidade de substitui\u00e7\u00e3o constante. A est\u00e9tica cl\u00e1ssica garante que n\u00e3o sair\u00e1 de moda. Para as marcas, \u00e9 um investimento na compreens\u00e3o da marca, no compromisso com o cliente e numa experi\u00eancia de unboxing excecional. N\u00e3o se trata apenas de um pre\u00e7o; \u00e9 uma posse que paga dividendos em qualidade e diferen\u00e7a.<\/li>\n<\/ul>\n<p><strong>Comece hoje a sua viagem connosco. Ligue para os nossos consultores de estilo para analisar a sua vis\u00e3o, solicitar um exemplo personalizado e descobrir como as nossas caixas de pol\u00edmero coloridas com etiqueta privada podem emoldurar os seus artigos, organizar a sua vida e contar a sua hist\u00f3ria com cores vivas e brilhantes.\u00a0<\/strong>.<\/p>","protected":false},"excerpt":{"rendered":"<p class=\"ng-star-inserted\"><span class=\"ng-star-inserted\">Eleve a sua marca com as nossas caixas quadradas de acr\u00edlico de marca pr\u00f3pria. Fabricadas em acr\u00edlico colorido de 3 mm de alta qualidade, oferecem um armazenamento duradouro e elegante para presentes, cosm\u00e9ticos e muito mais. Uma solu\u00e7\u00e3o premium e vers\u00e1til para dar destaque aos seus produtos. Personalize com o seu log\u00f3tipo e as cores da sua marca.<\/span><\/p>","protected":false},"featured_media":481,"template":"","meta":{"_kad_post_transparent":"default","_kad_post_title":"","_kad_post_layout":"default","_kad_post_sidebar_id":"","_kad_post_content_style":"default","_kad_post_vertical_padding":"default","_kad_post_feature":"","_kad_post_feature_position":"","_kad_post_header":false,"_kad_post_footer":false,"_kad_post_classname":""},"product_brand":[],"product_cat":[17],"product_tag":[44,49,45],"class_list":{"0":"post-479","1":"product","2":"type-product","3":"status-publish","4":"has-post-thumbnail","6":"product_cat-custom-acrylic-boxes","7":"product_tag-acrylic-storage-boxes","8":"product_tag-colored-acrylic-boxes","9":"product_tag-customized-acrylic-boxes","11":"first","12":"instock","13":"shipping-taxable","14":"product-type-simple","15":"entry","16":"content-bg","17":"loop-entry"},"_links":{"self":[{"href":"https:\/\/customacrylicproduct.com\/pt\/wp-json\/wp\/v2\/product\/479","targetHints":{"allow":["GET"]}}],"collection":[{"href":"https:\/\/customacrylicproduct.com\/pt\/wp-json\/wp\/v2\/product"}],"about":[{"href":"https:\/\/customacrylicproduct.com\/pt\/wp-json\/wp\/v2\/types\/product"}],"wp:featuredmedia":[{"embeddable":true,"href":"https:\/\/customacrylicproduct.com\/pt\/wp-json\/wp\/v2\/media\/481"}],"wp:attachment":[{"href":"https:\/\/customacrylicproduct.com\/pt\/wp-json\/wp\/v2\/media?parent=479"}],"wp:term":[{"taxonomy":"product_brand","embeddable":true,"href":"https:\/\/customacrylicproduct.com\/pt\/wp-json\/wp\/v2\/product_brand?post=479"},{"taxonomy":"product_cat","embeddable":true,"href":"https:\/\/customacrylicproduct.com\/pt\/wp-json\/wp\/v2\/product_cat?post=479"},{"taxonomy":"product_tag","embeddable":true,"href":"https:\/\/customacrylicproduct.com\/pt\/wp-json\/wp\/v2\/product_tag?post=479"}],"curies":[{"name":"wp","href":"https:\/\/api.w.org\/{rel}","templated":true}]}}