{"id":486,"date":"2025-07-03T06:59:27","date_gmt":"2025-07-03T06:59:27","guid":{"rendered":"https:\/\/customacrylicproduct.com\/?post_type=product&#038;p=486"},"modified":"2025-07-03T07:35:22","modified_gmt":"2025-07-03T07:35:22","slug":"custom-printed-engraved-led-luminous-acrylic-signs-supplier","status":"publish","type":"product","link":"https:\/\/customacrylicproduct.com\/pt\/custom-printed-engraved-led-luminous-acrylic-signs-supplier\/","title":{"rendered":"Fornecedor de sinais acr\u00edlicos luminosos LED gravados e impressos personalizados"},"content":{"rendered":"<h3 id=\"-illuminate-your-vision-the-definitive-overview-to-custom-engraved-printed-led-acrylic-indications-\"><strong>Ilumine a sua vis\u00e3o: A vis\u00e3o geral definitiva das indica\u00e7\u00f5es acr\u00edlicas LED gravadas e impressas personalizadas\u00a0<\/strong>.<\/h3>\n<p>Num mundo saturado de ru\u00eddo visual, registar o foco requer mais do que apenas uma mensagem - requer uma ferramenta que seja t\u00e3o grande e vibrante como a sua pr\u00f3pria marca. A sinaliza\u00e7\u00e3o padr\u00e3o serve uma fun\u00e7\u00e3o, mas para atrair realmente a aten\u00e7\u00e3o, criar uma atmosfera not\u00e1vel e entrar em contacto com um p\u00fablico a um n\u00edvel emocional, \u00e9 necess\u00e1rio o poder cativante da luz.<\/p>\n<p>Entra o futuro da ilumina\u00e7\u00e3o:\u00a0<strong>Impressos e gravados \u00e0 medida <a href=\"https:\/\/customacrylicproduct.com\/pt\/custom-printed-engraved-led-luminous-acrylic-signs-supplier\/\">Sinais de pol\u00edmero luminescente LED<\/a>\u00a0<\/strong>. Como fornecedor de topo, especializamo-nos em transformar os seus log\u00f3tipos, designs e mensagens em obras-primas sensacionais que brilham com fun\u00e7\u00e3o. Combinando tecnologia de ponta com um trabalho feito \u00e0 medida, os nossos sinais utilizam uma op\u00e7\u00e3o inovadora, duradoura e eficiente em termos energ\u00e9ticos para escolhas t\u00edpicas, equipando-o para iluminar o seu mundo, em qualquer altura e em qualquer lugar.<\/p>\n<h4 id=\"-the-modern-advancement-beyond-conventional-glass-neon-\"><strong>O avan\u00e7o moderno: Para al\u00e9m do n\u00e9on de vidro convencional\u00a0<\/strong>.<\/h4>\n<p>Durante anos, o zumbido e o brilho intemporais das indica\u00e7\u00f5es em n\u00e9on de vidro foram sin\u00f3nimo de vida nocturna animada e de publicidade e marketing arrojados. No entanto, este atrativo cl\u00e1ssico apresenta desvantagens consider\u00e1veis: delicadeza, elevado consumo de energia, problemas de seguran\u00e7a de alta tens\u00e3o e manuten\u00e7\u00e3o dispendiosa.<\/p>\n<p>O nosso <a href=\"https:\/\/customacrylicproduct.com\/pt\/custom-printed-engraved-led-luminous-acrylic-signs-supplier\/\">Acr\u00edlico luminoso LED<\/a> Os indicadores s\u00e3o concebidos para oferecer toda a influ\u00eancia visual do n\u00e9on sem nenhuma das suas limita\u00e7\u00f5es. Este \u00e9 o novo crit\u00e9rio para uma ilumina\u00e7\u00e3o brilhante, sem riscos e duradoura.<\/p>\n<ul>\n<li><strong>Resist\u00eancia inigual\u00e1vel:\u00a0<\/strong>Em vez de tubos de vidro quebr\u00e1veis, os nossos letreiros s\u00e3o fabricados a partir de um painel traseiro em acr\u00edlico de alta qualidade e resistente a estilha\u00e7os. Isto torna-os extremamente resistentes e seguros para utiliza\u00e7\u00e3o em locais com muito tr\u00e1fego, desde lojas movimentadas a locais de eventos din\u00e2micos.<\/li>\n<li><strong>Seguran\u00e7a e prote\u00e7\u00e3o refor\u00e7adas:\u00a0<\/strong>Funcionando com uma entrada USB de baixa voltagem, os nossos letreiros t\u00eam um toque fant\u00e1stico e eliminam os riscos associados aos transformadores de alta voltagem e aos vidros fr\u00e1geis. S\u00e3o uma op\u00e7\u00e3o muito mais segura para as casas, as empresas e os espa\u00e7os p\u00fablicos, nomeadamente onde possam existir jovens.<\/li>\n<li><strong>Amigo do ambiente e economizador de energia:\u00a0<\/strong>Utilizamos a tecnologia de tubos de LED de nova gera\u00e7\u00e3o incorporados em silicone elegante ou que iluminam diretamente o acr\u00edlico. Os LEDs consomem uma parte da energia do n\u00e9on convencional, reduzindo substancialmente as suas despesas com energia el\u00e9ctrica e a sua pegada de carbono. Com uma not\u00e1vel esperan\u00e7a de vida de mais de 50.000 horas, estes sinais s\u00e3o um investimento sustent\u00e1vel e a longo prazo.<\/li>\n<li><strong>Funcionamento silencioso e sem falhas:\u00a0<\/strong>Deixe de lado o zumbido e a cintila\u00e7\u00e3o constantes das indica\u00e7\u00f5es antigas. A nossa tecnologia LED proporciona uma luz pura, silenciosa e regular que melhora o ambiente sem ru\u00eddos ou calor.<\/li>\n<\/ul>\n<p><a href=\"https:\/\/customacrylicproduct.com\/pt\/custom-printed-engraved-led-luminous-acrylic-signs-supplier\/\"><img fetchpriority=\"high\" decoding=\"async\" class=\"aligncenter wp-image-487 size-full\" src=\"https:\/\/customacrylicproduct.com\/wp-content\/uploads\/2025\/07\/Custom-Acrylic-Signs-1.jpg\" alt=\"Sinais acr\u00edlicos personalizados\" width=\"800\" height=\"800\" srcset=\"https:\/\/customacrylicproduct.com\/wp-content\/uploads\/2025\/07\/Custom-Acrylic-Signs-1.jpg 800w, https:\/\/customacrylicproduct.com\/wp-content\/uploads\/2025\/07\/Custom-Acrylic-Signs-1-300x300.jpg 300w, https:\/\/customacrylicproduct.com\/wp-content\/uploads\/2025\/07\/Custom-Acrylic-Signs-1-150x150.jpg 150w, https:\/\/customacrylicproduct.com\/wp-content\/uploads\/2025\/07\/Custom-Acrylic-Signs-1-768x768.jpg 768w, https:\/\/customacrylicproduct.com\/wp-content\/uploads\/2025\/07\/Custom-Acrylic-Signs-1-12x12.jpg 12w, https:\/\/customacrylicproduct.com\/wp-content\/uploads\/2025\/07\/Custom-Acrylic-Signs-1-600x600.jpg 600w, https:\/\/customacrylicproduct.com\/wp-content\/uploads\/2025\/07\/Custom-Acrylic-Signs-1-100x100.jpg 100w\" sizes=\"(max-width: 800px) 100vw, 800px\" \/><\/a><\/p>\n<h4 id=\"-your-vision-brilliantly-understood-the-power-of-personalization-\"><strong>A sua vis\u00e3o, compreendida de forma brilhante: O poder da personaliza\u00e7\u00e3o\u00a0<\/strong>.<\/h4>\n<p>No centro do nosso servi\u00e7o est\u00e1 a dedica\u00e7\u00e3o \u00e0 personaliza\u00e7\u00e3o. N\u00e3o estamos simplesmente a vender um produto; estamos a fornecer uma tela para a sua criatividade. Quer necessite de uma pe\u00e7a \u00fanica ou de uma encomenda em massa para um neg\u00f3cio de franchising, o nosso procedimento \u00e9 desenvolvido para dar vida \u00e0 sua vis\u00e3o distinta com precis\u00e3o e eleg\u00e2ncia.<\/p>\n<p><strong>1. Inscri\u00e7\u00e3o a laser de precis\u00e3o:\u00a0<\/strong>. Esta estrat\u00e9gia \u00e9 a melhor para desenvolver designs n\u00edtidos, elegantes e inovadores. Os nossos lasers de alta precis\u00e3o gravam o seu log\u00f3tipo, texto ou obra de arte diretamente na superf\u00edcie do painel de acr\u00edlico cristalino. Quando os LEDs montados nas extremidades s\u00e3o acionados, a luz viaja com o acr\u00edlico e refracta magnificamente dentro das linhas gravadas, fazendo com que o seu estilo brilhe extremamente enquanto o resto do painel continua a ser transparente. Isto desenvolve um resultado sensacional de \u201cderiva\u201d, como se pode ver nas indica\u00e7\u00f5es din\u00e2micas azul e ecol\u00f3gica \u201cFruit\u201d.<\/p>\n<ul>\n<li><strong>O melhor para:\u00a0<\/strong>Desenhos de log\u00f3tipos minimalistas, indica\u00e7\u00f5es baseadas em texto, sinaliza\u00e7\u00e3o arquitet\u00f3nica, desenho de locais de trabalho profissionais e arte de linhas detalhadas.<\/li>\n<\/ul>\n<p><strong>2. Impress\u00e3o UV din\u00e2mica:\u00a0<\/strong>. Para estilos que exijam sombra total, gradientes ou informa\u00e7\u00e3o fotogr\u00e1fica, a nossa tecnologia moderna e inovadora de impress\u00e3o UV \u00e9 a melhor op\u00e7\u00e3o. Podemos publicar o seu trabalho art\u00edstico diretamente na superf\u00edcie acr\u00edlica com tintas que s\u00e3o imediatamente curadas pela luz UV, dando origem a uma fotografia resistente, resistente a riscos e excecionalmente vibrante. Quando iluminadas pelos nossos potentes LEDs, as sombras acabam por ser extremamente luminosas, desenvolvendo uma indica\u00e7\u00e3o que \u00e9 simultaneamente uma ferramenta de informa\u00e7\u00e3o e uma obra de arte.<\/p>\n<ul>\n<li><strong>O melhor para:\u00a0<\/strong>Log\u00f3tipos de empresas a cores, mascotes de alta qualidade, gr\u00e1ficos completos, ecr\u00e3s publicit\u00e1rios e instala\u00e7\u00f5es criativas.<\/li>\n<\/ul>\n<p><strong>3. Um espetro de luz:\u00a0<\/strong>. Selecione a cor que melhor se adequa \u00e0 identifica\u00e7\u00e3o da sua marca ou ao seu estado de esp\u00edrito preferido. Desde o tom frio e especializado do indicador do c\u00e9u at\u00e9 \u00e0 sensa\u00e7\u00e3o fresca e org\u00e2nica do amigo do ambiente, fornecemos uma vasta gama de alternativas de tonalidades fixas. Tamb\u00e9m fornecemos servi\u00e7os de ilumina\u00e7\u00e3o RGB din\u00e2mica, permitindo-lhe alterar as tonalidades, criar impactos de desvanecimento ou piscar ao ritmo das m\u00fasicas, tornando a sua indica\u00e7\u00e3o o ponto focal em qualquer ocasi\u00e3o.<\/p>\n<p><a href=\"https:\/\/customacrylicproduct.com\/pt\/custom-printed-engraved-led-luminous-acrylic-signs-supplier\/\"><img decoding=\"async\" class=\"aligncenter wp-image-488 size-full\" src=\"https:\/\/customacrylicproduct.com\/wp-content\/uploads\/2025\/07\/Custom-Acrylic-Signs-2.jpg\" alt=\"Sinais acr\u00edlicos personalizados\" width=\"800\" height=\"800\" srcset=\"https:\/\/customacrylicproduct.com\/wp-content\/uploads\/2025\/07\/Custom-Acrylic-Signs-2.jpg 800w, https:\/\/customacrylicproduct.com\/wp-content\/uploads\/2025\/07\/Custom-Acrylic-Signs-2-300x300.jpg 300w, https:\/\/customacrylicproduct.com\/wp-content\/uploads\/2025\/07\/Custom-Acrylic-Signs-2-150x150.jpg 150w, https:\/\/customacrylicproduct.com\/wp-content\/uploads\/2025\/07\/Custom-Acrylic-Signs-2-768x768.jpg 768w, https:\/\/customacrylicproduct.com\/wp-content\/uploads\/2025\/07\/Custom-Acrylic-Signs-2-12x12.jpg 12w, https:\/\/customacrylicproduct.com\/wp-content\/uploads\/2025\/07\/Custom-Acrylic-Signs-2-600x600.jpg 600w, https:\/\/customacrylicproduct.com\/wp-content\/uploads\/2025\/07\/Custom-Acrylic-Signs-2-100x100.jpg 100w\" sizes=\"(max-width: 800px) 100vw, 800px\" \/><\/a><\/p>\n<h4 id=\"-superior-deliberately-materials-and-craftsmanship-\"><strong>Deliberadamente superior: Materiais e artesanato\u00a0<\/strong>.<\/h4>\n<p>Um indicador s\u00f3 \u00e9 compar\u00e1vel aos materiais de que \u00e9 feito. Recorremos apenas a componentes de primeira qualidade para garantir que cada indicador que produzimos \u00e9 uma obra-prima de qualidade superior e longevidade.<\/p>\n<ul>\n<li><strong>Painel em pol\u00edmero de grau \u00f3tico:\u00a0<\/strong>Utilizamos acr\u00edlico espesso e cristalino que proporciona uma transmiss\u00e3o e difus\u00e3o de luz superiores. \u00c9 leve, mas mais potente e muito mais resistente ao impacto do que o vidro, garantindo que o seu letreiro continua a ser excelente durante muitos anos. Os rebordos refinados s\u00e3o habilmente acabados para tirar o m\u00e1ximo partido da luminosidade dos rebordos.<\/li>\n<li><strong>Estrutura de alum\u00ednio leve e elegante:\u00a0<\/strong>A indica\u00e7\u00e3o est\u00e1 alojada numa moderna conta de alum\u00ednio leve anodizado. Esta estrutura n\u00e3o s\u00f3 oferece integridade estrutural e protege os componentes LED, como tamb\u00e9m acrescenta uma est\u00e9tica contempor\u00e2nea e simplificada que complementa qualquer design. O seu estilo minimalista garante que o foco permanece na sua mensagem iluminada.<\/li>\n<li><strong>Sistema de suspens\u00e3o c\u00f3modo:\u00a0<\/strong>Integrados na estrutura de alum\u00ednio est\u00e3o factores de instala\u00e7\u00e3o discretos mas s\u00f3lidos, como os ganchos de ilh\u00f3s vistos nas imagens. Isto facilita a instala\u00e7\u00e3o, quer esteja a suspend\u00ea-lo do teto, a mont\u00e1-lo numa superf\u00edcie de parede ou a coloc\u00e1-lo numa vitrina.<\/li>\n<\/ul>\n<h4 id=\"-effortless-integration-easy-procedure-and-installation-\"><strong>Integra\u00e7\u00e3o sem esfor\u00e7o: Procedimento e instala\u00e7\u00e3o f\u00e1ceis\u00a0<\/strong>.<\/h4>\n<p>Acreditamos que uma tecnologia eficaz tem de ser excecionalmente f\u00e1cil de utilizar. Os nossos sinais acr\u00edlicos LED s\u00e3o desenvolvidos para uma verdadeira facilidade \"plug-and-play\".<\/p>\n<p>Alimentado por um cabo USB padr\u00e3o, a instala\u00e7\u00e3o \u00e9 t\u00e3o f\u00e1cil como lig\u00e1-lo diretamente a qualquer tipo de porta compat\u00edvel - seja um COMPUTADOR, um computador port\u00e1til, uma institui\u00e7\u00e3o financeira de energia ou um adaptador de parede USB t\u00edpico. Este sistema de baixa voltagem elimina a necessidade de uma cablagem complexa ou de peritos el\u00e9ctricos profissionais, dando-lhe a liberdade de localizar ou mover a sua indica\u00e7\u00e3o para qualquer lugar que necessite. Esta versatilidade torna os nossos indicadores perfeitos para exposi\u00e7\u00f5es, lojas pop-up e ocasi\u00f5es em que a configura\u00e7\u00e3o e desmontagem r\u00e1pidas s\u00e3o essenciais.<\/p>\n<p><a href=\"https:\/\/customacrylicproduct.com\/pt\/custom-acrylic-signs\/\"><img decoding=\"async\" class=\"aligncenter wp-image-489 size-full\" src=\"https:\/\/customacrylicproduct.com\/wp-content\/uploads\/2025\/07\/Custom-Acrylic-Signs-3.jpg\" alt=\"Sinais acr\u00edlicos personalizados\" width=\"800\" height=\"800\" srcset=\"https:\/\/customacrylicproduct.com\/wp-content\/uploads\/2025\/07\/Custom-Acrylic-Signs-3.jpg 800w, https:\/\/customacrylicproduct.com\/wp-content\/uploads\/2025\/07\/Custom-Acrylic-Signs-3-300x300.jpg 300w, https:\/\/customacrylicproduct.com\/wp-content\/uploads\/2025\/07\/Custom-Acrylic-Signs-3-150x150.jpg 150w, https:\/\/customacrylicproduct.com\/wp-content\/uploads\/2025\/07\/Custom-Acrylic-Signs-3-768x768.jpg 768w, https:\/\/customacrylicproduct.com\/wp-content\/uploads\/2025\/07\/Custom-Acrylic-Signs-3-12x12.jpg 12w, https:\/\/customacrylicproduct.com\/wp-content\/uploads\/2025\/07\/Custom-Acrylic-Signs-3-600x600.jpg 600w, https:\/\/customacrylicproduct.com\/wp-content\/uploads\/2025\/07\/Custom-Acrylic-Signs-3-100x100.jpg 100w\" sizes=\"(max-width: 800px) 100vw, 800px\" \/><\/a><\/p>\n<h4 id=\"-change-any-kind-of-area-endless-applications-\"><strong>Alterar qualquer tipo de \u00e1rea: Aplica\u00e7\u00f5es infinitas\u00a0<\/strong>.<\/h4>\n<p>O design \u00fanico e o brilho fascinante dos nossos sinais LED personalizados fazem deles uma ferramenta flex\u00edvel para acrescentar individualidade, profissionalismo e um toque de magia a qualquer tipo de ambiente.<\/p>\n<ul>\n<li><strong>Para empresas e retalho:\u00a0<\/strong>Eleve a exist\u00eancia da sua marca na loja. Utilize-os como indicadores prim\u00e1rios do design do log\u00f3tipo, sinais de orienta\u00e7\u00e3o (\u201dZona de fruta\u201d, \u201cCasas de banho\u201d, \u201cApoio ao cliente\u201d) ou para destacar promo\u00e7\u00f5es exclusivas em expositores e restaurantes. S\u00e3o excelentes para bares, caf\u00e9s, sal\u00f5es de beleza e locais de trabalho que procuram um aspeto moderno e sofisticado.<\/li>\n<li><strong>Para ocasi\u00f5es e eventos:\u00a0<\/strong>Crie um ambiente magn\u00edfico e rom\u00e2ntico em eventos e recep\u00e7\u00f5es de casamentos com um monograma personalizado ou uma placa de boas-vindas. Ilumine as celebra\u00e7\u00f5es de anivers\u00e1rios, ocasi\u00f5es de neg\u00f3cios e lan\u00e7amentos de produtos com uma pe\u00e7a central de marca que os convidados v\u00e3o adorar fotografar e partilhar.<\/li>\n<li><strong>Para \u00e1reas individuais:\u00a0<\/strong>Torne a sua vida muito mais intrigante. Mude um escrit\u00f3rio, uma sala de estar, um quarto ou uma sala de jogos com uma indica\u00e7\u00e3o personalizada. Apresente a sua cita\u00e7\u00e3o favorita, a etiqueta do seu jogador ou uma pe\u00e7a de arte \u00fanica. \u00c9 um adere\u00e7o not\u00e1vel para streamers, programadores de conte\u00fados Web e qualquer pessoa que queira criar um fundo de imagem fant\u00e1stico.<\/li>\n<\/ul>\n<h4 id=\"-partner-with-a-leading-provider-why-pick-united-states-\"><strong>Parceria com um fornecedor l\u00edder: Porqu\u00ea escolher a China? <\/strong>.<\/h4>\n<p>Como fornecedor dedicado, oferecemos mais do que apenas um artigo - oferecemos uma colabora\u00e7\u00e3o. Colaboramos com clientes privados, designers, projectistas e empresas de todas as dimens\u00f5es para fornecer servi\u00e7os de ilumina\u00e7\u00e3o escal\u00e1veis e de alta qualidade.<\/p>\n<ul>\n<li><strong>Layout colaborativo Refinar:\u00a0<\/strong>O nosso grupo de profissionais ir\u00e1 trabalhar consigo para aperfei\u00e7oar o seu esquema, garantindo que \u00e9 melhorado para grava\u00e7\u00e3o ou publica\u00e7\u00e3o para obter o melhor impacto est\u00e9tico poss\u00edvel.<\/li>\n<li><strong>Dedica\u00e7\u00e3o \u00e0 alta qualidade:\u00a0<\/strong>Cada indicador passa por um rigoroso processo de controlo de qualidade para garantir uma inscri\u00e7\u00e3o perfeita, tonalidades vibrantes e ilumina\u00e7\u00e3o ideal antes de sair do nosso centro.<\/li>\n<li><strong>Solu\u00e7\u00f5es escal\u00e1veis:\u00a0<\/strong>Quer necessite de um \u00fanico cartaz personalizado para a sua casa ou de centenas de cartazes semelhantes para um lan\u00e7amento nacional de retalho, temos a capacidade de produ\u00e7\u00e3o para satisfazer as suas exig\u00eancias de forma atempada e dentro do or\u00e7amento.<\/li>\n<li><strong>Suporte dedicado:\u00a0<\/strong>Desde o primeiro conceito at\u00e9 ao \u00faltimo envio, o nosso grupo de apoio ao cliente est\u00e1 aqui para garantir uma experi\u00eancia tranquila, transparente e agrad\u00e1vel.<\/li>\n<\/ul>\n<p><strong>Ilumine a sua marca. Ilumine a sua \u00e1rea. Desenvolva o seu minuto.\u00a0<\/strong>.<\/p>\n<p>Descubra as possibilidades ilimitadas dos indicadores acr\u00edlicos luminescentes LED personalizados. Entre em contacto connosco hoje para analisar o seu trabalho, obter um or\u00e7amento gratuito e deixar-nos ajud\u00e1-lo a concretizar a sua vis\u00e3o.<\/p>","protected":false},"excerpt":{"rendered":"<p class=\"ng-star-inserted\"><span class=\"ng-star-inserted\">Eleve o seu espa\u00e7o com os nossos pain\u00e9is acr\u00edlicos LED gravados \u00e0 medida. Como fornecedor l\u00edder, criamos sinais vibrantes e luminosos perfeitos para log\u00f3tipos de empresas, expositores de retalho e sinaliza\u00e7\u00e3o. Com uma elegante estrutura de alum\u00ednio e LEDs energeticamente eficientes, trazemos a sua marca \u00e0 luz. Obtenha um or\u00e7amento personalizado hoje mesmo.<\/span><\/p>","protected":false},"featured_media":489,"template":"","meta":{"_kad_post_transparent":"default","_kad_post_title":"","_kad_post_layout":"default","_kad_post_sidebar_id":"","_kad_post_content_style":"default","_kad_post_vertical_padding":"default","_kad_post_feature":"","_kad_post_feature_position":"","_kad_post_header":false,"_kad_post_footer":false,"_kad_post_classname":""},"product_brand":[],"product_cat":[18],"product_tag":[52,51],"class_list":{"0":"post-486","1":"product","2":"type-product","3":"status-publish","4":"has-post-thumbnail","6":"product_cat-custom-acrylic-signs","7":"product_tag-acrylic-sign-luminous","8":"product_tag-custom-acrylic-signs","10":"first","11":"instock","12":"shipping-taxable","13":"product-type-simple","14":"entry","15":"content-bg","16":"loop-entry"},"_links":{"self":[{"href":"https:\/\/customacrylicproduct.com\/pt\/wp-json\/wp\/v2\/product\/486","targetHints":{"allow":["GET"]}}],"collection":[{"href":"https:\/\/customacrylicproduct.com\/pt\/wp-json\/wp\/v2\/product"}],"about":[{"href":"https:\/\/customacrylicproduct.com\/pt\/wp-json\/wp\/v2\/types\/product"}],"wp:featuredmedia":[{"embeddable":true,"href":"https:\/\/customacrylicproduct.com\/pt\/wp-json\/wp\/v2\/media\/489"}],"wp:attachment":[{"href":"https:\/\/customacrylicproduct.com\/pt\/wp-json\/wp\/v2\/media?parent=486"}],"wp:term":[{"taxonomy":"product_brand","embeddable":true,"href":"https:\/\/customacrylicproduct.com\/pt\/wp-json\/wp\/v2\/product_brand?post=486"},{"taxonomy":"product_cat","embeddable":true,"href":"https:\/\/customacrylicproduct.com\/pt\/wp-json\/wp\/v2\/product_cat?post=486"},{"taxonomy":"product_tag","embeddable":true,"href":"https:\/\/customacrylicproduct.com\/pt\/wp-json\/wp\/v2\/product_tag?post=486"}],"curies":[{"name":"wp","href":"https:\/\/api.w.org\/{rel}","templated":true}]}}