{"id":492,"date":"2025-07-03T08:51:34","date_gmt":"2025-07-03T08:51:34","guid":{"rendered":"https:\/\/customacrylicproduct.com\/?post_type=product&#038;p=492"},"modified":"2025-07-03T12:49:41","modified_gmt":"2025-07-03T12:49:41","slug":"custom-acrylic-podiums-transparent-acrylic-lecterns","status":"publish","type":"product","link":"https:\/\/customacrylicproduct.com\/pt\/custom-acrylic-podiums-transparent-acrylic-lecterns\/","title":{"rendered":"P\u00f3dio em acr\u00edlico personalizado P\u00falpitos em acr\u00edlico transparente"},"content":{"rendered":"<h3 id=\"-command-the-stage-the-ultimate-overview-to-personalized-polymer-podiums-and-lecterns-\"><strong>Comandar o palco: A vis\u00e3o geral definitiva dos p\u00f3dios e p\u00falpitos de acr\u00edlico personalizados <\/strong>.<\/h3>\n<p>Em qualquer local onde seja necess\u00e1rio fazer ouvir uma voz - seja uma sala de confer\u00eancias de uma empresa, uma grande sala de reuni\u00f5es, um audit\u00f3rio universit\u00e1rio ou uma casa de culto espiritual - a plataforma onde se fala \u00e9 mais do que um simples m\u00f3vel. \u00c9 um sinal de autoridade, um ponto focal de aten\u00e7\u00e3o e um parceiro silencioso na comunica\u00e7\u00e3o. O melhor p\u00falpito situa o altifalante \u00e1udio, concentra o mercado-alvo e melhora o poder da mensagem.<\/p>\n<p>Durante muito tempo, a escolha foi entre p\u00falpitos de madeira robustos e convencionais ou p\u00falpitos de a\u00e7o frios e comerciais. Atualmente, oferecemos uma op\u00e7\u00e3o moderna, elegante e profundamente \u00fatil: o <a href=\"https:\/\/customacrylicproduct.com\/pt\/custom-acrylic-podiums-transparent-acrylic-lecterns\/\">P\u00f3dio acr\u00edlico personalizado<\/a>. Como fornecedor l\u00edder, desenvolvemos a arte de fabricar estrados que utilizam uma fus\u00e3o suave de estilo avan\u00e7ado, desempenho sem paralelo e personaliza\u00e7\u00e3o \u00e0 medida. Quer deseje a sofistica\u00e7\u00e3o et\u00e9rea e \u201cflutuante\u201d de um p\u00falpito transparente ou a visibilidade arquitet\u00f3nica arrojada de um design de cor s\u00f3lida como o da imagem, os nossos <a href=\"https:\/\/customacrylicproduct.com\/pt\/custom-acrylic-podiums-transparent-acrylic-lecterns\/\">p\u00f3dios em acr\u00edlico<\/a> s\u00e3o concebidos para aumentar a sua presen\u00e7a e dar for\u00e7a \u00e0 sua voz.<\/p>\n<p><a href=\"https:\/\/customacrylicproduct.com\/pt\/custom-acrylic-podiums-transparent-acrylic-lecterns\/\"><img fetchpriority=\"high\" decoding=\"async\" class=\"wp-image-496 size-full aligncenter\" src=\"https:\/\/customacrylicproduct.com\/wp-content\/uploads\/2025\/07\/Custom-Acrylic-Podiums.jpg\" alt=\"P\u00f3dios acr\u00edlicos personalizados\" width=\"800\" height=\"800\" srcset=\"https:\/\/customacrylicproduct.com\/wp-content\/uploads\/2025\/07\/Custom-Acrylic-Podiums.jpg 800w, https:\/\/customacrylicproduct.com\/wp-content\/uploads\/2025\/07\/Custom-Acrylic-Podiums-300x300.jpg 300w, https:\/\/customacrylicproduct.com\/wp-content\/uploads\/2025\/07\/Custom-Acrylic-Podiums-150x150.jpg 150w, https:\/\/customacrylicproduct.com\/wp-content\/uploads\/2025\/07\/Custom-Acrylic-Podiums-768x768.jpg 768w, https:\/\/customacrylicproduct.com\/wp-content\/uploads\/2025\/07\/Custom-Acrylic-Podiums-12x12.jpg 12w, https:\/\/customacrylicproduct.com\/wp-content\/uploads\/2025\/07\/Custom-Acrylic-Podiums-600x600.jpg 600w, https:\/\/customacrylicproduct.com\/wp-content\/uploads\/2025\/07\/Custom-Acrylic-Podiums-100x100.jpg 100w\" sizes=\"(max-width: 800px) 100vw, 800px\" \/><\/a><\/p>\n<h4 id=\"-engineered-for-excellence-the-core-concepts-of-our-layout-\"><strong>Concebido para a excel\u00eancia: Os Conceitos Fundamentais do Nosso Layout\u00a0<\/strong>.<\/h4>\n<p>Todos os p\u00f3dios que produzimos s\u00e3o constru\u00eddos com base numa estrutura de princ\u00edpios de design ponderados, resolvendo as necessidades reais dos oradores de \u00e1udio e dos coordenadores de ocasi\u00f5es. N\u00e3o nos limitamos a construir p\u00falpitos; criamos solu\u00e7\u00f5es.<\/p>\n<p><strong>1. Estabilidade inabal\u00e1vel: A sua estrutura fundamentada\u00a0<\/strong>. A confian\u00e7a de um altifalante de \u00e1udio pode ser subtilmente enfraquecida por um sistema inst\u00e1vel ou inst\u00e1vel. N\u00f3s elimin\u00e1mos completamente esta preocupa\u00e7\u00e3o. A base do nosso p\u00f3dio \u00e9 o seu\u00a0<strong>elevada estabilidade\u00a0<\/strong>, obtida atrav\u00e9s de uma conce\u00e7\u00e3o cuidada. A base foi, de facto, significativamente\u00a0<strong>engrossado e alargado\u00a0<\/strong>, A estrutura do p\u00f3dio \u00e9 de grande dimens\u00e3o, criando um centro de massa baixo e uma pegada significativa. Este design garante que o p\u00f3dio se mant\u00e9m firmemente assente, sem qualquer tipo de oscila\u00e7\u00e3o ou vibra\u00e7\u00e3o, mesmo em palcos com tr\u00e1fego pedonal intenso ou em ambientes vibrantes. Apoie-se nele, pouse os seus produtos com confian\u00e7a e gesticule com entusiasmo - o seu p\u00f3dio continuar\u00e1 a ser um suporte firme e fi\u00e1vel, permitindo-lhe concentrar-se inteiramente na sua apresenta\u00e7\u00e3o.<\/p>\n<p><strong>2. Sofistica\u00e7\u00e3o duradoura: A promessa de uma grande dureza\u00a0<\/strong>. Um investimento financeiro em ferramentas profissionais deve ser um investimento a longo prazo. As nossas plataformas s\u00e3o constru\u00eddas a partir de\u00a0<strong>acr\u00edlico de alta qualidade e de primeira classe\u00a0<\/strong>, um material escolhido pela sua not\u00e1vel combina\u00e7\u00e3o de resist\u00eancia e atratividade. Embora seja\u00a0<strong>menos de metade do peso do vidro\u00a0<\/strong>, A sua estrutura molecular oferece uma extraordin\u00e1ria dureza e resist\u00eancia aos efeitos.<\/p>\n<p>Al\u00e9m disso, o nosso pol\u00edmero \u00e9 especificamente formulado para ser\u00a0<strong>muito menos vulner\u00e1vel a manchas ou amarelecimento\u00a0<\/strong>com o tempo, mesmo quando exposto \u00e0 luz solar ou a luzes interiores fortes. Ao contr\u00e1rio dos pl\u00e1sticos de qualidade inferior, preservar\u00e1 a sua abertura cristalina ou a sua sombra excelente e s\u00f3lida durante muitos anos, garantindo que a sua fase tenha sempre um aspeto profissional e requintado. Este n\u00e3o \u00e9 um componente moment\u00e2neo; \u00e9 uma pedra angular robusta do seu conjunto de ferramentas de discuss\u00e3o.<\/p>\n<p><a href=\"https:\/\/customacrylicproduct.com\/pt\/custom-acrylic-furnitures\/\"><img decoding=\"async\" class=\"wp-image-494 size-full aligncenter\" src=\"https:\/\/customacrylicproduct.com\/wp-content\/uploads\/2025\/07\/Custom-Acrylic-Podiums-2.jpg\" alt=\"P\u00f3dios acr\u00edlicos personalizados\" width=\"800\" height=\"800\" srcset=\"https:\/\/customacrylicproduct.com\/wp-content\/uploads\/2025\/07\/Custom-Acrylic-Podiums-2.jpg 800w, https:\/\/customacrylicproduct.com\/wp-content\/uploads\/2025\/07\/Custom-Acrylic-Podiums-2-300x300.jpg 300w, https:\/\/customacrylicproduct.com\/wp-content\/uploads\/2025\/07\/Custom-Acrylic-Podiums-2-150x150.jpg 150w, https:\/\/customacrylicproduct.com\/wp-content\/uploads\/2025\/07\/Custom-Acrylic-Podiums-2-768x768.jpg 768w, https:\/\/customacrylicproduct.com\/wp-content\/uploads\/2025\/07\/Custom-Acrylic-Podiums-2-12x12.jpg 12w, https:\/\/customacrylicproduct.com\/wp-content\/uploads\/2025\/07\/Custom-Acrylic-Podiums-2-600x600.jpg 600w, https:\/\/customacrylicproduct.com\/wp-content\/uploads\/2025\/07\/Custom-Acrylic-Podiums-2-100x100.jpg 100w\" sizes=\"(max-width: 800px) 100vw, 800px\" \/><\/a><\/p>\n<p><strong>3. Seguran\u00e7a intencional: Confian\u00e7a em cada pormenor\u00a0<\/strong>. Num espa\u00e7o p\u00fablico, a seguran\u00e7a e a prote\u00e7\u00e3o s\u00e3o extremamente importantes. Acreditamos que um estilo cuidado se estende \u00e0 prote\u00e7\u00e3o do utilizador e do p\u00fablico. \u00c9 por isso que implement\u00e1mos\u00a0<strong>fun\u00e7\u00f5es de seguran\u00e7a fortes\u00a0<\/strong>nos nossos p\u00f3dios. Os\u00a0<strong>os quatro cantos da superf\u00edcie de ataque da plataforma foram habilmente arredondados e alisados\u00a0<\/strong>. Este pormenor relativamente pequeno tem uma influ\u00eancia consider\u00e1vel. Elimina as arestas vivas, pelo que\u00a0<strong>n\u00e3o precisa de se preocupar com os danos ou ferimentos provocados por choques involunt\u00e1rios\u00a0<\/strong>. Isto proporciona o conforto indispens\u00e1vel em ambientes din\u00e2micos como feiras comerciais, audit\u00f3rios de escolas ou sal\u00f5es de eventos onde as pessoas se deslocam frequentemente.<\/p>\n<h4 id=\"-developed-for-the-audio-speaker-a-masterclass-in-practicality-\"><strong>Desenvolvido para o altifalante de \u00e1udio: Uma aula magistral de praticidade\u00a0<\/strong>.<\/h4>\n<p>O verdadeiro valor de um p\u00f3dio \u00e9 determinado pela forma como serve a pessoa que o apoia. Incorpor\u00e1mos atributos que aumentam a comodidade, a facilidade e o desempenho.<\/p>\n<p><strong>Elevada utilidade em todos os \u00e2ngulos:\u00a0<\/strong>. A superf\u00edcie de leitura da chave inclui uma superf\u00edcie suave,\u00a0<strong>tampo de mesa ergonomicamente inclinado\u00a0<\/strong>. Esta \u00e9 uma escolha de design crucial que torna dramaticamente\u00a0<strong>simplificar a revis\u00e3o dos documentos pelos utilizadores\u00a0<\/strong>, O objetivo \u00e9 manter a postura, as notas ou os ecr\u00e3s dos tablets sem esticar o pesco\u00e7o ou quebrar o contacto visual com o mercado-alvo. Isto motiva uma melhor postura, reduz o stress durante longas discuss\u00f5es e facilita um estilo de discurso extra natural e interessante.<\/p>\n<p><strong>Arruma\u00e7\u00e3o integrada para um quarto sem desarruma\u00e7\u00e3o:\u00a0<\/strong>. No interior da estrutura do p\u00f3dio, encontra-se um espa\u00e7oso\u00a0<strong>espa\u00e7o de arruma\u00e7\u00e3o interior placa ou estante\u00a0<\/strong>. Esta fun\u00e7\u00e3o \u00e9 o ep\u00edtome do estilo \u00fatil, fornecendo uma \u00e1rea conveniente e fora de vista para guardar todos os seus elementos b\u00e1sicos. Quer se trate de um copo de \u00e1gua, de um microfone sobresselente, da sua B\u00edblia ou mensagem religiosa, de um caderno para anotar ideias ou de controlos remotos para apresenta\u00e7\u00f5es, este suporte mant\u00e9m a sua principal superf\u00edcie de exposi\u00e7\u00e3o arrumada e organizada. Isto permite um aspeto mais especializado e garante que tudo o que precisa est\u00e1 ao seu alcance, mas escondido da vista do p\u00fablico.<\/p>\n<h4 id=\"-the-power-of-choice-transparent-vs-solid-color-podiums-\"><strong>O poder da escolha: p\u00f3dios transparentes vs. de cor s\u00f3lida\u00a0<\/strong>.<\/h4>\n<p>Embora todos os nossos p\u00falpitos sejam desenvolvidos com os mesmos conceitos fundamentais de seguran\u00e7a, longevidade e funcionalidade, oferecemos op\u00e7\u00f5es visuais \u00fanicas para corresponder perfeitamente ao seu ambiente e \u00e0 sua marca.<\/p>\n<ul>\n<li><strong>O p\u00falpito em pol\u00edmero transparente:\u00a0<\/strong>A plataforma \u201cghost\u201d \u00e9 a declara\u00e7\u00e3o m\u00e1xima do minimalismo moderno. A sua constru\u00e7\u00e3o e constru\u00e7\u00e3o cristalinas criam uma impress\u00e3o de visibilidade, colocando todo o foco no altifalante \u00e1udio. Integra-se perfeitamente em qualquer tipo de decora\u00e7\u00e3o, fazendo com que o espa\u00e7o pare\u00e7a maior e menos ca\u00f3tico. Este estilo \u00e9 extremamente popular em igrejas contempor\u00e2neas, confer\u00eancias tecnol\u00f3gicas, galerias de arte e cerim\u00f3nias de casamento, onde se pretende um aspeto discreto mas elegante.<\/li>\n<li><strong>O p\u00f3dio de pol\u00edmero de cor s\u00f3lida (conforme a foto):\u00a0<\/strong>A plataforma branca, simples e n\u00e3o transparente, apresentada na imagem, proporciona um efeito diferente. Fornece uma presen\u00e7a forte, forte e um tipo de edif\u00edcio limpo. Este estilo funciona como a melhor tela para\u00a0<strong>marca personalizada\u00a0<\/strong>. O design do log\u00f3tipo da sua empresa, publicado em cores vivas e completas, destaca-se com uma nitidez fenomenal em rela\u00e7\u00e3o ao excelente hist\u00f3rico branco, transformando rapidamente o p\u00falpito num poderoso dispositivo de branding. Estes s\u00e3o excelentes para ocasi\u00f5es empresariais, universidades, organiza\u00e7\u00f5es governamentais federais e qualquer tipo de empresa que pretenda fazer uma declara\u00e7\u00e3o visual s\u00f3lida.<\/li>\n<\/ul>\n<p><a href=\"https:\/\/customacrylicproduct.com\/pt\/custom-acrylic-furnitures\/\"><img decoding=\"async\" class=\"wp-image-493 size-full aligncenter\" src=\"https:\/\/customacrylicproduct.com\/wp-content\/uploads\/2025\/07\/Custom-Acrylic-Podiums-1.jpg\" alt=\"P\u00f3dios acr\u00edlicos personalizados\" width=\"800\" height=\"800\" srcset=\"https:\/\/customacrylicproduct.com\/wp-content\/uploads\/2025\/07\/Custom-Acrylic-Podiums-1.jpg 800w, https:\/\/customacrylicproduct.com\/wp-content\/uploads\/2025\/07\/Custom-Acrylic-Podiums-1-300x300.jpg 300w, https:\/\/customacrylicproduct.com\/wp-content\/uploads\/2025\/07\/Custom-Acrylic-Podiums-1-150x150.jpg 150w, https:\/\/customacrylicproduct.com\/wp-content\/uploads\/2025\/07\/Custom-Acrylic-Podiums-1-768x768.jpg 768w, https:\/\/customacrylicproduct.com\/wp-content\/uploads\/2025\/07\/Custom-Acrylic-Podiums-1-12x12.jpg 12w, https:\/\/customacrylicproduct.com\/wp-content\/uploads\/2025\/07\/Custom-Acrylic-Podiums-1-600x600.jpg 600w, https:\/\/customacrylicproduct.com\/wp-content\/uploads\/2025\/07\/Custom-Acrylic-Podiums-1-100x100.jpg 100w\" sizes=\"(max-width: 800px) 100vw, 800px\" \/><\/a><\/p>\n<h4 id=\"-a-stage-for-every-single-event-unequaled-flexibility-\"><strong>Um palco para cada evento: Flexibilidade inigual\u00e1vel\u00a0<\/strong>.<\/h4>\n<p>As linhas simples e o aspeto especializado da nossa <a href=\"https:\/\/customacrylicproduct.com\/pt\/custom-acrylic-podiums-transparent-acrylic-lecterns\/\">p\u00falpitos em acr\u00edlico<\/a> tornam-nos incrivelmente funcionais. Os nossos p\u00f3dios t\u00eam, de facto, regulado o foco numa grande variedade de locais e eventos:.<\/p>\n<ul>\n<li><strong>Confer\u00eancias e Palestras:\u00a0<\/strong>Dar uma imagem de autoridade, profissionalismo e confian\u00e7a contempor\u00e2neos.<\/li>\n<li><strong>Feiras de profiss\u00f5es:\u00a0<\/strong>Traga visitantes ao seu cub\u00edculo e ofere\u00e7a um sistema de marca para demonstra\u00e7\u00f5es de produtos.<\/li>\n<li><strong>Igrejas e locais de ora\u00e7\u00e3o:\u00a0<\/strong>Utilize um p\u00falpito de acr\u00edlico transparente para produzir uma sensa\u00e7\u00e3o de visibilidade e liga\u00e7\u00e3o, ou um p\u00falpito forte para uma visibilidade muito mais normal. A prateleira interior \u00e9 perfeita para guardar as Escrituras e as notas do serm\u00e3o.<\/li>\n<li><strong>Casamentos e banquetes:\u00a0<\/strong>Ofere\u00e7a um centro de mesa elegante e moderno para discursos, brindes e juras.<\/li>\n<li><strong>Escolas e Universidades:\u00a0<\/strong>Ofere\u00e7a um p\u00falpito robusto, seguro e especializado para configura\u00e7\u00f5es e palestras.<\/li>\n<li><strong>Restaurantes e hot\u00e9is:\u00a0<\/strong>Utilize como um sofisticado suporte para receber convidados.<\/li>\n<\/ul>\n<h4 id=\"-a-dedication-to-a-better-future-great-material-accountable-choice-\"><strong>Dedica\u00e7\u00e3o a um futuro melhor: \u00d3timo material, escolha respons\u00e1vel\u00a0<\/strong>.<\/h4>\n<p>O acr\u00edlico que utilizamos n\u00e3o \u00e9 apenas resistente e deslumbrante, mas tamb\u00e9m uma escolha respons\u00e1vel. \u00c9 um\u00a0<strong>\u00f3timo produto que se adapta tanto \u00e0s pessoas como ao ambiente\u00a0<\/strong>. N\u00e3o \u00e9 t\u00f3xico e n\u00e3o cont\u00e9m qu\u00edmicos perigosos, o que o torna seguro para qualquer tipo de ambiente interior. Al\u00e9m disso, o acr\u00edlico \u00e9 um produto recicl\u00e1vel, em linha com os objectivos de sustentabilidade das empresas modernas.<\/p>\n<p><strong>Levante a sua voz. Defina o seu palco.\u00a0<\/strong>.<\/p>\n<p>Escolher um dos nossos <a href=\"https:\/\/customacrylicproduct.com\/pt\/custom-acrylic-podiums-transparent-acrylic-lecterns\/\">plataformas acr\u00edlicas personalizadas<\/a> \u00e9 optar por investir em alta qualidade, seguran\u00e7a e design. \u00c9 uma declara\u00e7\u00e3o de que valoriza uma comunica\u00e7\u00e3o clara e uma fotografia especializada. \u00c9 uma ferramenta feita para o capacitar, oferecendo-lhe uma plataforma est\u00e1vel, funcional e bonita para partilhar a sua mensagem com o mundo.<\/p>\n<p>Contacte-nos hoje para discutir os seus requisitos espec\u00edficos. Permita-nos ajud\u00e1-lo a escolher o melhor design, dimens\u00e3o e op\u00e7\u00f5es de marca personalizadas para desenvolver um p\u00falpito que seja distintamente seu.<\/p>","protected":false},"excerpt":{"rendered":"<p>Melhore a sua presen\u00e7a em palco com os nossos p\u00f3dios em acr\u00edlico personalizados. Dispon\u00edveis em estilos transparentes ou de cor s\u00f3lida, como este modelo branco moderno, os nossos p\u00falpitos oferecem estabilidade e um aspeto profissional. Adicione o log\u00f3tipo da sua organiza\u00e7\u00e3o para um toque personalizado. Perfeito para confer\u00eancias, escolas e eventos.<\/p>","protected":false},"featured_media":496,"template":"","meta":{"_kad_post_transparent":"default","_kad_post_title":"","_kad_post_layout":"default","_kad_post_sidebar_id":"","_kad_post_content_style":"default","_kad_post_vertical_padding":"default","_kad_post_feature":"","_kad_post_feature_position":"","_kad_post_header":false,"_kad_post_footer":false,"_kad_post_classname":""},"product_brand":[],"product_cat":[21],"product_tag":[53,54,55],"class_list":{"0":"post-492","1":"product","2":"type-product","3":"status-publish","4":"has-post-thumbnail","6":"product_cat-custom-acrylic-furnitures","7":"product_tag-custom-acrylic-podiums","8":"product_tag-transparent-acrylic-lecterns","9":"product_tag-transparent-acrylic-podiums","11":"first","12":"instock","13":"shipping-taxable","14":"product-type-simple","15":"entry","16":"content-bg","17":"loop-entry"},"_links":{"self":[{"href":"https:\/\/customacrylicproduct.com\/pt\/wp-json\/wp\/v2\/product\/492","targetHints":{"allow":["GET"]}}],"collection":[{"href":"https:\/\/customacrylicproduct.com\/pt\/wp-json\/wp\/v2\/product"}],"about":[{"href":"https:\/\/customacrylicproduct.com\/pt\/wp-json\/wp\/v2\/types\/product"}],"wp:featuredmedia":[{"embeddable":true,"href":"https:\/\/customacrylicproduct.com\/pt\/wp-json\/wp\/v2\/media\/496"}],"wp:attachment":[{"href":"https:\/\/customacrylicproduct.com\/pt\/wp-json\/wp\/v2\/media?parent=492"}],"wp:term":[{"taxonomy":"product_brand","embeddable":true,"href":"https:\/\/customacrylicproduct.com\/pt\/wp-json\/wp\/v2\/product_brand?post=492"},{"taxonomy":"product_cat","embeddable":true,"href":"https:\/\/customacrylicproduct.com\/pt\/wp-json\/wp\/v2\/product_cat?post=492"},{"taxonomy":"product_tag","embeddable":true,"href":"https:\/\/customacrylicproduct.com\/pt\/wp-json\/wp\/v2\/product_tag?post=492"}],"curies":[{"name":"wp","href":"https:\/\/api.w.org\/{rel}","templated":true}]}}