{"id":497,"date":"2025-07-03T09:28:13","date_gmt":"2025-07-03T09:28:13","guid":{"rendered":"https:\/\/customacrylicproduct.com\/?post_type=product&#038;p=497"},"modified":"2025-07-03T12:48:41","modified_gmt":"2025-07-03T12:48:41","slug":"custom-clear-acrylic-fruit-trays-maker-perspex-acrylic-tray","status":"publish","type":"product","link":"https:\/\/customacrylicproduct.com\/pt\/custom-clear-acrylic-fruit-trays-maker-perspex-acrylic-tray\/","title":{"rendered":"Bandejas de fruta em acr\u00edlico transparente personalizadas Bandeja em acr\u00edlico Perspex Maker"},"content":{"rendered":"<h3 id=\"-the-art-of-discussion-custom-crafted-perspex-polymer-trays-display-solutions-\"><strong>A arte da discuss\u00e3o: Tabuleiros e solu\u00e7\u00f5es de exposi\u00e7\u00e3o personalizados em pol\u00edmero Perspex \u00ae\u00a0<\/strong>.<\/h3>\n<p>No mundo do com\u00e9rcio de luxo, da simpatia de luxo e dos espa\u00e7os pessoais com curadoria, a discuss\u00e3o n\u00e3o \u00e9 apenas um pormenor - \u00e9 a experi\u00eancia completa. A forma como um objeto \u00e9 segurado, apresentado e fornecido liga o seu valor muito antes de se ler um custo ou de se saborear um gosto. Reconhecemos perfeitamente este princ\u00edpio. Como principais fabricantes de tabuleiros personalizados em acr\u00edlico Perspex \u00ae e solu\u00e7\u00f5es para exposi\u00e7\u00f5es, n\u00e3o nos limitamos a criar recipientes; criamos experi\u00eancias. Desenvolvemos o palco invis\u00edvel que faz dos seus produtos a estrela do programa.<\/p>\n<p>O nosso <a href=\"https:\/\/customacrylicproduct.com\/pt\/custom-clear-acrylic-fruit-trays-maker-perspex-acrylic-tray\/\">tabuleiros personalizados,<\/a> como o modelo azul elegantemente contempor\u00e2neo da foto, s\u00e3o a personifica\u00e7\u00e3o da classe m\u00ednima e do desempenho sem paralelo. S\u00e3o desenvolvidos para clientes exigentes que requerem alta qualidade, clareza e modifica\u00e7\u00e3o, transformando qualquer ecr\u00e3 de normal em extraordin\u00e1rio.<\/p>\n<h4 id=\"-the-product-of-option-the-unmatched-prevalence-of-perspex-polymer-\"><strong>O produto da op\u00e7\u00e3o: A inigual\u00e1vel preval\u00eancia do pol\u00edmero Perspex \u00ae\u00a0<\/strong>.<\/h4>\n<p>A base de qualquer obra de arte \u00e9 o produto onde ela nasce. Utilizamos exclusivamente o acr\u00edlico Perspex \u00ae de qualidade superior, um material reconhecido pela sua pureza \u00f3tica e desempenho duradouro, que excede em muito os materiais tradicionais como o vidro em todos os aspectos cruciais.<\/p>\n<p><strong>1. Qualidade \u00f3tica direta:\u00a0<\/strong>. Os nossos tabuleiros s\u00e3o\u00a0<strong>fabricado em acr\u00edlico Perspex \u00ae cristalino\u00a0<\/strong>, um produto que \u00e9\u00a0<strong>opticamente mais claro do que o vidro\u00a0<\/strong>. Enquanto o vidro b\u00e1sico tem frequentemente uma tonalidade ecol\u00f3gica refinada que pode distorcer a tonalidade real dos objectos que cont\u00e9m, o nosso pol\u00edmero \u00e9 praticamente invis\u00edvel. Esta clareza imaculada garante que os seus artigos s\u00e3o vistos exatamente como foram concebidos, com cores vibrantes e informa\u00e7\u00f5es detalhadas totalmente vis\u00edveis de todos os \u00e2ngulos. N\u00e3o se limita a guardar os seus objectos; d\u00e1-lhes um impulso.<\/p>\n<p><strong>2. Uma prote\u00e7\u00e3o contra o tempo: Seguran\u00e7a fundamental da UV:\u00a0<\/strong>. A luz do sol e a ilumina\u00e7\u00e3o artificial irregular s\u00e3o riscos silenciosos para bens valiosos, provocando a descolora\u00e7\u00e3o das cores e a degrada\u00e7\u00e3o dos produtos com o tempo. O nosso acr\u00edlico de alta qualidade funciona como um escudo poderoso, proporcionando uma\u00a0<strong>elevado n\u00edvel de prote\u00e7\u00e3o UV\u00a0<\/strong>. Esta qualidade superior integral remove uma parte significativa dos raios ultravioleta inseguros, protegendo os alimentos delicados de manchas, protegendo as j\u00f3ias preciosas de perderem o seu brilho e protegendo a integridade de antiguidades e artefactos.<\/p>\n<p><strong>3. Seguran\u00e7a e praticidade integradas:\u00a0<\/strong>. Em qualquer tipo de ambiente p\u00fablico ou de grande aflu\u00eancia, a prote\u00e7\u00e3o e a seguran\u00e7a n\u00e3o s\u00e3o negoci\u00e1veis. As nossas solu\u00e7\u00f5es em acr\u00edlico oferecem uma profunda satisfa\u00e7\u00e3o.\u00a0<strong>Muito mais seguro do que utilizar vidro\u00a0<\/strong>, O acr\u00edlico \u00e9 incrivelmente resistente a estilha\u00e7os. Uma queda ou batida n\u00e3o intencional tem muito menos probabilidades de provocar uma confus\u00e3o perigosa de fragmentos afiados. Para al\u00e9m disso, o acr\u00edlico \u00e9\u00a0<strong>menos de metade do peso do vidro\u00a0<\/strong>, O que torna os nossos tabuleiros extremamente f\u00e1ceis de gerir, transportar e reorganizar - uma vantagem importante para o pessoal da ocasi\u00e3o, os comerciantes de retalho e os artistas dom\u00e9sticos.<\/p>\n<p><a href=\"https:\/\/customacrylicproduct.com\/pt\/custom-clear-acrylic-fruit-trays-maker-perspex-acrylic-tray\/\"><img fetchpriority=\"high\" decoding=\"async\" class=\"aligncenter wp-image-499 size-full\" src=\"https:\/\/customacrylicproduct.com\/wp-content\/uploads\/2025\/07\/Custom-Acrylic-Trays-2.jpg\" alt=\"Tabuleiros acr\u00edlicos personalizados\" width=\"800\" height=\"800\" srcset=\"https:\/\/customacrylicproduct.com\/wp-content\/uploads\/2025\/07\/Custom-Acrylic-Trays-2.jpg 800w, https:\/\/customacrylicproduct.com\/wp-content\/uploads\/2025\/07\/Custom-Acrylic-Trays-2-300x300.jpg 300w, https:\/\/customacrylicproduct.com\/wp-content\/uploads\/2025\/07\/Custom-Acrylic-Trays-2-150x150.jpg 150w, https:\/\/customacrylicproduct.com\/wp-content\/uploads\/2025\/07\/Custom-Acrylic-Trays-2-768x768.jpg 768w, https:\/\/customacrylicproduct.com\/wp-content\/uploads\/2025\/07\/Custom-Acrylic-Trays-2-12x12.jpg 12w, https:\/\/customacrylicproduct.com\/wp-content\/uploads\/2025\/07\/Custom-Acrylic-Trays-2-600x600.jpg 600w, https:\/\/customacrylicproduct.com\/wp-content\/uploads\/2025\/07\/Custom-Acrylic-Trays-2-100x100.jpg 100w\" sizes=\"(max-width: 800px) 100vw, 800px\" \/><\/a><\/p>\n<h4 id=\"-craftsmanship-in-every-line-the-appeal-of-seamless-building-and-construction-\"><strong>Artesanato em cada linha: O apelo da constru\u00e7\u00e3o sem costuras\u00a0<\/strong>.<\/h4>\n<p>O verdadeiro topo de gama reside nos pormenores da constru\u00e7\u00e3o. O nosso processo de produ\u00e7\u00e3o \u00e9 especificado pela exatid\u00e3o, o que resulta num produto que \u00e9 t\u00e3o bom quanto parece.<\/p>\n<p>Uma das carater\u00edsticas mais marcantes dos nossos tabuleiros e estojos \u00e9 a sua est\u00e9tica limpa e sem perturba\u00e7\u00f5es. Isto \u00e9 conseguido atrav\u00e9s da utiliza\u00e7\u00e3o de\u00a0<strong>pain\u00e9is acr\u00edlicos unidos por juntas de topo\u00a0<\/strong>, uma t\u00e9cnica que permite\u00a0<strong>vistas bem organizadas sem uma estrutura de a\u00e7o horr\u00edvel a tapar-lhe a vista\u00a0<\/strong>. Ao contr\u00e1rio dos artigos inferiores, unidos por suportes ou equipamentos vis\u00edveis, os nossos artigos parecem ter sido fabricados a partir de um \u00fanico e forte bloco de acr\u00edlico. Esta disposi\u00e7\u00e3o monol\u00edtica cria uma sensa\u00e7\u00e3o avan\u00e7ada, com qualidade de museu, que aumenta o valor visual de tudo aquilo em que consiste. As arestas suavemente arredondadas, como se v\u00ea no tabuleiro azul, s\u00e3o completamente dobradas a quente e refinadas, garantindo um tipo suave e fluido que \u00e9 simultaneamente elegante \u00e0 vista e positivo ao toque.<\/p>\n<h4 id=\"-beyond-the-tray-the-globe-of-customization-and-enclosed-displays-\"><strong>Para al\u00e9m do tabuleiro: O mundo da personaliza\u00e7\u00e3o e dos expositores fechados\u00a0<\/strong>.<\/h4>\n<p>Embora os nossos tabuleiros abertos sejam um marco de sofistica\u00e7\u00e3o, reconhecemos que a verdadeira seguran\u00e7a, em alguns casos, exige um servi\u00e7o mais pormenorizado. O nosso know-how como fabricante personalizado permite-nos prolongar esta abordagem de estilo para caixas e expositores em acr\u00edlico completamente fechados.<\/p>\n<p>Um\u00a0<strong><a href=\"https:\/\/customacrylicproduct.com\/pt\/custom-clear-acrylic-fruit-trays-maker-perspex-acrylic-tray\/\">fornecimentos para caixas acr\u00edlicas<\/a> um recipiente com 6 faces\u00a0<\/strong>que \u00e9 perfeito para quando precisa de\u00a0<strong>mantenha os seus objectos guardados de forma organizada, seca e sem riscos de visitantes indesejados!\u00a0<\/strong>Este \u00e9 o servi\u00e7o ideal para proteger p\u00e3es fr\u00e1geis da sujidade, proteger j\u00f3ias de moda \u00fateis de serem manuseadas ou arquivar artefactos essenciais.<\/p>\n<p>Para garantir um ajuste ideal e protegido, os nossos estojos s\u00e3o\u00a0<strong>fornecido com uma base acr\u00edlica rebaixada de 6 mm\u00a0<\/strong>. Este estilo apresenta um lado pequeno e escalonado fresado diretamente na base, permitindo que a tampa de 5 lados\u00a0<strong>segurar firmemente pronto\u00a0<\/strong>. Protege contra o deslizamento da tampa, proporcionando seguran\u00e7a e prote\u00e7\u00e3o, preservando o aspeto elegante e sem moldura.<\/p>\n<p>A sua vis\u00e3o \u00e9 o nosso projeto. N\u00f3s prosperamos na modifica\u00e7\u00e3o e podemos criar solu\u00e7\u00f5es personalizadas para as suas necessidades precisas. Os nossos <a href=\"https:\/\/customacrylicproduct.com\/pt\/custom-acrylic-trays\/\">tabuleiros ac\u00edlicos personalizados<\/a> e as inst\u00e2ncias podem ser <strong>adaptados a uma grande variedade de tamanhos e tonalidades\u00a0<\/strong>. Quer necessite de um tabuleiro que se adapte a uma dimens\u00e3o de prateleira espec\u00edfica, de uma caixa na cor da sua marca ou de uma forma \u00fanica para fazer uma declara\u00e7\u00e3o forte, o nosso grupo de artes\u00e3os pode dar-lhe vida.<\/p>\n<p><a href=\"https:\/\/customacrylicproduct.com\/pt\/custom-clear-acrylic-fruit-trays-maker-perspex-acrylic-tray\/\"><img decoding=\"async\" class=\"aligncenter wp-image-498 size-full\" src=\"https:\/\/customacrylicproduct.com\/wp-content\/uploads\/2025\/07\/Custom-Acrylic-Trays-1.jpg\" alt=\"Tabuleiros acr\u00edlicos personalizados\" width=\"800\" height=\"800\" srcset=\"https:\/\/customacrylicproduct.com\/wp-content\/uploads\/2025\/07\/Custom-Acrylic-Trays-1.jpg 800w, https:\/\/customacrylicproduct.com\/wp-content\/uploads\/2025\/07\/Custom-Acrylic-Trays-1-300x300.jpg 300w, https:\/\/customacrylicproduct.com\/wp-content\/uploads\/2025\/07\/Custom-Acrylic-Trays-1-150x150.jpg 150w, https:\/\/customacrylicproduct.com\/wp-content\/uploads\/2025\/07\/Custom-Acrylic-Trays-1-768x768.jpg 768w, https:\/\/customacrylicproduct.com\/wp-content\/uploads\/2025\/07\/Custom-Acrylic-Trays-1-12x12.jpg 12w, https:\/\/customacrylicproduct.com\/wp-content\/uploads\/2025\/07\/Custom-Acrylic-Trays-1-600x600.jpg 600w, https:\/\/customacrylicproduct.com\/wp-content\/uploads\/2025\/07\/Custom-Acrylic-Trays-1-100x100.jpg 100w\" sizes=\"(max-width: 800px) 100vw, 800px\" \/><\/a><\/p>\n<h4 id=\"-elevating-the-present-creating-measurement-and-style-\"><strong>Elevando o presente: Criar medida e estilo\u00a0<\/strong>.<\/h4>\n<p>Um ecr\u00e3 sem qualidade pode ser uma oportunidade perdida. Para o ajudar a produzir apresenta\u00e7\u00f5es verdadeiramente vibrantes e apelativas, fornecemos uma cole\u00e7\u00e3o de dispositivos de ecr\u00e3 compat\u00edveis.\u00a0<strong>O nosso <a href=\"https:\/\/customacrylicproduct.com\/pt\/custom-acrylic-trays\/\">expositor em acr\u00edlico<\/a> As pontes, os degraus e os blocos em tela podem ser utilizados no interior da vitrina retangular em acr\u00edlico para incluir design e medidas adicionais nos seus expositores.\u00a0<\/strong>.<\/p>\n<p>Imagine um ecr\u00e3 de exposi\u00e7\u00e3o de j\u00f3ias de moda em que um pendente \u00e9 elegantemente cortado sobre uma ponte, com j\u00f3ias a condizer assentes em pequenos blocos, tudo alojado numa caixa transparente e protegida. Ou imagine um tabuleiro de sobremesas em que os macarons s\u00e3o colocados num ecr\u00e3 de v\u00e1rios n\u00edveis, criando uma paisagem esteticamente magn\u00edfica de guloseimas. Estes dispositivos b\u00e1sicos e transparentes integram-se sem esfor\u00e7o, permitindo-lhe divertir-se com a eleva\u00e7\u00e3o e a profundidade para direcionar o olhar do p\u00fablico e informar uma hist\u00f3ria visual muito mais envolvente.<\/p>\n<h4 id=\"-a-world-of-applications-where-beauty-fulfills-function-\"><strong>Um mundo de aplica\u00e7\u00f5es: Onde a beleza cumpre a fun\u00e7\u00e3o\u00a0<\/strong>.<\/h4>\n<p>A flexibilidade e a est\u00e9tica avan\u00e7ada dos nossos tabuleiros e caixas em acr\u00edlico feitos por medida fazem deles a excelente op\u00e7\u00e3o para uma variedade quase ilimitada de aplica\u00e7\u00f5es.<\/p>\n<ul>\n<li><strong>Alimentos presentes:\u00a0<\/strong>Desde a apresenta\u00e7\u00e3o de planos de fruta din\u00e2micos e pastelaria decadente num buffet de hotel at\u00e9 \u00e0 apresenta\u00e7\u00e3o de aperitivos numa ocasi\u00e3o de catering ou \u00e0 organiza\u00e7\u00e3o de condimentos num caf\u00e9 moderno, os nossos tabuleiros seguros para alimentos s\u00e3o simultaneamente higi\u00e9nicos e espectaculares.<\/li>\n<li><strong>Joalharia e retalho de alta gama:\u00a0<\/strong>Desenvolva uma atmosfera de exclusividade premium. Apresente rel\u00f3gios, pingentes, an\u00e9is e grandes dispositivos de forma a real\u00e7ar a sua manufatura sem distra\u00e7\u00e3o. A op\u00e7\u00e3o de caixa com tampa inclui uma camada de seguran\u00e7a necess\u00e1ria.<\/li>\n<li><strong>Exposi\u00e7\u00f5es em montras e an\u00fancios em lojas:\u00a0<\/strong>Capte o interesse dos transeuntes com um ecr\u00e3 de janela limpo, brilhante e moderno. Os nossos tabuleiros e situa\u00e7\u00f5es s\u00e3o excelentes para dar destaque a lan\u00e7amentos de novos artigos, promo\u00e7\u00f5es sazonais e artigos em destaque.<\/li>\n<li><strong>Museus e galerias:\u00a0<\/strong>Apresente artefactos, modelos e antiguidades com a qualidade e a defesa a que t\u00eam direito. A defesa UV e as vistas desobstru\u00eddas s\u00e3o necess\u00e1rias para fun\u00e7\u00f5es de arquivo e eventos.<\/li>\n<li><strong>Casa e local de trabalho:\u00a0<\/strong>Organize o seu toucador com um tabuleiro elegante para perfumes e cosm\u00e9ticos, desenvolva uma travessa sofisticada para receber visitas ou utilize um tabuleiro personalizado como coordenador avan\u00e7ado de uma secret\u00e1ria ou como \u201capanhador\u201d na sua entrada.<\/li>\n<\/ul>\n<p><a href=\"https:\/\/customacrylicproduct.com\/pt\/custom-acrylic-trays\/\"><img decoding=\"async\" class=\"aligncenter wp-image-500 size-full\" src=\"https:\/\/customacrylicproduct.com\/wp-content\/uploads\/2025\/07\/Custom-Acrylic-Trays-3.jpg\" alt=\"Tabuleiros acr\u00edlicos personalizados\" width=\"800\" height=\"800\" srcset=\"https:\/\/customacrylicproduct.com\/wp-content\/uploads\/2025\/07\/Custom-Acrylic-Trays-3.jpg 800w, https:\/\/customacrylicproduct.com\/wp-content\/uploads\/2025\/07\/Custom-Acrylic-Trays-3-300x300.jpg 300w, https:\/\/customacrylicproduct.com\/wp-content\/uploads\/2025\/07\/Custom-Acrylic-Trays-3-150x150.jpg 150w, https:\/\/customacrylicproduct.com\/wp-content\/uploads\/2025\/07\/Custom-Acrylic-Trays-3-768x768.jpg 768w, https:\/\/customacrylicproduct.com\/wp-content\/uploads\/2025\/07\/Custom-Acrylic-Trays-3-12x12.jpg 12w, https:\/\/customacrylicproduct.com\/wp-content\/uploads\/2025\/07\/Custom-Acrylic-Trays-3-600x600.jpg 600w, https:\/\/customacrylicproduct.com\/wp-content\/uploads\/2025\/07\/Custom-Acrylic-Trays-3-100x100.jpg 100w\" sizes=\"(max-width: 800px) 100vw, 800px\" \/><\/a><\/p>\n<p><strong>Parceria com um fabricante que compreende a qualidade.\u00a0<\/strong>.<\/p>\n<p>Quando nos escolhe, n\u00e3o est\u00e1 apenas a receber um artigo; est\u00e1 a colaborar com um fabricante dedicado e empenhado na qualidade. Incorporamos tecnologia moderna de ponta com m\u00e3o de obra cl\u00e1ssica para prestar servi\u00e7os que s\u00e3o t\u00e3o duradouros quanto atraentes. Entre em contacto connosco hoje para discutir a sua tarefa e permita-nos ajud\u00e1-lo a criar o melhor rem\u00e9dio para ecr\u00e3s de acr\u00edlico para aumentar o nome da sua marca e exibir os seus produtos da melhor forma poss\u00edvel.<\/p>","protected":false},"excerpt":{"rendered":"<p>A arte da discuss\u00e3o: Tabuleiros e solu\u00e7\u00f5es de exposi\u00e7\u00e3o personalizados em pol\u00edmero Perspex \u00ae . No mundo da venda a retalho de alta qualidade, da simpatia de luxo e dos espa\u00e7os pessoais com curadoria, a discuss\u00e3o n\u00e3o \u00e9 apenas um pormenor - \u00e9 toda a experi\u00eancia. A forma como um objeto \u00e9 segurado, apresentado e disponibilizado indica o seu valor muito antes de um custo ser lido ou de um...<\/p>","protected":false},"featured_media":501,"template":"","meta":{"_kad_post_transparent":"default","_kad_post_title":"","_kad_post_layout":"default","_kad_post_sidebar_id":"","_kad_post_content_style":"default","_kad_post_vertical_padding":"default","_kad_post_feature":"","_kad_post_feature_position":"","_kad_post_header":false,"_kad_post_footer":false,"_kad_post_classname":""},"product_brand":[],"product_cat":[22],"product_tag":[56,57],"class_list":{"0":"post-497","1":"product","2":"type-product","3":"status-publish","4":"has-post-thumbnail","6":"product_cat-custom-acrylic-trays","7":"product_tag-custom-acrylic-trays","8":"product_tag-perspex-acrylic-tray","10":"first","11":"instock","12":"shipping-taxable","13":"product-type-simple","14":"entry","15":"content-bg","16":"loop-entry"},"_links":{"self":[{"href":"https:\/\/customacrylicproduct.com\/pt\/wp-json\/wp\/v2\/product\/497","targetHints":{"allow":["GET"]}}],"collection":[{"href":"https:\/\/customacrylicproduct.com\/pt\/wp-json\/wp\/v2\/product"}],"about":[{"href":"https:\/\/customacrylicproduct.com\/pt\/wp-json\/wp\/v2\/types\/product"}],"wp:featuredmedia":[{"embeddable":true,"href":"https:\/\/customacrylicproduct.com\/pt\/wp-json\/wp\/v2\/media\/501"}],"wp:attachment":[{"href":"https:\/\/customacrylicproduct.com\/pt\/wp-json\/wp\/v2\/media?parent=497"}],"wp:term":[{"taxonomy":"product_brand","embeddable":true,"href":"https:\/\/customacrylicproduct.com\/pt\/wp-json\/wp\/v2\/product_brand?post=497"},{"taxonomy":"product_cat","embeddable":true,"href":"https:\/\/customacrylicproduct.com\/pt\/wp-json\/wp\/v2\/product_cat?post=497"},{"taxonomy":"product_tag","embeddable":true,"href":"https:\/\/customacrylicproduct.com\/pt\/wp-json\/wp\/v2\/product_tag?post=497"}],"curies":[{"name":"wp","href":"https:\/\/api.w.org\/{rel}","templated":true}]}}