{"id":509,"date":"2025-07-03T13:06:02","date_gmt":"2025-07-03T13:06:02","guid":{"rendered":"https:\/\/customacrylicproduct.com\/?post_type=product&#038;p=509"},"modified":"2025-07-03T13:17:42","modified_gmt":"2025-07-03T13:17:42","slug":"custom-coloured-acrylic-rods-tubes-china-manufacturer","status":"publish","type":"product","link":"https:\/\/customacrylicproduct.com\/pt\/custom-coloured-acrylic-rods-tubes-china-manufacturer\/","title":{"rendered":"Tubos de acr\u00edlico coloridos personalizados Fabricante da China"},"content":{"rendered":"<h3 id=\"-custom-coloured-polymer-rods-tubes-a-range-of-infinite-possibility-direct-from-the-resource-\"><strong>Varetas e tubos de pol\u00edmero coloridos personalizados: Uma gama de possibilidades infinitas, diretamente do recurso\u00a0<\/strong>.<\/h3>\n<p>No mundo inteiro do layout, da arte e da tecnologia, o produto apropriado n\u00e3o \u00e9 simplesmente um componente; \u00e9 a tela sobre a qual o pensamento criativo revive. Convidamo-lo a descobrir o poder transformador dos nossos tubos e barras de pol\u00edmero coloridos personalizados. Como um dos principais produtores baseados na China, concentramo-nos em transformar o polimetilmetacrilato (PMMA) de primeira qualidade num espetro deslumbrante de varetas s\u00f3lidas que servem de base para as suas tarefas mais ambiciosas. Desde instala\u00e7\u00f5es arquitect\u00f3nicas que redefinem a \u00e1rea at\u00e9 j\u00f3ias preciosas complexas feitas \u00e0 m\u00e3o que contam uma hist\u00f3ria, os nossos postes de acr\u00edlico fornecem uma fus\u00e3o \u00fanica de tonalidade viva, brilho \u00f3tico e potencial de personaliza\u00e7\u00e3o infinito.<\/p>\n<h4 id=\"-the-significance-of-the-material-a-symphony-of-colour-and-light-\"><strong>O significado do material: Uma sinfonia de cor e luz\u00a0<\/strong>.<\/h4>\n<p>O esp\u00edrito do nosso produto reside na sua composi\u00e7\u00e3o. Utilizamos apenas acr\u00edlico de qualidade superior, um material conhecido pela sua clareza e resist\u00eancia excepcionais, para criar um artigo que \u00e9 simultaneamente magn\u00edfico do ponto de vista visual e \u00e1udio estrutural.<\/p>\n<p><strong>Pureza e bondade materiais:\u00a0<\/strong>. Cada vareta \u00e9 fabricada em PMMA forte e de primeira qualidade, garantindo uma espessura regular e um peso gratificante. O tipo standard \u00e9 um cilindro ideal, com uma sec\u00e7\u00e3o transversal circular e organizada, dispon\u00edvel em di\u00e2metros que variam entre uns fr\u00e1geis poucos mil\u00edmetros e tamanhos muito mais consider\u00e1veis. Esta pureza geom\u00e9trica fundamental torna as nossas varas incrivelmente flex\u00edveis, prestando-se tanto a estilos naturais como estruturados. Com uma firmeza integral particular, s\u00e3o suficientemente dur\u00e1veis para uma utiliza\u00e7\u00e3o estrutural, mas continuam a ser simples de cortar, moldar e polir, proporcionando o melhor de dois mundos.<\/p>\n<p><strong>Express\u00e3o est\u00e9tica e brilho \u00f3tico:\u00a0<\/strong>. A verdadeira magia dos nossos var\u00f5es em acr\u00edlico revela-se na sua est\u00e9tica dom\u00e9stica.<\/p>\n<ul>\n<li><strong>Um caleidosc\u00f3pio de cores:\u00a0<\/strong>A nossa paleta de cores \u00e9 absolutamente nada menos do que espetacular. Fornecemos uma cole\u00e7\u00e3o substancial de cores vivas e saturadas, que consistem, mas n\u00e3o se limitam, a azul cristalino, amarelo ensolarado, laranja ardente, vermelho entusiasta, esmeralda ecol\u00f3gico e rosa vivo. A cor n\u00e3o \u00e9 um mero revestimento da superf\u00edcie; est\u00e1 integrada em todo o material, assegurando um tom abundante e consistente de todos os \u00e2ngulos e mesmo quando reduzido.<\/li>\n<li><strong>A arte da uni\u00e3o a duas cores:\u00a0<\/strong>Ultrapassando as fronteiras do estilo convencional, fornecemos um procedimento \u00fanico e muito popular de uni\u00e3o de duas cores. Este m\u00e9todo sofisticado integra, sem esfor\u00e7o, duas tonalidades distintas numa \u00fanica haste. O resultado pode ser uma linha n\u00edtida e clara para um resultado arrojado e visual, ou uma mudan\u00e7a suave e natural que desenvolve um atraente gradiente ombr\u00e9. Esta fun\u00e7\u00e3o engenhosa multiplica tremendamente as oportunidades de estilo, permitindo uma profundidade e complexidade visuais inigual\u00e1veis.<\/li>\n<li><strong>Uma dan\u00e7a de luz:\u00a0<\/strong>Com um grau de transpar\u00eancia que se aproxima do cristal fino, os nossos var\u00f5es de acr\u00edlico s\u00e3o mestres da luz. Possuem propriedades residenciais extraordin\u00e1rias de transmiss\u00e3o de luz, permitindo que a luz passe e fa\u00e7a uma viagem com a barra, real\u00e7ando a cor interior e tornando-a radiante a partir do interior. Sob uma ilumina\u00e7\u00e3o natural ou sint\u00e9tica, a superf\u00edcie apresenta uma estrutura deslumbrante e brilhante, aparecendo intensamente brilhante e cristalina. Esta comunica\u00e7\u00e3o com a luz produz um efeito est\u00e9tico belo, s\u00e1bio e din\u00e2mico que pode transformar qualquer tipo de divis\u00e3o ou objeto.<\/li>\n<li><strong>Aspeto not\u00e1vel da superf\u00edcie:\u00a0<\/strong>Cada poste que produzimos apresenta uma superf\u00edcie perfeitamente lisa e fr\u00e1gil ao tato. As linhas laterais s\u00e3o n\u00edtidas, bem definidas e completamente definidas, reflectindo a nossa dedica\u00e7\u00e3o \u00e0 precis\u00e3o da produ\u00e7\u00e3o e ao controlo de qualidade.<\/li>\n<\/ul>\n<p><a href=\"https:\/\/customacrylicproduct.com\/pt\/custom-coloured-acrylic-rods-tubes-china-manufacturer\/\"><img fetchpriority=\"high\" decoding=\"async\" class=\"alignnone wp-image-512 size-full\" src=\"https:\/\/customacrylicproduct.com\/wp-content\/uploads\/2025\/07\/Custom-Acrylic-Rods-3.jpg\" alt=\"Var\u00f5es acr\u00edlicos personalizados\" width=\"1000\" height=\"1000\" srcset=\"https:\/\/customacrylicproduct.com\/wp-content\/uploads\/2025\/07\/Custom-Acrylic-Rods-3.jpg 1000w, https:\/\/customacrylicproduct.com\/wp-content\/uploads\/2025\/07\/Custom-Acrylic-Rods-3-300x300.jpg 300w, https:\/\/customacrylicproduct.com\/wp-content\/uploads\/2025\/07\/Custom-Acrylic-Rods-3-150x150.jpg 150w, https:\/\/customacrylicproduct.com\/wp-content\/uploads\/2025\/07\/Custom-Acrylic-Rods-3-768x768.jpg 768w, https:\/\/customacrylicproduct.com\/wp-content\/uploads\/2025\/07\/Custom-Acrylic-Rods-3-12x12.jpg 12w, https:\/\/customacrylicproduct.com\/wp-content\/uploads\/2025\/07\/Custom-Acrylic-Rods-3-600x600.jpg 600w, https:\/\/customacrylicproduct.com\/wp-content\/uploads\/2025\/07\/Custom-Acrylic-Rods-3-100x100.jpg 100w\" sizes=\"(max-width: 1000px) 100vw, 1000px\" \/><\/a><\/p>\n<h4 id=\"-releasing-imagination-core-functions-and-limitless-uses-\"><strong>Libertar a imagina\u00e7\u00e3o: Fun\u00e7\u00f5es essenciais e utiliza\u00e7\u00f5es ilimitadas\u00a0<\/strong>.<\/h4>\n<p>O nosso <a href=\"https:\/\/customacrylicproduct.com\/pt\/custom-coloured-acrylic-rods-tubes-china-manufacturer\/\">varetas de acr\u00edlico<\/a> s\u00e3o mais do que um simples material b\u00e1sico; s\u00e3o um estimulante para o pensamento criativo. As suas propriedades residenciais ou comerciais \u00fanicas tornam-nas adequadas a uma variedade espantosa de aplica\u00e7\u00f5es, encorajando criadores, m\u00fasicos, amadores e empresas.<\/p>\n<p><strong>1. Aplica\u00e7\u00f5es decorativas e de constru\u00e7\u00e3o:\u00a0<\/strong>. Nas m\u00e3os de um promotor de interiores ou de um arquiteto, estes postes tornam-se dispositivos eficazes para ajustar o espa\u00e7o, a luz e o ambiente. A sua capacidade de serem dispostos, pendurados ou embutidos permite o desenvolvimento de:.<\/p>\n<ul>\n<li><strong>Parti\u00e7\u00f5es din\u00e2micas:\u00a0<\/strong>Crie ecr\u00e3s semi-transparentes ou separadores de espa\u00e7os que definam os espa\u00e7os sem bloquear a luz, produzindo fronteiras fluidas e vibrantes.<\/li>\n<li><strong>Instala\u00e7\u00f5es art\u00edsticas:\u00a0<\/strong>Desenvolva configura\u00e7\u00f5es de tectos suspensos em grande escala ou arte de parede fascinante que jogue com sombras, sombras e pontos de vista.<\/li>\n<li><strong>Decora\u00e7\u00f5es atmosf\u00e9ricas:\u00a0<\/strong>Utilize-os em ecr\u00e3s de montras de retalho, cub\u00edculos de exposi\u00e7\u00e3o ou ambientes de hospitalidade para desenvolver uma experi\u00eancia imersiva da marca e atrair a aten\u00e7\u00e3o.<\/li>\n<\/ul>\n<p><strong>2. Fabrico de bricolage e inven\u00e7\u00f5es:\u00a0<\/strong>. Para o artes\u00e3o, o fabricante e o esp\u00edrito criativo, os nossos var\u00f5es s\u00e3o um produto de desejo. A sua facilidade de processamento - f\u00e1cil de cortar, furar, lixar e colar - torna-os ideais para:.<\/p>\n<ul>\n<li><strong>J\u00f3ias de moda feitas \u00e0 medida:\u00a0<\/strong>Estilize e produza brincos, pulseiras, gr\u00e3os e pingentes \u00fanicos. A emenda de duas cores proporciona uma possibilidade extraordin\u00e1ria de pe\u00e7as especiais e distintas.<\/li>\n<li><strong>Cria\u00e7\u00e3o de vers\u00f5es e miniaturas:\u00a0<\/strong>Incluir informa\u00e7\u00f5es vivas e claras para a constru\u00e7\u00e3o de modelos, pequenas paisagens e dioramas.<\/li>\n<li><strong>Luzes personalizadas:\u00a0<\/strong>Produzir bases de candeeiros, tons ou dispositivos de ilumina\u00e7\u00e3o decorativos \u00fanicos que difundem a luz de forma atractiva e vibrante.<\/li>\n<li><strong>Brinquedos imaginativos e artigos de papelaria:\u00a0<\/strong>Crie brinquedos imaginativos para crian\u00e7as que ensinam sobre sombras e luz, ou crie propriet\u00e1rios de canetas de alto design, coordenadores de mesa de trabalho e outros itens personalizados.<\/li>\n<\/ul>\n<p><strong>3. Sinais e expositores de pontos de venda (POP):\u00a0<\/strong>. Mude os sinais planos e aborrecidos do passado. As nossas barras de acr\u00edlico podem ser utilizadas para criar sinal\u00e9tica tridimensional pequena, barras de informa\u00e7\u00e3o ou como componentes arquitect\u00f3nicos din\u00e2micos em suportes de ecr\u00e3 de produtos maiores, incluindo um toque de cor e sofistica\u00e7\u00e3o que chama a aten\u00e7\u00e3o do cliente.<\/p>\n<p><strong>4. Componentes de orienta\u00e7\u00e3o luminosa:\u00a0<\/strong>. Em layouts especializados, estes postes podem funcionar como eficientes visores de luz. A sua elevada transpar\u00eancia permite-lhes canalizar a luz de um recurso LED de uma extremidade para a outra, produzindo factores de luz ou linhas iluminadas para modelos t\u00e9cnicos, projectos electr\u00f3nicos ou impactos de luzes ornamentais.<\/p>\n<p><a href=\"https:\/\/customacrylicproduct.com\/pt\/custom-acrylic-rods-tubes\/\"><img decoding=\"async\" class=\"alignnone wp-image-513 size-full\" src=\"https:\/\/customacrylicproduct.com\/wp-content\/uploads\/2025\/07\/Custom-Acrylic-Rods-4.jpg\" alt=\"Var\u00f5es acr\u00edlicos personalizados\" width=\"1000\" height=\"1000\" srcset=\"https:\/\/customacrylicproduct.com\/wp-content\/uploads\/2025\/07\/Custom-Acrylic-Rods-4.jpg 1000w, https:\/\/customacrylicproduct.com\/wp-content\/uploads\/2025\/07\/Custom-Acrylic-Rods-4-300x300.jpg 300w, https:\/\/customacrylicproduct.com\/wp-content\/uploads\/2025\/07\/Custom-Acrylic-Rods-4-150x150.jpg 150w, https:\/\/customacrylicproduct.com\/wp-content\/uploads\/2025\/07\/Custom-Acrylic-Rods-4-768x768.jpg 768w, https:\/\/customacrylicproduct.com\/wp-content\/uploads\/2025\/07\/Custom-Acrylic-Rods-4-12x12.jpg 12w, https:\/\/customacrylicproduct.com\/wp-content\/uploads\/2025\/07\/Custom-Acrylic-Rods-4-600x600.jpg 600w, https:\/\/customacrylicproduct.com\/wp-content\/uploads\/2025\/07\/Custom-Acrylic-Rods-4-100x100.jpg 100w\" sizes=\"(max-width: 1000px) 100vw, 1000px\" \/><\/a><\/p>\n<h4 id=\"-the-maker-s-edge-design-highlights-and-personalization-\"><strong>The Maker's Edge: Destaques do design e personaliza\u00e7\u00e3o\u00a0<\/strong>.<\/h4>\n<p>Como fabricante direto, oferecemos um controlo inigual\u00e1vel sobre o produto final, assegurando que o que imagina \u00e9 o que obt\u00e9m.<\/p>\n<p><strong>Abordagem de conce\u00e7\u00e3o:\u00a0<\/strong>. O tipo redondo, f\u00e1cil e puro dos nossos postes alinha-se perfeitamente com uma est\u00e9tica de layout moderna e minimalista. Esta simplicidade integral permite-lhes ser utilizados em planos complexos sem frustrar um estilo. As suas formas e tamanhos padr\u00e3o s\u00e3o ideais para o desenvolvimento de conjuntos de elementos, padr\u00f5es r\u00edtmicos e composi\u00e7\u00f5es em grelha que tiram partido da beleza da ordem e da repeti\u00e7\u00e3o.<\/p>\n<p><strong>Processo em destaque: A vantagem da emenda em duas cores:\u00a0<\/strong>. \u00c9 aqui que os nossos conhecimentos t\u00e9cnicos se destacam. Este processo avan\u00e7ado de co-extrus\u00e3o ou de liga\u00e7\u00e3o \u00e9 uma fun\u00e7\u00e3o essencial que distingue o nosso produto. Ao fundir completamente duas tonalidades diferentes de acr\u00edlico numa barra solit\u00e1ria e coesa, oferecemos aos criadores uma ferramenta para produzir resultados que, de outra forma, seriam certamente imposs\u00edveis ou excessivamente dispendiosos, abrindo novas oportunidades de express\u00e3o est\u00e9tica.<\/p>\n<p><strong>O poder da personaliza\u00e7\u00e3o total:\u00a0<\/strong>. O seu projeto \u00e9 \u00fanico, e os seus produtos tamb\u00e9m t\u00eam de o ser. Oferecemos uma personaliza\u00e7\u00e3o completa para satisfazer as suas necessidades espec\u00edficas:.<\/p>\n<ul>\n<li><strong>Cor:\u00a0<\/strong>Escolha a partir do nosso enorme esquema comum, exija uma correspond\u00eancia de tonalidade personalizada (sujeita a MOQ) ou crie a sua pr\u00f3pria mistura de emenda de duas cores exclusiva.<\/li>\n<li><strong>Tamanho:\u00a0<\/strong>Cortamos \u00e0 medida necess\u00e1ria com grande precis\u00e3o, reduzindo os desperd\u00edcios e garantindo que os seus elementos est\u00e3o prontos a ser utilizados.<\/li>\n<li><strong>Tamanho:\u00a0<\/strong>Fornecemos uma vasta gama de di\u00e2metros normalizados e podemos fornecer tamanhos personalizados para encomendas de grandes volumes.<\/li>\n<li><strong>Acabamento:\u00a0<\/strong>Embora a nossa superf\u00edcie padr\u00e3o seja um brilho de alto brilho, podemos analisar as op\u00e7\u00f5es de revestimentos mate ou fosco para exig\u00eancias espec\u00edficas do projeto.<\/li>\n<\/ul>\n<h4 id=\"-real-world-ideas-application-situation-examples-\"><strong>Ideias do mundo real: Exemplos de situa\u00e7\u00f5es de aplica\u00e7\u00e3o\u00a0<\/strong>.<\/h4>\n<ul>\n<li><strong>Em casa:\u00a0<\/strong>Imagine uma divis\u00f3ria sensacional, transmissora de luz, feita de uma s\u00e9rie de varas azuis e amigas do ambiente numa casa com tema costeiro. Imagine um m\u00f3bil vibrante de varas cor-de-rosa e amarelas penduradas no quarto de uma crian\u00e7a, ou uma base de luz personalizada feita a partir de um poste preto e transparente de dois tons numa pesquisa moderna.<\/li>\n<li><strong>Em salas comerciais:\u00a0<\/strong>Imagine a montra de uma loja de retalho topo de gama com uma cascata de postes brilhantes e multicoloridos. Veja um estabelecimento de restaura\u00e7\u00e3o na moda a utiliz\u00e1-los como componentes atractivos nas suas lumin\u00e1rias ou como propriet\u00e1rios de sele\u00e7\u00e3o de alimentos vivos e elegantes. Imagine uma galeria de arte a utiliz\u00e1-los para uma configura\u00e7\u00e3o interactiva em grande escala.<\/li>\n<li><strong>Em Educa\u00e7\u00e3o e aprendizagem e Criatividade:\u00a0<\/strong>Estas varetas s\u00e3o materiais adequados para cursos de arte escolares e workshops STEM, instruindo conceitos de luz, conceito de sombra e constru\u00e7\u00e3o. S\u00e3o uma excelente fonte para oficinas de inven\u00e7\u00e3o especializadas e uma fonte de in\u00fameras motiva\u00e7\u00f5es para as brincadeiras inovadoras das crian\u00e7as.<\/li>\n<li><strong>Em Gifting and Craft Manufacturing:\u00a0<\/strong>Produzem presentes absolutamente \u00e0 medida, desde porta-chaves personalizados e j\u00f3ias de moda a pequenos ornamentos esculturais. Para os fabricantes de vers\u00f5es, funcionam como as melhores pe\u00e7as de efeito \u00fanico e de grande detalhe, incluindo um aspeto realista e uma vibra\u00e7\u00e3o inigual\u00e1veis para mesas de areia arquitect\u00f3nicas ou pequenos p\u00e1tios.<\/li>\n<\/ul>\n<p><a href=\"https:\/\/customacrylicproduct.com\/pt\/custom-acrylic-rods-tubes\/\"><img decoding=\"async\" class=\"wp-image-510 size-full aligncenter\" src=\"https:\/\/customacrylicproduct.com\/wp-content\/uploads\/2025\/07\/Custom-Acrylic-Rods-1.jpg\" alt=\"Var\u00f5es acr\u00edlicos personalizados\" width=\"1000\" height=\"1000\" srcset=\"https:\/\/customacrylicproduct.com\/wp-content\/uploads\/2025\/07\/Custom-Acrylic-Rods-1.jpg 1000w, https:\/\/customacrylicproduct.com\/wp-content\/uploads\/2025\/07\/Custom-Acrylic-Rods-1-300x300.jpg 300w, https:\/\/customacrylicproduct.com\/wp-content\/uploads\/2025\/07\/Custom-Acrylic-Rods-1-150x150.jpg 150w, https:\/\/customacrylicproduct.com\/wp-content\/uploads\/2025\/07\/Custom-Acrylic-Rods-1-768x768.jpg 768w, https:\/\/customacrylicproduct.com\/wp-content\/uploads\/2025\/07\/Custom-Acrylic-Rods-1-12x12.jpg 12w, https:\/\/customacrylicproduct.com\/wp-content\/uploads\/2025\/07\/Custom-Acrylic-Rods-1-600x600.jpg 600w, https:\/\/customacrylicproduct.com\/wp-content\/uploads\/2025\/07\/Custom-Acrylic-Rods-1-100x100.jpg 100w\" sizes=\"(max-width: 1000px) 100vw, 1000px\" \/><\/a><\/p>\n<h4 id=\"-our-core-advantages-why-select-united-states-\"><strong>Nossas principais vantagens: Porqu\u00ea escolher a United States?\u00a0<\/strong>.<\/h4>\n<p>Ser nosso parceiro significa escolher qualidade, adaptabilidade e valor.<\/p>\n<ol>\n<li><strong>Excelentes carater\u00edsticas \u00f3pticas:\u00a0<\/strong>Transpar\u00eancia e satura\u00e7\u00e3o de sombras inigual\u00e1veis para efeitos visuais fant\u00e1sticos e de grande impacto.<\/li>\n<li><strong>Sele\u00e7\u00e3o rica de cores e estilos:\u00a0<\/strong>Uma enorme s\u00e9rie de cores puras e op\u00e7\u00f5es de duas cores de vanguarda para alimentar a sua criatividade.<\/li>\n<li><strong>Efici\u00eancia de processamento superior:\u00a0<\/strong>Um material amigo do utilizador que \u00e9 f\u00e1cil de cortar, moldar, polir e colar.<\/li>\n<li><strong>Material seguro e resistente:\u00a0<\/strong>O PMMA de alta qualidade oferece uma excelente resist\u00eancia ao envelhecimento e ao clima, garantindo que a sua tarefa tenha um \u00f3timo aspeto durante muitos anos.<\/li>\n<li><strong>Seguran\u00e7a e prote\u00e7\u00e3o e responsabilidade ambiental:\u00a0<\/strong>O nosso produto seguro e inodoro \u00e9 adequado para todos os ambientes interiores, nomeadamente para produtos infantis.<\/li>\n<li><strong>Efici\u00eancia de alto custo:\u00a0<\/strong>Obtenha um impacto extravagante, semelhante ao do cristal, que \u00e9 mais leve, mais duradouro e mais econ\u00f3mico do que o vidro, tornando-o perfeito para aplica\u00e7\u00f5es em grande escala.<\/li>\n<li><strong>Diretamente do fabricante Vale a pena:\u00a0<\/strong>Como fornecedor sediado na China, oferecemos pre\u00e7os competitivos, log\u00edstica simplificada e a capacidade de encomendas de grande volume, tudo isto preservando uma garantia de qualidade rigorosa.<\/li>\n<\/ol>\n<p>Quer seja um designer \u00e0 procura do melhor material de realce, um servi\u00e7o que pretende criar ecr\u00e3s memor\u00e1veis ou um criador \u00e0 procura de um material de artesanato de alta qualidade, as nossas hastes acr\u00edlicas coloridas personalizadas s\u00e3o a sua solu\u00e7\u00e3o.\u00a0<strong>Ligue-nos hoje mesmo para analisar o seu projeto, pedir um exemplo de embalagem e obter um or\u00e7amento direto por grosso. Vamos construir algo deslumbrante um com o outro.\u00a0<\/strong>.<\/p>","protected":false},"excerpt":{"rendered":"<p class=\"ng-star-inserted\"><span class=\"ng-star-inserted\">Como fabricante l\u00edder na China, produzimos tubos e varetas de acr\u00edlico coloridos personalizados. Escolha entre um espetro de cores vibrantes, transl\u00facidas ou opacas, cortadas com o seu di\u00e2metro e comprimento exactos. Ideal para expositores POP, ilumina\u00e7\u00e3o e projectos de design. Obtenha hoje a sua cota\u00e7\u00e3o direta por grosso.<\/span><\/p>","protected":false},"featured_media":515,"template":"","meta":{"_kad_post_transparent":"default","_kad_post_title":"","_kad_post_layout":"default","_kad_post_sidebar_id":"","_kad_post_content_style":"default","_kad_post_vertical_padding":"default","_kad_post_feature":"","_kad_post_feature_position":"","_kad_post_header":false,"_kad_post_footer":false,"_kad_post_classname":""},"product_brand":[],"product_cat":[23],"product_tag":[63,62,61],"class_list":{"0":"post-509","1":"product","2":"type-product","3":"status-publish","4":"has-post-thumbnail","6":"product_cat-custom-acrylic-rods-tubes","7":"product_tag-acrylic-rods","8":"product_tag-coloured-acrylic-rods","9":"product_tag-custom-acrylic-rods","11":"first","12":"instock","13":"shipping-taxable","14":"product-type-simple","15":"entry","16":"content-bg","17":"loop-entry"},"_links":{"self":[{"href":"https:\/\/customacrylicproduct.com\/pt\/wp-json\/wp\/v2\/product\/509","targetHints":{"allow":["GET"]}}],"collection":[{"href":"https:\/\/customacrylicproduct.com\/pt\/wp-json\/wp\/v2\/product"}],"about":[{"href":"https:\/\/customacrylicproduct.com\/pt\/wp-json\/wp\/v2\/types\/product"}],"wp:featuredmedia":[{"embeddable":true,"href":"https:\/\/customacrylicproduct.com\/pt\/wp-json\/wp\/v2\/media\/515"}],"wp:attachment":[{"href":"https:\/\/customacrylicproduct.com\/pt\/wp-json\/wp\/v2\/media?parent=509"}],"wp:term":[{"taxonomy":"product_brand","embeddable":true,"href":"https:\/\/customacrylicproduct.com\/pt\/wp-json\/wp\/v2\/product_brand?post=509"},{"taxonomy":"product_cat","embeddable":true,"href":"https:\/\/customacrylicproduct.com\/pt\/wp-json\/wp\/v2\/product_cat?post=509"},{"taxonomy":"product_tag","embeddable":true,"href":"https:\/\/customacrylicproduct.com\/pt\/wp-json\/wp\/v2\/product_tag?post=509"}],"curies":[{"name":"wp","href":"https:\/\/api.w.org\/{rel}","templated":true}]}}