{"id":693,"date":"2025-07-06T04:56:29","date_gmt":"2025-07-06T04:56:29","guid":{"rendered":"https:\/\/customacrylicproduct.com\/?post_type=product&#038;p=693"},"modified":"2025-07-06T05:02:23","modified_gmt":"2025-07-06T05:02:23","slug":"acrylic-vases-customization-for-florist-use-bulk-wholesale","status":"publish","type":"product","link":"https:\/\/customacrylicproduct.com\/pt\/acrylic-vases-customization-for-florist-use-bulk-wholesale\/","title":{"rendered":"Vasos de acr\u00edlico personalizados para uso flor\u00edstico Atacado a granel"},"content":{"rendered":"<h3 id=\"-custom-acrylic-vases-for-florists-designers-your-vision-crafted-for-wholesale-\"><strong>Vasos acr\u00edlicos personalizados para floristas e designers: A sua vis\u00e3o, criada para venda por grosso\u00a0<\/strong>.<\/h3>\n<p>No planeta da floricultura, da organiza\u00e7\u00e3o de eventos e do design de interiores, o vaso \u00e9 t\u00e3o essencial como a flor. \u00c9 o parceiro silencioso de todos os projectos, a moldura que eleva a arte. Durante demasiado tempo, a escolha foi limitada: vidro vulner\u00e1vel e robusto ou pl\u00e1sticos gen\u00e9ricos e sem imagina\u00e7\u00e3o. Estamos aqui para transformar isso.<\/p>\n<p>Bem-vindo ao futuro da apresenta\u00e7\u00e3o de flores. Oferecemos uma linha inovadora de\u00a0<a href=\"https:\/\/customacrylicproduct.com\/pt\/acrylic-vases-customization-for-florist-use-bulk-wholesale\/\"><strong>suportes para flores em acr\u00edlico personalizados\u00a0<\/strong><\/a>, oferecido para\u00a0<strong>venda grossista em massa\u00a0<\/strong>, A gama de produtos da marca \"The Best\", concebida especificamente para o especialista imaginativo. N\u00e3o se trata apenas de contentores; s\u00e3o telas para a sua imagina\u00e7\u00e3o criativa, ferramentas para a constru\u00e7\u00e3o de marcas e solu\u00e7\u00f5es duradouras e elegantes que combinam um virtuosismo impressionante com uma utilidade inigual\u00e1vel.<\/p>\n<h4 id=\"-section-1-the-product-that-redefines-sophistication-and-functionality-\"><strong>Sec\u00e7\u00e3o 1: O produto que redefine a sofistica\u00e7\u00e3o e a funcionalidade\u00a0<\/strong>.<\/h4>\n<p>No centro da nossa cole\u00e7\u00e3o est\u00e1 o acr\u00edlico - um material escolhido pelas suas qualidades not\u00e1veis que libertam o florista e o designer modernos das restri\u00e7\u00f5es dos produtos convencionais.<\/p>\n<ul>\n<li><strong>Resistente a estilha\u00e7os Longevidade:\u00a0<\/strong>Diga adeus \u00e0 ansiedade de se partir durante o transporte, a montagem e em eventos com muito movimento. Os nossos vasos de acr\u00edlico utilizam a transpar\u00eancia imaculada do vidro sem a sua fragilidade. Esta resist\u00eancia inerente torna-os um investimento financeiro acess\u00edvel e duradouro para qualquer empresa de flores, empresa de ocasi\u00f5es ou \u00e1rea de retalho. S\u00e3o leves, simples de manusear e muito mais seguros, tanto para a sua equipa como para os seus clientes.<\/li>\n<li><strong>Qualidade impec\u00e1vel e um toque texturado:\u00a0<\/strong>Fabricados em acr\u00edlico de \u00faltima gera\u00e7\u00e3o, os nossos vasos possuem um revestimento cristalino e n\u00e3o amarelecido que permite que as cores verdadeiras das suas flores brilhem. Para al\u00e9m da transpar\u00eancia, muitos dos nossos designs incluem uma apar\u00eancia subtil e avan\u00e7ada, incluindo uma dimens\u00e3o t\u00e1til que convida ao toque e a uma inspe\u00e7\u00e3o mais atenta.<\/li>\n<li><strong>F\u00e1cil manuten\u00e7\u00e3o:\u00a0<\/strong>A simplicidade \u00e9 um luxo. Os nossos suportes de flores em acr\u00edlico s\u00e3o incrivelmente\u00a0<strong>f\u00e1cil de arrumar\u00a0<\/strong>. Um enxaguamento b\u00e1sico com \u00e1gua e sab\u00e3o moderado \u00e9 tudo o que \u00e9 necess\u00e1rio para os manter com um aspeto impec\u00e1vel, poupando-lhe tempo e trabalho valiosos. A superf\u00edcie n\u00e3o porosa resiste a manchas e odores, garantindo que est\u00e3o sempre prontos para o plano deslumbrante seguinte.<\/li>\n<li><strong>Vers\u00e1til por natureza:\u00a0<\/strong>O encanto destes suportes para flores reside na sua flexibilidade. S\u00e3o ideais para conter \u00e1gua para\u00a0<strong>flores frescas\u00a0<\/strong>, No entanto, a sua utilidade prolonga-se por muito mais tempo. Utilize-os para produzir ecr\u00e3s impressionantes com\u00a0<strong>flores fabricadas\u00a0<\/strong>, ramos secos ou um m\u00ednimo de erva-das-pampas. Encha-as com plantas vivas\u00a0<strong>pedras preciosas, pedras de rio abrilhantadas ou areia\u00a0<\/strong>para fixar um motivo. Al\u00e9m disso, s\u00e3o perfeitamente adequados para servir de difusores elegantes para\u00a0<strong>paus de aromaterapia em rotim\u00a0<\/strong>, O seu estilo \u00e9 multifuncional para qualquer tipo de ambiente.<\/li>\n<\/ul>\n<p><a href=\"https:\/\/customacrylicproduct.com\/pt\/acrylic-vases-customization-for-florist-use-bulk-wholesale\/\"><img fetchpriority=\"high\" decoding=\"async\" class=\"aligncenter wp-image-696 size-full\" src=\"https:\/\/customacrylicproduct.com\/wp-content\/uploads\/2025\/07\/Acrylic-Vases-4.jpg\" alt=\"Vasos acr\u00edlicos\" width=\"800\" height=\"800\" srcset=\"https:\/\/customacrylicproduct.com\/wp-content\/uploads\/2025\/07\/Acrylic-Vases-4.jpg 800w, https:\/\/customacrylicproduct.com\/wp-content\/uploads\/2025\/07\/Acrylic-Vases-4-300x300.jpg 300w, https:\/\/customacrylicproduct.com\/wp-content\/uploads\/2025\/07\/Acrylic-Vases-4-150x150.jpg 150w, https:\/\/customacrylicproduct.com\/wp-content\/uploads\/2025\/07\/Acrylic-Vases-4-768x768.jpg 768w, https:\/\/customacrylicproduct.com\/wp-content\/uploads\/2025\/07\/Acrylic-Vases-4-12x12.jpg 12w, https:\/\/customacrylicproduct.com\/wp-content\/uploads\/2025\/07\/Acrylic-Vases-4-600x600.jpg 600w, https:\/\/customacrylicproduct.com\/wp-content\/uploads\/2025\/07\/Acrylic-Vases-4-100x100.jpg 100w\" sizes=\"(max-width: 800px) 100vw, 800px\" \/><\/a><\/p>\n<h4 id=\"-section-2-inspiring-design-for-the-modern-aesthetic-\"><strong>Sec\u00e7\u00e3o 2: Design inspirador para a est\u00e9tica moderna\u00a0<\/strong>.<\/h4>\n<p>A nossa cole\u00e7\u00e3o comum nasceu de um amor por\u00a0<strong>design n\u00f3rdico b\u00e1sico\u00a0<\/strong>e um interesse pela express\u00e3o imaginativa. Cada porta-flores \u00e9 um objeto de refer\u00eancia, criado para real\u00e7ar, e n\u00e3o para assumir, as suas cria\u00e7\u00f5es florais.<\/p>\n<ul>\n<li><strong>Formas geom\u00e9tricas criativas:\u00a0<\/strong>Ultrapasse o tubo c\u00f4ndrico. Os nossos estilos exploram um mundo de\u00a0<strong>tipos geom\u00e9tricos inovadores\u00a0<\/strong>- arcos, ondas, formas rectangulares facetadas e formas assim\u00e9tricas. Estas formas criam interesse est\u00e9tico e linhas vibrantes, transformando um bouquet simples numa obra-prima escultural. Esta carater\u00edstica\u00a0<strong>sentido imaginativo\u00a0<\/strong>faz com que cada porta-flores seja um objeto atrativo por si s\u00f3.<\/li>\n<li><strong>Uma combina\u00e7\u00e3o de corantes alimentares a\u00e7ucarados:\u00a0<\/strong>Embora o cristalino seja um cl\u00e1ssico intemporal, o nosso esquema de\u00a0<strong>tons maravilhosos e com classe\u00a0<\/strong>acrescenta uma camada de calor e individualidade. Assumir rosas suaves, s\u00e1lvias pac\u00edficas amigas do ambiente e cinzentos esfumados avan\u00e7ados. Estes tons s\u00e3o cuidadosamente escolhidos para se harmonizarem com as modas modernas de interior e com uma vasta gama de esquemas florais.<\/li>\n<li><strong>O acento decorativo perfeito:\u00a0<\/strong>Quer estejam sozinhos ou cheios de flores, os nossos suportes para flores d\u00e3o um toque especial a qualquer espa\u00e7o. Tornam-se o complemento perfeito\u00a0<strong>suporte para flores ornamentais no parapeito da janela\u00a0<\/strong>, apanhando a luz da tarde. D\u00e3o um toque de eleg\u00e2ncia contempor\u00e2nea a uma\u00a0<strong>um arm\u00e1rio para copos de vinho ou um ponto focal na mesa de jantar\u00a0<\/strong>. Posicionado num\u00a0<strong>deck, lareira ou numa loja de flores especializada\u00a0<\/strong>, A sua imagem \u00e9 muito bonita, com um toque de romance e um estilo polido, provando que os produtos de floricultura \u00fateis tamb\u00e9m podem ser de design premium.<\/li>\n<\/ul>\n<h4 id=\"-section-3-the-ultimate-in-personalization-your-vision-our-knowledge-\"><strong>Sec\u00e7\u00e3o 3: O m\u00e1ximo em personaliza\u00e7\u00e3o - A sua vis\u00e3o, o nosso conhecimento\u00a0<\/strong>.<\/h4>\n<p>\u00c9 aqui que o encorajamos a acabar por ser o designer. O nosso programa de venda por grosso a granel \u00e9 desenvolvido em torno de uma profunda dedica\u00e7\u00e3o \u00e0 modifica\u00e7\u00e3o, permitindo-lhe criar um produto que \u00e9 exclusivamente seu e perfeitamente alinhado com o nome da sua marca ou evento.<\/p>\n<ul>\n<li><strong>1. Capacidades personalizadas e dimensionamento flex\u00edvel:\u00a0<\/strong>. N\u00e3o h\u00e1 2 projectos iguais, e os seus porta-flores tamb\u00e9m n\u00e3o devem coincidir. Temos um controlo total sobre as dimens\u00f5es.\u00a0<strong>Personalizar especifica\u00e7\u00f5es como a altura (de uns delicados 10 cm a uns significativos 50 cm), o di\u00e2metro e a espessura da parede\u00a0<\/strong>para satisfazer as suas necessidades espec\u00edficas. Imagine uma s\u00e9rie de vasos altos e finos para hastes solit\u00e1rias sofisticadas numa gala, ou vasos reduzidos e largos para centros de mesa luxuosos numa festa de casamento. Podemos produzir de acordo com as suas especifica\u00e7\u00f5es exactas.<\/li>\n<li><strong>2. Cor exclusiva e consist\u00eancia da marca:\u00a0<\/strong>. A sombra \u00e9 o cora\u00e7\u00e3o de uma marca e o cora\u00e7\u00e3o de um tema. Com a nossa personaliza\u00e7\u00e3o, a sombra n\u00e3o tem limites.\u00a0<strong>Assist\u00eancia para correspond\u00eancia de n\u00fameros de cores Pantone\u00a0<\/strong>garanta que os seus porta-flores se alinham perfeitamente com a marca da sua empresa, o esquema do evento de casamento ou o sistema de decora\u00e7\u00e3o de interiores. V\u00e1 ainda mais longe com os nossos\u00a0<strong>solu\u00e7\u00f5es de uni\u00e3o de duas cores\u00a0<\/strong>, A sua tecnologia de ponta permite-lhe combinar livremente as cores para criar resultados bicrom\u00e1ticos espectaculares, dif\u00edceis de encontrar no mercado.<\/li>\n<li><strong>3. Forma engenhosa e identifica\u00e7\u00e3o da marca:\u00a0<\/strong>. Deixe a sua marca com um formul\u00e1rio que informa a sua hist\u00f3ria. N\u00f3s podemos ajud\u00e1-lo\u00a0<strong>desenvolver estilos de contentores personalizados\u00a0<\/strong>. Vasos para quadros com suaves\u00a0<strong>padr\u00f5es ondulados\u00a0<\/strong>que estimulem uma sensa\u00e7\u00e3o de calma, ou agu\u00e7ada,\u00a0<strong>redu\u00e7\u00e3o facetada\u00a0<\/strong>que joga com a luz como uma pedra preciosa lapidada. O mais incr\u00edvel \u00e9 que podemos desenvolver bolor e mofo para\u00a0<strong>desenhos de log\u00f3tipos em relevo\u00a0<\/strong>, A sua marca est\u00e1 incorporada de forma permanente e elegante na pr\u00f3pria jarra. Este \u00e9 o auge da oferta personalizada da empresa e da decora\u00e7\u00e3o de alta qualidade.<\/li>\n<li><strong>4. Funcionalidade alargada e valor acrescentado:\u00a0<\/strong>. O nosso processo de layout tem em conta tanto a forma como as carater\u00edsticas. Podemos\u00a0<strong>acrescentar projectos de valor acrescentado\u00a0<\/strong>para melhorar a experi\u00eancia do cliente e produzir um elemento \u201cuau\u201d. Isto inclui:.<\/li>\n<li><strong>Bases estanques:\u00a0<\/strong>Concebido para uma satisfa\u00e7\u00e3o total.<\/li>\n<li><strong>Faixas de luz LED integradas:\u00a0<\/strong>Transforme os seus arranjos em configura\u00e7\u00f5es iluminadas, ideais para ocasi\u00f5es nocturnas ou para criar uma ilumina\u00e7\u00e3o ambiente.<\/li>\n<li><strong>Estruturas de suspens\u00e3o:\u00a0<\/strong>Crie suportes de flores para suspens\u00e3o, desenvolvendo exposi\u00e7\u00f5es de flores flutuantes que s\u00e3o impressionantes e \u00fanicas.<\/li>\n<\/ul>\n<p><a href=\"https:\/\/customacrylicproduct.com\/pt\/custom-acrylic-crafts\/\"><img decoding=\"async\" class=\"aligncenter wp-image-694 size-full\" src=\"https:\/\/customacrylicproduct.com\/wp-content\/uploads\/2025\/07\/Acrylic-Vases-2.jpg\" alt=\"Vasos de flores em acr\u00edlico\" width=\"800\" height=\"800\" srcset=\"https:\/\/customacrylicproduct.com\/wp-content\/uploads\/2025\/07\/Acrylic-Vases-2.jpg 800w, https:\/\/customacrylicproduct.com\/wp-content\/uploads\/2025\/07\/Acrylic-Vases-2-300x300.jpg 300w, https:\/\/customacrylicproduct.com\/wp-content\/uploads\/2025\/07\/Acrylic-Vases-2-150x150.jpg 150w, https:\/\/customacrylicproduct.com\/wp-content\/uploads\/2025\/07\/Acrylic-Vases-2-768x768.jpg 768w, https:\/\/customacrylicproduct.com\/wp-content\/uploads\/2025\/07\/Acrylic-Vases-2-12x12.jpg 12w, https:\/\/customacrylicproduct.com\/wp-content\/uploads\/2025\/07\/Acrylic-Vases-2-600x600.jpg 600w, https:\/\/customacrylicproduct.com\/wp-content\/uploads\/2025\/07\/Acrylic-Vases-2-100x100.jpg 100w\" sizes=\"(max-width: 800px) 100vw, 800px\" \/><\/a><\/p>\n<h4 id=\"-area-4-scenario-based-application-bringing-your-ideas-to-life-\"><strong>\u00c1rea 4: Aplica\u00e7\u00e3o baseada em cen\u00e1rios - Dar vida \u00e0s suas ideias\u00a0<\/strong>.<\/h4>\n<p>O nosso <a href=\"https:\/\/customacrylicproduct.com\/pt\/custom-acrylic-crafts\/\">vasos acr\u00edlicos personalizados<\/a> n\u00e3o s\u00e3o apenas objectos; s\u00e3o op\u00e7\u00f5es. Eis exatamente como proporcionam um valor excecional em diferentes situa\u00e7\u00f5es:.<\/p>\n<ul>\n<li><strong>Produzir ambientes de sala extraordin\u00e1rios:\u00a0<\/strong>.<\/li>\n<li><strong>A sala de estar de estilo n\u00f3rdico:\u00a0<\/strong>Imagine a casa de um cliente melhorada por um dos seus projectos. A\u00a0<strong>suporte para flores em acr\u00edlico entrela\u00e7ado rosa e transparente\u00a0<\/strong>Segurar tulipas frescas eleva instantaneamente a sala, aumentando a sensa\u00e7\u00e3o de calor e de requinte moderno.<\/li>\n<li><strong>A exposi\u00e7\u00e3o ou galeria de arte:\u00a0<\/strong>Ultrapassar os stands tradicionais. Um\u00a0<strong>conjunto de flores transparentes e facetadas\u00a0<\/strong>de diferentes eleva\u00e7\u00f5es podem ser utilizadas para criar uma configura\u00e7\u00e3o imersiva de luz e escurid\u00e3o, ligando-se \u00e0 ilumina\u00e7\u00e3o da galeria para se tornarem parte da pr\u00f3pria arte.<\/li>\n<li><strong>Trabalhar como um poderoso fornecedor de servi\u00e7os visuais de marca:\u00a0<\/strong>.<\/li>\n<li><strong>Presentes para empresas e locais de trabalho:\u00a0<\/strong>Pagamento de uma s\u00e9rie de suportes para flores com o seu\u00a0<strong>desenho do log\u00f3tipo da empresa subtilmente gravado em relevo\u00a0<\/strong>ao lado. Com uma configura\u00e7\u00e3o b\u00e1sica e elegante, trata-se de um presente de organiza\u00e7\u00e3o de primeira qualidade que permanece na secret\u00e1ria de um cliente muito depois de as flores terem descolorido, funcionando como um indicador de marca consistente.<\/li>\n<li><strong>Retalho e hotelaria:\u00a0<\/strong>Utiliza\u00e7\u00e3o\u00a0<strong>suportes para flores fluorescentes ou de cor de marca\u00a0<\/strong>nas suas lojas de retalho ou lobbies de hot\u00e9is para apresentar produtos ou flores frescas. Isto desenvolve uma identifica\u00e7\u00e3o visual coesa e poderosa que aumenta o reconhecimento da marca e desenvolve uma experi\u00eancia inesquec\u00edvel para o cliente.<\/li>\n<li><strong>Imbuindo produtos com estilo emocional:\u00a0<\/strong>.<\/li>\n<li><strong>Casamentos e anivers\u00e1rios:\u00a0<\/strong>Um designer de flores pode usar um servi\u00e7o verdadeiramente superior, encomendando suportes de flores nas cores exclusivas do evento de casamento do casal. Para um anivers\u00e1rio de casamento,\u00a0<strong>personalizar um suporte para flores com uma combina\u00e7\u00e3o de cores \u00fanica\u00a0<\/strong>do seu dia especial, dando ao produto um valor emocional profundo e transformando um presente atrativo numa recorda\u00e7\u00e3o preciosa.<\/li>\n<\/ul>\n<p><a href=\"https:\/\/customacrylicproduct.com\/pt\/acrylic-vases-customization-for-florist-use-bulk-wholesale\/\"><img decoding=\"async\" class=\"wp-image-695 size-full aligncenter\" src=\"https:\/\/customacrylicproduct.com\/wp-content\/uploads\/2025\/07\/Acrylic-Vases-3.jpg\" alt=\"Vasos acr\u00edlicos\" width=\"800\" height=\"800\" srcset=\"https:\/\/customacrylicproduct.com\/wp-content\/uploads\/2025\/07\/Acrylic-Vases-3.jpg 800w, https:\/\/customacrylicproduct.com\/wp-content\/uploads\/2025\/07\/Acrylic-Vases-3-300x300.jpg 300w, https:\/\/customacrylicproduct.com\/wp-content\/uploads\/2025\/07\/Acrylic-Vases-3-150x150.jpg 150w, https:\/\/customacrylicproduct.com\/wp-content\/uploads\/2025\/07\/Acrylic-Vases-3-768x768.jpg 768w, https:\/\/customacrylicproduct.com\/wp-content\/uploads\/2025\/07\/Acrylic-Vases-3-12x12.jpg 12w, https:\/\/customacrylicproduct.com\/wp-content\/uploads\/2025\/07\/Acrylic-Vases-3-600x600.jpg 600w, https:\/\/customacrylicproduct.com\/wp-content\/uploads\/2025\/07\/Acrylic-Vases-3-100x100.jpg 100w\" sizes=\"(max-width: 800px) 100vw, 800px\" \/><\/a><\/p>\n<h4 id=\"-area-5-the-perfect-gift-the-smartest-collaboration-\"><strong>\u00c1rea 5: O presente perfeito e a colabora\u00e7\u00e3o mais inteligente\u00a0<\/strong>.<\/h4>\n<p>Como item aut\u00f3nomo, este\u00a0<strong>um pequeno vaso ador\u00e1vel e especial torna a prepara\u00e7\u00e3o das flores simples e divertida\u00a0<\/strong>, O presente perfeito para qualquer tipo de celebra\u00e7\u00e3o:\u00a0<strong>Anivers\u00e1rios, festas de inaugura\u00e7\u00e3o, casamentos, Dia da M\u00e3e, Natal ou A\u00e7\u00e3o de Gra\u00e7as.\u00a0<\/strong>.<\/p>\n<p>Para os nossos parceiros grossistas, oferecemos mais do que apenas um artigo. Oferecemos uma colabora\u00e7\u00e3o. Ao escolher-nos como seu fornecedor, tem acesso a pre\u00e7os diretos de f\u00e1brica, a um controlo de qualidade rigoroso e a uma equipa dedicada a dar vida aos seus projectos criativos mais ambiciosos.<\/p>\n<p>Deixe de escolher a m\u00e9dia. Eleve o seu virtuosismo, melhore a sua marca e emocione os seus clientes com porta-flores em acr\u00edlico personalizados que s\u00e3o t\u00e3o \u00fanicos, duradouros e bonitos como os seus designs.<\/p>\n<p><strong>Entre em contacto connosco hoje para discutir o seu projeto, pedir um or\u00e7amento e iniciar a jornada de cria\u00e7\u00e3o da sua linha exclusiva de <a href=\"https:\/\/customacrylicproduct.com\/pt\/acrylic-vases-customization-for-florist-use-bulk-wholesale\/\">vasos em acr\u00edlico.\u00a0<\/a><\/strong>.<\/p>","protected":false},"excerpt":{"rendered":"<p>Eleve os seus designs florais com os nossos vasos acr\u00edlicos personalizados. Uma escolha moderna, dur\u00e1vel e resistente a estilha\u00e7os para floristas profissionais. Oferecemos pre\u00e7os por grosso a granel e personaliza\u00e7\u00e3o do log\u00f3tipo para que os seus arranjos se destaquem. Perfeito para eventos e retalho.<\/p>","protected":false},"featured_media":697,"template":"","meta":{"_kad_post_transparent":"default","_kad_post_title":"","_kad_post_layout":"default","_kad_post_sidebar_id":"","_kad_post_content_style":"default","_kad_post_vertical_padding":"default","_kad_post_feature":"","_kad_post_feature_position":"","_kad_post_header":false,"_kad_post_footer":false,"_kad_post_classname":""},"product_brand":[],"product_cat":[20],"product_tag":[66,64,65],"class_list":{"0":"post-693","1":"product","2":"type-product","3":"status-publish","4":"has-post-thumbnail","6":"product_cat-custom-acrylic-crafts","7":"product_tag-acrylic-flower-vase","8":"product_tag-acrylic-vases","9":"product_tag-custom-acrylic-crafts","11":"first","12":"instock","13":"shipping-taxable","14":"product-type-simple","15":"entry","16":"content-bg","17":"loop-entry"},"_links":{"self":[{"href":"https:\/\/customacrylicproduct.com\/pt\/wp-json\/wp\/v2\/product\/693","targetHints":{"allow":["GET"]}}],"collection":[{"href":"https:\/\/customacrylicproduct.com\/pt\/wp-json\/wp\/v2\/product"}],"about":[{"href":"https:\/\/customacrylicproduct.com\/pt\/wp-json\/wp\/v2\/types\/product"}],"wp:featuredmedia":[{"embeddable":true,"href":"https:\/\/customacrylicproduct.com\/pt\/wp-json\/wp\/v2\/media\/697"}],"wp:attachment":[{"href":"https:\/\/customacrylicproduct.com\/pt\/wp-json\/wp\/v2\/media?parent=693"}],"wp:term":[{"taxonomy":"product_brand","embeddable":true,"href":"https:\/\/customacrylicproduct.com\/pt\/wp-json\/wp\/v2\/product_brand?post=693"},{"taxonomy":"product_cat","embeddable":true,"href":"https:\/\/customacrylicproduct.com\/pt\/wp-json\/wp\/v2\/product_cat?post=693"},{"taxonomy":"product_tag","embeddable":true,"href":"https:\/\/customacrylicproduct.com\/pt\/wp-json\/wp\/v2\/product_tag?post=693"}],"curies":[{"name":"wp","href":"https:\/\/api.w.org\/{rel}","templated":true}]}}