{"id":721,"date":"2025-07-07T10:51:32","date_gmt":"2025-07-07T10:51:32","guid":{"rendered":"https:\/\/customacrylicproduct.com\/?post_type=product&#038;p=721"},"modified":"2025-07-07T12:38:24","modified_gmt":"2025-07-07T12:38:24","slug":"personalized-multi-layer-acrylic-display-stands-storage-rack","status":"publish","type":"product","link":"https:\/\/customacrylicproduct.com\/pt\/personalized-multi-layer-acrylic-display-stands-storage-rack\/","title":{"rendered":"Expositores acr\u00edlicos multicamadas personalizados Suporte de armazenamento"},"content":{"rendered":"<h3 id=\"-title-release-your-collection-the-personalized-multi-layer-polymer-show-stand-storage-space-shelf-\"><strong>T\u00edtulo: Liberte a sua cole\u00e7\u00e3o: O suporte personalizado para espect\u00e1culos em pol\u00edmero multicamada e a prateleira com espa\u00e7o de armazenamento\u00a0<\/strong>.<\/h3>\n<p>Cada cole\u00e7\u00e3o conta uma hist\u00f3ria. \u00c9 uma hist\u00f3ria de paix\u00e3o, empenho e o prazer da explora\u00e7\u00e3o. Quer se trate de um ex\u00e9rcito de n\u00fameros cuidadosamente completos, de uma sele\u00e7\u00e3o de brinquedos din\u00e2micos e elegantes, de arte em vinil invulgar ou de um conjunto de cosm\u00e9ticos de luxo, estes produtos s\u00e3o mais do que simples objectos - s\u00e3o expans\u00f5es da sua personalidade e um testemunho da sua prefer\u00eancia. No entanto, frequentemente, estes pr\u00e9mios s\u00e3o escondidos em caixas, amontoados em prateleiras comuns ou escondidos na confus\u00e3o do dia a dia.<\/p>\n<p>E se pudesse transformar essa confus\u00e3o num evento com curadoria? E se pudesse dar \u00e0 sua cole\u00e7\u00e3o o destaque a que ela tem direito, transformando qualquer tipo de canto da sua casa ou espa\u00e7o comercial numa exposi\u00e7\u00e3o espetacular, ao estilo de uma galeria?<\/p>\n<p>Apresentamos o melhor servi\u00e7o para ag\u00eancias de cobran\u00e7a e lojas de custos exigentes: o\u00a0<a href=\"https:\/\/customacrylicproduct.com\/pt\/personalized-multi-layer-acrylic-display-stands-storage-rack\/\"><strong>Expositor de pol\u00edmero multicamada personalizado\u00a0<\/strong><\/a>. N\u00e3o se trata apenas de uma prateleira de arruma\u00e7\u00e3o; \u00e9 um palco arquitet\u00f3nico, um sistema modular criado para a beleza e um santu\u00e1rio cristalino criado para salvaguardar, organizar e aumentar os objectos que adora. Ultrapasse a simples arruma\u00e7\u00e3o e comece a arte da apresenta\u00e7\u00e3o.<\/p>\n<h3 id=\"-area-1-the-heart-of-the-stand-uncompromising-product-pureness-\"><strong>\u00c1rea 1: O cora\u00e7\u00e3o do stand - pureza intransigente do produto\u00a0<\/strong>.<\/h3>\n<p>A qualidade de um expositor come\u00e7a com a pureza dos seus produtos. Na verdade, selecion\u00e1mos cuidadosamente o melhor acr\u00edlico de alta pureza para garantir que a sua cole\u00e7\u00e3o \u00e9 apresentada sem compromissos e protegida durante muitos anos.<\/p>\n<ul>\n<li><strong>Brilho cristalino:\u00a0<\/strong>Fabricados em acr\u00edlico de alta pureza de grau de arquivo, os nossos suportes fornecem uma passagem de luz que \u00e9 t\u00e3o clara e transparente como o cristal. Esta nitidez not\u00e1vel garante que todas as informa\u00e7\u00f5es pormenorizadas, nuances de tonalidade refinadas e textura fr\u00e1gil dos objectos apresentados s\u00e3o recuperadas e apresentadas na sua forma mais genu\u00edna. Ao contr\u00e1rio dos pl\u00e1sticos de qualidade inferior, que podem ter uma tonalidade turva ou azulada, o nosso material permite que a luz passe sem bloqueios, banhando a sua cole\u00e7\u00e3o com um brilho luminescente que real\u00e7a o seu encanto est\u00e9tico.<\/li>\n<li><strong>Concebida para ser duradoura e dur\u00e1vel:\u00a0<\/strong>Um suporte de ecr\u00e3 deve ser um guardi\u00e3o inabal\u00e1vel. O nosso acr\u00edlico possui uma textura forte e robusta que \u00e9 notavelmente resistente a quedas e ao desgaste quotidiano. Foi concebido para resistir a deforma\u00e7\u00f5es ou fracturas, mantendo a sua bela condi\u00e7\u00e3o mesmo sob o peso de uma cole\u00e7\u00e3o completa e ap\u00f3s uma utiliza\u00e7\u00e3o prolongada. Esta robustez proporciona uma plataforma est\u00e1vel e protegida em que pode confiar para alojar os seus produtos mais valiosos.<\/li>\n<li><strong>Uma dedica\u00e7\u00e3o \u00e0 seguran\u00e7a e \u00e0 conserva\u00e7\u00e3o:\u00a0<\/strong>A sua cole\u00e7\u00e3o n\u00e3o tem pre\u00e7o. O nosso material acr\u00edlico \u00e9 completamente n\u00e3o t\u00f3xico e amigo do ambiente, garantindo que nunca ir\u00e1 prejudicar, descolorir ou interagir quimicamente com as figuras apresentadas, brinquedos da moda ou outros objectos de cole\u00e7\u00e3o sens\u00edveis. Funciona como uma barreira neutra e protetora, protegendo o seu investimento de elementos inseguros e proporcionando-lhe total seguran\u00e7a.<\/li>\n<\/ul>\n<p><a href=\"https:\/\/customacrylicproduct.com\/pt\/personalized-multi-layer-acrylic-display-stands-storage-rack\/\"><img fetchpriority=\"high\" decoding=\"async\" class=\"aligncenter wp-image-723 size-full\" src=\"https:\/\/customacrylicproduct.com\/wp-content\/uploads\/2025\/07\/Multi-Layer-Acrylic-Display-Stand-2.jpg\" alt=\"Expositores em acr\u00edlico multicamadas\" width=\"800\" height=\"800\" srcset=\"https:\/\/customacrylicproduct.com\/wp-content\/uploads\/2025\/07\/Multi-Layer-Acrylic-Display-Stand-2.jpg 800w, https:\/\/customacrylicproduct.com\/wp-content\/uploads\/2025\/07\/Multi-Layer-Acrylic-Display-Stand-2-300x300.jpg 300w, https:\/\/customacrylicproduct.com\/wp-content\/uploads\/2025\/07\/Multi-Layer-Acrylic-Display-Stand-2-150x150.jpg 150w, https:\/\/customacrylicproduct.com\/wp-content\/uploads\/2025\/07\/Multi-Layer-Acrylic-Display-Stand-2-768x768.jpg 768w, https:\/\/customacrylicproduct.com\/wp-content\/uploads\/2025\/07\/Multi-Layer-Acrylic-Display-Stand-2-12x12.jpg 12w, https:\/\/customacrylicproduct.com\/wp-content\/uploads\/2025\/07\/Multi-Layer-Acrylic-Display-Stand-2-600x600.jpg 600w, https:\/\/customacrylicproduct.com\/wp-content\/uploads\/2025\/07\/Multi-Layer-Acrylic-Display-Stand-2-100x100.jpg 100w\" sizes=\"(max-width: 800px) 100vw, 800px\" \/><\/a><\/p>\n<h3 id=\"-section-2-architectural-liberty-the-genius-of-modular-design-\"><strong>Sec\u00e7\u00e3o 2: Liberdade arquitet\u00f3nica - O g\u00e9nio do design modular\u00a0<\/strong>.<\/h3>\n<p>A nossa equipa acredita que o seu expositor tem de se adaptar \u00e0 sua cole\u00e7\u00e3o e n\u00e3o o contr\u00e1rio. O nosso estilo inteligente e modular utiliza uma versatilidade inigual\u00e1vel, permitindo-lhe criar um expositor que se adapta perfeitamente ao seu espa\u00e7o e aos seus produtos.<\/p>\n<ul>\n<li><strong>O seu presente, as suas pol\u00edticas: O Poder da Modularidade:\u00a0<\/strong>A nossa engenhosa estrutura de jun\u00e7\u00e3o modular liberta-o das restri\u00e7\u00f5es dos m\u00f3veis de design fixo. Permite-lhe ser o designer do seu pr\u00f3prio ecr\u00e3, combinando livremente a variedade de camadas de que necessita e ditando a disposi\u00e7\u00e3o de cada camada. Crie uma configura\u00e7\u00e3o quadrada tradicional, uma disposi\u00e7\u00e3o din\u00e2mica, irregular e escalonada ou qualquer mistura que se adeq\u00fae \u00e0 sua est\u00e9tica. \u00c0 medida que a sua cole\u00e7\u00e3o cresce, o seu suporte pode expandir-se com ela - basta adicionar ainda mais componentes.<\/li>\n<li><strong>Brilho vertical: Maximizar o espa\u00e7o com sofistica\u00e7\u00e3o:\u00a0<\/strong>O estilo multi-camadas \u00e9 uma op\u00e7\u00e3o magistral para aumentar a capacidade do seu ecr\u00e3 sem ocupar espa\u00e7o valioso no ch\u00e3o. Ao desenvolver verticalmente, pode alojar uma cole\u00e7\u00e3o significativa numa \u00e1rea compacta. Podemos planear racionalmente a altura de cada camada para satisfazer as necessidades espec\u00edficas de exposi\u00e7\u00e3o de antiguidades de diferentes tamanhos, desde n\u00fameros pequenos e pormenorizados a esculturas altas e imponentes.<\/li>\n<li><strong>Desenvolver o ritmo est\u00e9tico e a medi\u00e7\u00e3o:\u00a0<\/strong>Ao reajustar o intervalo entre as camadas, pode desenvolver um magn\u00edfico efeito est\u00e9tico de ponta ou de camadas. Isto faz mais do que apenas organizar; desenvolve um sentimento de profundidade e hierarquia, orientando o olhar do cliente ao longo da cole\u00e7\u00e3o. Esta apresenta\u00e7\u00e3o tridimensional evita a monotonia visual e transforma um simples grupo de artigos numa exposi\u00e7\u00e3o vibrante e envolvente.<\/li>\n<\/ul>\n<h3 id=\"-section-3-the-art-of-the-individual-unmatched-modification-\"><strong>Sec\u00e7\u00e3o 3: A arte do indiv\u00edduo - Modifica\u00e7\u00e3o inigual\u00e1vel\u00a0<\/strong>.<\/h3>\n<p>\u00c9 aqui que a sua vis\u00e3o realmente revive. Para n\u00f3s, a \u201cpersonaliza\u00e7\u00e3o\u201d n\u00e3o \u00e9 uma reflex\u00e3o tardia, \u00e9 o cerne da nossa abordagem. Trabalhamos consigo para criar um suporte de ecr\u00e3 que seja um verdadeiro desenvolvimento distintivo.<\/p>\n<ul>\n<li><strong>Dimens\u00f5es adaptadas com precis\u00e3o:\u00a0<\/strong>Indique-nos as dimens\u00f5es da sua \u00e1rea - seja uma determinada prateleira, uma bancada ou um ecr\u00e3 de venda a retalho - e a variedade de objectos da sua cole\u00e7\u00e3o. Iremos definir corretamente o comprimento, a largura e a altura totais do expositor para criar um ajuste ideal e perfeito.<\/li>\n<li><strong>Uma combina\u00e7\u00e3o de possibilidades:\u00a0<\/strong>Embora o design padr\u00e3o claro seja sempre preferido pela sua capacidade de tornar a cole\u00e7\u00e3o o her\u00f3i, oferecemos uma variedade de op\u00e7\u00f5es de cores para incorporar perfeitamente o suporte no estilo da sua casa ou loja.<\/li>\n<li><strong>Acr\u00edlico fosco:\u00a0<\/strong>Oferece um aspeto suave, difuso e contempor\u00e2neo que reduz o brilho e inclui um toque de sofistica\u00e7\u00e3o subtil.<\/li>\n<li><strong>Acr\u00edlico colorido:\u00a0<\/strong>Escolha entre um espetro de tonalidades - desde o preto ou branco simples at\u00e9 \u00e0s cores din\u00e2micas - para combinar com a sua marca ou design de interiores.<\/li>\n<li><strong>O toque da marca registada: Inscri\u00e7\u00e3o personalizada a laser:\u00a0<\/strong>Este \u00e9 o \u00faltimo floreado que transforma o seu expositor de um m\u00f3vel atraente num artefacto pessoal. Podemos utilizar a inscri\u00e7\u00e3o a laser de precis\u00e3o nos bordos, na base ou nas placas frontais para acrescentar log\u00f3tipos exclusivos, padr\u00f5es tem\u00e1ticos, o nome da sua cole\u00e7\u00e3o ou um dia consider\u00e1vel. Isto \u00e9 ideal para a cria\u00e7\u00e3o de marcas num ambiente de retalho ou para dar um toque profundamente individual a uma cole\u00e7\u00e3o dom\u00e9stica.<\/li>\n<\/ul>\n<p><a href=\"https:\/\/customacrylicproduct.com\/pt\/personalized-multi-layer-acrylic-display-stands-storage-rack\/\"><img decoding=\"async\" class=\"aligncenter wp-image-724 size-full\" src=\"https:\/\/customacrylicproduct.com\/wp-content\/uploads\/2025\/07\/Multi-Layer-Acrylic-Display-Stand-3.jpg\" alt=\"Expositores em acr\u00edlico multicamadas\" width=\"800\" height=\"800\" srcset=\"https:\/\/customacrylicproduct.com\/wp-content\/uploads\/2025\/07\/Multi-Layer-Acrylic-Display-Stand-3.jpg 800w, https:\/\/customacrylicproduct.com\/wp-content\/uploads\/2025\/07\/Multi-Layer-Acrylic-Display-Stand-3-300x300.jpg 300w, https:\/\/customacrylicproduct.com\/wp-content\/uploads\/2025\/07\/Multi-Layer-Acrylic-Display-Stand-3-150x150.jpg 150w, https:\/\/customacrylicproduct.com\/wp-content\/uploads\/2025\/07\/Multi-Layer-Acrylic-Display-Stand-3-768x768.jpg 768w, https:\/\/customacrylicproduct.com\/wp-content\/uploads\/2025\/07\/Multi-Layer-Acrylic-Display-Stand-3-12x12.jpg 12w, https:\/\/customacrylicproduct.com\/wp-content\/uploads\/2025\/07\/Multi-Layer-Acrylic-Display-Stand-3-600x600.jpg 600w, https:\/\/customacrylicproduct.com\/wp-content\/uploads\/2025\/07\/Multi-Layer-Acrylic-Display-Stand-3-100x100.jpg 100w\" sizes=\"(max-width: 800px) 100vw, 800px\" \/><\/a><\/p>\n<h3 id=\"-section-4-the-art-of-presentation-the-unrivaled-show-impact-\"><strong>Sec\u00e7\u00e3o 4: A arte da apresenta\u00e7\u00e3o - O impacto inigual\u00e1vel do espet\u00e1culo\u00a0<\/strong>.<\/h3>\n<p>Um expositor bem concebido n\u00e3o se limita a guardar os produtos, mas melhora-os, criando uma experi\u00eancia para o cliente.<\/p>\n<ul>\n<li><strong>Um teatro redondo:\u00a0<\/strong>O produto muito transparente permite que a sua cole\u00e7\u00e3o seja apreciada a 360 graus sem \u00e2ngulos mortos. O p\u00fablico pode apreciar todos os elementos das suas antiguidades, desde as informa\u00e7\u00f5es frontais at\u00e9 \u00e0s disposi\u00e7\u00f5es complexas no verso e nos lados.<\/li>\n<li><strong>A dan\u00e7a da luz e das trevas:\u00a0<\/strong>Quando a luz ambiente ou a luz dedicada passa atrav\u00e9s do acr\u00edlico cristalino, lan\u00e7a impactos elegantes de luz e escurid\u00e3o nos seus artigos. Esta intera\u00e7\u00e3o da luz confere ao ecr\u00e3 uma sensa\u00e7\u00e3o profissional e de qualidade de museu, melhorando substancialmente a experi\u00eancia de check-out e dando mais vida a cada artigo.<\/li>\n<li><strong>Limpeza com curadoria: O seu pr\u00f3prio \u201cpequeno sal\u00e3o de eventos\u201d:\u00a0<\/strong>O estilo com v\u00e1rias camadas e divis\u00f3rias \u00e9 o melhor para a classifica\u00e7\u00e3o. Organize a sua cole\u00e7\u00e3o por cole\u00e7\u00e3o, motivo, m\u00fasico ou tom. Esta estrat\u00e9gia clara e bem organizada n\u00e3o \u00e9 apenas esteticamente satisfat\u00f3ria, mas tamb\u00e9m torna muito f\u00e1cil para os espectadores identificarem e valorizarem prontamente as diferentes partes da sua cole\u00e7\u00e3o. Transforma uma variedade simples numa \u201cpequena sala de eventos\u201d cuidadosamente organizada que conta uma hist\u00f3ria com significado.<\/li>\n<\/ul>\n<h3 id=\"-area-5-from-home-shelter-to-retail-showcase-versatile-circumstances-\"><strong>\u00c1rea 5: Do abrigo dom\u00e9stico \u00e0 montra de retalho - Circunst\u00e2ncias vers\u00e1teis\u00a0<\/strong>.<\/h3>\n<p>A sofistica\u00e7\u00e3o e a versatilidade dos nossos suportes tornam-nos perfeitamente adequados a uma grande variedade de aplica\u00e7\u00f5es.<\/p>\n<ul>\n<li><strong>Para a ag\u00eancia de cobran\u00e7as ao domic\u00edlio:\u00a0<\/strong>Transforme um canto da sua sala de estar, escrit\u00f3rio ou quarto numa \u201cborda de ecr\u00e3 de cole\u00e7\u00e3o\u201d dedicada. Este suporte acaba por ser uma declara\u00e7\u00e3o honrosa do seu entusiasmo e um foco principal espetacular que mostra o seu gosto individual. \u00c9 um ponto de partida para a discuss\u00e3o e uma fonte de felicidade quotidiana \u00e0 medida que aprecia a sua cole\u00e7\u00e3o bem organizada.<\/li>\n<li><strong>Para o vendedor especializado:\u00a0<\/strong>Numa loja de brinquedos da moda, num est\u00fadio de n\u00fameros ou numa loja, a discuss\u00e3o \u00e9 fundamental. Os nossos stands funcionam como um \u201cvendedor silencioso\u201d eficaz. Apresentam claramente o atrativo e os detalhes do produto, atraindo o interesse do cliente e desenvolvendo uma sensa\u00e7\u00e3o de qualidade e de organiza\u00e7\u00e3o para a sua loja. Um ecr\u00e3 de exposi\u00e7\u00e3o com classe eleva o valor percebido dos seus produtos e contribui diretamente para uma melhor experi\u00eancia do consumidor e para o aumento das vendas.<\/li>\n<\/ul>\n<p><a href=\"https:\/\/customacrylicproduct.com\/pt\/custom-acrylic-displays\/\"><img decoding=\"async\" class=\"aligncenter wp-image-722 size-full\" src=\"https:\/\/customacrylicproduct.com\/wp-content\/uploads\/2025\/07\/Multi-Layer-Acrylic-Display-Stand-1.jpg\" alt=\"Expositores em acr\u00edlico multicamadas\" width=\"800\" height=\"800\" srcset=\"https:\/\/customacrylicproduct.com\/wp-content\/uploads\/2025\/07\/Multi-Layer-Acrylic-Display-Stand-1.jpg 800w, https:\/\/customacrylicproduct.com\/wp-content\/uploads\/2025\/07\/Multi-Layer-Acrylic-Display-Stand-1-300x300.jpg 300w, https:\/\/customacrylicproduct.com\/wp-content\/uploads\/2025\/07\/Multi-Layer-Acrylic-Display-Stand-1-150x150.jpg 150w, https:\/\/customacrylicproduct.com\/wp-content\/uploads\/2025\/07\/Multi-Layer-Acrylic-Display-Stand-1-768x768.jpg 768w, https:\/\/customacrylicproduct.com\/wp-content\/uploads\/2025\/07\/Multi-Layer-Acrylic-Display-Stand-1-12x12.jpg 12w, https:\/\/customacrylicproduct.com\/wp-content\/uploads\/2025\/07\/Multi-Layer-Acrylic-Display-Stand-1-600x600.jpg 600w, https:\/\/customacrylicproduct.com\/wp-content\/uploads\/2025\/07\/Multi-Layer-Acrylic-Display-Stand-1-100x100.jpg 100w\" sizes=\"(max-width: 800px) 100vw, 800px\" \/><\/a><\/p>\n<h3 id=\"-area-6-simpleness-in-type-and-function-easy-installment-upkeep-\"><strong>\u00c1rea 6: Simplicidade no tipo e na fun\u00e7\u00e3o - f\u00e1cil instala\u00e7\u00e3o e manuten\u00e7\u00e3o\u00a0<\/strong>.<\/h3>\n<p>Acreditamos que um layout sofisticado deve ser acompanhado de uma simplicidade direta.<\/p>\n<ul>\n<li><strong>Configura\u00e7\u00e3o intuitiva e sem ferramentas:\u00a0<\/strong>A estrutura modular de emenda foi desenvolvida para uma configura\u00e7\u00e3o r\u00e1pida e simples. N\u00e3o s\u00e3o necess\u00e1rias ferramentas complexas ou capacidades tecnol\u00f3gicas. Seguindo as instru\u00e7\u00f5es simples, os itens encaixam-se em seguran\u00e7a, permitindo-lhe montar ou desmontar o seu suporte em minutos. Isto \u00e9 excecionalmente descomplicado para deslocar, limpar ou reconfigurar o seu ecr\u00e3 \u00e0 medida que as suas necessidades se alteram.<\/li>\n<li><strong>Brilho a longo prazo, cuidado sem esfor\u00e7o:\u00a0<\/strong>Manter esse aspeto cristalino \u00e9 simples. A superf\u00edcie lisa e n\u00e3o porosa do acr\u00edlico n\u00e3o esconde o p\u00f3. Para a manuten\u00e7\u00e3o di\u00e1ria, basta uma limpeza suave com um pano macio e completamente seco para eliminar o p\u00f3 e as impress\u00f5es digitais. O seu suporte permanecer\u00e1 transparente e limpo, garantindo que o efeito de exposi\u00e7\u00e3o da sua cole\u00e7\u00e3o est\u00e1 constantemente na Internet e \u00e9 sempre not\u00e1vel.<\/li>\n<\/ul>\n<p><strong>Deixem de esconder a vossa cole\u00e7\u00e3o. Comece a comemor\u00e1-la. Contacte-nos hoje para come\u00e7ar a desenhar a sua cole\u00e7\u00e3o individualizada <a href=\"https:\/\/customacrylicproduct.com\/pt\/custom-acrylic-displays\/\">expositor acr\u00edlico multicamadas<\/a> e produzir o sal\u00e3o de eventos especial que o seu interesse deve ter.\u00a0<\/strong>.<\/p>","protected":false},"excerpt":{"rendered":"<p>Eleve a sua cole\u00e7\u00e3o com um expositor acr\u00edlico personalizado de v\u00e1rias camadas. Criamos n\u00edveis de tamanho personalizado para exibir perfeitamente figuras, cosm\u00e9ticos ou artigos de retalho. Obtenha um visual dur\u00e1vel, moderno e sem desordem para sua casa ou empresa. Conceba a sua prateleira de arruma\u00e7\u00e3o ideal e obtenha um or\u00e7amento hoje mesmo!<\/p>","protected":false},"featured_media":726,"template":"","meta":{"_kad_post_transparent":"default","_kad_post_title":"","_kad_post_layout":"default","_kad_post_sidebar_id":"","_kad_post_content_style":"default","_kad_post_vertical_padding":"default","_kad_post_feature":"","_kad_post_feature_position":"","_kad_post_header":false,"_kad_post_footer":false,"_kad_post_classname":""},"product_brand":[],"product_cat":[15],"product_tag":[72,46,71],"class_list":{"0":"post-721","1":"product","2":"type-product","3":"status-publish","4":"has-post-thumbnail","6":"product_cat-custom-acrylic-displays","7":"product_tag-acrylic-display-stand","8":"product_tag-custom-acrylic-display-stands","9":"product_tag-multi-layer-acrylic-display-stand","11":"first","12":"instock","13":"shipping-taxable","14":"product-type-simple","15":"entry","16":"content-bg","17":"loop-entry"},"_links":{"self":[{"href":"https:\/\/customacrylicproduct.com\/pt\/wp-json\/wp\/v2\/product\/721","targetHints":{"allow":["GET"]}}],"collection":[{"href":"https:\/\/customacrylicproduct.com\/pt\/wp-json\/wp\/v2\/product"}],"about":[{"href":"https:\/\/customacrylicproduct.com\/pt\/wp-json\/wp\/v2\/types\/product"}],"wp:featuredmedia":[{"embeddable":true,"href":"https:\/\/customacrylicproduct.com\/pt\/wp-json\/wp\/v2\/media\/726"}],"wp:attachment":[{"href":"https:\/\/customacrylicproduct.com\/pt\/wp-json\/wp\/v2\/media?parent=721"}],"wp:term":[{"taxonomy":"product_brand","embeddable":true,"href":"https:\/\/customacrylicproduct.com\/pt\/wp-json\/wp\/v2\/product_brand?post=721"},{"taxonomy":"product_cat","embeddable":true,"href":"https:\/\/customacrylicproduct.com\/pt\/wp-json\/wp\/v2\/product_cat?post=721"},{"taxonomy":"product_tag","embeddable":true,"href":"https:\/\/customacrylicproduct.com\/pt\/wp-json\/wp\/v2\/product_tag?post=721"}],"curies":[{"name":"wp","href":"https:\/\/api.w.org\/{rel}","templated":true}]}}