{"id":733,"date":"2025-07-07T13:20:48","date_gmt":"2025-07-07T13:20:48","guid":{"rendered":"https:\/\/customacrylicproduct.com\/?post_type=product&#038;p=733"},"modified":"2025-07-07T13:37:33","modified_gmt":"2025-07-07T13:37:33","slug":"custom-acrylic-puzzles-piece-waterproof-puzzle-photo-jigsaws","status":"publish","type":"product","link":"https:\/\/customacrylicproduct.com\/pt\/custom-acrylic-puzzles-piece-waterproof-puzzle-photo-jigsaws\/","title":{"rendered":"Puzzles acr\u00edlicos personalizados Puzzle \u00e0 prova de \u00e1gua Puzzle de fotografias"},"content":{"rendered":"<h3 id=\"-title-beyond-the-frame-the-memorable-custom-made-polymer-image-challenge-waterproof-personal-and-made-to-last-\"><strong>T\u00edtulo: Para al\u00e9m da moldura: O desafio da imagem memor\u00e1vel em pol\u00edmero feita \u00e0 medida - \u00e0 prova de \u00e1gua, pessoal e feita para durar\u00a0<\/strong>.<\/h3>\n<p>Numa era de fotografias digitais de curta dura\u00e7\u00e3o e de entretenimento dom\u00e9stico descart\u00e1vel, ansiamos por pontos que sejam concretos, significativos e duradouros. Tiramos in\u00fameras fotografias, mas quantas delas duram verdadeiramente? Compramos puzzles para um momento de divers\u00e3o, apenas para os ver flexionados, desgastados ou estragados por um \u00fanico derrame inesperado. Uma recorda\u00e7\u00e3o querida \u00e9 digna de um lar muito melhor, e uma atividade partilhada deve ser muito mais resistente.<\/p>\n<p>Imagine um puzzle que n\u00e3o se limita a captar um momento, mas que o preserva com uma qualidade deslumbrante e \u00e0 prova de \u00e1gua. Imagine um presente que n\u00e3o \u00e9 apenas profundamente individual, mas tamb\u00e9m uma experi\u00eancia interactiva. Imagine uma lembran\u00e7a que pode ser apreciada, exibida e revivida durante toda a vida.<\/p>\n<p>Temos o prazer de apresentar o futuro dos puzzles: o\u00a0<a href=\"https:\/\/customacrylicproduct.com\/pt\/custom-acrylic-puzzles-piece-waterproof-puzzle-photo-jigsaws\/\"><strong>Desafio de imagem de pol\u00edmero personalizado\u00a0<\/strong><\/a>. \u00c9 aqui que as suas mem\u00f3rias mais preciosas satisfazem a investiga\u00e7\u00e3o cient\u00edfica de produtos modernos. Ao transformar as suas fotografias pessoais num puzzle dur\u00e1vel, vivo e completamente \u00e0 prova de \u00e1gua, oferecemos mais do que um simples artigo; oferecemos uma forma totalmente nova de entrar em contacto com as suas mem\u00f3rias, criar arte duradoura e oferecer um presente absolutamente not\u00e1vel.<\/p>\n<h3 id=\"-section-1-the-product-transformation-engineered-for-infinity-with-waterproof-acrylic-\"><strong>Sec\u00e7\u00e3o 1: A transforma\u00e7\u00e3o do produto - Concebido para o infinito com acr\u00edlico \u00e0 prova de \u00e1gua\u00a0<\/strong>.<\/h3>\n<p>O cerne do nosso desafio reside no seu material inovador. Ultrapass\u00e1mos o papel fr\u00e1gil e a madeira pesada para criar os nossos puzzles a partir de um acr\u00edlico (plexiglass) especialmente optimizado e de alta qualidade, selecionado pela sua resist\u00eancia sem paralelo e pelas suas magn\u00edficas propriedades est\u00e9ticas residenciais.<\/p>\n<ul>\n<li><strong>A melhor op\u00e7\u00e3o \u00e0 prova de \u00e1gua e de humidade:\u00a0<\/strong>Esta \u00e9 a carater\u00edstica que muda tudo. O nosso acr\u00edlico \u00e9 naturalmente resistente \u00e0 \u00e1gua. Isto indica que \u00e9 insuscet\u00edvel a derrames, humidade e sujidade. Derrubar involuntariamente um copo de \u00e1gua? N\u00e3o h\u00e1 problema. Quer fazer um problema num ambiente h\u00famido ou talvez numa \u00e1rea de cozinha ou casa de banho? Fa\u00e7a-o com anteced\u00eancia. Ao contr\u00e1rio dos problemas de papel convencionais que se deformam, descascam e s\u00e3o imediatamente danificados pelo contacto com l\u00edquidos, os nossos puzzles de acr\u00edlico n\u00e3o s\u00e3o afectados. Este elemento em particular eleva o item de uma atividade de lazer delicada para uma atividade robusta e sem preocupa\u00e7\u00f5es, aumentando drasticamente a sua longevidade e usabilidade.<\/li>\n<li><strong>Constru\u00eddo para uma vida inteira de satisfa\u00e7\u00e3o:\u00a0<\/strong>A resili\u00eancia prolonga-se para al\u00e9m da resist\u00eancia \u00e0 \u00e1gua. O material acr\u00edlico \u00e9 r\u00edgido e imune a flex\u00f5es, fissuras ou deforma\u00e7\u00f5es com o tempo. Cada objeto \u00e9 fabricado para resistir a montagens e desmontagens duplicadas sem que as patilhas se rasguem ou a imagem se levante. \u00c9 um objeto feito n\u00e3o para uma utiliza\u00e7\u00e3o solit\u00e1ria, mas para gera\u00e7\u00f5es de prazer.<\/li>\n<\/ul>\n<p><a href=\"https:\/\/customacrylicproduct.com\/pt\/custom-acrylic-puzzles-piece-waterproof-puzzle-photo-jigsaws\/\"><img fetchpriority=\"high\" decoding=\"async\" class=\"wp-image-735 size-full aligncenter\" src=\"https:\/\/customacrylicproduct.com\/wp-content\/uploads\/2025\/07\/Custom-Acrylic-Puzzles-2.jpg\" alt=\"Puzzles acr\u00edlicos personalizados\" width=\"800\" height=\"800\" srcset=\"https:\/\/customacrylicproduct.com\/wp-content\/uploads\/2025\/07\/Custom-Acrylic-Puzzles-2.jpg 800w, https:\/\/customacrylicproduct.com\/wp-content\/uploads\/2025\/07\/Custom-Acrylic-Puzzles-2-300x300.jpg 300w, https:\/\/customacrylicproduct.com\/wp-content\/uploads\/2025\/07\/Custom-Acrylic-Puzzles-2-150x150.jpg 150w, https:\/\/customacrylicproduct.com\/wp-content\/uploads\/2025\/07\/Custom-Acrylic-Puzzles-2-768x768.jpg 768w, https:\/\/customacrylicproduct.com\/wp-content\/uploads\/2025\/07\/Custom-Acrylic-Puzzles-2-12x12.jpg 12w, https:\/\/customacrylicproduct.com\/wp-content\/uploads\/2025\/07\/Custom-Acrylic-Puzzles-2-600x600.jpg 600w, https:\/\/customacrylicproduct.com\/wp-content\/uploads\/2025\/07\/Custom-Acrylic-Puzzles-2-100x100.jpg 100w\" sizes=\"(max-width: 800px) 100vw, 800px\" \/><\/a><\/p>\n<h3 id=\"-area-2-the-heart-of-the-matter-your-story-piece-by-piece-with-endless-personalization-\"><strong>\u00c1rea 2: O cerne da quest\u00e3o - A sua hist\u00f3ria, pe\u00e7a por pe\u00e7a, com personaliza\u00e7\u00e3o infinita\u00a0<\/strong>.<\/h3>\n<p>\u00c9 aqui que o desafio acaba por ser distintamente seu. A nossa principal miss\u00e3o \u00e9 oferecer-lhe uma tela para a sua criatividade e amor. A nossa plataforma sustenta a personaliza\u00e7\u00e3o em todas as dimens\u00f5es para transformar um problema simples num artefacto profundamente individual.<\/p>\n<ul>\n<li><strong>As suas fotografias, a sua arte, as suas palavras:\u00a0<\/strong>.<\/li>\n<li><strong>Fotografias:\u00a0<\/strong>Publique as suas fotografias mais preciosas - uma fotografia espetacular de casa, uma fotografia honesta do seu precioso animal de estima\u00e7\u00e3o, uma paisagem de cortar a respira\u00e7\u00e3o de umas f\u00e9rias memor\u00e1veis ou uma fotografia encantadora do seu casamento.<\/li>\n<li><strong>Padr\u00f5es:\u00a0<\/strong>Para m\u00fasicos, criadores e marcas, podemos recriar qualquer tipo de padr\u00e3o, desde desenhos imaginativos elaborados e personalidades de anime de jovens a marcas e log\u00f3tipos de empresas inovadores.<\/li>\n<li><strong>Texto:\u00a0<\/strong>Inclua um toque final e genu\u00edno. Sobreponha \u00e0 imagem uma mensagem especial, uma data comemorativa, uma cita\u00e7\u00e3o significativa ou um simples \u201cFeliz Anivers\u00e1rio\u201d.<\/li>\n<li><strong>Impress\u00e3o de \u00faltima gera\u00e7\u00e3o para uma reprodu\u00e7\u00e3o sem falhas:\u00a0<\/strong>Utilizamos uma tecnologia de impress\u00e3o inovadora e de alta defini\u00e7\u00e3o para transferir a sua imagem diretamente para o acr\u00edlico. Este processo garante que todas as informa\u00e7\u00f5es s\u00e3o captadas com uma nitidez espetacular, que as sombras s\u00e3o reproduzidas com uma vibra\u00e7\u00e3o deslumbrante e que a \u00faltima imagem \u00e9 n\u00edtida, clara e fiel \u00e0 sua inicial.<\/li>\n<li><strong>Adaptado \u00e0 sua experi\u00eancia desejada:\u00a0<\/strong>A modifica\u00e7\u00e3o n\u00e3o termina com a imagem. Pode regular a dificuldade e o alcance.<\/li>\n<li><strong>Mat\u00e9ria e dimens\u00e3o do artigo:\u00a0<\/strong>Podemos desenvolver desafios para satisfazer qualquer exig\u00eancia. Selecione um pequeno n\u00famero de pe\u00e7as grandes e f\u00e1ceis de manusear para o primeiro brinquedo educativo de um jovem, um problema b\u00e1sico de 500 pe\u00e7as para uma tarefa dom\u00e9stica relaxante ou uma dif\u00edcil obra de arte de mais de 1000 pe\u00e7as para o entusiasta adulto dedicado. As dimens\u00f5es gerais do desafio s\u00e3o, al\u00e9m disso, totalmente personaliz\u00e1veis para se adaptarem ao seu espa\u00e7o e \u00e0 sua vis\u00e3o.<\/li>\n<\/ul>\n<p><a href=\"https:\/\/customacrylicproduct.com\/pt\/custom-acrylic-puzzles-piece-waterproof-puzzle-photo-jigsaws\/\"><img decoding=\"async\" class=\"aligncenter wp-image-736 size-full\" src=\"https:\/\/customacrylicproduct.com\/wp-content\/uploads\/2025\/07\/Custom-Acrylic-Puzzles-3.jpg\" alt=\"Puzzles acr\u00edlicos personalizados\" width=\"800\" height=\"800\" srcset=\"https:\/\/customacrylicproduct.com\/wp-content\/uploads\/2025\/07\/Custom-Acrylic-Puzzles-3.jpg 800w, https:\/\/customacrylicproduct.com\/wp-content\/uploads\/2025\/07\/Custom-Acrylic-Puzzles-3-300x300.jpg 300w, https:\/\/customacrylicproduct.com\/wp-content\/uploads\/2025\/07\/Custom-Acrylic-Puzzles-3-150x150.jpg 150w, https:\/\/customacrylicproduct.com\/wp-content\/uploads\/2025\/07\/Custom-Acrylic-Puzzles-3-768x768.jpg 768w, https:\/\/customacrylicproduct.com\/wp-content\/uploads\/2025\/07\/Custom-Acrylic-Puzzles-3-12x12.jpg 12w, https:\/\/customacrylicproduct.com\/wp-content\/uploads\/2025\/07\/Custom-Acrylic-Puzzles-3-600x600.jpg 600w, https:\/\/customacrylicproduct.com\/wp-content\/uploads\/2025\/07\/Custom-Acrylic-Puzzles-3-100x100.jpg 100w\" sizes=\"(max-width: 800px) 100vw, 800px\" \/><\/a><\/p>\n<h3 id=\"-area-3-a-banquet-for-the-eyes-and-hands-the-visual-and-responsive-experience-\"><strong>\u00c1rea 3: Um banquete para os olhos e as m\u00e3os - A experi\u00eancia visual e reactiva\u00a0<\/strong>.<\/h3>\n<p>Um excelente problema envolve mais do que simplesmente a mente; ele encanta os sentidos. Na verdade, concebemos meticulosamente cada faceta dos nossos problemas para oferecer uma experi\u00eancia de excel\u00eancia a partir do momento em que abre a embalagem.<\/p>\n<ul>\n<li><strong>Uma apar\u00eancia brilhante:\u00a0<\/strong>A poderosa passagem de luz do pol\u00edmero confere ao problema uma qualidade luminosa e praticamente tridimensional. O padr\u00e3o impresso parece extraordinariamente brilhante e abrangente, como se estivesse a ser iluminado a partir do interior. Quando completamente montado, o desafio tem uma estrutura clara e sem costuras que o torna numa magn\u00edfica pe\u00e7a decorativa por si s\u00f3, pronta a ser mostrada e admirada.<\/li>\n<li><strong>O ajuste e o acabamento perfeitos:\u00a0<\/strong>Cada pe\u00e7a do puzzle \u00e9 cortada com precis\u00e3o utilizando a moderna tecnologia laser sofisticada. Isto garante linhas limpas e um excelente encaixe que d\u00e1 um \u201cestalido\u201d satisfat\u00f3rio quando se ligam as pe\u00e7as. Os lados s\u00e3o depois cuidadosamente polidos para ficarem perfeitamente lisos e sem rebarbas, o que n\u00e3o s\u00f3 contribui para a sensa\u00e7\u00e3o de custo, como tamb\u00e9m torna o puzzle seguro e confort\u00e1vel de manusear, mesmo para crian\u00e7as pequenas.<\/li>\n<li><strong>Uma experi\u00eancia de emenda inigual\u00e1vel:\u00a0<\/strong>As pe\u00e7as s\u00e3o razoavelmente duras, dando-lhes uma sensa\u00e7\u00e3o satisfat\u00f3ria de qualidade superior, mas s\u00e3o dramaticamente mais leves do que as pe\u00e7as de puzzle de madeira, tornando-as muito f\u00e1ceis de agarrar e manobrar. A carater\u00edstica de marca registada \u00e0 prova de \u00e1gua proporciona uma adaptabilidade inigual\u00e1vel no local onde realiza o puzzle. Delicie-se com uma atividade familiar no ch\u00e3o, um obst\u00e1culo a solo no seu computador de secret\u00e1ria, ou talvez o leve para o p\u00e1tio ou para a casa de banho. Se algum tipo de \u00e1gua ou bebida se derramar para o exterior durante o jogo, basta uma limpeza simples com um pano h\u00famido para o limpar, sem qualquer dano para a fotografia ou para a pr\u00f3pria pe\u00e7a.<\/li>\n<\/ul>\n<h3 id=\"-area-4-from-playtime-to-valuable-a-puzzle-for-each-circumstance-\"><strong>\u00c1rea 4: Do tempo de brincadeira ao valor - Um puzzle para cada circunst\u00e2ncia\u00a0<\/strong>.<\/h3>\n<p>A combina\u00e7\u00e3o distinta de personaliza\u00e7\u00e3o e resili\u00eancia torna a nossa <a href=\"https:\/\/customacrylicproduct.com\/pt\/custom-acrylic-puzzles-piece-waterproof-puzzle-photo-jigsaws\/\">puzzles em acr\u00edlico<\/a> incrivelmente flex\u00edvel, adaptando-se perfeitamente a uma grande variedade de momentos da vida.<\/p>\n<ul>\n<li><strong>Para uma decora\u00e7\u00e3o de casa requintada:\u00a0<\/strong>Compensa\u00e7\u00e3o de um desafio que inclui uma bela fotografia de fam\u00edlia. Quando terminado, a superf\u00edcie brilhante e a alta qualidade do puzzle tornam-no numa pe\u00e7a de arte ideal. Monte-o e pendure-o na sua sala de estar ou no seu quarto. Torna-se mais do que uma simples fotografia; \u00e9 o pr\u00e9mio de um sucesso partilhado e uma decora\u00e7\u00e3o bonita e comemorativa.<\/li>\n<li><strong>Para brinquedos envolventes para crian\u00e7as:\u00a0<\/strong>Crie um puzzle para o seu filho, incluindo a sua personalidade de anima\u00e7\u00e3o preferida ou uma fotografia acad\u00e9mica divertida. Com pe\u00e7as enormes e f\u00e1ceis de agarrar e completamente \u00e0 prova de \u00e1gua, \u00e9 o brinquedo ideal para brincar na casa de banho ou \u00e0 mesa da cozinha. \u00c9 um m\u00e9todo divertido e interativo para desenvolver as capacidades de an\u00e1lise e nunca ter\u00e1 de se preocupar com a possibilidade de se estragar.<\/li>\n<li><strong>Para o presente personalizado perfeito:\u00a0<\/strong>Est\u00e1 \u00e0 procura de uma prenda de anivers\u00e1rio, de boas-vindas ou de f\u00e9rias que se destaque? Um desafio exclusivo em acr\u00edlico \u00e9 a solu\u00e7\u00e3o. \u00c9 atencioso, imaginativo e proporciona uma experi\u00eancia interactiva ao destinat\u00e1rio. N\u00e3o est\u00e1 apenas a oferecer um artigo; est\u00e1 a oferecer a prenda de uma tarefa divertida e uma mem\u00f3ria duradoura num pacote atrativo.<\/li>\n<li><strong>Para uma promo\u00e7\u00e3o comercial inovadora:\u00a0<\/strong>Para as empresas, um problema personalizado publicado com o desenho do log\u00f3tipo da sua marca ou uma imagem de marketing \u00e9 uma ferramenta de marketing brilhante. Ofere\u00e7a-os em eventos ou como lembran\u00e7as para os consumidores. Ao contr\u00e1rio de uma caneta ou de um folheto, um desafio \u00e9 algo interativo que requer envolvimento, produzindo uma liga\u00e7\u00e3o muito mais forte e not\u00e1vel com a sua marca.<\/li>\n<\/ul>\n<p><a href=\"https:\/\/customacrylicproduct.com\/pt\/custom-acrylic-crafts\/\"><img decoding=\"async\" class=\"aligncenter wp-image-734 size-full\" src=\"https:\/\/customacrylicproduct.com\/wp-content\/uploads\/2025\/07\/Custom-Acrylic-Puzzles-1.jpg\" alt=\"Puzzles acr\u00edlicos personalizados\" width=\"800\" height=\"800\" srcset=\"https:\/\/customacrylicproduct.com\/wp-content\/uploads\/2025\/07\/Custom-Acrylic-Puzzles-1.jpg 800w, https:\/\/customacrylicproduct.com\/wp-content\/uploads\/2025\/07\/Custom-Acrylic-Puzzles-1-300x300.jpg 300w, https:\/\/customacrylicproduct.com\/wp-content\/uploads\/2025\/07\/Custom-Acrylic-Puzzles-1-150x150.jpg 150w, https:\/\/customacrylicproduct.com\/wp-content\/uploads\/2025\/07\/Custom-Acrylic-Puzzles-1-768x768.jpg 768w, https:\/\/customacrylicproduct.com\/wp-content\/uploads\/2025\/07\/Custom-Acrylic-Puzzles-1-12x12.jpg 12w, https:\/\/customacrylicproduct.com\/wp-content\/uploads\/2025\/07\/Custom-Acrylic-Puzzles-1-600x600.jpg 600w, https:\/\/customacrylicproduct.com\/wp-content\/uploads\/2025\/07\/Custom-Acrylic-Puzzles-1-100x100.jpg 100w\" sizes=\"(max-width: 800px) 100vw, 800px\" \/><\/a><\/p>\n<h3 id=\"-area-5-beyond-the-puzzle-the-added-value-of-a-premium-experience-\"><strong>\u00c1rea 5: Para al\u00e9m do puzzle - O valor acrescentado de uma experi\u00eancia Premium\u00a0<\/strong>.<\/h3>\n<p>A nossa equipa acredita que um produto de qualidade superior tem direito a uma experi\u00eancia de custos do princ\u00edpio ao fim.<\/p>\n<ul>\n<li><strong>Embalagem personalizada do produto:\u00a0<\/strong>Eleve o n\u00edvel da sua oferta com a nossa embalagem personalizada. Podemos criar uma caixa de presente bonita e resistente, incluindo a mesma fotografia do puzzle, criando uma discuss\u00e3o coesa e de alta qualidade que entusiasma desde o primeiro olhar.<\/li>\n<li><strong>Equipamento acess\u00f3rio \u00fatil:\u00a0<\/strong>Para tornar a experi\u00eancia agrad\u00e1vel para todos os n\u00edveis de compet\u00eancias, algumas escolhas consistem em ferramentas acess\u00f3rias de emenda, como uma imagem de recomenda\u00e7\u00e3o em tamanho real para o orientar ou um quadro de posicionamento para ajudar a organizar os itens.<\/li>\n<li><strong>O presente da capacidade de reprodu\u00e7\u00e3o:\u00a0<\/strong>A excelente resist\u00eancia do produto acr\u00edlico significa que o desafio pode ser repetido vezes sem conta. Pode ser uma pr\u00e1tica dom\u00e9stica, desenhada em cada feriado, ou um obst\u00e1culo pessoal a ser superado de forma consistente. Foi concebido para ser guardado durante longos per\u00edodos de tempo sem ser danificado, tornando-se um fornecedor de mem\u00f3rias comemorativas que pode ser vivido fisicamente uma e outra vez.<\/li>\n<\/ul>\n<p><strong>Deixe de permitir que as suas melhores recorda\u00e7\u00f5es se desvane\u00e7am num ecr\u00e3. Pare de se preocupar com actividades delicadas e descart\u00e1veis. Est\u00e1 na altura de transformar as suas fotografias numa obra de arte tang\u00edvel, deslumbrante e interactiva que ir\u00e1 certamente durar uma vida inteira. Crie hoje mesmo o seu desafio de imagens acr\u00edlicas personalizadas e re\u00fana os momentos que mais importam.\u00a0<\/strong>.<\/p>","protected":false},"excerpt":{"rendered":"<p>Transforme a sua fotografia favorita num espantoso puzzle em acr\u00edlico personalizado! Os nossos puzzles fotogr\u00e1ficos \u00e0 prova de \u00e1gua s\u00e3o fabricados em acr\u00edlico dur\u00e1vel e de alta qualidade, o que os torna uma recorda\u00e7\u00e3o duradoura. \u00c9 o presente personalizado perfeito para casamentos, anivers\u00e1rios ou qualquer ocasi\u00e3o especial. Uma forma \u00fanica de preservar as suas mem\u00f3rias!<\/p>","protected":false},"featured_media":738,"template":"","meta":{"_kad_post_transparent":"default","_kad_post_title":"","_kad_post_layout":"default","_kad_post_sidebar_id":"","_kad_post_content_style":"default","_kad_post_vertical_padding":"default","_kad_post_feature":"","_kad_post_feature_position":"","_kad_post_header":false,"_kad_post_footer":false,"_kad_post_classname":""},"product_brand":[],"product_cat":[20],"product_tag":[77,65,76],"class_list":{"0":"post-733","1":"product","2":"type-product","3":"status-publish","4":"has-post-thumbnail","6":"product_cat-custom-acrylic-crafts","7":"product_tag-acrylic-puzzles","8":"product_tag-custom-acrylic-crafts","9":"product_tag-custom-acrylic-puzzles","11":"first","12":"instock","13":"shipping-taxable","14":"product-type-simple","15":"entry","16":"content-bg","17":"loop-entry"},"_links":{"self":[{"href":"https:\/\/customacrylicproduct.com\/pt\/wp-json\/wp\/v2\/product\/733","targetHints":{"allow":["GET"]}}],"collection":[{"href":"https:\/\/customacrylicproduct.com\/pt\/wp-json\/wp\/v2\/product"}],"about":[{"href":"https:\/\/customacrylicproduct.com\/pt\/wp-json\/wp\/v2\/types\/product"}],"wp:featuredmedia":[{"embeddable":true,"href":"https:\/\/customacrylicproduct.com\/pt\/wp-json\/wp\/v2\/media\/738"}],"wp:attachment":[{"href":"https:\/\/customacrylicproduct.com\/pt\/wp-json\/wp\/v2\/media?parent=733"}],"wp:term":[{"taxonomy":"product_brand","embeddable":true,"href":"https:\/\/customacrylicproduct.com\/pt\/wp-json\/wp\/v2\/product_brand?post=733"},{"taxonomy":"product_cat","embeddable":true,"href":"https:\/\/customacrylicproduct.com\/pt\/wp-json\/wp\/v2\/product_cat?post=733"},{"taxonomy":"product_tag","embeddable":true,"href":"https:\/\/customacrylicproduct.com\/pt\/wp-json\/wp\/v2\/product_tag?post=733"}],"curies":[{"name":"wp","href":"https:\/\/api.w.org\/{rel}","templated":true}]}}