{"id":739,"date":"2025-07-08T03:47:34","date_gmt":"2025-07-08T03:47:34","guid":{"rendered":"https:\/\/customacrylicproduct.com\/?post_type=product&#038;p=739"},"modified":"2025-07-08T03:53:56","modified_gmt":"2025-07-08T03:53:56","slug":"colored-transparent-extruded-acrylic-square-rods-suppliers","status":"publish","type":"product","link":"https:\/\/customacrylicproduct.com\/pt\/colored-transparent-extruded-acrylic-square-rods-suppliers\/","title":{"rendered":"Fornecedores de hastes quadradas de acr\u00edlico extrudado transparente colorido"},"content":{"rendered":"<h3 id=\"-raise-your-layouts-with-costs-colored-transparent-extruded-acrylic-square-rods-\"><strong>Melhore os seus layouts com as hastes quadradas de acr\u00edlico extrudido transparente colorido da Costs\u00a0<\/strong>.<\/h3>\n<p>Convite para o principal local para designers, arquitectos, fabricantes e criadores que procuram a combina\u00e7\u00e3o ideal de brilho visual e resist\u00eancia \u00fatil. O nosso Transparente Colorido <a href=\"https:\/\/customacrylicproduct.com\/pt\/colored-transparent-extruded-acrylic-square-rods-suppliers\/\">Hastes quadradas de pol\u00edmero extrudido<\/a> s\u00e3o mais do que um simples produto; s\u00e3o uma entrada para o desenvolvimento, proporcionando uma gama v\u00edvida de oportunidades limitadas apenas pela sua criatividade. Incorporando a qualidade de joia do vidro com uma not\u00e1vel longevidade e adaptabilidade, estes postes s\u00e3o criados para dar vida aos seus projectos mais ambiciosos, desde sensacionais configura\u00e7\u00f5es de edif\u00edcios a atractivos expositores de retalho e artesanato detalhado.<\/p>\n<p>Descubra como o nosso compromisso com a alta qualidade, uma extensa paleta de cores e um processo de produ\u00e7\u00e3o econ\u00f3mico tornam os nossos <a href=\"https:\/\/customacrylicproduct.com\/pt\/colored-transparent-extruded-acrylic-square-rods-suppliers\/\">varetas quadradas em acr\u00edlico<\/a> a op\u00e7\u00e3o ideal tanto para especialistas como para amadores.<\/p>\n<h3 id=\"-thorough-description-the-unrivaled-advantage-of-extruded-acrylic-\"><strong>Descri\u00e7\u00e3o detalhada: A vantagem inigual\u00e1vel do acr\u00edlico extrudido\u00a0<\/strong>.<\/h3>\n<p>Os nossos postes quadrados s\u00e3o fabricados utilizando um processo de extrus\u00e3o topo de gama. Esta t\u00e9cnica inclui a prensagem de pol\u00edmero acr\u00edlico liquefeito atrav\u00e9s de um molde quadrado concebido com precis\u00e3o, conduzindo a um produto com uma seguran\u00e7a dimensional excecional, um revestimento de superf\u00edcie perfeito e uma circula\u00e7\u00e3o de sombra constante de ponta a ponta. Este processo n\u00e3o s\u00f3 \u00e9 altamente eficiente, tornando-o um servi\u00e7o econ\u00f3mico, como tamb\u00e9m confere ao produto um conjunto distinto de propriedades residenciais que o distinguem.<\/p>\n<p><strong>1. Elevada resist\u00eancia ao impacto: Dureza com que pode contar\u00a0<\/strong>.<\/p>\n<p>Em aplica\u00e7\u00f5es onde a seguran\u00e7a e a durabilidade s\u00e3o vitais, os nossos var\u00f5es quadrados de acr\u00edlico extrudido proporcionam uma efici\u00eancia inigual\u00e1vel. Com\u00a0<strong>mais de 10 vezes a for\u00e7a de efeito de um objeto de vidro equivalente\u00a0<\/strong>, O acr\u00edlico \u00e9 extremamente resistente a estilha\u00e7os. Esta resist\u00eancia intr\u00ednseca torna-o o produto ideal para utiliza\u00e7\u00e3o em espa\u00e7os p\u00fablicos, ambientes industriais de elevado tr\u00e1fego e resid\u00eancias.<\/p>\n<ul>\n<li><strong>Seguran\u00e7a em primeiro lugar:\u00a0<\/strong>Um letreiro ca\u00eddo, um ecr\u00e3 de retalho batido ou um fuso de escada numa casa agitada resistir\u00e3o a rachas e estilha\u00e7os, reduzindo drasticamente o risco de ferimentos relacionados com vidro danificado. Isto proporciona uma importante paz de esp\u00edrito aos promotores e utilizadores finais.<\/li>\n<li><strong>Resili\u00eancia Resili\u00eancia:\u00a0<\/strong>As propriedades de resist\u00eancia dos nossos postes de acr\u00edlico garantem que as suas instala\u00e7\u00f5es e artigos ir\u00e3o certamente resistir \u00e0 aspereza do uso di\u00e1rio, preservando a sua integridade arquitet\u00f3nica e o seu aspeto imaculado durante v\u00e1rios anos. Esta resist\u00eancia traduz-se numa menor despesa global de posse, com uma necessidade marginal de repara\u00e7\u00f5es ou substitui\u00e7\u00f5es.<\/li>\n<\/ul>\n<p><a href=\"https:\/\/customacrylicproduct.com\/pt\/colored-transparent-extruded-acrylic-square-rods-suppliers\/\"><img fetchpriority=\"high\" decoding=\"async\" class=\"aligncenter wp-image-742 size-full\" src=\"https:\/\/customacrylicproduct.com\/wp-content\/uploads\/2025\/07\/Colored-Square-Acrylic-Rods-3.jpg\" alt=\"Varetas acr\u00edlicas quadradas coloridas\" width=\"800\" height=\"800\" srcset=\"https:\/\/customacrylicproduct.com\/wp-content\/uploads\/2025\/07\/Colored-Square-Acrylic-Rods-3.jpg 800w, https:\/\/customacrylicproduct.com\/wp-content\/uploads\/2025\/07\/Colored-Square-Acrylic-Rods-3-300x300.jpg 300w, https:\/\/customacrylicproduct.com\/wp-content\/uploads\/2025\/07\/Colored-Square-Acrylic-Rods-3-150x150.jpg 150w, https:\/\/customacrylicproduct.com\/wp-content\/uploads\/2025\/07\/Colored-Square-Acrylic-Rods-3-768x768.jpg 768w, https:\/\/customacrylicproduct.com\/wp-content\/uploads\/2025\/07\/Colored-Square-Acrylic-Rods-3-12x12.jpg 12w, https:\/\/customacrylicproduct.com\/wp-content\/uploads\/2025\/07\/Colored-Square-Acrylic-Rods-3-600x600.jpg 600w, https:\/\/customacrylicproduct.com\/wp-content\/uploads\/2025\/07\/Colored-Square-Acrylic-Rods-3-100x100.jpg 100w\" sizes=\"(max-width: 800px) 100vw, 800px\" \/><\/a><\/p>\n<p><strong>2. Notavelmente leve: For\u00e7a sem volume\u00a0<\/strong>.<\/p>\n<p>Uma das vantagens \u00fateis mais consider\u00e1veis do acr\u00edlico \u00e9 a sua excecional rela\u00e7\u00e3o resist\u00eancia\/peso. Embora com uma durabilidade impressionante, os nossos var\u00f5es quadrados de acr\u00edlico s\u00e3o\u00a0<strong>metade do peso do vidro\u00a0<\/strong>. Esta carater\u00edstica oferece uma cascata de benef\u00edcios ao longo de todo o ciclo de vida da tarefa:.<\/p>\n<ul>\n<li><strong>Aliviar o manuseamento e a instala\u00e7\u00e3o:\u00a0<\/strong>Os produtos mais leves s\u00e3o menos complicados de transferir, transportar e manobrar no local, diminuindo os pre\u00e7os do trabalho e o cansa\u00e7o. As montagens que podem exigir dispositivos de eleva\u00e7\u00e3o pesados para o vidro podem muitas vezes ser efectuadas manualmente com acr\u00edlico.<\/li>\n<li><strong>Pre\u00e7os de envio reduzidos:\u00a0<\/strong>O peso reduzido traduz-se diretamente numa entrega e log\u00edstica mais acess\u00edveis, um aspeto cr\u00edtico tanto para encomendas comerciais maci\u00e7as como para aquisi\u00e7\u00f5es espec\u00edficas de menor dimens\u00e3o.<\/li>\n<li><strong>Assist\u00eancia arquitet\u00f3nica marginal:\u00a0<\/strong>Ao criar ecr\u00e3s de visualiza\u00e7\u00e3o, prateleiras ou atributos arquitect\u00f3nicos, o peso reduzido do acr\u00edlico faz com que haja muito menos necessidade de estruturas de suporte. Isto pode resultar em sistemas e estruturas de montagem menos complexos, mais elegantes e mais econ\u00f3micos.<\/li>\n<\/ul>\n<p><strong>3. Resist\u00eancia clim\u00e1tica superior: Constru\u00eddo para interiores e exteriores\u00a0<\/strong>.<\/p>\n<p>A comodidade \u00e9 uma carater\u00edstica essencial do nosso <a href=\"https:\/\/customacrylicproduct.com\/pt\/custom-acrylic-rods-tubes\/\">varetas de acr\u00edlico<\/a>, A sua excelente resist\u00eancia \u00e0s condi\u00e7\u00f5es climat\u00e9ricas \u00e9 essencial para este efeito. O pol\u00edmero extrudido \u00e9 inerentemente seguro contra os aspectos, o que o torna completamente adequado para uma grande variedade de aplica\u00e7\u00f5es interiores e exteriores.<\/p>\n<ul>\n<li><strong>Seguran\u00e7a UV:\u00a0<\/strong>As nossas varetas transparentes coloridas s\u00e3o desenvolvidas para resistir aos efeitos negativos da radia\u00e7\u00e3o ultravioleta. N\u00e3o amarelecem nem se tornam fr\u00e1geis quando expostas \u00e0 luz solar direta durante longos per\u00edodos, garantindo que as tonalidades din\u00e2micas e a transpar\u00eancia se mant\u00eam.<\/li>\n<li><strong>Desempenho em todas as condi\u00e7\u00f5es climat\u00e9ricas:\u00a0<\/strong>Desde climas h\u00famidos a temperaturas negativas, chuva ou vento, os nossos postes de acr\u00edlico mant\u00eam os seus edif\u00edcios f\u00edsicos e o seu encanto est\u00e9tico. Isto torna-os uma escolha fi\u00e1vel para sinaliza\u00e7\u00e3o exterior, realces de edif\u00edcios, fun\u00e7\u00f5es de p\u00e1tio e muito mais.<\/li>\n<\/ul>\n<p><a href=\"https:\/\/customacrylicproduct.com\/pt\/custom-acrylic-rods-tubes\/\"><img decoding=\"async\" class=\"aligncenter wp-image-744 size-full\" src=\"https:\/\/customacrylicproduct.com\/wp-content\/uploads\/2025\/07\/Colored-Square-Acrylic-Rods-5.jpg\" alt=\"Varetas acr\u00edlicas quadradas coloridas\" width=\"800\" height=\"800\" srcset=\"https:\/\/customacrylicproduct.com\/wp-content\/uploads\/2025\/07\/Colored-Square-Acrylic-Rods-5.jpg 800w, https:\/\/customacrylicproduct.com\/wp-content\/uploads\/2025\/07\/Colored-Square-Acrylic-Rods-5-300x300.jpg 300w, https:\/\/customacrylicproduct.com\/wp-content\/uploads\/2025\/07\/Colored-Square-Acrylic-Rods-5-150x150.jpg 150w, https:\/\/customacrylicproduct.com\/wp-content\/uploads\/2025\/07\/Colored-Square-Acrylic-Rods-5-768x768.jpg 768w, https:\/\/customacrylicproduct.com\/wp-content\/uploads\/2025\/07\/Colored-Square-Acrylic-Rods-5-12x12.jpg 12w, https:\/\/customacrylicproduct.com\/wp-content\/uploads\/2025\/07\/Colored-Square-Acrylic-Rods-5-600x600.jpg 600w, https:\/\/customacrylicproduct.com\/wp-content\/uploads\/2025\/07\/Colored-Square-Acrylic-Rods-5-100x100.jpg 100w\" sizes=\"(max-width: 800px) 100vw, 800px\" \/><\/a><\/p>\n<p><strong>4. Econ\u00f3mica e rent\u00e1vel: Aspeto de excel\u00eancia, pre\u00e7o acess\u00edvel\u00a0<\/strong>.<\/p>\n<p>A obten\u00e7\u00e3o de um acabamento topo de gama, esteticamente excecional, n\u00e3o deve exigir um plano de despesas exorbitante. Gra\u00e7as ao sistema extremamente eficiente e\u00a0<strong>processo econ\u00f3mico de fabrico por extrus\u00e3o\u00a0<\/strong>, podemos oferecer os nossos <a href=\"https:\/\/customacrylicproduct.com\/pt\/custom-acrylic-rods-tubes\/\">postes quadrados em acr\u00edlico<\/a> a uma taxa que \u00e9 substancialmente muito mais acess\u00edvel do que materiais como o vidro, o metal ou os comp\u00f3sitos de superf\u00edcie forte. Esta rela\u00e7\u00e3o custo-efic\u00e1cia equipa uma s\u00e9rie mais ampla de tarefas:.<\/p>\n<ul>\n<li><strong>Para empresas:\u00a0<\/strong>Grandes lan\u00e7amentos de componentes de retalho, letreiros ou componentes de decora\u00e7\u00e3o de interiores tornam-se financeiramente sensatos.<\/li>\n<li><strong>Para uma pequena empresa\/empresa em fase de arranque:\u00a0<\/strong>As empresas em fase de arranque e as empresas locais podem criar uma marca especializada e elegante e ecr\u00e3s de visualiza\u00e7\u00e3o sem grandes despesas de capital.<\/li>\n<li><strong>Para criadores e amadores:\u00a0<\/strong>Os criadores individuais e os artes\u00e3os t\u00eam acesso a um material de n\u00edvel profissional que lhes permite experimentar e criar trabalhos de topo a pre\u00e7os acess\u00edveis.<\/li>\n<\/ul>\n<p><strong>5. Duradouro e recicl\u00e1vel: Uma escolha respons\u00e1vel\u00a0<\/strong>.<\/p>\n<p>No mundo ecologicamente consciente dos dias de hoje, a sele\u00e7\u00e3o de produtos \u00e9 importante. Os nossos postes de acr\u00edlico extrudido s\u00e3o uma escolha respons\u00e1vel para os seus trabalhos. O pol\u00edmero \u00e9 um termopl\u00e1stico, o que significa que pode ser derretido e alterado sem destrui\u00e7\u00e3o consider\u00e1vel do produto. No final da sua longa e ben\u00e9fica vida \u00fatil, o nosso poste de acr\u00edlico\u00a0<strong>pode ser totalmente reutilizado\u00a0<\/strong>, A escolha de um material resistente, duradouro e recicl\u00e1vel est\u00e1 a ter uma influ\u00eancia ambiental positiva. Ao escolher um material resistente, duradouro e recicl\u00e1vel, est\u00e1 a exercer uma influ\u00eancia ambiental positiva.<\/p>\n<h3 id=\"-key-includes-at-a-look-\"><strong>Principais elementos em resumo\u00a0<\/strong>.<\/h3>\n<ul>\n<li><strong>Acabamentos de cor clara e viva:\u00a0<\/strong>Os nossos var\u00f5es apresentam uma fant\u00e1stica sombra transparente de borda a borda que capta e refracta a luz, criando um efeito est\u00e9tico deslumbrante. A conta quadrada proporciona linhas modernas e arrumadas e \u00e1reas de superf\u00edcie planas adequadas para fabrico e coloca\u00e7\u00e3o.<\/li>\n<li><strong>Vers\u00e1til:\u00a0<\/strong>A mistura \u00fanica de charme, resist\u00eancia e trabalhabilidade torna estes postes adequados para uma lista praticamente ilimitada de aplica\u00e7\u00f5es em dezenas de sectores.<\/li>\n<li><strong>Leve:\u00a0<\/strong>Metade do peso do vidro para facilitar o manuseamento e a montagem.<\/li>\n<li><strong>Resist\u00eancia de alto efeito:\u00a0<\/strong>Mais de 10 vezes mais forte do que o vidro para uma seguran\u00e7a e robustez not\u00e1veis.<\/li>\n<li><strong>Econ\u00f3mico:\u00a0<\/strong>Um material acess\u00edvel que fornece uma apar\u00eancia de custo sem o pre\u00e7o premium.<\/li>\n<\/ul>\n<p><a href=\"https:\/\/customacrylicproduct.com\/pt\/custom-acrylic-rods-tubes\/\"><img decoding=\"async\" class=\"aligncenter wp-image-741 size-full\" src=\"https:\/\/customacrylicproduct.com\/wp-content\/uploads\/2025\/07\/Colored-Square-Acrylic-Rods-2.jpg\" alt=\"Varetas acr\u00edlicas quadradas coloridas\" width=\"800\" height=\"800\" srcset=\"https:\/\/customacrylicproduct.com\/wp-content\/uploads\/2025\/07\/Colored-Square-Acrylic-Rods-2.jpg 800w, https:\/\/customacrylicproduct.com\/wp-content\/uploads\/2025\/07\/Colored-Square-Acrylic-Rods-2-300x300.jpg 300w, https:\/\/customacrylicproduct.com\/wp-content\/uploads\/2025\/07\/Colored-Square-Acrylic-Rods-2-150x150.jpg 150w, https:\/\/customacrylicproduct.com\/wp-content\/uploads\/2025\/07\/Colored-Square-Acrylic-Rods-2-768x768.jpg 768w, https:\/\/customacrylicproduct.com\/wp-content\/uploads\/2025\/07\/Colored-Square-Acrylic-Rods-2-12x12.jpg 12w, https:\/\/customacrylicproduct.com\/wp-content\/uploads\/2025\/07\/Colored-Square-Acrylic-Rods-2-600x600.jpg 600w, https:\/\/customacrylicproduct.com\/wp-content\/uploads\/2025\/07\/Colored-Square-Acrylic-Rods-2-100x100.jpg 100w\" sizes=\"(max-width: 800px) 100vw, 800px\" \/><\/a><\/p>\n<h3 id=\"-common-applications-where-creativity-takes-shape-\"><strong>Aplica\u00e7\u00f5es comuns: Onde a criatividade ganha forma\u00a0<\/strong>.<\/h3>\n<p>A adaptabilidade dos nossos <a href=\"https:\/\/customacrylicproduct.com\/pt\/custom-acrylic-rods-tubes\/\">varetas quadradas em acr\u00edlico transparente<\/a> torna-os um material fundamental para o desenvolvimento. Aqui est\u00e3o apenas algumas das aplica\u00e7\u00f5es em que os nossos clientes obtiveram resultados impressionantes:.<\/p>\n<ul>\n<li><strong>Sinal\u00e9tica e orienta\u00e7\u00e3o:\u00a0<\/strong>Crie textos dimensionais espectaculares, log\u00f3tipos e sistemas de indica\u00e7\u00e3o modernos. As cores podem melhorar a identidade da marca, enquanto a durabilidade garante a durabilidade, tamb\u00e9m no exterior.<\/li>\n<li><strong>Expositores de retalho e pontos de venda (POP):\u00a0<\/strong>Suportes de artigos apelativos, ecr\u00e3s de exposi\u00e7\u00e3o de cosm\u00e9ticos, propriet\u00e1rios de j\u00f3ias e suportes. As cores transparentes podem acentuar o produto sem o sobrecarregar.<\/li>\n<li><strong>Arquitetura e design de interiores:\u00a0<\/strong>Estes postes s\u00e3o o sonho de qualquer designer. Utilize-os como divis\u00f3rias atractivas, componentes de superf\u00edcie de parede de atributos, componentes de ilumina\u00e7\u00e3o personalizados ou componentes de mobili\u00e1rio para incluir um toque de cor moderna e beleza em qualquer \u00e1rea.<\/li>\n<li><strong>Corrim\u00e3o de escada:\u00a0<\/strong>Uma aplica\u00e7\u00e3o extremamente popular, os nossos var\u00f5es quadrados oferecem uma op\u00e7\u00e3o contempor\u00e2nea e sem riscos aos pinos de madeira ou metal normais. Abrem as linhas de vis\u00e3o, criam uma sensa\u00e7\u00e3o de espa\u00e7o e apresentam um elemento de disposi\u00e7\u00e3o \u00fanico que acaba por ser uma carater\u00edstica central da casa.<\/li>\n<li><strong>Modela\u00e7\u00e3o e prototipagem:\u00a0<\/strong>Os arquitectos e designers de artigos utilizam as nossas hastes para criar vers\u00f5es e modelos de gama precisos e visualmente apelativos que ligam eficazmente a sua inten\u00e7\u00e3o de disposi\u00e7\u00e3o.<\/li>\n<li><strong>Artes, trabalhos manuais e bricolage:\u00a0<\/strong>Desde j\u00f3ias preciosas personalizadas e esculturas cin\u00e9ticas a terr\u00e1rios personalizados e estruturas de imagem, as possibilidades inovadoras s\u00e3o ilimitadas para amadores e artistas especializados.<\/li>\n<li><strong>Estilo do bolo e apresenta\u00e7\u00e3o da comida:\u00a0<\/strong>Utilizados como suportes estruturais em bolos de casamento em camadas ou como suportes de ecr\u00e3s com classe e seguros para alimentos, estes postes d\u00e3o um toque limpo, moderno e vivo \u00e0s cria\u00e7\u00f5es culin\u00e1rias.<\/li>\n<li><strong>Design de ilumina\u00e7\u00e3o:\u00a0<\/strong>A natureza clara das hastes torna-as perfeitas para difundir e colorir a luz, permitindo a cria\u00e7\u00e3o de lumin\u00e1rias LED especiais e personalizadas, candelabros e instala\u00e7\u00f5es de luzes ambiente.<\/li>\n<\/ul>\n<h3 id=\"-your-partner-in-production-\"><strong>O seu parceiro na produ\u00e7\u00e3o\u00a0<\/strong>.<\/h3>\n<p>Somos mais do que simples fornecedores; somos os seus parceiros no desenvolvimento. Compreendemos que cada trabalho tem necessidades distintas, e \u00e9 por isso que oferecemos uma vasta gama de tamanhos comuns e uma extensa combina\u00e7\u00e3o de tons vibrantes. Al\u00e9m disso, fornecemos um suporte duradouro para\u00a0<strong>encomendas por grosso e personalizadas\u00a0<\/strong>, colaborar consigo para obter determinadas medidas e combina\u00e7\u00f5es de cores para grandes tarefas.<\/p>\n<p>As nossas hastes quadradas de acr\u00edlico extrudido transparente colorido s\u00e3o simples de trabalhar - podem ser reduzidas com exatid\u00e3o, perfuradas, direcionadas, iluminadas at\u00e9 obterem um brilho semelhante ao do vidro e coladas com adesivos especializados.<\/p>\n<p><strong>Contacte-nos hoje\u00a0<\/strong>para discutir o seu projeto, pedir uma amostra ou obter um or\u00e7amento r\u00e1pido. Permita-nos fornecer-lhe os materiais de alta qualidade de que necessita para transformar a sua vis\u00e3o numa realidade fant\u00e1stica e viva.<\/p>","protected":false},"excerpt":{"rendered":"<p>A sua principal fonte de varetas quadradas de acr\u00edlico extrudido transparente colorido. Oferecemos um espetro vibrante de cores de alta clareza em v\u00e1rios tamanhos. Perfeito para expositores POP, ilumina\u00e7\u00e3o e design. Encomendas por grosso e personalizadas dispon\u00edveis. Obtenha um or\u00e7amento r\u00e1pido hoje.<\/p>","protected":false},"featured_media":740,"template":"","meta":{"_kad_post_transparent":"default","_kad_post_title":"","_kad_post_layout":"default","_kad_post_sidebar_id":"","_kad_post_content_style":"default","_kad_post_vertical_padding":"default","_kad_post_feature":"","_kad_post_feature_position":"","_kad_post_header":false,"_kad_post_footer":false,"_kad_post_classname":""},"product_brand":[],"product_cat":[23],"product_tag":[79,78,62],"class_list":{"0":"post-739","1":"product","2":"type-product","3":"status-publish","4":"has-post-thumbnail","6":"product_cat-custom-acrylic-rods-tubes","7":"product_tag-acrylic-square-rods","8":"product_tag-colored-square-acrylic-rods","9":"product_tag-coloured-acrylic-rods","11":"first","12":"instock","13":"shipping-taxable","14":"product-type-simple","15":"entry","16":"content-bg","17":"loop-entry"},"_links":{"self":[{"href":"https:\/\/customacrylicproduct.com\/pt\/wp-json\/wp\/v2\/product\/739","targetHints":{"allow":["GET"]}}],"collection":[{"href":"https:\/\/customacrylicproduct.com\/pt\/wp-json\/wp\/v2\/product"}],"about":[{"href":"https:\/\/customacrylicproduct.com\/pt\/wp-json\/wp\/v2\/types\/product"}],"wp:featuredmedia":[{"embeddable":true,"href":"https:\/\/customacrylicproduct.com\/pt\/wp-json\/wp\/v2\/media\/740"}],"wp:attachment":[{"href":"https:\/\/customacrylicproduct.com\/pt\/wp-json\/wp\/v2\/media?parent=739"}],"wp:term":[{"taxonomy":"product_brand","embeddable":true,"href":"https:\/\/customacrylicproduct.com\/pt\/wp-json\/wp\/v2\/product_brand?post=739"},{"taxonomy":"product_cat","embeddable":true,"href":"https:\/\/customacrylicproduct.com\/pt\/wp-json\/wp\/v2\/product_cat?post=739"},{"taxonomy":"product_tag","embeddable":true,"href":"https:\/\/customacrylicproduct.com\/pt\/wp-json\/wp\/v2\/product_tag?post=739"}],"curies":[{"name":"wp","href":"https:\/\/api.w.org\/{rel}","templated":true}]}}