{"id":751,"date":"2025-07-08T10:22:12","date_gmt":"2025-07-08T10:22:12","guid":{"rendered":"https:\/\/customacrylicproduct.com\/?post_type=product&#038;p=751"},"modified":"2025-07-08T13:04:47","modified_gmt":"2025-07-08T13:04:47","slug":"clear-acrylic-bookshelf-bookcases-storage-furniture-supplier","status":"publish","type":"product","link":"https:\/\/customacrylicproduct.com\/pt\/clear-acrylic-bookshelf-bookcases-storage-furniture-supplier\/","title":{"rendered":"Estante acr\u00edlica transparente Estantes para livros Armazenamento Fornecedor de m\u00f3veis"},"content":{"rendered":"<h3 id=\"-redefining-area-and-style-your-premier-provider-for-bespoke-clear-acrylic-bookshelves-and-storage-furniture-\"><strong>Redefinindo a \u00e1rea e o estilo: O seu principal fornecedor de estantes e mobili\u00e1rio de arruma\u00e7\u00e3o em acr\u00edlico transparente \u00e0 medida\u00a0<\/strong>.<\/h3>\n<p>Imagine uma sala onde as suas hist\u00f3rias e objectos mais preciosos n\u00e3o ficam apenas numa prateleira, mas parecem flutuar no ar. Visualize uma \u00e1rea que realmente parece prontamente maior, mais brilhante e mais organizada, onde o mobili\u00e1rio n\u00e3o domina, mas eleva o seu ambiente. Este \u00e9 o poder transformador do acr\u00edlico transparente e, como seu fornecedor dedicado, estamos aqui para transformar essa vis\u00e3o numa verdade impressionante.<\/p>\n<p>Concentramo-nos na conce\u00e7\u00e3o, fabrico e fornecimento de estantes em acr\u00edlico transparente de alta qualidade, arm\u00e1rios em lucite e servi\u00e7os de armazenamento personalizados. Ultrapassando em muito o mobili\u00e1rio tradicional e pesado que pode encher uma \u00e1rea, as nossas colec\u00e7\u00f5es s\u00e3o concebidas para apresentar um visual de leveza, modernidade e minimalismo inovador em qualquer tipo de ambiente. Quer se trate de uma casa particular, de uma zona industrial movimentada ou de um escrit\u00f3rio profissional, o nosso mobili\u00e1rio n\u00e3o \u00e9 apenas um local para espa\u00e7o de arruma\u00e7\u00e3o; \u00e9 uma declara\u00e7\u00e3o de prefer\u00eancia not\u00e1vel e de design inteligente.<\/p>\n<h4 id=\"-the-heart-of-our-craft-unparalleled-product-characteristics-\"><strong>O cora\u00e7\u00e3o do nosso of\u00edcio: Carater\u00edsticas inigual\u00e1veis do produto\u00a0<\/strong>.<\/h4>\n<p>A estrutura de cada pe\u00e7a que produzimos \u00e9 o pr\u00f3prio produto. Adoptamos exclusivamente um grau not\u00e1vel, <a href=\"https:\/\/customacrylicproduct.com\/pt\/clear-acrylic-bookshelf-bookcases-storage-furniture-supplier\/\">chapa acr\u00edlica de alta transmit\u00e2ncia,<\/a> escolhido pelas suas excelentes qualidades de topo que o estabelecem muito para al\u00e9m das op\u00e7\u00f5es m\u00ednimas.<\/p>\n<ul>\n<li><strong>Qualidade e pureza do cristal:\u00a0<\/strong>O nosso acr\u00edlico apresenta uma transmiss\u00e3o de luz superior a 92%, igualando a qualidade do melhor cristal \u00f3tico. Esta excelente abertura garante que n\u00e3o h\u00e1 distor\u00e7\u00e3o de sombras ou nebulosidade. A textura \u00e9 perfeitamente clara e l\u00facida, permitindo que todas as informa\u00e7\u00f5es intrincadas das capas dos seus livros, obras de arte e produtos ornamentais sejam exibidas na sua forma mais verdadeira. A prateleira torna-se uma estrutura quase invis\u00edvel, tornando os componentes numa verdadeira pe\u00e7a central.<\/li>\n<li><strong>Resist\u00eancia silenciosa e seguran\u00e7a inabal\u00e1vel:\u00a0<\/strong>Embora possua uma beleza et\u00e9rea, semelhante \u00e0 do vidro, o nosso pol\u00edmero tem uma dureza que \u00e9 tudo menos delicada. Com uma resist\u00eancia \u00e0 influ\u00eancia cerca de 20 vezes superior \u00e0 do vidro normal, oferece uma for\u00e7a e longevidade excepcionais. Esta durabilidade excecional implica que o nosso mobili\u00e1rio n\u00e3o \u00e9 suscet\u00edvel de se estragar ou rachar com os choques e pancadas do dia a dia, o que o torna uma op\u00e7\u00e3o impecavelmente muito mais segura para casas com crian\u00e7as, c\u00e3es de estima\u00e7\u00e3o ou locais industriais com muito tr\u00e1fego. Pode apreciar o seu aspeto fr\u00e1gil com todo o conforto.<\/li>\n<li><strong>Abertura duradoura e intemporal:\u00a0<\/strong>Compreendemos que o mobili\u00e1rio \u00e9 um investimento. \u00c9 por isso que o nosso pol\u00edmero \u00e9 concebido com uma poderosa resist\u00eancia \u00e0s intemp\u00e9ries e aos raios UV. Quando colocado no interior da sua casa, n\u00e3o amarelece, n\u00e3o turva, nem enfraquece com o tempo, mesmo quando exposto \u00e0 luz solar ambiente. Mant\u00e9m firmemente o seu aspeto cristalino durante anos, garantindo que a sua estante tem um aspeto t\u00e3o deslumbrante no d\u00e9cimo anivers\u00e1rio de casamento como no dia em que foi montada.<\/li>\n<\/ul>\n<p><a href=\"https:\/\/customacrylicproduct.com\/pt\/clear-acrylic-bookshelf-bookcases-storage-furniture-supplier\/\"><img fetchpriority=\"high\" decoding=\"async\" class=\"aligncenter wp-image-754 size-full\" src=\"https:\/\/customacrylicproduct.com\/wp-content\/uploads\/2025\/07\/Acrylic-Bookcases-4.jpg\" alt=\"Estantes em acr\u00edlico\" width=\"800\" height=\"800\" srcset=\"https:\/\/customacrylicproduct.com\/wp-content\/uploads\/2025\/07\/Acrylic-Bookcases-4.jpg 800w, https:\/\/customacrylicproduct.com\/wp-content\/uploads\/2025\/07\/Acrylic-Bookcases-4-300x300.jpg 300w, https:\/\/customacrylicproduct.com\/wp-content\/uploads\/2025\/07\/Acrylic-Bookcases-4-150x150.jpg 150w, https:\/\/customacrylicproduct.com\/wp-content\/uploads\/2025\/07\/Acrylic-Bookcases-4-768x768.jpg 768w, https:\/\/customacrylicproduct.com\/wp-content\/uploads\/2025\/07\/Acrylic-Bookcases-4-12x12.jpg 12w, https:\/\/customacrylicproduct.com\/wp-content\/uploads\/2025\/07\/Acrylic-Bookcases-4-600x600.jpg 600w, https:\/\/customacrylicproduct.com\/wp-content\/uploads\/2025\/07\/Acrylic-Bookcases-4-100x100.jpg 100w\" sizes=\"(max-width: 800px) 100vw, 800px\" \/><\/a><\/p>\n<h4 id=\"-engineering-sophistication-the-art-of-structural-layout-\"><strong>Sofistica\u00e7\u00e3o em engenharia: A arte do layout estrutural\u00a0<\/strong>.<\/h4>\n<p>Um produto atraente s\u00f3 \u00e9 t\u00e3o bom quanto a sua integridade arquitet\u00f3nica. A nossa abordagem de design combina a eleg\u00e2ncia visual com uma engenharia duradoura para criar mobili\u00e1rio t\u00e3o est\u00e1vel e \u00fatil como encantador.<\/p>\n<ul>\n<li><strong>Combina\u00e7\u00f5es personalizadas de v\u00e1rias camadas:\u00a0<\/strong>Reconhecemos que n\u00e3o existem duas colec\u00e7\u00f5es iguais. As nossas disposi\u00e7\u00f5es incluem misturas flex\u00edveis de v\u00e1rias camadas, permitindo-lhe maximizar a sua capacidade de arruma\u00e7\u00e3o para cima e para baixo. Crucialmente, o espa\u00e7o entre cada prateleira \u00e9 totalmente personalizado. Podemos criar alturas \u00e0 medida, ideais para im\u00f3veis, desde pequenas brochuras e DVDs a f\u00f3lios de arte altos, publica\u00e7\u00f5es ilustradas para jovens de grandes dimens\u00f5es e at\u00e9 colec\u00e7\u00f5es de discos de pl\u00e1stico. Esta intelig\u00eancia vertical garante que cada cent\u00edmetro quadrado da sua \u00e1rea \u00e9 utilizado de forma eficaz.<\/li>\n<li><strong>Estabilidade e suporte s\u00f3lidos como uma rocha:\u00a0<\/strong>Uma est\u00e9tica flutuante n\u00e3o deve nunca ser feita \u00e0 custa da seguran\u00e7a. Dependendo do estilo, utilizamos uma s\u00e9rie de estrat\u00e9gias avan\u00e7adas para garantir uma estrutura protegida e sem oscila\u00e7\u00f5es. Estas consistem em fivelas de encravamento inteligentemente ocultas, suportes de assist\u00eancia em a\u00e7o lisos e m\u00ednimos, ou o melhor em termos de resist\u00eancia - um edif\u00edcio e uma constru\u00e7\u00e3o integrados, em forma de pe\u00e7a \u00fanica. Cada prateleira foi concebida para suportar uma carga consider\u00e1vel, normalmente entre 5-10 kg (11-22 libras), dependendo da densidade do acr\u00edlico, garantindo que os seus livros preciosos e artigos pesados e atractivos s\u00e3o suportados com absoluta confian\u00e7a.<\/li>\n<li><strong>Aberto ou semi-fechado: A op\u00e7\u00e3o \u00e9 sua:\u00a0<\/strong>As nossas concep\u00e7\u00f5es respondem a diferentes exig\u00eancias de acesso e prote\u00e7\u00e3o. Os modelos tradicionais\u00a0<strong>estilo aberto\u00a0<\/strong>utiliza um acesso descomplicado, convidando-o a pegar numa publica\u00e7\u00e3o ou a reposicionar o seu ecr\u00e3 de um minuto para o outro. \u00c9 excelente para objectos utilizados frequentemente e para criar uma sensa\u00e7\u00e3o de biblioteca arejada e de f\u00e1cil acesso. Para colec\u00e7\u00f5es ainda mais valiosas, oferecemos um\u00a0<strong>semi-fechado\u00a0<\/strong>que pode ser equipada com portas de arm\u00e1rio em acr\u00edlico transparente sem falhas. Estas portas protegem as suas publica\u00e7\u00f5es \u00fateis da sujidade, humidade e pragas, mantendo uma transpar\u00eancia visual completa, criando uma caixa com qualidade de museu.<\/li>\n<\/ul>\n<p><a href=\"https:\/\/customacrylicproduct.com\/pt\/custom-size-acrylic-pet-house-suppliers-acrylic-furnitures\/\"><img decoding=\"async\" class=\"aligncenter wp-image-755 size-full\" src=\"https:\/\/customacrylicproduct.com\/wp-content\/uploads\/2025\/07\/Acrylic-Bookcases.jpg\" alt=\"Estantes em acr\u00edlico\" width=\"800\" height=\"800\" srcset=\"https:\/\/customacrylicproduct.com\/wp-content\/uploads\/2025\/07\/Acrylic-Bookcases.jpg 800w, https:\/\/customacrylicproduct.com\/wp-content\/uploads\/2025\/07\/Acrylic-Bookcases-300x300.jpg 300w, https:\/\/customacrylicproduct.com\/wp-content\/uploads\/2025\/07\/Acrylic-Bookcases-150x150.jpg 150w, https:\/\/customacrylicproduct.com\/wp-content\/uploads\/2025\/07\/Acrylic-Bookcases-768x768.jpg 768w, https:\/\/customacrylicproduct.com\/wp-content\/uploads\/2025\/07\/Acrylic-Bookcases-12x12.jpg 12w, https:\/\/customacrylicproduct.com\/wp-content\/uploads\/2025\/07\/Acrylic-Bookcases-600x600.jpg 600w, https:\/\/customacrylicproduct.com\/wp-content\/uploads\/2025\/07\/Acrylic-Bookcases-100x100.jpg 100w\" sizes=\"(max-width: 800px) 100vw, 800px\" \/><\/a><\/p>\n<h4 id=\"-your-vision-understood-the-unmatched-power-of-modification-\"><strong>A sua vis\u00e3o, compreendida: O Poder Incompar\u00e1vel da Modifica\u00e7\u00e3o\u00a0<\/strong>.<\/h4>\n<p>O seu espa\u00e7o \u00e9 \u00fanico, e o seu mobili\u00e1rio tamb\u00e9m o deve ser. N\u00e3o somos apenas vendedores; somos os seus companheiros de layout, fornecendo uma cole\u00e7\u00e3o abrangente de escolhas de personaliza\u00e7\u00e3o para desenvolver um item que \u00e9 absolutamente seu.<\/p>\n<ul>\n<li><strong>Tamanho e dimens\u00f5es \u00e0 medida:\u00a0<\/strong>Diga adeus ao stress do \u201cquase\u201d encaixe. Podemos fabricar as nossas estantes de acordo com as suas necessidades espec\u00edficas. Desde uma pequena estante em miniatura para uma mesa de cabeceira at\u00e9 um grande sistema de biblioteca de parede a parede, podemos reajustar o tamanho, a dimens\u00e3o e a altura para corresponder perfeitamente ao espa\u00e7o que lhe foi oferecido. Os nossos estilos integram-se perfeitamente em espa\u00e7os de estar, pesquisas, quartos, corredores e at\u00e9 dilemas, criando uma apar\u00eancia incorporada sem o custo do trabalho convencional em madeira.<\/li>\n<li><strong>Personaliza\u00e7\u00e3o criativa e art\u00edstica da forma:\u00a0<\/strong>Liberte-se da tirania do ret\u00e2ngulo. As nossas capacidades de fabrico permitem-nos produzir estantes numa vasta gama de formas. Imagine uma estante elegante em forma de arco que suaviza as linhas de uma \u00e1rea, um dispositivo trapezoidal vibrante que inclui um toque de vanguarda ou uma disposi\u00e7\u00e3o criativa das extremidades que transforma um espa\u00e7o extra e inc\u00f3modo num atributo \u00fatil. Podemos at\u00e9 incorporar cortes geom\u00e9tricos e padr\u00f5es irregulares para desenvolver uma escultura funcional que funciona como uma \u00eanfase est\u00e9tica no seu interior.<\/li>\n<li><strong>Personaliza\u00e7\u00e3o de informa\u00e7\u00f5es individualizadas:\u00a0<\/strong>Os retoques finais s\u00e3o o que elevam uma pe\u00e7a de fant\u00e1stica a extraordin\u00e1ria. Oferecemos uma s\u00e9rie de melhorias de informa\u00e7\u00e3o:.<\/li>\n<li><strong>Ilumina\u00e7\u00e3o LED integrada:\u00a0<\/strong>Podemos instalar tiras de luz LED subtis ao longo das extremidades das prateleiras. Quando iluminadas, criam um brilho suave e quente que transforma a sua prateleira num elemento atmosf\u00e9rico cativante, excelente para ambientes noturnos.<\/li>\n<li><strong>Acabamentos foscos ou gravados:\u00a0<\/strong>Para dar um toque de privacidade pessoal ou incluir textura, as \u00e1reas do acr\u00edlico podem ser foscas.<\/li>\n<li><strong>Grava\u00e7\u00e3o a laser:\u00a0<\/strong>Inclua um componente realmente individual com a grava\u00e7\u00e3o a laser personalizada. Podemos gravar t\u00edtulos de publica\u00e7\u00f5es, um monograma familiar, uma cita\u00e7\u00e3o favorita ou padr\u00f5es detalhados no acr\u00edlico, melhorando a sua estrutura individualizada e desenvolvendo uma antiguidade distinta.<\/li>\n<\/ul>\n<h4 id=\"-past-storage-the-practical-advantages-of-polymer-furnishings-\"><strong>Armazenamento do passado: As vantagens pr\u00e1ticas do mobili\u00e1rio em pol\u00edmero\u00a0<\/strong>.<\/h4>\n<p>O nosso <a href=\"https:\/\/customacrylicproduct.com\/pt\/clear-acrylic-bookshelf-bookcases-storage-furniture-supplier\/\">estantes em acr\u00edlico transparente<\/a> utilizam uma s\u00e9rie de benef\u00edcios pr\u00e1ticos que melhoram a sua vida quotidiana e a sensa\u00e7\u00e3o real do seu espa\u00e7o.<\/p>\n<ul>\n<li><strong>Desenvolvimento visual e sensa\u00e7\u00e3o de espa\u00e7o:\u00a0<\/strong>Esta \u00e9 talvez a qualidade superior mais encantadora do acr\u00edlico. Uma vez que \u00e9 transparente, o mobili\u00e1rio recua visualmente, induzindo o olho a ver um local maior e mais aberto. Enfraquece a sua pr\u00f3pria presen\u00e7a, eliminando o \u201cpeso\u201d est\u00e9tico e a sensa\u00e7\u00e3o de injusti\u00e7a que podem advir de grandes arm\u00e1rios de madeira ou metal. Isto faz com que seja uma excelente op\u00e7\u00e3o para est\u00fadios, \u00e1reas estreitas ou qualquer espa\u00e7o onde seja necess\u00e1rio tirar o m\u00e1ximo partido de uma sensa\u00e7\u00e3o de abertura.<\/li>\n<li><strong>Compatibilidade multifuncional e vers\u00e1til:\u00a0<\/strong>Embora feitas para livros, a est\u00e9tica pura e neutra das nossas estantes torna-as incrivelmente flex\u00edveis. Servem como um ecr\u00e3 sensacional para uma grande variedade de produtos: apresente uma cole\u00e7\u00e3o de estatuetas de porcelana de designer, crie um jardim interior vertical com plantas ecol\u00f3gicas luxuosas, organize elegantemente as estruturas de imagens dos membros da fam\u00edlia ou organize um ecr\u00e3 de exposi\u00e7\u00e3o de cer\u00e2mica artesanal ou recipientes de perfume. Um m\u00f3vel pode oferecer in\u00fameros objectivos, estabilizando facilmente a arruma\u00e7\u00e3o de primeira classe com uma decora\u00e7\u00e3o de alta qualidade.<\/li>\n<li><strong>Limpeza e manuten\u00e7\u00e3o simples e f\u00e1ceis:\u00a0<\/strong>A superf\u00edcie n\u00e3o porosa e excecionalmente lisa do nosso acr\u00edlico torna-o excecionalmente muito f\u00e1cil de manter. A sujidade e as manchas n\u00e3o penetram no produto e podem ser limpas em segundos com um tecido macio e h\u00famido. N\u00e3o s\u00e3o necess\u00e1rios polimentos especiais, \u00f3leos ou rotinas de manuten\u00e7\u00e3o complexas. Os seus m\u00f3veis manter-se-\u00e3o imaculadamente transparentes e limpos com uma iniciativa marginal, maximizando o seu tempo para desfrutar da sua deslumbrante sala.<\/li>\n<\/ul>\n<p><a href=\"https:\/\/customacrylicproduct.com\/pt\/custom-acrylic-furnitures\/\"><img decoding=\"async\" class=\"aligncenter wp-image-753 size-full\" src=\"https:\/\/customacrylicproduct.com\/wp-content\/uploads\/2025\/07\/Acrylic-Bookcases-2.jpg\" alt=\"Estantes em acr\u00edlico\" width=\"800\" height=\"800\" srcset=\"https:\/\/customacrylicproduct.com\/wp-content\/uploads\/2025\/07\/Acrylic-Bookcases-2.jpg 800w, https:\/\/customacrylicproduct.com\/wp-content\/uploads\/2025\/07\/Acrylic-Bookcases-2-300x300.jpg 300w, https:\/\/customacrylicproduct.com\/wp-content\/uploads\/2025\/07\/Acrylic-Bookcases-2-150x150.jpg 150w, https:\/\/customacrylicproduct.com\/wp-content\/uploads\/2025\/07\/Acrylic-Bookcases-2-768x768.jpg 768w, https:\/\/customacrylicproduct.com\/wp-content\/uploads\/2025\/07\/Acrylic-Bookcases-2-12x12.jpg 12w, https:\/\/customacrylicproduct.com\/wp-content\/uploads\/2025\/07\/Acrylic-Bookcases-2-600x600.jpg 600w, https:\/\/customacrylicproduct.com\/wp-content\/uploads\/2025\/07\/Acrylic-Bookcases-2-100x100.jpg 100w\" sizes=\"(max-width: 800px) 100vw, 800px\" \/><\/a><\/p>\n<h4 id=\"-a-canvas-for-your-life-scenarios-and-applications-\"><strong>Uma tela para a sua vida: Cen\u00e1rios e aplica\u00e7\u00f5es\u00a0<\/strong>.<\/h4>\n<p>A adaptabilidade dos nossos <a href=\"https:\/\/customacrylicproduct.com\/pt\/clear-acrylic-bookshelf-bookcases-storage-furniture-supplier\/\">m\u00f3veis em acr\u00edlico transparente<\/a> permite-lhe irradiar em qualquer tipo de configura\u00e7\u00e3o.<\/p>\n<ul>\n<li><strong>Para a casa:\u00a0<\/strong>Num\u00a0<strong>estudo de investiga\u00e7\u00e3o\u00a0<\/strong>, Se a sua biblioteca estiver dispon\u00edvel, crie uma estante panor\u00e2mica do ch\u00e3o ao teto que mantenha toda a sua biblioteca vis\u00edvel e acess\u00edvel. No\u00a0<strong>espa\u00e7o de vida\u00a0<\/strong>, Se a sua estante de ch\u00e3o for simples, pode guardar as suas cr\u00edticas favoritas, complementando um estilo de decora\u00e7\u00e3o moderno, leve e sofisticado ou minimalista. No\u00a0<strong>quarto\u00a0<\/strong>, Uma mini-prateleira de design personalizado junto \u00e0 cama inclui funcionalidade sem desordem.<\/li>\n<li><strong>Para zonas comerciais:\u00a0<\/strong>Em\u00a0<strong>livrarias e bibliotecas\u00a0<\/strong>, A empresa, que utiliza as nossas estantes transparentes para criar expositores \u201cflutuantes\u201d para os bestsellers e para os novos lan\u00e7amentos, regista instantaneamente a aten\u00e7\u00e3o do cliente. Em\u00a0<strong>caf\u00e9s, lojas e oficinas\u00a0<\/strong>, A empresa pode tamb\u00e9m utilizar prateleiras com formas art\u00edsticas para mostrar artigos ou desenvolver um ambiente inovador e liter\u00e1rio que realce o nome da marca e eleve a experi\u00eancia do consumidor.<\/li>\n<li><strong>Para o local de trabalho Localiza\u00e7\u00e3o:\u00a0<\/strong>Substitua os arm\u00e1rios de arquivo grandes e n\u00e3o transparentes pelos nossos servi\u00e7os em acr\u00edlico transparente. Isto n\u00e3o s\u00f3 acrescenta um toque de estilo moderno ao escrit\u00f3rio, como tamb\u00e9m torna a localiza\u00e7\u00e3o de documentos e documentos mais r\u00e1pida e fi\u00e1vel. Ajuda a manter uma atmosfera arrumada, organizada e profissional que entusiasma os clientes e melhora o processo.<\/li>\n<\/ul>\n<h4 id=\"-the-style-aesthetic-a-symphony-of-light-and-kind-\"><strong>A est\u00e9tica do estilo: Uma sinfonia de luz e bondade\u00a0<\/strong>.<\/h4>\n<p>A verdadeira eleg\u00e2ncia das nossas prateleiras em acr\u00edlico assenta na sua filosofia visual. A estrutura transparente produz uma compara\u00e7\u00e3o significativa e bela com as ricas tonalidades e apar\u00eancias das colunas vertebrais das guias, transformando as pr\u00f3prias guias no principal componente atrativo. Isto cria uma sensa\u00e7\u00e3o leve e ventilada de um \u201cecr\u00e3 flutuante\u201d, como se a sua cole\u00e7\u00e3o estivesse suspensa antes.<\/p>\n<p>Al\u00e9m disso, podemos combinar artisticamente o acr\u00edlico puro com outros produtos para obter um determinado estilo. Combinado com lat\u00e3o elegante ou a\u00e7o dourado, irradia uma sensa\u00e7\u00e3o de luxo moderno. Combinado com a\u00e7o preto mate, integra-se perfeitamente numa atmosfera industrial elegante ou minimalista. Com uma placa de apoio em madeira quente, estabiliza a frescura t\u00e9cnica com o calor natural. Esta intera\u00e7\u00e3o de produtos infunde um ambiente art\u00edstico distinto diretamente na sua sala, criando um item que \u00e9 simultaneamente um item \u00fatil e uma obra de arte.<\/p>\n<p><strong>Contacte-nos hoje mesmo. Permita que os nossos consultores de design o ajudem a descobrir as infinitas oportunidades do acr\u00edlico transparente e inicie a viagem em dire\u00e7\u00e3o a um espa\u00e7o mais brilhante, muito mais bonito e perfeitamente organizado.\u00a0<\/strong>.<\/p>","protected":false},"excerpt":{"rendered":"<p>O seu principal fornecedor de estantes de acr\u00edlico transparente de alta qualidade e estantes de lucite. O nosso mobili\u00e1rio de arruma\u00e7\u00e3o moderno e duradouro cria um aspeto minimalista e espa\u00e7oso para qualquer casa ou escrit\u00f3rio. Oferecemos designs personalizados e pre\u00e7os diretos de f\u00e1brica. Explore a nossa cole\u00e7\u00e3o de solu\u00e7\u00f5es de estantes transparentes hoje mesmo.<\/p>","protected":false},"featured_media":755,"template":"","meta":{"_kad_post_transparent":"default","_kad_post_title":"","_kad_post_layout":"default","_kad_post_sidebar_id":"","_kad_post_content_style":"default","_kad_post_vertical_padding":"default","_kad_post_feature":"","_kad_post_feature_position":"","_kad_post_header":false,"_kad_post_footer":false,"_kad_post_classname":""},"product_brand":[],"product_cat":[21],"product_tag":[80,69],"class_list":{"0":"post-751","1":"product","2":"type-product","3":"status-publish","4":"has-post-thumbnail","6":"product_cat-custom-acrylic-furnitures","7":"product_tag-acrylic-bookshelf","8":"product_tag-custom-acrylic-furnitures","10":"first","11":"instock","12":"shipping-taxable","13":"product-type-simple","14":"entry","15":"content-bg","16":"loop-entry"},"_links":{"self":[{"href":"https:\/\/customacrylicproduct.com\/pt\/wp-json\/wp\/v2\/product\/751","targetHints":{"allow":["GET"]}}],"collection":[{"href":"https:\/\/customacrylicproduct.com\/pt\/wp-json\/wp\/v2\/product"}],"about":[{"href":"https:\/\/customacrylicproduct.com\/pt\/wp-json\/wp\/v2\/types\/product"}],"wp:featuredmedia":[{"embeddable":true,"href":"https:\/\/customacrylicproduct.com\/pt\/wp-json\/wp\/v2\/media\/755"}],"wp:attachment":[{"href":"https:\/\/customacrylicproduct.com\/pt\/wp-json\/wp\/v2\/media?parent=751"}],"wp:term":[{"taxonomy":"product_brand","embeddable":true,"href":"https:\/\/customacrylicproduct.com\/pt\/wp-json\/wp\/v2\/product_brand?post=751"},{"taxonomy":"product_cat","embeddable":true,"href":"https:\/\/customacrylicproduct.com\/pt\/wp-json\/wp\/v2\/product_cat?post=751"},{"taxonomy":"product_tag","embeddable":true,"href":"https:\/\/customacrylicproduct.com\/pt\/wp-json\/wp\/v2\/product_tag?post=751"}],"curies":[{"name":"wp","href":"https:\/\/api.w.org\/{rel}","templated":true}]}}