{"id":758,"date":"2025-07-08T13:00:04","date_gmt":"2025-07-08T13:00:04","guid":{"rendered":"https:\/\/customacrylicproduct.com\/?post_type=product&#038;p=758"},"modified":"2025-07-08T13:09:17","modified_gmt":"2025-07-08T13:09:17","slug":"4x8-colored-water-rippled-acrylic-glass-sheets-wholesale","status":"publish","type":"product","link":"https:\/\/customacrylicproduct.com\/pt\/4x8-colored-water-rippled-acrylic-glass-sheets-wholesale\/","title":{"rendered":"4\u00d78 Folhas de vidro acr\u00edlico ondulado de \u00e1gua colorida por atacado"},"content":{"rendered":"<h3 id=\"-heading-catch-the-significance-of-light-and-activity-wholesale-4x8-colored-water-rippled-polymer-sheets-\"><strong>T\u00edtulo: Capturar o significado da luz e da atividade: Folhas de pol\u00edmero ondulado de \u00e1gua colorida 4\u00d78 por atacado\u00a0<\/strong>.<\/h3>\n<p><strong>Introdu\u00e7\u00e3o: A intersec\u00e7\u00e3o entre o apelo da natureza e o avan\u00e7o moderno\u00a0<\/strong>.<\/p>\n<p>No planeta do layout e da arquitetura, os materiais s\u00e3o a linguagem que utilizamos para narrar. Podem transmitir for\u00e7a, sofistica\u00e7\u00e3o, calor ou inova\u00e7\u00e3o. No entanto, raramente ocorre um material que capte de forma t\u00e3o completa o encanto l\u00edquido e din\u00e2mico do mundo natural, ao mesmo tempo que utiliza o desempenho intransigente do design moderno. Orgulhamo-nos de apresentar a nossa linha l\u00edder de\u00a0<strong>4<a href=\"https:\/\/customacrylicproduct.com\/pt\/4x8-colored-water-rippled-acrylic-glass-sheets-wholesale758\/\">x8 Folhas acr\u00edlicas onduladas de \u00e1gua colorida\u00a0<\/a><\/strong>- um material de vanguarda concebido para vision\u00e1rios que se recusam a escolher entre est\u00e9tica e capacidade.<\/p>\n<p>Estas grandes folhas de 4\u00d78 p\u00e9s s\u00e3o mais do que apenas um material de estrutura; s\u00e3o uma tela para a luz. A estrutura carater\u00edstica da \u201condula\u00e7\u00e3o da \u00e1gua\u201d, diligentemente gravada na superf\u00edcie, assemelha-se ao padr\u00e3o tranquilo e em constante mudan\u00e7a da dan\u00e7a da luz numa superf\u00edcie de \u00e1gua perturbada. Este impacto altera qualquer tipo de \u00e1rea, criando um jogo emocionante de luz e escurid\u00e3o, difundindo o brilho intenso num brilho suave e ambiente, e proporcionando um grau de obscuridade elegante perfeito para aplica\u00e7\u00f5es de privacidade. Quer seja um engenheiro a construir um edif\u00edcio emblem\u00e1tico, um promotor de interiores a criar um espa\u00e7o comercial distinto, um fabricante a construir expositores de retalho \u00e0 medida ou um artista imaginativo a pressionar os limites da sua arte, estas folhas proporcionam uma possibilidade \u00fanica de incutir nos seus trabalhos uma sensa\u00e7\u00e3o de estilo l\u00edquido e sombra viva.<\/p>\n<h3 id=\"-section-1-unrivaled-resilience-for-enduring-designs-the-guarantee-of-superior-weather-condition-resistance-\"><strong>Sec\u00e7\u00e3o 1: Resili\u00eancia inigual\u00e1vel para concep\u00e7\u00f5es duradouras - A garantia de uma resist\u00eancia superior \u00e0s condi\u00e7\u00f5es climat\u00e9ricas\u00a0<\/strong>.<\/h3>\n<p>A qualidade de um belo layout depende dos materiais utilizados na sua constru\u00e7\u00e3o. O nosso <a href=\"https:\/\/customacrylicproduct.com\/pt\/4x8-colored-water-rippled-acrylic-glass-sheets-wholesale758\/\">Folhas acr\u00edlicas onduladas com \u00e1gua<\/a> s\u00e3o concebidos n\u00e3o s\u00f3 para o projeto de hoje, mas para anos de efici\u00eancia respeit\u00e1vel, tanto no interior como no exterior.<\/p>\n<p><strong>Resist\u00eancia excecional \u00e0s condi\u00e7\u00f5es climat\u00e9ricas:\u00a0<\/strong>Uma das vantagens mais significativas da nossa f\u00f3rmula acr\u00edlica \u00e9 a sua resist\u00eancia superior aos aspectos. Ao contr\u00e1rio dos pl\u00e1sticos m\u00ednimos ou mesmo de certos materiais curados, as nossas chapas foram concebidas para resistir \u00e0 aspereza do exterior. Foram cuidadosamente examinadas e verificadas para resistir aos resultados nocivos de uma exposi\u00e7\u00e3o duradoura ao sol e \u00e0 chuva. A composi\u00e7\u00e3o de polimetacrilato de metilo de alta qualidade (PMMA) \u00e9 naturalmente est\u00e1vel aos raios UV, o que sugere que n\u00e3o amarelece, n\u00e3o se torna fr\u00e1gil nem se hidrolisa com o tempo.<\/p>\n<p><strong>Uma vida \u00fatil longa e segura:\u00a0<\/strong>Esta not\u00e1vel resist\u00eancia \u00e0s intemp\u00e9ries traduz-se numa vida \u00fatil impressionante, com as aplica\u00e7\u00f5es no exterior a preservarem normalmente a sua integridade estrutural e a vibra\u00e7\u00e3o da sombra durante\u00a0<strong>5 a 8 anos ou mesmo mais\u00a0<\/strong>, dependendo das condi\u00e7\u00f5es ecol\u00f3gicas. Isto torna-os a sele\u00e7\u00e3o adequada e sem preocupa\u00e7\u00f5es para uma vasta gama de tarefas exteriores. Imagine pain\u00e9is acr\u00edlicos coloridos e deslumbrantes que formam a fachada de uma estrutura comercial contempor\u00e2nea, pain\u00e9is exteriores vibrantes e cativantes que n\u00e3o se desvanecem ou clarab\u00f3ias de estufa resistentes e difusoras de luz que anunciam o crescimento saud\u00e1vel das plantas sem se deteriorarem sob a constante exposi\u00e7\u00e3o direta \u00e0 luz solar. Esta longevidade assegura um roi mais elevado, minimizando a necessidade de substitutos e manuten\u00e7\u00e3o dispendiosos.<\/p>\n<p><a href=\"https:\/\/customacrylicproduct.com\/pt\/custom-size-cut-laser-acrylic-sheets-engraving-perspex-sheet\/\"><img fetchpriority=\"high\" decoding=\"async\" class=\"aligncenter wp-image-761 size-full\" src=\"https:\/\/customacrylicproduct.com\/wp-content\/uploads\/2025\/07\/Acrylic-Glass-Sheets.jpg\" alt=\"Folhas de vidro acr\u00edlico\" width=\"800\" height=\"800\" srcset=\"https:\/\/customacrylicproduct.com\/wp-content\/uploads\/2025\/07\/Acrylic-Glass-Sheets.jpg 800w, https:\/\/customacrylicproduct.com\/wp-content\/uploads\/2025\/07\/Acrylic-Glass-Sheets-300x300.jpg 300w, https:\/\/customacrylicproduct.com\/wp-content\/uploads\/2025\/07\/Acrylic-Glass-Sheets-150x150.jpg 150w, https:\/\/customacrylicproduct.com\/wp-content\/uploads\/2025\/07\/Acrylic-Glass-Sheets-768x768.jpg 768w, https:\/\/customacrylicproduct.com\/wp-content\/uploads\/2025\/07\/Acrylic-Glass-Sheets-12x12.jpg 12w, https:\/\/customacrylicproduct.com\/wp-content\/uploads\/2025\/07\/Acrylic-Glass-Sheets-600x600.jpg 600w, https:\/\/customacrylicproduct.com\/wp-content\/uploads\/2025\/07\/Acrylic-Glass-Sheets-100x100.jpg 100w\" sizes=\"(max-width: 800px) 100vw, 800px\" \/><\/a><\/p>\n<h3 id=\"-section-2-the-fabricator-s-option-uncomplicated-and-versatile-handling-\"><strong>Sec\u00e7\u00e3o 2: A op\u00e7\u00e3o do fabricante - Manuseamento descomplicado e vers\u00e1til\u00a0<\/strong>.<\/h3>\n<p>A imagina\u00e7\u00e3o nunca deve ser limitada pelas restri\u00e7\u00f5es de um produto. O nosso 4\u00d78 <a href=\"https:\/\/customacrylicproduct.com\/pt\/custom-size-cut-laser-acrylic-sheets-engraving-perspex-sheet\/\">Folhas acr\u00edlicas onduladas com \u00e1gua<\/a> s\u00e3o criados tendo em mente o produtor, oferecendo um grau de conveni\u00eancia de processamento que encoraja infinitas possibilidades de design.<\/p>\n<p><strong>Simples de cortar, dobrar e moldar:\u00a0<\/strong>As constru\u00e7\u00f5es inerentes ao acr\u00edlico tornam-no extraordinariamente f\u00e1cil de colaborar. Estas grandes folhas 4\u00d78 podem ser reduzidas de forma f\u00e1cil e espec\u00edfica utilizando ferramentas b\u00e1sicas de oficina, como serras de mesa com l\u00e2minas com ponta de carboneto, serras de recortes ou tupias. Al\u00e9m disso, o produto pode ser perfurado sem fissuras ou fracturas, o que permite uma coloca\u00e7\u00e3o e montagem muito f\u00e1ceis. Para uma disposi\u00e7\u00e3o tridimensional mais simples, as nossas chapas acr\u00edlicas reagem maravilhosamente ao calor. Podem ser termoformadas ou dobradas a quente em contornos elegantes e \u00e2ngulos personalizados, excelentes para a produ\u00e7\u00e3o de mobili\u00e1rio distinto, mesas com beirais de queda de \u00e1gua ou divis\u00f5es curvas que seriam dif\u00edceis ou proibitivamente dispendiosas de conseguir com vidro.<\/p>\n<p><strong>Precis\u00e3o com a inova\u00e7\u00e3o laser:\u00a0<\/strong>Para tarefas que exigem a m\u00e1xima precis\u00e3o e informa\u00e7\u00f5es complexas, as nossas folhas s\u00e3o totalmente compat\u00edveis com o corte e a inscri\u00e7\u00e3o a laser. Um laser pode tra\u00e7ar sem esfor\u00e7o padr\u00f5es intrincados, eliminar log\u00f3tipos minuciosos com arestas perfeitamente polidas ou gravar desenhos fr\u00e1geis na \u00e1rea da superf\u00edcie. Esta capacidade abre um mundo de personaliza\u00e7\u00e3o para a cria\u00e7\u00e3o de sinais encantadores, pain\u00e9is de arte atractivos, ecr\u00e3s de exposi\u00e7\u00e3o complexos para venda a retalho e artigos personalizados, tornando-a um recurso inestim\u00e1vel tanto para produ\u00e7\u00f5es em grande escala como para produ\u00e7\u00f5es personalizadas e distintas. Esta facilidade de processamento torna as nossas folhas acess\u00edveis n\u00e3o s\u00f3 a lojas de fabrico especializadas, mas tamb\u00e9m a designers, artistas e entusiastas da bricolage que pretendem dar vida a vis\u00f5es entusi\u00e1sticas.<\/p>\n<p><a href=\"https:\/\/customacrylicproduct.com\/pt\/custom-size-cut-laser-acrylic-sheets-engraving-perspex-sheet\/\"><img decoding=\"async\" class=\"aligncenter wp-image-759 size-full\" src=\"https:\/\/customacrylicproduct.com\/wp-content\/uploads\/2025\/07\/Acrylic-Glass-Sheets-2.jpg\" alt=\"Folhas de vidro acr\u00edlico\" width=\"800\" height=\"800\" srcset=\"https:\/\/customacrylicproduct.com\/wp-content\/uploads\/2025\/07\/Acrylic-Glass-Sheets-2.jpg 800w, https:\/\/customacrylicproduct.com\/wp-content\/uploads\/2025\/07\/Acrylic-Glass-Sheets-2-300x300.jpg 300w, https:\/\/customacrylicproduct.com\/wp-content\/uploads\/2025\/07\/Acrylic-Glass-Sheets-2-150x150.jpg 150w, https:\/\/customacrylicproduct.com\/wp-content\/uploads\/2025\/07\/Acrylic-Glass-Sheets-2-768x768.jpg 768w, https:\/\/customacrylicproduct.com\/wp-content\/uploads\/2025\/07\/Acrylic-Glass-Sheets-2-12x12.jpg 12w, https:\/\/customacrylicproduct.com\/wp-content\/uploads\/2025\/07\/Acrylic-Glass-Sheets-2-600x600.jpg 600w, https:\/\/customacrylicproduct.com\/wp-content\/uploads\/2025\/07\/Acrylic-Glass-Sheets-2-100x100.jpg 100w\" sizes=\"(max-width: 800px) 100vw, 800px\" \/><\/a><\/p>\n<h3 id=\"-area-3-a-combination-of-opportunities-a-rich-range-of-colors-and-finishes-\"><strong>\u00c1rea 3: Uma combina\u00e7\u00e3o de oportunidades - Uma rica gama de cores e acabamentos\u00a0<\/strong>.<\/h3>\n<p>A cor \u00e9 a alma do layout, e a nossa <a href=\"https:\/\/customacrylicproduct.com\/pt\/custom-size-cut-laser-acrylic-sheets-engraving-perspex-sheet\/\">Folhas acr\u00edlicas onduladas com \u00e1gua<\/a> oferecem uma combina\u00e7\u00e3o vibrante e funcional para dar vida a qualquer vis\u00e3o. Compreendemos que cada projeto tem uma est\u00e9tica distinta, e \u00e9 por isso que oferecemos uma op\u00e7\u00e3o abrangente que vai muito al\u00e9m dos pain\u00e9is transparentes comuns.<\/p>\n<p><strong>Explore um mundo de cores:\u00a0<\/strong>A nossa cole\u00e7\u00e3o \u00e9 composta por uma grande variedade de cores espectaculares, desde azuis profundos e significativos e ecol\u00f3gicos a vermelhos e amarelos quentes e acolhedores. Estas folhas coloridas est\u00e3o prontamente dispon\u00edveis em v\u00e1rias opacidades para corresponder \u00e0s suas exig\u00eancias espec\u00edficas de transmiss\u00e3o de luz e privacidade pessoal.<\/p>\n<ul>\n<li><strong>Cores transl\u00facidas:\u00a0<\/strong>Estas folhas permitem a passagem da luz, ao mesmo tempo que a difundem maravilhosamente e acrescentam uma sombra abundante. S\u00e3o ideais para desenvolver efeitos de ilumina\u00e7\u00e3o clim\u00e1tica, ecr\u00e3s de privacidade pessoal que n\u00e3o escurecem uma \u00e1rea e clarab\u00f3ias coloridas.<\/li>\n<li><strong>Branco leitoso e Opala:\u00a0<\/strong>Esta escolha proeminente fornece uma difus\u00e3o de luz soberba, desenvolvendo um brilho suave e uniforme adequado para caixas de luz, sinaliza\u00e7\u00e3o retroiluminada e pain\u00e9is de teto onde se pretende uma ilumina\u00e7\u00e3o suave e sem sombras.<\/li>\n<li><strong>Cores personalizadas:\u00a0<\/strong>No caso de grandes encomendas por grosso, podemos tratar consigo da cria\u00e7\u00e3o de tonalidades personalizadas para corresponder a diretrizes de marca ou esquemas de estilo espec\u00edficos, garantindo a melhor comunica\u00e7\u00e3o na sua tarefa.<\/li>\n<\/ul>\n<p><strong>Efeitos de superf\u00edcie para medi\u00e7\u00e3o adicional:\u00a0<\/strong>Para al\u00e9m da cor, o pr\u00f3prio acabamento da superf\u00edcie pode ser uma poderosa ferramenta de design. Embora a fun\u00e7\u00e3o principal seja a espetacular estrutura de ondula\u00e7\u00e3o da \u00e1gua, estas folhas mant\u00eam uma\u00a0<strong>superf\u00edcie de alto brilho\u00a0<\/strong>que mostra a luz e inclui uma sensa\u00e7\u00e3o de luxo e profundidade. Esta mistura de uma apar\u00eancia vibrante e de um acabamento brilhante cria um produto visualmente complexo que transforma a sua apar\u00eancia \u00e0 medida que o cliente se move e a luz muda, garantindo que o seu trabalho se mant\u00e9m interessante e fascinante.<\/p>\n<h3 id=\"-section-4-the-best-alternate-to-glass-toughness-security-and-financial-savings-\"><strong>Sec\u00e7\u00e3o 4: A melhor alternativa ao vidro - resist\u00eancia, seguran\u00e7a e poupan\u00e7a financeira\u00a0<\/strong>.<\/h3>\n<p>Durante d\u00e9cadas, o vidro tem sido a op\u00e7\u00e3o padr\u00e3o para aplica\u00e7\u00f5es transparentes, mas apresenta desvantagens significativas em termos de peso, fragilidade e seguran\u00e7a. As nossas chapas acr\u00edlicas onduladas com \u00e1gua oferecem todas as vantagens est\u00e9ticas do vidro ornamental sem nenhum dos constrangimentos.<\/p>\n<p><strong>Resist\u00eancia ao impacto e dureza superiores:\u00a0<\/strong>O pol\u00edmero \u00e9 conhecido pela sua elevada dureza e incr\u00edvel resist\u00eancia aos efeitos - tanto quanto\u00a0<strong>17 vezes mais do que o vidro normal\u00a0<\/strong>. Isto torna-o basicamente \u00e0 prova de estilha\u00e7os em compara\u00e7\u00e3o. Uma pancada que possa fazer voar fragmentos nocivos de vidro, provavelmente apenas provocar\u00e1 uma fenda ou marca local numa folha de acr\u00edlico. Esta resist\u00eancia fundamental faz com que seja a op\u00e7\u00e3o adequada para espa\u00e7os p\u00fablicos com muito tr\u00e1fego, institui\u00e7\u00f5es, instala\u00e7\u00f5es m\u00e9dicas e locais de venda a retalho onde a seguran\u00e7a \u00e9 fundamental. Tamb\u00e9m diminui significativamente as perdas por quebra durante a constru\u00e7\u00e3o, o transporte e a instala\u00e7\u00e3o.<\/p>\n<p><strong>Resistente e extremamente leve:\u00a0<\/strong>Independentemente da sua dureza, o acr\u00edlico tem menos de metade do peso do vidro. Esta \u00e9 uma vantagem que muda o jogo para aplica\u00e7\u00f5es grossistas. Folhas mais leves implicam pre\u00e7os reduzidos de transporte e frete. S\u00e3o mais simples e mais seguras para as equipas gerirem no local, minimizando os pre\u00e7os da m\u00e3o de obra e o tempo de montagem. A carga arquitet\u00f3nica minimizada implica que as estruturas de sustenta\u00e7\u00e3o podem ser muito menos grandes e caras, permitindo designs ainda mais elegantes e minimalistas.<\/p>\n<p><strong>Qualidade excecional e longa vida \u00fatil:\u00a0<\/strong>As nossas folhas s\u00e3o produzidas a partir de mon\u00f3mero virgem 100% de primeira qualidade, garantindo uma qualidade \u00f3tica fenomenal, um brilho s\u00f3lido e uma superf\u00edcie perfeitamente lisa (no lado n\u00e3o texturado). Cada folha \u00e9 protegida em ambos os lados por uma pel\u00edcula de longa dura\u00e7\u00e3o, que impede arranh\u00f5es e riscos durante o transporte e o fabrico, garantindo que chega ao s\u00edtio Web da tarefa em perfeitas condi\u00e7\u00f5es.<\/p>\n<p><a href=\"https:\/\/customacrylicproduct.com\/pt\/4x8-colored-water-rippled-acrylic-glass-sheets-wholesale758\/\"><img decoding=\"async\" class=\"aligncenter wp-image-760 size-full\" src=\"https:\/\/customacrylicproduct.com\/wp-content\/uploads\/2025\/07\/Acrylic-Glass-Sheets-3.jpg\" alt=\"Folhas de vidro acr\u00edlico\" width=\"800\" height=\"800\" srcset=\"https:\/\/customacrylicproduct.com\/wp-content\/uploads\/2025\/07\/Acrylic-Glass-Sheets-3.jpg 800w, https:\/\/customacrylicproduct.com\/wp-content\/uploads\/2025\/07\/Acrylic-Glass-Sheets-3-300x300.jpg 300w, https:\/\/customacrylicproduct.com\/wp-content\/uploads\/2025\/07\/Acrylic-Glass-Sheets-3-150x150.jpg 150w, https:\/\/customacrylicproduct.com\/wp-content\/uploads\/2025\/07\/Acrylic-Glass-Sheets-3-768x768.jpg 768w, https:\/\/customacrylicproduct.com\/wp-content\/uploads\/2025\/07\/Acrylic-Glass-Sheets-3-12x12.jpg 12w, https:\/\/customacrylicproduct.com\/wp-content\/uploads\/2025\/07\/Acrylic-Glass-Sheets-3-600x600.jpg 600w, https:\/\/customacrylicproduct.com\/wp-content\/uploads\/2025\/07\/Acrylic-Glass-Sheets-3-100x100.jpg 100w\" sizes=\"(max-width: 800px) 100vw, 800px\" \/><\/a><\/p>\n<h3 id=\"-area-5-multi-purpose-deliberately-a-world-of-applications-\"><strong>Dom\u00ednio 5: Multiusos deliberadamente - Um mundo de aplica\u00e7\u00f5es\u00a0<\/strong>.<\/h3>\n<p>O valor real de um material mede-se pela sua adaptabilidade. A combina\u00e7\u00e3o especial de charme, longevidade e capacidade de trabalho faz com que o nosso 4\u00d78 <a href=\"https:\/\/customacrylicproduct.com\/pt\/4x8-colored-water-rippled-acrylic-glass-sheets-wholesale758\/\">Folhas de pol\u00edmero onduladas com \u00e1gua colorida<\/a> ideal para uma variedade praticamente ilimitada de aplica\u00e7\u00f5es em numerosos mercados.<\/p>\n<ul>\n<li><strong>Arquitetura e design de interiores:\u00a0<\/strong>Produzem espectaculares superf\u00edcies de parede de atributos, divis\u00f3rias de \u00e1rea elegantes e divis\u00f3rias de privacidade \u00fateis em escrit\u00f3rios, hot\u00e9is e restaurantes. Utilize-os para pain\u00e9is de balaustrada, inser\u00e7\u00f5es decorativas no teto e revestimentos de parede \u00fanicos.<\/li>\n<li><strong>Retalho e simpatia:\u00a0<\/strong>Conceba ecr\u00e3s de exposi\u00e7\u00e3o de ponto de venda apelativos que fazem sobressair os artigos. Produzir prateleiras elegantes, frentes de bar modernas e placas de menu retroiluminadas. Utilize as folhas para desenvolver um ambiente de marca envolvente que hipnotize os clientes.<\/li>\n<li><strong>Mobili\u00e1rio e m\u00f3veis de cozinha:\u00a0<\/strong>Crie pe\u00e7as de mobili\u00e1rio \u00e0 medida com aspectos distintos e diferenciadores. Utilize-os como inser\u00e7\u00f5es sensacionais e leves para portas de arm\u00e1rios em casas de banho e cozinhas, acrescentando uma pitada de sombra e um toque de design moderno.<\/li>\n<li><strong>Sinal\u00e9tica e orienta\u00e7\u00e3o:\u00a0<\/strong>Construa indicadores exteriores resilientes e resistentes \u00e0s intemp\u00e9ries ou indica\u00e7\u00f5es interiores sofisticadas e iluminadas internamente. A superf\u00edcie texturada acrescenta uma qualidade \u00fanica que faz com que a sinal\u00e9tica se destaque.<\/li>\n<li><strong>Arte, fotografia e estilo de estabelecimento:\u00a0<\/strong>Para os criativos, estas folhas s\u00e3o um desejo. Utilize-as como fundos vibrantes para fotografias de produtos ou sess\u00f5es de v\u00eddeo. A textura de onda de \u00e1gua refracta e difunde magnificamente a luz, tornando simples a produ\u00e7\u00e3o de uma apar\u00eancia tridimensional e dividida e uma sensa\u00e7\u00e3o avan\u00e7ada e atmosf\u00e9rica para fotografias e cen\u00e1rios de filmes.<\/li>\n<li><strong>Fa\u00e7a voc\u00ea mesmo e projectos de artesanato:\u00a0<\/strong>A dimens\u00e3o da folha 4\u00d78 \u00e9 excelente para maximizar o rendimento em tarefas de menor dimens\u00e3o, como montanhas-russas personalizadas, molduras de imagens, j\u00f3ias, artigos de design para casa e projectos de arte \u00e0 medida.<\/li>\n<\/ul>\n<p><strong>O seu parceiro grossista para o sucesso\u00a0<\/strong>.<\/p>\n<p>Dedicamo-nos a ser mais do que simplesmente um fornecedor; somos o seu parceiro no avan\u00e7o. Ao escolher o nosso atacado 4\u00d78 \u00c1gua Colorida Ondulada <a href=\"https:\/\/customacrylicproduct.com\/pt\/4x8-colored-water-rippled-acrylic-glass-sheets-wholesale758\/\">Folhas de acr\u00edlico<\/a>, est\u00e1 a investir num produto que cumpre o que promete em todas as frentes. Oferecemos pre\u00e7os de massa acess\u00edveis, graus de fornecimento fi\u00e1veis e um compromisso com a alta qualidade que garante a consist\u00eancia em todas as folhas. A enorme medida 4\u00d78 \u00e9 especificamente escolhida para maximizar a efic\u00e1cia, reduzir o desperd\u00edcio e fornecer a escala necess\u00e1ria para tarefas ambiciosas.<\/p>\n<p>Eleve as suas tarefas artesanais e especializadas do comum ao extraordin\u00e1rio.\u00a0<strong>Entre em contacto connosco hoje mesmo para solicitar um or\u00e7amento por grosso, encomendar amostras de sombra ou falar sobre os requisitos espec\u00edficos do seu pr\u00f3ximo trabalho.\u00a0<\/strong>Vamos desenvolver algo espetacular uns com os outros.<\/p>","protected":false},"excerpt":{"rendered":"<p>Folhas de acr\u00edlico de ondula\u00e7\u00e3o de \u00e1gua colorida 4\u00d78 por atacado. Nossos pain\u00e9is texturizados exclusivos criam um visual l\u00edquido impressionante, perfeito para divis\u00f3rias decorativas, sinaliza\u00e7\u00e3o e m\u00f3veis personalizados. Dur\u00e1vel, vibrante e f\u00e1cil de fabricar. Obtenha pre\u00e7os diretos de f\u00e1brica e explore a nossa gama completa de cores hoje mesmo!<\/p>","protected":false},"featured_media":759,"template":"","meta":{"_kad_post_transparent":"default","_kad_post_title":"","_kad_post_layout":"default","_kad_post_sidebar_id":"","_kad_post_content_style":"default","_kad_post_vertical_padding":"default","_kad_post_feature":"","_kad_post_feature_position":"","_kad_post_header":false,"_kad_post_footer":false,"_kad_post_classname":""},"product_brand":[],"product_cat":[24],"product_tag":[81,82,75],"class_list":{"0":"post-758","1":"product","2":"type-product","3":"status-publish","4":"has-post-thumbnail","6":"product_cat-custom-acrylic-sheets","7":"product_tag-acrylic-glass-sheets","8":"product_tag-colored-acrylic-sheets","9":"product_tag-custom-cut-acrylic-sheets","11":"first","12":"instock","13":"shipping-taxable","14":"product-type-simple","15":"entry","16":"content-bg","17":"loop-entry"},"_links":{"self":[{"href":"https:\/\/customacrylicproduct.com\/pt\/wp-json\/wp\/v2\/product\/758","targetHints":{"allow":["GET"]}}],"collection":[{"href":"https:\/\/customacrylicproduct.com\/pt\/wp-json\/wp\/v2\/product"}],"about":[{"href":"https:\/\/customacrylicproduct.com\/pt\/wp-json\/wp\/v2\/types\/product"}],"wp:featuredmedia":[{"embeddable":true,"href":"https:\/\/customacrylicproduct.com\/pt\/wp-json\/wp\/v2\/media\/759"}],"wp:attachment":[{"href":"https:\/\/customacrylicproduct.com\/pt\/wp-json\/wp\/v2\/media?parent=758"}],"wp:term":[{"taxonomy":"product_brand","embeddable":true,"href":"https:\/\/customacrylicproduct.com\/pt\/wp-json\/wp\/v2\/product_brand?post=758"},{"taxonomy":"product_cat","embeddable":true,"href":"https:\/\/customacrylicproduct.com\/pt\/wp-json\/wp\/v2\/product_cat?post=758"},{"taxonomy":"product_tag","embeddable":true,"href":"https:\/\/customacrylicproduct.com\/pt\/wp-json\/wp\/v2\/product_tag?post=758"}],"curies":[{"name":"wp","href":"https:\/\/api.w.org\/{rel}","templated":true}]}}