{"id":768,"date":"2025-07-09T13:08:31","date_gmt":"2025-07-09T13:08:31","guid":{"rendered":"https:\/\/customacrylicproduct.com\/?post_type=product&#038;p=768"},"modified":"2025-07-09T13:25:04","modified_gmt":"2025-07-09T13:25:04","slug":"custom-logo-clear-acrylic-room-signs-hotel-perspex-signage","status":"publish","type":"product","link":"https:\/\/customacrylicproduct.com\/pt\/custom-logo-clear-acrylic-room-signs-hotel-perspex-signage\/","title":{"rendered":"Sinais de sala em acr\u00edlico transparente com log\u00f3tipo personalizado Sinaliza\u00e7\u00e3o em perspex para hot\u00e9is"},"content":{"rendered":"<h3 id=\"-defining-area-elevating-brands-the-personalized-clear-polymer-signs-collection-\"><strong>Definindo a \u00e1rea, elevando as marcas: A cole\u00e7\u00e3o de sinais personalizados em pol\u00edmero transparente\u00a0<\/strong>.<\/h3>\n<p>No panorama da hotelaria moderna e dos ambientes empresariais, a primeira impress\u00e3o \u00e9 uma das mais duradouras. Come\u00e7a n\u00e3o apenas na grande entrada, mas em cada ponto de contacto subsequente. A porta de um quarto de h\u00f3spedes, a entrada de uma sala de confer\u00eancias, a etiqueta de uma cole\u00e7\u00e3o exclusiva - cada um deles \u00e9 uma oportunidade para interagir com a qualidade, refor\u00e7ar a identidade da marca e garantir uma navega\u00e7\u00e3o tranquila. \u00c9 com este profundo conhecimento que apresentamos a nossa linha superior de indicadores de espa\u00e7o em pol\u00edmero transparente com design de log\u00f3tipo personalizado e <a href=\"https:\/\/customacrylicproduct.com\/pt\/custom-logo-clear-acrylic-room-signs-hotel-perspex-signage\/\">Sinal\u00e9tica em perspex para est\u00e2ncias tur\u00edsticas<\/a>, um servi\u00e7o concebido para ser t\u00e3o pr\u00e1tico como bonito.<\/p>\n<p>\u00c9 mais do que uma simples placa de porta, \u00e9 uma pe\u00e7a de joalharia arquitet\u00f3nica. Diligentemente trabalhada a partir de materiais de alta qualidade e oferecendo um n\u00edvel excecional de personaliza\u00e7\u00e3o, a nossa sinal\u00e9tica \u00e9 feita para estabelecimentos que se recusam a comprometer os detalhes. Para est\u00e2ncias de luxo, hot\u00e9is com lojas, casas com servi\u00e7os de primeira qualidade e locais de trabalho empresariais inovadores, os nossos sinais s\u00e3o a declara\u00e7\u00e3o clara de profissionalismo, confian\u00e7a e estilo.<\/p>\n<h3 id=\"-area-1-the-structure-of-brilliance-core-materials-and-qualities-\"><strong>\u00c1rea 1: A estrutura do Brilliance - Materiais e qualidades essenciais\u00a0<\/strong>.<\/h3>\n<p>No centro da nossa sinal\u00e9tica est\u00e1 o seu produto-chave: o acr\u00edlico transparente de primeira qualidade, tamb\u00e9m conhecido pelo nome comercial de Plexiglas. Escolhemos este produto pela sua capacidade distinta de combinar a pureza est\u00e9tica com a efici\u00eancia robusta necess\u00e1ria para ambientes de tr\u00e1fego intenso.<\/p>\n<p><strong>Modernidade cristalina\u00a0<\/strong>. O atributo de destaque do acr\u00edlico \u00e9 a sua clareza \u00f3tica fenomenal, que se equipara \u00e0 do vidro mais fino, mas sem a sua fragilidade. Esta transpar\u00eancia imaculada produz um efeito visual elegante e contempor\u00e2neo, fazendo com que as mensagens e os log\u00f3tipos pare\u00e7am estar a flutuar elegantemente em rela\u00e7\u00e3o \u00e0 superf\u00edcie da porta ou da parede. Quando exposto \u00e0 ilumina\u00e7\u00e3o ambiente ou direta, os bordos elegantes do acr\u00edlico captam e refractam a luz, incluindo um brilho subtil e inovador que melhora a sua dimensionalidade e apar\u00eancia. Isto cria uma impress\u00e3o muito mais din\u00e2mica e sofisticada do que os materiais opacos e nivelados.<\/p>\n<p><strong>Longevidade e seguran\u00e7a inabal\u00e1veis\u00a0<\/strong>. Embora tenha um aspeto fr\u00e1gil, o acr\u00edlico \u00e9 extraordinariamente duro. Tem uma resist\u00eancia aos efeitos superior \u00e0 do vidro, o que o torna praticamente inquebr\u00e1vel e perfeito para as necessidades da utiliza\u00e7\u00e3o quotidiana. Esta resist\u00eancia garante uma vida \u00fatil longa, sem as fissuras e lascas que podem danificar materiais mais pequenos. Al\u00e9m disso, as suas propriedades anti-envelhecimento inerentes implicam que n\u00e3o amarelece nem se torna fr\u00e1gil com o tempo, mantendo-se impec\u00e1vel durante anos. Sendo substancialmente mais leve do que o vidro, \u00e9 tamb\u00e9m mais seguro e menos complicado de instalar, reduzindo o perigo e a complexidade log\u00edstica.<\/p>\n<p><strong>Manuten\u00e7\u00e3o f\u00e1cil\u00a0<\/strong>. A superf\u00edcie lisa e n\u00e3o porosa do acr\u00edlico \u00e9 extremamente f\u00e1cil de arrumar e manter. Resiste a impress\u00f5es digitais e manchas e pode ser rapidamente limpa com um tecido macio, garantindo que a sua sinal\u00e9tica tem sempre um aspeto imaculado e especializado.<\/p>\n<p><a href=\"https:\/\/customacrylicproduct.com\/pt\/custom-logo-clear-acrylic-room-signs-hotel-perspex-signage\/\"><img fetchpriority=\"high\" decoding=\"async\" class=\"aligncenter wp-image-769 size-full\" src=\"https:\/\/customacrylicproduct.com\/wp-content\/uploads\/2025\/07\/Custom-Hotel-Signs.jpg\" alt=\"Sinais de hotel personalizados\" width=\"800\" height=\"800\" srcset=\"https:\/\/customacrylicproduct.com\/wp-content\/uploads\/2025\/07\/Custom-Hotel-Signs.jpg 800w, https:\/\/customacrylicproduct.com\/wp-content\/uploads\/2025\/07\/Custom-Hotel-Signs-300x300.jpg 300w, https:\/\/customacrylicproduct.com\/wp-content\/uploads\/2025\/07\/Custom-Hotel-Signs-150x150.jpg 150w, https:\/\/customacrylicproduct.com\/wp-content\/uploads\/2025\/07\/Custom-Hotel-Signs-768x768.jpg 768w, https:\/\/customacrylicproduct.com\/wp-content\/uploads\/2025\/07\/Custom-Hotel-Signs-12x12.jpg 12w, https:\/\/customacrylicproduct.com\/wp-content\/uploads\/2025\/07\/Custom-Hotel-Signs-600x600.jpg 600w, https:\/\/customacrylicproduct.com\/wp-content\/uploads\/2025\/07\/Custom-Hotel-Signs-100x100.jpg 100w\" sizes=\"(max-width: 800px) 100vw, 800px\" \/><\/a><\/p>\n<h3 id=\"-area-2-the-art-of-style-framework-and-aesthetic-appeal-\"><strong>\u00c1rea 2: A Arte do Estilo - Enquadramento e Apelo Est\u00e9tico\u00a0<\/strong>.<\/h3>\n<p>A nossa filosofia de design est\u00e1 enraizada num visual contempor\u00e2neo e minimalista, em que as linhas organizadas e a estrutura deliberada criam um impacto visual eficaz. Cada indicador \u00e9 uma estrutura cuidadosamente pensada em termos de g\u00e9nero e fun\u00e7\u00e3o.<\/p>\n<p><strong>O tipo retangular tradicional\u00a0<\/strong>. O texto da nossa sinal\u00e9tica \u00e9 um ret\u00e2ngulo intemporal - uma forma intemporal que garante clareza, legibilidade e uma combina\u00e7\u00e3o muito f\u00e1cil com qualquer tipo de estilo arquitet\u00f3nico. As suas propor\u00e7\u00f5es simples e caridosas proporcionam a tela perfeita para a sua marca e informa\u00e7\u00f5es personalizadas.<\/p>\n<p><strong>Desenhos com v\u00e1rias camadas e parti\u00e7\u00f5es\u00a0<\/strong>. Para acrescentar interesse est\u00e9tico e um sentido muito mais profundo de hierarquia, oferecemos layouts avan\u00e7ados com v\u00e1rias camadas e segmentados. Como demonstrado nos nossos exemplos, um indicador pode ser dividido em \u00e1reas \u00fanicas - uma parte superior para o design do log\u00f3tipo da sua marca e uma \u00e1rea inferior com uma faixa atraente. Esta separa\u00e7\u00e3o n\u00e3o s\u00f3 organiza os pormenores, como tamb\u00e9m apresenta uma abundante intera\u00e7\u00e3o de apar\u00eancias e cores, transformando o indicador de uma simples caneta num elemento de estilo composto.<\/p>\n<p><strong>Sofistica\u00e7\u00e3o pr\u00e1tica: Limites e aberturas suspensas\u00a0<\/strong>. A informa\u00e7\u00e3o faz o estilo. Para um toque de luxo cl\u00e1ssico, os letreiros podem ser montados com um limite dourado fino e polido. Este componente solit\u00e1rio aumenta drasticamente a perce\u00e7\u00e3o do valor e da estrutura do item, tornando-o totalmente adequado para ambientes de resorts de luxo.<\/p>\n<p>Para sinais de estado, tais como \u201cN\u00e3o interromper\u201d ou \u201cPor favor, venha \u00e0 sala\u201d, foi desenvolvido um orif\u00edcio de suspens\u00e3o redondo cuidadosamente integrado para funcionalidade. Isto permite que a indica\u00e7\u00e3o seja conveniente e firmemente pendurada em qualquer porta, assegurando que a mensagem \u00e9 mostrada de forma clara e elegante sem problemas.<\/p>\n<p><a href=\"https:\/\/customacrylicproduct.com\/pt\/custom-logo-clear-acrylic-room-signs-hotel-perspex-signage\/\"><img decoding=\"async\" class=\"aligncenter wp-image-772 size-full\" src=\"https:\/\/customacrylicproduct.com\/wp-content\/uploads\/2025\/07\/Custom-Hotel-Signs-3.jpg\" alt=\"Sinais de hotel personalizados\" width=\"800\" height=\"800\" srcset=\"https:\/\/customacrylicproduct.com\/wp-content\/uploads\/2025\/07\/Custom-Hotel-Signs-3.jpg 800w, https:\/\/customacrylicproduct.com\/wp-content\/uploads\/2025\/07\/Custom-Hotel-Signs-3-300x300.jpg 300w, https:\/\/customacrylicproduct.com\/wp-content\/uploads\/2025\/07\/Custom-Hotel-Signs-3-150x150.jpg 150w, https:\/\/customacrylicproduct.com\/wp-content\/uploads\/2025\/07\/Custom-Hotel-Signs-3-768x768.jpg 768w, https:\/\/customacrylicproduct.com\/wp-content\/uploads\/2025\/07\/Custom-Hotel-Signs-3-12x12.jpg 12w, https:\/\/customacrylicproduct.com\/wp-content\/uploads\/2025\/07\/Custom-Hotel-Signs-3-600x600.jpg 600w, https:\/\/customacrylicproduct.com\/wp-content\/uploads\/2025\/07\/Custom-Hotel-Signs-3-100x100.jpg 100w\" sizes=\"(max-width: 800px) 100vw, 800px\" \/><\/a><\/p>\n<h3 id=\"-section-3-the-power-of-identification-unrivaled-personalization-\"><strong>Sec\u00e7\u00e3o 3: O poder da identifica\u00e7\u00e3o - Personaliza\u00e7\u00e3o sem igual\u00a0<\/strong>.<\/h3>\n<p>A palavra \u201cPersonalizado\u201d \u00e9 a base da nossa oferta. Fornecemos uma extensa cole\u00e7\u00e3o de op\u00e7\u00f5es de personaliza\u00e7\u00e3o, encorajando-o a desenvolver uma op\u00e7\u00e3o de sinaliza\u00e7\u00e3o que seja uma verdadeira extens\u00e3o da sua marca.<\/p>\n<p><strong>1. Modifica\u00e7\u00e3o do texto e da informa\u00e7\u00e3o:\u00a0<\/strong>. Este \u00e9 o n\u00edvel mais b\u00e1sico de personaliza\u00e7\u00e3o. Pode definir qualquer tipo de mensagem em qualquer tipo de mistura de l\u00ednguas para se adaptar \u00e0s suas necessidades operacionais:.<\/p>\n<ul>\n<li><strong>N\u00fameros dos quartos:\u00a0<\/strong>\u201c502\u201d, \u201cCole\u00e7\u00e3o 1208\u201d, \u201cCole\u00e7\u00e3o governamental\u201d.<\/li>\n<li><strong>Indicadores de estado:\u00a0<\/strong>\u201cN\u00e3o interromper\u201d, \u201cPor favor, limpe agora\u201d, \u201cSolicita-se solu\u00e7\u00e3o na sala\u201d.<\/li>\n<li><strong>Etiquetas de \u00e1reas \u00fateis:\u00a0<\/strong>\u201cSala de confer\u00eancias\u201d, \u201cSpa\u201d, \u201cRestaurante\u201d, \u201cPessoal\u201d.<\/li>\n<\/ul>\n<p><strong>2. Modifica\u00e7\u00e3o do log\u00f3tipo e do s\u00edmbolo:\u00a0<\/strong>. O seu log\u00f3tipo \u00e9 a sua marca. N\u00f3s fornecemos uma s\u00e9rie de m\u00e9todos de custos para o fazer com precis\u00e3o e impacto:.<\/p>\n<ul>\n<li><strong>Chapa de a\u00e7o Embutido\/Anexo:\u00a0<\/strong>Tal como acontece com o emblema dourado \u201cXinji\u201d, pode ser afixado um log\u00f3tipo met\u00e1lico criado de forma independente na superf\u00edcie acr\u00edlica. Isto cria um impacto tridimensional sensacional com uma estrutura met\u00e1lica aut\u00eantica.<\/li>\n<li><strong>Impress\u00e3o UV de alta resolu\u00e7\u00e3o:\u00a0<\/strong>Para desenhos de log\u00f3tipos complicados e multicoloridos, o nosso processo avan\u00e7ado de impress\u00e3o UV aplica a tinta diretamente no acr\u00edlico, provocando gr\u00e1ficos n\u00edtidos, vibrantes e resistentes.<\/li>\n<li><strong>Precis\u00e3o da inscri\u00e7\u00e3o a laser:\u00a0<\/strong>Para um impacto requintado e sofisticado, o design do seu log\u00f3tipo pode ser gravado a laser no acr\u00edlico, produzindo um aspeto de talhe-doce congelado ou um layout limpo e oco.<\/li>\n<\/ul>\n<p><strong>3. Personaliza\u00e7\u00e3o do n\u00famero da \u00e1rea e do estilo de letra:\u00a0<\/strong>. Os n\u00fameros dos quartos em si s\u00e3o uma possibilidade de design. Podemos cri\u00e1-los utilizando v\u00e1rias t\u00e9cnicas para corresponder ao seu visual preferido:.<\/p>\n<ul>\n<li><strong>Personagens met\u00e1licos 3D:\u00a0<\/strong>Ligados separadamente \u00e0 superf\u00edcie do sinal, estes desenvolvem um aspeto famoso e de alta qualidade com uma verdadeira profundidade e jogo de escurid\u00e3o.<\/li>\n<li><strong>Apartamento Impress\u00e3o met\u00e1lica:\u00a0<\/strong>Uma alternativa econ\u00f3mica mas elegante que utiliza tintas especializadas para reproduzir um acabamento met\u00e1lico.<\/li>\n<li><strong>Gravar e encher:\u00a0<\/strong>Os n\u00fameros s\u00e3o primeiro inscritos diretamente no acr\u00edlico e o recesso \u00e9 depois carregado com um pigmento colorido (por exemplo, ouro, prata, preto) para um resultado n\u00edtido e resistente.<\/li>\n<\/ul>\n<p><strong>4. Modifica\u00e7\u00e3o da sombra, do produto e da decora\u00e7\u00e3o:\u00a0<\/strong>. \u00c9 aqui que pode alinhar totalmente a sinal\u00e9tica com o seu esquema de design de interiores:.<\/p>\n<ul>\n<li><strong>Sombra da placa de base:\u00a0<\/strong>Embora o acr\u00edlico transparente seja comum, podemos obter qualquer tipo de cor hist\u00f3rica pintando o acr\u00edlico por tr\u00e1s ou utilizando um filme colorido. Isto permite uma correspond\u00eancia perfeita com a cor da marca, desde o branco cru at\u00e9 ao preto profundo e inovador.<\/li>\n<li><strong>Design do texto e do log\u00f3tipo Cor:\u00a0<\/strong>Selecione a partir de uma gama completa de cores, composta por impressionantes metais dourados, prateados e bronzes.<\/li>\n<li><strong>Personaliza\u00e7\u00e3o da moldura:\u00a0<\/strong>O rebordo pode ser personalizado em v\u00e1rias cores e revestimentos (dourado, prateado, preto mate, cromado) para combinar com as ferragens e a decora\u00e7\u00e3o da sua porta.<\/li>\n<li><strong>Tiras decorativas:\u00a0<\/strong>O estilo segmentado permite a assimila\u00e7\u00e3o de diferentes materiais e texturas. Inclua uma faixa com um pr\u00e1tico gr\u00e3o de madeira, uma estrutura de couro refinada, um aspeto de a\u00e7o limpo ou um padr\u00e3o de pedra para adicionar calor e sofistica\u00e7\u00e3o.<\/li>\n<\/ul>\n<p><a href=\"https:\/\/customacrylicproduct.com\/pt\/custom-acrylic-signs\/\"><img decoding=\"async\" class=\"aligncenter wp-image-771 size-full\" src=\"https:\/\/customacrylicproduct.com\/wp-content\/uploads\/2025\/07\/Custom-Hotel-Signs-2.jpg\" alt=\"Sinais de hotel personalizados\" width=\"800\" height=\"800\" srcset=\"https:\/\/customacrylicproduct.com\/wp-content\/uploads\/2025\/07\/Custom-Hotel-Signs-2.jpg 800w, https:\/\/customacrylicproduct.com\/wp-content\/uploads\/2025\/07\/Custom-Hotel-Signs-2-300x300.jpg 300w, https:\/\/customacrylicproduct.com\/wp-content\/uploads\/2025\/07\/Custom-Hotel-Signs-2-150x150.jpg 150w, https:\/\/customacrylicproduct.com\/wp-content\/uploads\/2025\/07\/Custom-Hotel-Signs-2-768x768.jpg 768w, https:\/\/customacrylicproduct.com\/wp-content\/uploads\/2025\/07\/Custom-Hotel-Signs-2-12x12.jpg 12w, https:\/\/customacrylicproduct.com\/wp-content\/uploads\/2025\/07\/Custom-Hotel-Signs-2-600x600.jpg 600w, https:\/\/customacrylicproduct.com\/wp-content\/uploads\/2025\/07\/Custom-Hotel-Signs-2-100x100.jpg 100w\" sizes=\"(max-width: 800px) 100vw, 800px\" \/><\/a><\/p>\n<h3 id=\"-section-4-a-testimony-to-craftsmanship-\"><strong>Sec\u00e7\u00e3o 4: Um testemunho do artesanato\u00a0<\/strong>.<\/h3>\n<p>O produto final \u00e9 um reflexo do cuidado meticuloso e da tecnologia avan\u00e7ada utilizada na sua cria\u00e7\u00e3o.<\/p>\n<p><strong>Fabrico de alta precis\u00e3o:\u00a0<\/strong>Quer se trate de impress\u00e3o, inscri\u00e7\u00e3o ou corte, utilizamos maquinaria avan\u00e7ada. Isto garante que todos os textos, log\u00f3tipos e linhas s\u00e3o reproduzidos com uma nitidez e qualidade absolutas, sem desfocagem ou lados duros.<\/p>\n<p><strong>Impactos met\u00e1licos genu\u00ednos e 3D:\u00a0<\/strong>Os nossos elementos dourados n\u00e3o s\u00e3o simplesmente de pl\u00e1stico colorido. S\u00e3o fabricados de forma a obterem um brilho met\u00e1lico real e uma exist\u00eancia tridimensional substancial. Este foco no realismo material \u00e9 o que distingue um indicador premium de um convencional, incluindo uma sensa\u00e7\u00e3o palp\u00e1vel de qualidade superior e de topo de gama.<\/p>\n<p><strong>Acabamento de superf\u00edcie sem falhas:\u00a0<\/strong>Cada pe\u00e7a de acr\u00edlico \u00e9 reduzida com per\u00edcia e as suas arestas s\u00e3o polidas \u00e0 chama para um acabamento liso, semelhante ao vidro, garantindo um produto final sem riscos e visualmente agrad\u00e1vel.<\/p>\n<h3 id=\"-area-5-the-range-of-application-\"><strong>Dom\u00ednio 5: O \u00e2mbito de aplica\u00e7\u00e3o\u00a0<\/strong>.<\/h3>\n<p>Criada a pensar na est\u00e2ncia moderna, a qualidade superior e a versatilidade das nossas <a href=\"https:\/\/customacrylicproduct.com\/pt\/custom-acrylic-signs\/\">sinais acr\u00edlicos feitos por medida<\/a> fazem dele a op\u00e7\u00e3o perfeita para uma grande variedade de ambientes de luxo:.<\/p>\n<ul>\n<li><strong>\u00c1reas de visita do hotel:\u00a0<\/strong>Para reconhecimento do n\u00famero do quarto e ecr\u00e3 de p\u00e9 (\u201dN\u00e3o interromper\u201d).<\/li>\n<li><strong>Resort Locais comuns:\u00a0<\/strong>Para reconhecer \u00e1reas pr\u00e1ticas como salas de reuni\u00f5es, centros de organiza\u00e7\u00e3o, spas de dia e estabelecimentos de restaura\u00e7\u00e3o.<\/li>\n<li><strong>Deluxe Serviced Apartments &amp; Resorts:\u00a0<\/strong>Para manter um visual regular e de qualidade superior em toda a propriedade residencial ou comercial.<\/li>\n<li><strong>Escrit\u00f3rios comerciais:\u00a0<\/strong>Para nomes de salas de reuni\u00f5es, portas de escrit\u00f3rios executivos e sinaliza\u00e7\u00e3o direcional.<\/li>\n<li><strong>Estabelecimentos de sa\u00fade:\u00a0<\/strong>Para enfermarias VIP, cl\u00ednicas pessoais e \u00e1reas de marca\u00e7\u00e3o de consultas onde se pretende um visual especializado e calmante.<\/li>\n<\/ul>\n<h3 id=\"-conclusion-an-apparent-advantage-\"><strong>Conclus\u00e3o: Uma vantagem aparente\u00a0<\/strong>.<\/h3>\n<p>Selecionar os nossos sinais personalizados em pol\u00edmero transparente \u00e9 um investimento financeiro em todas as facetas da visibilidade f\u00edsica da sua marca. Ele fornece:.<\/p>\n<ul>\n<li><strong>Profissionalismo e fiabilidade inigual\u00e1veis:\u00a0<\/strong>Um sistema claro e sofisticado de reconhecimento de espa\u00e7os e condi\u00e7\u00f5es.<\/li>\n<li><strong>Personaliza\u00e7\u00e3o geral:\u00a0<\/strong>Liberty para alinhar completamente a sinal\u00e9tica com a identidade da sua marca e o design de interiores.<\/li>\n<li><strong>Alta qualidade e robustez superiores:\u00a0<\/strong>Constru\u00eddo com produtos de qualidade superior para ter um aspeto excecional durante anos.<\/li>\n<li><strong>Est\u00e9tica topo de gama:\u00a0<\/strong>Um design moderno e avan\u00e7ado que valoriza qualquer espa\u00e7o.<\/li>\n<li><strong>Qualidade excecional:\u00a0<\/strong>Os desenhos de alto contraste garantem que a informa\u00e7\u00e3o \u00e9 muito f\u00e1cil de analisar \u00e0 primeira vista.<\/li>\n<li><strong>Presta\u00e7\u00e3o e utiliza\u00e7\u00e3o simples:\u00a0<\/strong>Os produtos leves e os atributos de layout bem pensados tornam-nos simples de instalar ou pendurar.<\/li>\n<\/ul>\n<p>Ultrapasse os sinais comuns. Deixe-nos ajud\u00e1-lo a criar um servi\u00e7o personalizado que diz muito sobre a sua dedica\u00e7\u00e3o \u00e0 qualidade e \u00e0 informa\u00e7\u00e3o. Entre em contacto com os nossos especialistas em design hoje mesmo para come\u00e7ar a desenvolver a primeira impress\u00e3o ideal, porta a porta.<\/p>","protected":false},"excerpt":{"rendered":"<p>Defina o seu espa\u00e7o com sinal\u00e9tica de log\u00f3tipo personalizada. Fabricados em acr\u00edlico transparente e duradouro (Perspex), estes sinais criam um aspeto \u2018flutuante\u2019 sofisticado para n\u00fameros e nomes de quartos. O derradeiro toque profissional para hot\u00e9is e escrit\u00f3rios modernos.<\/p>","protected":false},"featured_media":769,"template":"","meta":{"_kad_post_transparent":"default","_kad_post_title":"","_kad_post_layout":"default","_kad_post_sidebar_id":"","_kad_post_content_style":"default","_kad_post_vertical_padding":"default","_kad_post_feature":"","_kad_post_feature_position":"","_kad_post_header":false,"_kad_post_footer":false,"_kad_post_classname":""},"product_brand":[],"product_cat":[18],"product_tag":[84,51,85],"class_list":{"0":"post-768","1":"product","2":"type-product","3":"status-publish","4":"has-post-thumbnail","6":"product_cat-custom-acrylic-signs","7":"product_tag-clear-acrylic-signs","8":"product_tag-custom-acrylic-signs","9":"product_tag-custom-hotel-signs","11":"first","12":"instock","13":"shipping-taxable","14":"product-type-simple","15":"entry","16":"content-bg","17":"loop-entry"},"_links":{"self":[{"href":"https:\/\/customacrylicproduct.com\/pt\/wp-json\/wp\/v2\/product\/768","targetHints":{"allow":["GET"]}}],"collection":[{"href":"https:\/\/customacrylicproduct.com\/pt\/wp-json\/wp\/v2\/product"}],"about":[{"href":"https:\/\/customacrylicproduct.com\/pt\/wp-json\/wp\/v2\/types\/product"}],"wp:featuredmedia":[{"embeddable":true,"href":"https:\/\/customacrylicproduct.com\/pt\/wp-json\/wp\/v2\/media\/769"}],"wp:attachment":[{"href":"https:\/\/customacrylicproduct.com\/pt\/wp-json\/wp\/v2\/media?parent=768"}],"wp:term":[{"taxonomy":"product_brand","embeddable":true,"href":"https:\/\/customacrylicproduct.com\/pt\/wp-json\/wp\/v2\/product_brand?post=768"},{"taxonomy":"product_cat","embeddable":true,"href":"https:\/\/customacrylicproduct.com\/pt\/wp-json\/wp\/v2\/product_cat?post=768"},{"taxonomy":"product_tag","embeddable":true,"href":"https:\/\/customacrylicproduct.com\/pt\/wp-json\/wp\/v2\/product_tag?post=768"}],"curies":[{"name":"wp","href":"https:\/\/api.w.org\/{rel}","templated":true}]}}