{"id":776,"date":"2025-07-09T13:34:19","date_gmt":"2025-07-09T13:34:19","guid":{"rendered":"https:\/\/customacrylicproduct.com\/?post_type=product&#038;p=776"},"modified":"2025-07-09T13:41:50","modified_gmt":"2025-07-09T13:41:50","slug":"bespoke-clear-round-acrylic-perspex-coffee-tables-suppliers","status":"publish","type":"product","link":"https:\/\/customacrylicproduct.com\/pt\/bespoke-clear-round-acrylic-perspex-coffee-tables-suppliers\/","title":{"rendered":"Mesas de centro redondas em acr\u00edlico perspex transparente \u00e0 medida Fornecedores"},"content":{"rendered":"<h3 id=\"-the-art-of-invisibility-your-premier-uk-partner-for-bespoke-clear-acrylic-coffee-tables-\"><strong>A Arte da Invisibilidade: O seu principal parceiro para mesas de centro em acr\u00edlico transparente feitas \u00e0 medida <\/strong>.<\/h3>\n<p>No planeta da decora\u00e7\u00e3o de interiores moderna, o luxo supremo muitas vezes n\u00e3o \u00e9 o que se v\u00ea, mas a verdadeira sensa\u00e7\u00e3o que uma divis\u00e3o estimula. \u00c9 a sensa\u00e7\u00e3o de abertura, luz e eleg\u00e2ncia f\u00e1cil. No centro deste princ\u00edpio minimalista est\u00e1 um material que desafia as conven\u00e7\u00f5es: o acr\u00edlico transparente. N\u00e3o somos apenas fornecedores; somos fabricantes especializados e parceiros imaginativos, dedicados a criar eleg\u00e2ncia, <a href=\"https:\/\/customacrylicproduct.com\/pt\/bespoke-clear-round-acrylic-perspex-coffee-tables-suppliers\/\">mesas de centro redondas em acr\u00edlico transparente (Perspex) por medida<\/a> que funcionam como a pe\u00e7a central silenciosa e sensacional de qualquer tipo de interior moderno.<\/p>\n<p>Feitas \u00e0 m\u00e3o com precis\u00e3o nas nossas instala\u00e7\u00f5es de fabrico em East Yorkshire, cada mesa \u00e9 um testemunho do artesanato brit\u00e2nico, da conce\u00e7\u00e3o de vanguarda e de uma compreens\u00e3o profunda das vis\u00f5es \u00fanicas dos nossos clientes. Quer seja um designer de interiores a procurar pe\u00e7as para um projeto residencial de qualidade superior, um comprador industrial a equipar um caf\u00e9 elegante ou uma loja pop-up, ou um comerciante que procura fornecer mobili\u00e1rio exclusivo e de qualidade superior, somos a sua fonte direta de pe\u00e7as que misturam eleg\u00e2ncia angelical com funcionalidade di\u00e1ria.<\/p>\n<p>Isto \u00e9 mais do que um simples m\u00f3vel. Trata-se de arte \u00fatil, feita \u00e0 sua medida.<\/p>\n<h3 id=\"-area-1-the-material-of-the-moment-the-polymer-benefit-\"><strong>\u00c1rea 1: O material do momento - O benef\u00edcio do pol\u00edmero\u00a0<\/strong>.<\/h3>\n<p>A base das nossas mesas de centro \u00e9 a extraordin\u00e1ria qualidade do nosso produto selecionado: chapa acr\u00edlica PMMA nova e de qualidade superior. Escolhemos apenas os melhores materiais para garantir que cada pe\u00e7a que produzimos n\u00e3o s\u00f3 satisfaz como excede os crit\u00e9rios do sector.<\/p>\n<p><strong>Abertura e agilidade excepcionais\u00a0<\/strong>. O nosso acr\u00edlico possui uma passagem de luz superior a 93%, oferecendo uma pureza cristalina, semelhante \u00e0 do vidro, que \u00e9 inigual\u00e1vel. Esta transpar\u00eancia excecional desenvolve um resultado \u201cfantasma\u201d, permitindo que a mesa se integre perfeitamente em qualquer tipo de ambiente. N\u00e3o controla uma divis\u00e3o; eleva-a. Ao permitir que a luz passe e se espelhe nas suas \u00e1reas de superf\u00edcie polida, aumenta a sensa\u00e7\u00e3o de \u00e1rea, fazendo com que mesmo salas de estar mais pequenas ou locais comerciais pare\u00e7am mais abertos, ventilados e extensos.<\/p>\n<p><strong>Robustez e seguran\u00e7a superiores\u00a0<\/strong>. Embora partilhe o apelo visual do vidro, o acr\u00edlico \u00e9 muito superior em termos de efici\u00eancia. \u00c9 naturalmente inquebr\u00e1vel, possuindo uma resist\u00eancia ao impacto significativamente maior. Isto faz das nossas mesas de caf\u00e9 uma sele\u00e7\u00e3o muito mais segura e extra funcional para casas com crian\u00e7as e c\u00e3es de estima\u00e7\u00e3o, para al\u00e9m de salas de neg\u00f3cios com muito movimento. Esta dureza \u00e9 refor\u00e7ada por uma excelente resist\u00eancia \u00e0s condi\u00e7\u00f5es climat\u00e9ricas, assegurando que o produto n\u00e3o amarelece nem se estraga com o tempo, mantendo a sua clareza impec\u00e1vel durante v\u00e1rios anos. Como testemunho da sua qualidade superior, o nosso material pode passar a rigorosa certifica\u00e7\u00e3o SGS para seguran\u00e7a e alta qualidade.<\/p>\n<p><strong>Sanit\u00e1rio e de f\u00e1cil manuten\u00e7\u00e3o\u00a0<\/strong>. A \u00e1rea de superf\u00edcie n\u00e3o porosa do acr\u00edlico \u00e9 incrivelmente higi\u00e9nica e f\u00e1cil de arrumar - um atributo crucial tanto para as instala\u00e7\u00f5es dom\u00e9sticas como para as de amigos. Os derrames, as impress\u00f5es digitais e o p\u00f3 podem ser limpos com um tecido macio e sab\u00e3o ligeiro, deixando uma superf\u00edcie bonita e sem riscos. Ao contr\u00e1rio da madeira, n\u00e3o mancha nem absorve a humidade e, ao contr\u00e1rio de alguns metais, nunca enferruja ou mancha.<\/p>\n<p><a href=\"https:\/\/customacrylicproduct.com\/pt\/bespoke-clear-round-acrylic-perspex-coffee-tables-suppliers\/\"><img fetchpriority=\"high\" decoding=\"async\" class=\"alignnone wp-image-779 size-full\" src=\"https:\/\/customacrylicproduct.com\/wp-content\/uploads\/2025\/07\/Acrylic-Coffee-Tables-4.jpg\" alt=\"Mesas de centro em acr\u00edlico\" width=\"1000\" height=\"1000\" srcset=\"https:\/\/customacrylicproduct.com\/wp-content\/uploads\/2025\/07\/Acrylic-Coffee-Tables-4.jpg 1000w, https:\/\/customacrylicproduct.com\/wp-content\/uploads\/2025\/07\/Acrylic-Coffee-Tables-4-300x300.jpg 300w, https:\/\/customacrylicproduct.com\/wp-content\/uploads\/2025\/07\/Acrylic-Coffee-Tables-4-150x150.jpg 150w, https:\/\/customacrylicproduct.com\/wp-content\/uploads\/2025\/07\/Acrylic-Coffee-Tables-4-768x768.jpg 768w, https:\/\/customacrylicproduct.com\/wp-content\/uploads\/2025\/07\/Acrylic-Coffee-Tables-4-12x12.jpg 12w, https:\/\/customacrylicproduct.com\/wp-content\/uploads\/2025\/07\/Acrylic-Coffee-Tables-4-600x600.jpg 600w, https:\/\/customacrylicproduct.com\/wp-content\/uploads\/2025\/07\/Acrylic-Coffee-Tables-4-100x100.jpg 100w\" sizes=\"(max-width: 1000px) 100vw, 1000px\" \/><\/a><\/p>\n<h3 id=\"-area-2-the-workmanship-behind-the-clarity-our-core-modern-technology-and-quality-control-\"><strong>\u00c1rea 2: O trabalho por detr\u00e1s da claridade - A nossa tecnologia moderna e o controlo de qualidade\u00a0<\/strong>.<\/h3>\n<p>Um excelente produto final nasce de um processo de precis\u00e3o absoluta e de uma t\u00e9cnica magistral. Nas nossas instala\u00e7\u00f5es de fabrico em East Yorkshire, incorporamos capacidades de acabamento manual consagradas pelo tempo com tecnologia moderna de ponta para atingir um n\u00edvel de elevada qualidade que \u00e9 concreto.<\/p>\n<p><strong>Corte a laser de precis\u00e3o\u00a0<\/strong>. Cada pe\u00e7a das nossas mesas come\u00e7a com um corte perfeito. Utilizamos a tecnologia moderna e avan\u00e7ada de corte a laser que garante uma resist\u00eancia \u00e0 precis\u00e3o de \u2264 0,3 mm. Esta precis\u00e3o surpreendente garante que todas as pe\u00e7as se encaixam perfeitamente, desenvolvendo linhas limpas e contornos excelentes, que s\u00e3o as carater\u00edsticas do design minimalista de alta qualidade.<\/p>\n<p><strong>Inova\u00e7\u00e3o na colagem sem costuras\u00a0<\/strong>. Entre os melhores desafios no fabrico de acr\u00edlico est\u00e1 a obten\u00e7\u00e3o de juntas indetect\u00e1veis. Os nossos profissionais especializados empregam um processo de liga\u00e7\u00e3o especializado e sem tra\u00e7os que liga quimicamente itens de acr\u00edlico entre si. Isto resulta em juntas que n\u00e3o s\u00f3 s\u00e3o excecionalmente fortes, como tamb\u00e9m s\u00e3o opticamente claras, desenvolvendo a ilus\u00e3o de um tipo solit\u00e1rio e monol\u00edtico. A superf\u00edcie do tampo da mesa \u00e9 garantidamente nivelada e lisa, sem quaisquer linhas percept\u00edveis que interrompam a sua est\u00e9tica suave.<\/p>\n<p><strong>\u00c1rea de superf\u00edcie e terapia lateral requintadas\u00a0<\/strong>. A sensa\u00e7\u00e3o de uma pe\u00e7a de mobili\u00e1rio \u00e9 t\u00e3o crucial como a sua apar\u00eancia. Oferecemos 2 revestimentos de superf\u00edcie fundamentais:.<\/p>\n<ul>\n<li><strong>Polimento de alto brilho:\u00a0<\/strong>O nosso revestimento convencional, em que toda a mesa \u00e9 cuidadosamente polida \u00e0 m\u00e3o para obter um brilho deslumbrante e l\u00edquido que reflecte maravilhosamente a luz.<\/li>\n<li><strong>Efeito mate\/fosco:\u00a0<\/strong>Para um aspeto mais suave e extra difuso que reduz o brilho e as impress\u00f5es digitais, podemos utilizar um acabamento congelado avan\u00e7ado.<\/li>\n<\/ul>\n<p>Al\u00e9m disso, prestamos muita aten\u00e7\u00e3o aos rebordos, utilizando uma t\u00e9cnica de chanfragem que chanfra um pouco o lado. Isto n\u00e3o s\u00f3 melhora o estilo, como tamb\u00e9m torna a mesa mais suave ao toque e mais imune a fissuras, garantindo seguran\u00e7a e durabilidade. Cada mesa \u00e9 fabricada a partir de um importante\u00a0<strong>Acr\u00edlico de qualidade superior de 12 mm\u00a0<\/strong>de s\u00e9rie, o que lhe confere um peso visual agrad\u00e1vel e uma sensa\u00e7\u00e3o de durabilidade.<\/p>\n<p><a href=\"https:\/\/customacrylicproduct.com\/pt\/bespoke-clear-round-acrylic-perspex-coffee-tables-suppliers\/\"><img decoding=\"async\" class=\"aligncenter wp-image-778 size-full\" src=\"https:\/\/customacrylicproduct.com\/wp-content\/uploads\/2025\/07\/Acrylic-Coffee-Tables-2.jpg\" alt=\"Mesas de centro em acr\u00edlico\" width=\"1000\" height=\"1000\" srcset=\"https:\/\/customacrylicproduct.com\/wp-content\/uploads\/2025\/07\/Acrylic-Coffee-Tables-2.jpg 1000w, https:\/\/customacrylicproduct.com\/wp-content\/uploads\/2025\/07\/Acrylic-Coffee-Tables-2-300x300.jpg 300w, https:\/\/customacrylicproduct.com\/wp-content\/uploads\/2025\/07\/Acrylic-Coffee-Tables-2-150x150.jpg 150w, https:\/\/customacrylicproduct.com\/wp-content\/uploads\/2025\/07\/Acrylic-Coffee-Tables-2-768x768.jpg 768w, https:\/\/customacrylicproduct.com\/wp-content\/uploads\/2025\/07\/Acrylic-Coffee-Tables-2-12x12.jpg 12w, https:\/\/customacrylicproduct.com\/wp-content\/uploads\/2025\/07\/Acrylic-Coffee-Tables-2-600x600.jpg 600w, https:\/\/customacrylicproduct.com\/wp-content\/uploads\/2025\/07\/Acrylic-Coffee-Tables-2-100x100.jpg 100w\" sizes=\"(max-width: 1000px) 100vw, 1000px\" \/><\/a><\/p>\n<h3 id=\"-area-3-your-vision-understood-our-bespoke-personalization-process-and-service-\"><strong>\u00c1rea 3: A sua vis\u00e3o, compreendida - O nosso processo e servi\u00e7o de personaliza\u00e7\u00e3o \u00e0 medida\u00a0<\/strong>.<\/h3>\n<p>\u201d Bespoke\u201d \u00e9 o n\u00facleo da nossa filosofia de servi\u00e7o. Acreditamos que o mobili\u00e1rio deve adaptar-se ao espa\u00e7o e n\u00e3o o contr\u00e1rio. O nosso processo conjunto foi desenvolvido para ser transparente, flex\u00edvel e centrado em dar vida ao seu conceito \u00fanico.<\/p>\n<p><strong>Adaptabilidade de design inigual\u00e1vel\u00a0<\/strong>. Trabalhamos em coopera\u00e7\u00e3o e podemos trabalhar a partir das suas ilustra\u00e7\u00f5es t\u00e9cnicas, esbo\u00e7os e at\u00e9 imagens inspiradoras. As nossas capacidades de personaliza\u00e7\u00e3o s\u00e3o consider\u00e1veis:.<\/p>\n<ul>\n<li><strong>Tamanho:\u00a0<\/strong>Podemos desenvolver mesas em qualquer tipo de tamanho, sendo a nossa gama mais popular a partir de\u00a0<strong>60cm a 135cm\u00a0<\/strong>.<\/li>\n<li><strong>Espessura:\u00a0<\/strong>Escolha entre uma gama de densidades de acr\u00edlico, normalmente de\u00a0<strong>6 mm para pe\u00e7as mais leves at\u00e9 um valor significativo de 20 mm ou mais\u00a0<\/strong>para uma afirma\u00e7\u00e3o vibrante.<\/li>\n<li><strong>Suporte e base:\u00a0<\/strong>Embora uma mesa em acr\u00edlico puro seja magn\u00edfica, podemos integrar outros materiais para combinar com o seu esquema de estilo. Isto consiste em bases e pernas fabricadas em\u00a0<strong>a\u00e7o inoxid\u00e1vel escovado, cromado polido ou a\u00e7os opulentos banhados a ouro\u00a0<\/strong>.<\/li>\n<li><strong>Projeto de arquitetura:\u00a0<\/strong>Podemos criar a sua mesa com um desempenho melhorado, tal como um\u00a0<strong>estilo de camada dupla\u00a0<\/strong>para armazenamento, um\u00a0<strong>configura\u00e7\u00e3o amov\u00edvel\u00a0<\/strong>para uma entrega e instala\u00e7\u00e3o menos complicadas, ou mesmo inovadoras\u00a0<strong>estilos dobr\u00e1veis\u00a0<\/strong>para \u00e1reas vers\u00e1teis.<\/li>\n<\/ul>\n<p><strong>Uma colabora\u00e7\u00e3o clara e fi\u00e1vel\u00a0<\/strong>. Simplific\u00e1mos o nosso procedimento para garantir uma experi\u00eancia tranquila e previs\u00edvel para os nossos clientes:.<\/p>\n<ol>\n<li><strong>Exame e cota\u00e7\u00e3o de pre\u00e7os:\u00a0<\/strong>Partilhe connosco o seu esquema. Dar-lhe-emos um or\u00e7amento detalhado e um aconselhamento profissional.<\/li>\n<li><strong>Prova\/Prototipagem:\u00a0<\/strong>Para desenhos novos ou complexos, oferecemos um servi\u00e7o de prova. Um prot\u00f3tipo pode ser criado em apenas\u00a0<strong>3-7 dias,<\/strong>\u00a0que \u00e9 totalmente dedut\u00edvel do seguro da \u00faltima despesa de uma encomenda em massa. Isto permite-lhe ver e aceitar o artigo f\u00edsico antes de se comprometer com uma produ\u00e7\u00e3o completa.<\/li>\n<li><strong>Produ\u00e7\u00e3o:\u00a0<\/strong>Uma vez aceite o projeto, a produ\u00e7\u00e3o em massa demora entre\u00a0<strong>10-30 dias\u00a0<\/strong>, em fun\u00e7\u00e3o da complexidade e da quantidade da encomenda.<\/li>\n<li><strong>Liquida\u00e7\u00e3o e expedi\u00e7\u00e3o:\u00a0<\/strong>A nossa conce\u00e7\u00e3o convencional de participa\u00e7\u00e3o \u00e9 uma\u00a0<strong>Dep\u00f3sito 30%\u00a0<\/strong>para iniciar a produ\u00e7\u00e3o, com os restantes\u00a0<strong>70% d\u00edvida antes da expedi\u00e7\u00e3o\u00a0<\/strong>. Apoiamos e aceitamos de bom grado o exame dos produtos acabados na nossa f\u00e1brica antes do acordo final ser efectuado, assegurando uma total autoconfian\u00e7a e satisfa\u00e7\u00e3o.<\/li>\n<\/ol>\n<h3 id=\"-area-4-a-style-for-every-story-application-scenarios-and-market-positioning-\"><strong>\u00c1rea 4: Um estilo para cada hist\u00f3ria - Cen\u00e1rios de aplica\u00e7\u00e3o e posicionamento no mercado\u00a0<\/strong>.<\/h3>\n<p>O apelo de um <a href=\"https:\/\/customacrylicproduct.com\/pt\/custom-acrylic-furnitures\/\">mesa de centro em acr\u00edlico transparente<\/a> reside na sua incr\u00edvel flexibilidade. \u00c9 um camale\u00e3o estil\u00edstico, capaz de proteger uma divis\u00e3o ou de se misturar na hist\u00f3ria, complementando uma grande variedade de apar\u00eancias e ambientes.<\/p>\n<p><strong>Adapta\u00e7\u00e3o \u00e0 situa\u00e7\u00e3o:\u00a0<\/strong>.<\/p>\n<ul>\n<li><strong>Espa\u00e7os de habita\u00e7\u00e3o:\u00a0<\/strong>A excelente op\u00e7\u00e3o para manter uma sensa\u00e7\u00e3o de visibilidade. Combina magnificamente com sof\u00e1s de pel\u00facia e tapetes vivos, permitindo que esses componentes funcionais irradiem.<\/li>\n<li><strong>Caf\u00e9s e lojas de hotelaria:\u00a0<\/strong>A sua durabilidade e facilidade de limpeza tornam-no \u00f3timo para uso profissional. D\u00e1 um toque de tend\u00eancia contempor\u00e2nea sem sobrecarregar esteticamente o espa\u00e7o.<\/li>\n<li><strong>Estudos e escrit\u00f3rio:\u00a0<\/strong>Proporciona uma superf\u00edcie \u00fatil sem incluir peso est\u00e9tico, promovendo um ambiente limpo e concentrado.<\/li>\n<li><strong>Espa\u00e7os comerciais e de retalho:\u00a0<\/strong>Uma escolha fant\u00e1stica para casas de fam\u00edlia, lojas pop-up e showrooms onde se pretende um aspeto avan\u00e7ado, moderno e organizado.<\/li>\n<\/ul>\n<p><strong>Estilos em voga:\u00a0<\/strong>. As nossas mesas est\u00e3o na vanguarda das modas do design contempor\u00e2neo:.<\/p>\n<ul>\n<li><strong>Simplifica\u00e7\u00e3o moderna e design n\u00f3rdico:\u00a0<\/strong>As linhas simples e a natureza clara s\u00e3o o ep\u00edtome do estilo minimalista e escandinavo.<\/li>\n<li><strong>\u201d Desenho \u201dInstagram Star\":\u00a0<\/strong>A combina\u00e7\u00e3o de acr\u00edlico transparente com um elegante\u00a0<strong>base dourada ou met\u00e1lica\u00a0<\/strong>\u00e9 uma tend\u00eancia amplamente proeminente, desenvolvendo uma sensa\u00e7\u00e3o instant\u00e2nea de prest\u00edgio e de alta qualidade que \u00e9 esteticamente marcante e altamente fotog\u00e9nica.<\/li>\n<\/ul>\n<p>Ao fornecer uma pe\u00e7a que \u00e9 simultaneamente uma tradi\u00e7\u00e3o sem idade e uma tend\u00eancia perfeita, colocamos as nossas mesas como um investimento sensato, elegante e sustent\u00e1vel para qualquer tipo de trabalho de disposi\u00e7\u00e3o.<\/p>\n<p><a href=\"https:\/\/customacrylicproduct.com\/pt\/bespoke-clear-round-acrylic-perspex-coffee-tables-suppliers\/\"><img decoding=\"async\" class=\"aligncenter wp-image-777 size-full\" src=\"https:\/\/customacrylicproduct.com\/wp-content\/uploads\/2025\/07\/Acrylic-Coffee-Tables-1.jpg\" alt=\"Mesas de centro em acr\u00edlico\" width=\"1000\" height=\"1000\" srcset=\"https:\/\/customacrylicproduct.com\/wp-content\/uploads\/2025\/07\/Acrylic-Coffee-Tables-1.jpg 1000w, https:\/\/customacrylicproduct.com\/wp-content\/uploads\/2025\/07\/Acrylic-Coffee-Tables-1-300x300.jpg 300w, https:\/\/customacrylicproduct.com\/wp-content\/uploads\/2025\/07\/Acrylic-Coffee-Tables-1-150x150.jpg 150w, https:\/\/customacrylicproduct.com\/wp-content\/uploads\/2025\/07\/Acrylic-Coffee-Tables-1-768x768.jpg 768w, https:\/\/customacrylicproduct.com\/wp-content\/uploads\/2025\/07\/Acrylic-Coffee-Tables-1-12x12.jpg 12w, https:\/\/customacrylicproduct.com\/wp-content\/uploads\/2025\/07\/Acrylic-Coffee-Tables-1-600x600.jpg 600w, https:\/\/customacrylicproduct.com\/wp-content\/uploads\/2025\/07\/Acrylic-Coffee-Tables-1-100x100.jpg 100w\" sizes=\"(max-width: 1000px) 100vw, 1000px\" \/><\/a><\/p>\n<h3 id=\"-conclusion-companion-with-the-uk-s-polymer-specialists-\"><strong>Conclus\u00e3o: Acompanhamento de um especialista em pol\u00edmeros <\/strong>.<\/h3>\n<p>Quando escolhe negociar connosco, est\u00e1 a selecionar mais do que um simples fornecedor. Est\u00e1 a escolher um companheiro de fabrico dedicado \u00e0 qualidade, versatilidade e satisfa\u00e7\u00e3o total do cliente. Est\u00e1 a selecionar um produto artesanal, fabricado com tratamento e precis\u00e3o na nossa pr\u00f3pria f\u00e1brica. Est\u00e1 a selecionar a seguran\u00e7a e a robustez do acr\u00edlico inquebr\u00e1vel, a eleg\u00e2ncia de uma disposi\u00e7\u00e3o impec\u00e1vel e a possibilidade infinita de modifica\u00e7\u00e3o \u00e0 medida.<\/p>\n<p>Deixe-nos ajud\u00e1-lo a criar espa\u00e7os mais leves, mais luminosos e mais bonitos. Entre em contacto com o nosso grupo de layout e vendas hoje mesmo para discutir o seu projeto, solicitar um exemplo ou obter um or\u00e7amento sem compromisso. Vamos produzir algo fenomenal juntos.<\/p>","protected":false},"excerpt":{"rendered":"<p>Como fornecedores especializados, criamos mesas de centro redondas em acr\u00edlico transparente feitas \u00e0 medida, que servem como pe\u00e7as centrais minimalistas deslumbrantes. Fa\u00e7a uma parceria connosco para criar mobili\u00e1rio Perspex de tamanho personalizado, proporcionando uma est\u00e9tica moderna e impec\u00e1vel aos seus projectos de interiores de alta qualidade.<\/p>","protected":false},"featured_media":780,"template":"","meta":{"_kad_post_transparent":"default","_kad_post_title":"","_kad_post_layout":"default","_kad_post_sidebar_id":"","_kad_post_content_style":"default","_kad_post_vertical_padding":"default","_kad_post_feature":"","_kad_post_feature_position":"","_kad_post_header":false,"_kad_post_footer":false,"_kad_post_classname":""},"product_brand":[],"product_cat":[21],"product_tag":[86,69],"class_list":{"0":"post-776","1":"product","2":"type-product","3":"status-publish","4":"has-post-thumbnail","6":"product_cat-custom-acrylic-furnitures","7":"product_tag-acrylic-coffee-tables","8":"product_tag-custom-acrylic-furnitures","10":"first","11":"instock","12":"shipping-taxable","13":"product-type-simple","14":"entry","15":"content-bg","16":"loop-entry"},"_links":{"self":[{"href":"https:\/\/customacrylicproduct.com\/pt\/wp-json\/wp\/v2\/product\/776","targetHints":{"allow":["GET"]}}],"collection":[{"href":"https:\/\/customacrylicproduct.com\/pt\/wp-json\/wp\/v2\/product"}],"about":[{"href":"https:\/\/customacrylicproduct.com\/pt\/wp-json\/wp\/v2\/types\/product"}],"wp:featuredmedia":[{"embeddable":true,"href":"https:\/\/customacrylicproduct.com\/pt\/wp-json\/wp\/v2\/media\/780"}],"wp:attachment":[{"href":"https:\/\/customacrylicproduct.com\/pt\/wp-json\/wp\/v2\/media?parent=776"}],"wp:term":[{"taxonomy":"product_brand","embeddable":true,"href":"https:\/\/customacrylicproduct.com\/pt\/wp-json\/wp\/v2\/product_brand?post=776"},{"taxonomy":"product_cat","embeddable":true,"href":"https:\/\/customacrylicproduct.com\/pt\/wp-json\/wp\/v2\/product_cat?post=776"},{"taxonomy":"product_tag","embeddable":true,"href":"https:\/\/customacrylicproduct.com\/pt\/wp-json\/wp\/v2\/product_tag?post=776"}],"curies":[{"name":"wp","href":"https:\/\/api.w.org\/{rel}","templated":true}]}}