{"id":916,"date":"2025-07-11T13:24:04","date_gmt":"2025-07-11T13:24:04","guid":{"rendered":"https:\/\/customacrylicproduct.com\/?post_type=product&#038;p=916"},"modified":"2025-07-11T13:45:21","modified_gmt":"2025-07-11T13:45:21","slug":"personalized-clear-acrylic-classroom-office-door-signs","status":"publish","type":"product","link":"https:\/\/customacrylicproduct.com\/pt\/personalized-clear-acrylic-classroom-office-door-signs\/","title":{"rendered":"Sinais de porta de escrit\u00f3rio personalizados em acr\u00edlico transparente para salas de aula"},"content":{"rendered":"<h3 id=\"-transform-your-space-an-introduction-to-personalized-clear-acrylic-door-indications-\"><strong>Transforme o seu espa\u00e7o: Uma introdu\u00e7\u00e3o \u00e0s indica\u00e7\u00f5es personalizadas para portas em acr\u00edlico transparente\u00a0<\/strong>.<\/h3>\n<p>Em qualquer tipo de ambiente especializado ou acad\u00e9mico, a primeira impress\u00e3o \u00e9 vital. Estabelece o tom, liga um crit\u00e9rio de alta qualidade e d\u00e1 uma vis\u00e3o geral dos visitantes do s\u00edtio com qualidade e confian\u00e7a. Uma indica\u00e7\u00e3o de porta f\u00e1cil \u00e9 frequentemente o primeiro fator de contacto f\u00edsico que uma pessoa tem com a sua \u00e1rea, quer seja um estagi\u00e1rio a descobrir a sua turma, um cliente a situar um escrit\u00f3rio ou um paciente a navegar numa cl\u00ednica. As nossas indica\u00e7\u00f5es de porta em pol\u00edmero transparente individualizadas s\u00e3o cuidadosamente concebidas para garantir que esta primeira impress\u00e3o seja apenas uma de sofistica\u00e7\u00e3o contempor\u00e2nea, excelente profissionalismo e fiabilidade, e identidade personalizada.<\/p>\n<p>Estas canetas n\u00e3o s\u00e3o simplesmente canetas; s\u00e3o afirma\u00e7\u00f5es. Combinam uma funcionalidade impec\u00e1vel com uma est\u00e9tica avan\u00e7ada, proporcionando um servi\u00e7o flex\u00edvel que melhora qualquer tipo de design. Ao ultrapassar a sinal\u00e9tica convencional e sem imagina\u00e7\u00e3o, pode aumentar instantaneamente a qualidade superior e a organiza\u00e7\u00e3o do seu ambiente. Esta introdu\u00e7\u00e3o abrangente descobre as seis colunas principais que fazem da nossa sinal\u00e9tica em acr\u00edlico transparente a escolha excecional para salas de aula, escrit\u00f3rios e outros espa\u00e7os: as suas extraordin\u00e1rias carater\u00edsticas materiais, o sofisticado processo de produ\u00e7\u00e3o, a infinita capacidade de estilo, os requisitos flex\u00edveis, a instala\u00e7\u00e3o descomplicada e a extensa aplicabilidade.<\/p>\n<h3 id=\"-1-the-heart-of-radiance-unboxing-the-product-characteristics-\"><strong>1. O Cora\u00e7\u00e3o de Radiance: Desembalar as carater\u00edsticas do produto\u00a0<\/strong>.<\/h3>\n<p>No centro de cada sinal extraordin\u00e1rio est\u00e1 um material excecional. Os nossos <a href=\"https:\/\/customacrylicproduct.com\/pt\/custom-acrylic-signs\/\">sinais ac\u00edclicos<\/a> s\u00e3o fabricados em acr\u00edlico transparente de alta qualidade, um material que ganhou verdadeiramente o nome de <strong>\u201dcristal de pl\u00e1stico\u201d.\u201d\u00a0<\/strong>Este nome n\u00e3o \u00e9 apenas um termo de marketing; refere-se \u00e0s excepcionais propriedades est\u00e9ticas e f\u00edsicas residenciais do produto que o distinguem do pl\u00e1stico normal ou do vidro vulner\u00e1vel.<\/p>\n<p><strong>Claridade incompar\u00e1vel e comunica\u00e7\u00e3o luminosa:\u00a0<\/strong>Uma das carater\u00edsticas mais marcantes do nosso pol\u00edmero \u00e9 a sua incr\u00edvel transmiss\u00e3o de luz, que chega a\u00a0<strong>93%\u00a0<\/strong>. \u00c9 tamb\u00e9m superior a muitos tipos de vidro, permitindo a passagem da luz com uma distor\u00e7\u00e3o marginal. O resultado \u00e9 um indicador que parece realmente brilhante, ventilado e extraordinariamente claro. Interage muito bem com a luz ambiente, quer seja de um corredor iluminado pelo sol ou da ilumina\u00e7\u00e3o do escrit\u00f3rio, desenvolvendo um brilho suave e uniforme que faz com que a mensagem impressa e os gr\u00e1ficos apare\u00e7am n\u00edtidos e vivos. Este impacto de \u201cluz suave\u201d evita o brilho extremo, garantindo a legibilidade a partir de v\u00e1rios \u00e2ngulos.<\/p>\n<p><strong>Influ\u00eancia visual e acabamento impec\u00e1vel:\u00a0<\/strong>A superf\u00edcie do pol\u00edmero \u00e9 completamente lisa e n\u00e3o porosa, proporcionando uma tela perfeita para a impress\u00e3o de alta resolu\u00e7\u00e3o. As cores s\u00e3o ricas e realistas, criando uma influ\u00eancia est\u00e9tica s\u00f3lida que capta a aten\u00e7\u00e3o. Quer opte por um layout minimalista com uma mensagem f\u00e1cil a preto ou por um log\u00f3tipo a cores, a base acr\u00edlica melhora o seu aspeto, oferecendo-lhe uma profundidade e vibra\u00e7\u00e3o que outros materiais n\u00e3o conseguem reproduzir.<\/p>\n<p><strong>Resili\u00eancia superior e seguran\u00e7a e prote\u00e7\u00e3o:\u00a0<\/strong>Embora tenha a beleza do vidro, o acr\u00edlico possui uma imensa resist\u00eancia. Tem uma resist\u00eancia ao impacto que \u00e9\u00a0<strong>200 vezes superior \u00e0 do vidro comum\u00a0<\/strong>, tornando-o essencialmente \u00e0 prova de estilha\u00e7os. Esta \u00e9 uma fun\u00e7\u00e3o vital de prote\u00e7\u00e3o e seguran\u00e7a, especificamente em locais de elevado tr\u00e1fego como escolas, escrit\u00f3rios movimentados e centros p\u00fablicos. Os choques involunt\u00e1rios de carrinhos, mochilas ou mobili\u00e1rio m\u00f3vel n\u00e3o causar\u00e3o certamente estilha\u00e7os inseguros de material danificado.<\/p>\n<p><strong>Clima e resist\u00eancia ecol\u00f3gica:\u00a0<\/strong>As nossas indica\u00e7\u00f5es em acr\u00edlico s\u00e3o constru\u00eddas para durar. Cada painel \u00e9 concebido com uma excelente resist\u00eancia \u00e0s intemp\u00e9ries e integra um elevado foco de absorventes de ultravioleta (UV). Esta elevada qualidade de prote\u00e7\u00e3o garante que a indica\u00e7\u00e3o n\u00e3o amarelece nem se torna quebradi\u00e7a quando exposta \u00e0 luz solar ao longo do tempo e que as cores impressas n\u00e3o se desvanecem. Al\u00e9m disso, o material \u00e9 incrivelmente est\u00e1vel, com um n\u00edvel de temperatura de deforma\u00e7\u00e3o t\u00e9rmica de\u00a0<strong>\u2265 78 \u00b0 C (172 \u00b0 F)\u00a0<\/strong>, O pol\u00edmero tem propriedades auto-extingu\u00edveis e n\u00e3o se auto-inflama, o que o torna uma escolha segura que cumpre as diretrizes de constru\u00e7\u00e3o. Para maior tranquilidade, o pol\u00edmero tem propriedades auto-extingu\u00edveis e n\u00e3o se auto-inflama, tornando-o uma sele\u00e7\u00e3o segura que cumpre as diretrizes de constru\u00e7\u00e3o.<\/p>\n<p><a href=\"https:\/\/customacrylicproduct.com\/pt\/personalized-clear-acrylic-classroom-office-door-signs\/\"><img fetchpriority=\"high\" decoding=\"async\" class=\"aligncenter wp-image-919 size-full\" src=\"https:\/\/customacrylicproduct.com\/wp-content\/uploads\/2025\/07\/Acrylic-School-Signs-3.jpg\" alt=\"Sinais escolares em acr\u00edlico\" width=\"800\" height=\"800\" srcset=\"https:\/\/customacrylicproduct.com\/wp-content\/uploads\/2025\/07\/Acrylic-School-Signs-3.jpg 800w, https:\/\/customacrylicproduct.com\/wp-content\/uploads\/2025\/07\/Acrylic-School-Signs-3-300x300.jpg 300w, https:\/\/customacrylicproduct.com\/wp-content\/uploads\/2025\/07\/Acrylic-School-Signs-3-150x150.jpg 150w, https:\/\/customacrylicproduct.com\/wp-content\/uploads\/2025\/07\/Acrylic-School-Signs-3-768x768.jpg 768w, https:\/\/customacrylicproduct.com\/wp-content\/uploads\/2025\/07\/Acrylic-School-Signs-3-12x12.jpg 12w, https:\/\/customacrylicproduct.com\/wp-content\/uploads\/2025\/07\/Acrylic-School-Signs-3-600x600.jpg 600w, https:\/\/customacrylicproduct.com\/wp-content\/uploads\/2025\/07\/Acrylic-School-Signs-3-100x100.jpg 100w\" sizes=\"(max-width: 800px) 100vw, 800px\" \/><\/a><\/p>\n<h3 id=\"-2-the-art-of-production-our-advanced-manufacturing-refine-\"><strong>2. A arte da produ\u00e7\u00e3o: O nosso fabrico avan\u00e7ado refina\u00a0<\/strong>.<\/h3>\n<p>Um material de qualidade superior tem direito a um processo de produ\u00e7\u00e3o avan\u00e7ado. Integramos tecnologia de ponta com um trabalho meticuloso para transformar uma folha de acr\u00edlico b\u00e1sica numa obra de arte personalizada. As nossas principais t\u00e9cnicas s\u00e3o a impress\u00e3o UV plana e a grava\u00e7\u00e3o a laser de precis\u00e3o, que podem ser utilizadas separadamente ou em conjunto para obter o aspeto pretendido.<\/p>\n<p><strong>Tecnologia de impress\u00e3o UV de cama plana:\u00a0<\/strong>Este \u00e9 o melhor requisito para imprimir diretamente em substratos r\u00edgidos como o acr\u00edlico. Ao contr\u00e1rio dos m\u00e9todos em que \u00e9 utilizado um autocolante, as nossas impressoras UV utilizam a tinta diretamente na superf\u00edcie. \u00c0 medida que a tinta \u00e9 transferida, \u00e9 instantaneamente curada e ligada ao acr\u00edlico por luzes ultravioleta eficazes. Este procedimento cria um acabamento duradouro e indel\u00e9vel que \u00e9 resistente \u00e0 raspagem, \u00e0 humidade e ao desvanecimento. Permite:.<\/p>\n<ul>\n<li><strong>Detalhe fotorrealista:\u00a0<\/strong>Podemos recriar desenhos de log\u00f3tipos intrincados, padr\u00f5es intrincados e fotografias de alta resolu\u00e7\u00e3o com uma nitidez magn\u00edfica.<\/li>\n<li><strong>Estilos de cores vivas e opacas:\u00a0<\/strong>A impress\u00e3o UV permite a publica\u00e7\u00e3o de uma camada de tinta branca por detr\u00e1s das cores, fazendo-as sobressair com uma vibra\u00e7\u00e3o inacredit\u00e1vel, tamb\u00e9m numa hist\u00f3ria clara.<\/li>\n<li><strong>Texto n\u00edtido e leg\u00edvel:\u00a0<\/strong>Todas as letras e n\u00fameros s\u00e3o reproduzidos com uma precis\u00e3o lancinante, garantindo que o seu letreiro \u00e9 f\u00e1cil de verificar.<\/li>\n<\/ul>\n<p><strong>Grava\u00e7\u00e3o a laser de precis\u00e3o:\u00a0<\/strong>Para um efeito muito mais t\u00e1til e inovador, utilizamos a inscri\u00e7\u00e3o a laser. Um feixe de laser altamente focado grava o seu estilo diretamente no acr\u00edlico, desenvolvendo uma apar\u00eancia tridimensional e fosca. Esta estrat\u00e9gia \u00e9 ideal para:.<\/p>\n<ul>\n<li><strong>Eleg\u00e2ncia refinada:\u00a0<\/strong>Os designs de mensagens ou log\u00f3tipos gravados oferecem uma est\u00e9tica \u00fanica e melhorada que se diverte com a luz e a escurid\u00e3o.<\/li>\n<li><strong>Acrescentar profundidade:\u00a0<\/strong>Ao gravar no verso da placa, o esquema parece flutuar no interior do acr\u00edlico, acrescentando uma fascinante camada de profundidade.<\/li>\n<li><strong>Padr\u00f5es intrincados:\u00a0<\/strong>O laser pode produzir linhas incrivelmente finas e padr\u00f5es geom\u00e9tricos complicados, oferecendo um n\u00edvel de informa\u00e7\u00e3o que \u00e9 dif\u00edcil de obter apenas com a impress\u00e3o.<\/li>\n<\/ul>\n<p>Ao incorporar estas duas estrat\u00e9gias, podemos desenvolver designs verdadeiramente \u00fanicos e com v\u00e1rias camadas - por exemplo, um log\u00f3tipo da empresa impresso a cores por UV acompanhado de nomes e t\u00edtulos gravados a laser para um revestimento vibrante e de qualidade superior.<\/p>\n<p><a href=\"https:\/\/customacrylicproduct.com\/pt\/personalized-clear-acrylic-classroom-office-door-signs\/\"><img decoding=\"async\" class=\"aligncenter wp-image-920 size-full\" src=\"https:\/\/customacrylicproduct.com\/wp-content\/uploads\/2025\/07\/Acrylic-School-Signs-4.jpg\" alt=\"Sinais escolares em acr\u00edlico\" width=\"800\" height=\"800\" srcset=\"https:\/\/customacrylicproduct.com\/wp-content\/uploads\/2025\/07\/Acrylic-School-Signs-4.jpg 800w, https:\/\/customacrylicproduct.com\/wp-content\/uploads\/2025\/07\/Acrylic-School-Signs-4-300x300.jpg 300w, https:\/\/customacrylicproduct.com\/wp-content\/uploads\/2025\/07\/Acrylic-School-Signs-4-150x150.jpg 150w, https:\/\/customacrylicproduct.com\/wp-content\/uploads\/2025\/07\/Acrylic-School-Signs-4-768x768.jpg 768w, https:\/\/customacrylicproduct.com\/wp-content\/uploads\/2025\/07\/Acrylic-School-Signs-4-12x12.jpg 12w, https:\/\/customacrylicproduct.com\/wp-content\/uploads\/2025\/07\/Acrylic-School-Signs-4-600x600.jpg 600w, https:\/\/customacrylicproduct.com\/wp-content\/uploads\/2025\/07\/Acrylic-School-Signs-4-100x100.jpg 100w\" sizes=\"(max-width: 800px) 100vw, 800px\" \/><\/a><\/p>\n<h3 id=\"-3-designing-your-identification-the-looks-of-look-\"><strong>3. Desenhar a sua identifica\u00e7\u00e3o: A apar\u00eancia do olhar\u00a0<\/strong>.<\/h3>\n<p>O verdadeiro atrativo dos nossos sinais em acr\u00edlico reside na sua personaliza\u00e7\u00e3o ilimitada. A natureza clara do produto funciona como uma tela vazia, permitindo-lhe integrar-se sem esfor\u00e7o em qualquer ambiente, ao mesmo tempo que serve como express\u00e3o especial da sua marca ou personalidade.<\/p>\n<p><strong>Integra\u00e7\u00e3o do tipo camale\u00e3o:\u00a0<\/strong>Uma indica\u00e7\u00e3o clara n\u00e3o entra em conflito com a sua decora\u00e7\u00e3o; combina com ela. Quer seja instalado numa porta de madeira r\u00fastica, numa superf\u00edcie de gesso cartonado pintado, numa estrutura de a\u00e7o lisa ou numa divis\u00f3ria de vidro, a abertura do indicador permite que o aspeto e a tonalidade do fundo sejam vis\u00edveis, desenvolvendo um aspeto harmonioso e incorporado que parece deliberado e contempor\u00e2neo.<\/p>\n<p><strong>Personaliza\u00e7\u00e3o sem limites:\u00a0<\/strong>.<\/p>\n<ul>\n<li><strong>Forma\u00e7\u00e3o e tipo:\u00a0<\/strong>N\u00e3o nos limitamos a formas rectangulares. A sua indica\u00e7\u00e3o pode ser um quadrado ou c\u00edrculo tradicional, uma oval sofisticada ou uma forma totalmente personalizada que espelhe o seu log\u00f3tipo ou ofere\u00e7a um objetivo criativo. Desde um simples painel plano a um edif\u00edcio e constru\u00e7\u00e3o tridimensional com v\u00e1rias camadas, as oportunidades arquitect\u00f3nicas s\u00e3o substanciais.<\/li>\n<li><strong>Cor e v\u00eddeos:\u00a0<\/strong>Atrav\u00e9s da impress\u00e3o UV, qualquer combina\u00e7\u00e3o de cores \u00e9 poss\u00edvel. Podemos combinar completamente as cores Pantone da sua marca, imprimir padr\u00f5es vibrantes ou utilizar tons refinados para um aspeto mais discreto. A colora\u00e7\u00e3o e a serigrafia tamb\u00e9m s\u00e3o alternativas para trabalhos espec\u00edficos, proporcionando uma gama completa de sele\u00e7\u00e3o inovadora.<\/li>\n<li><strong>Estilo e acabamento:\u00a0<\/strong>O estilo pode variar de minimalista e especializado com uma \u00fanica linha de mensagem a animado e din\u00e2mico para uma turma de jardim de inf\u00e2ncia. Podemos obter um aspeto totalmente n\u00e3o transparente, um impacto \u201cfosco\u201d semi-transparente ou manter a clareza cristalina em torno dos aspectos do layout para satisfazer as suas exig\u00eancias visuais.<\/li>\n<\/ul>\n<h3 id=\"-4-the-perfect-fit-requirements-and-measurements-\"><strong>4. O ajuste perfeito: Requisitos e medidas\u00a0<\/strong>.<\/h3>\n<p>Uma estrat\u00e9gia de tamanho \u00fanico n\u00e3o funciona para sinais especializados. As dimens\u00f5es de um letreiro de porta devem ser ditadas pelo seu objetivo, pela gama de controlos e pelo local que ocupa. Fornecemos uma s\u00e9rie de tamanhos comuns e uma personaliza\u00e7\u00e3o completa para garantir que a sua indica\u00e7\u00e3o \u00e9 perfeitamente proporcionada.<\/p>\n<p><strong>Crit\u00e9rio Tamanhos:\u00a0<\/strong>Para maior conforto, fornecemos numerosas dimens\u00f5es preferidas que comprovadamente funcionam bem em muitos contextos, tais como\u00a0<strong>29 \u00d7 11cm (aprox. 11,4\u2033 x 4,3\u2033)\u00a0<\/strong>e\u00a0<strong>29 \u00d7 8cm (aprox. 11,4\u2033 x 3,1\u2033)\u00a0<\/strong>. Estas s\u00e3o excelentes op\u00e7\u00f5es para portas b\u00e1sicas de escrit\u00f3rio e de sala de aula.<\/p>\n<p><strong>Medidas por medida:\u00a0<\/strong>As suas necessidades s\u00e3o distintas e o seu sinal tamb\u00e9m o deve ser. Podemos fabricar indica\u00e7\u00f5es de acordo com as suas necessidades exactas.<\/p>\n<ul>\n<li><strong>Para salas de aula universit\u00e1rias:\u00a0<\/strong>Um estilo maior pode ser adequado para garantir a clareza de um longo corredor, permitindo que alunos e m\u00e3es e pais identifiquem convenientemente o seu destino.<\/li>\n<li><strong>Para locais de trabalho privados:\u00a0<\/strong>Uma dimens\u00e3o ainda mais discreta como\u00a0<strong>20 \u00d7 8cm (7,9\u2033 x 3,1\u2033)\u00a0<\/strong>ou\u00a0<strong>25 \u00d7 10cm (9,8\u2033 x 3,9\u2033)\u00a0<\/strong>pode usar um toque de profissionalismo personalizado e confian\u00e7a sem sobrecarregar a porta.<\/li>\n<li><strong>Para sala de reuni\u00f5es ou diret\u00f3rios:\u00a0<\/strong>Indicadores maiores e muito mais famosos podem ser desenvolvidos para apresentar mais informa\u00e7\u00f5es ou fazer uma declara\u00e7\u00e3o de constru\u00e7\u00e3o mais poderosa.<\/li>\n<\/ul>\n<p>Trabalhamos consigo para estabelecer o tamanho e a rela\u00e7\u00e3o de aspeto excelentes para a sua aplica\u00e7\u00e3o espec\u00edfica, garantindo que o produto final \u00e9 funcional e esteticamente bem equilibrado.<\/p>\n<p><a href=\"https:\/\/customacrylicproduct.com\/pt\/custom-acrylic-signs\/\"><img decoding=\"async\" class=\"aligncenter wp-image-918 size-full\" src=\"https:\/\/customacrylicproduct.com\/wp-content\/uploads\/2025\/07\/Acrylic-School-Signs-2.jpg\" alt=\"Sinais escolares em acr\u00edlico\" width=\"800\" height=\"800\" srcset=\"https:\/\/customacrylicproduct.com\/wp-content\/uploads\/2025\/07\/Acrylic-School-Signs-2.jpg 800w, https:\/\/customacrylicproduct.com\/wp-content\/uploads\/2025\/07\/Acrylic-School-Signs-2-300x300.jpg 300w, https:\/\/customacrylicproduct.com\/wp-content\/uploads\/2025\/07\/Acrylic-School-Signs-2-150x150.jpg 150w, https:\/\/customacrylicproduct.com\/wp-content\/uploads\/2025\/07\/Acrylic-School-Signs-2-768x768.jpg 768w, https:\/\/customacrylicproduct.com\/wp-content\/uploads\/2025\/07\/Acrylic-School-Signs-2-12x12.jpg 12w, https:\/\/customacrylicproduct.com\/wp-content\/uploads\/2025\/07\/Acrylic-School-Signs-2-600x600.jpg 600w, https:\/\/customacrylicproduct.com\/wp-content\/uploads\/2025\/07\/Acrylic-School-Signs-2-100x100.jpg 100w\" sizes=\"(max-width: 800px) 100vw, 800px\" \/><\/a><\/p>\n<h3 id=\"-5-easy-style-simple-and-safeguard-installation-\"><strong>5. Estilo f\u00e1cil: Instala\u00e7\u00e3o simples e segura\u00a0<\/strong>.<\/h3>\n<p>Uma indica\u00e7\u00e3o bem criada deve ser f\u00e1cil de montar. Oferecemos alternativas de montagem simples e protegidas que n\u00e3o requerem ajuda especializada ou dispositivos especializados, permitindo-lhe ter a sua nova inscri\u00e7\u00e3o em poucos minutos.<\/p>\n<p><strong>T\u00e9cnica principal: Adesivo de dupla face de alta ader\u00eancia:\u00a0<\/strong>Um dos m\u00e9todos mais t\u00edpicos e pr\u00e1ticos \u00e9 o adesivo de dupla face de resist\u00eancia industrial pr\u00e9-aplicado na parte de tr\u00e1s da indica\u00e7\u00e3o. A instala\u00e7\u00e3o \u00e9 um processo simples, em tr\u00eas passos:.<\/p>\n<ol>\n<li><strong>Preparar:\u00a0<\/strong>Proceda e marque o ajuste pretendido na superf\u00edcie da porta ou da parede. Garantir que a superf\u00edcie est\u00e1 limpa, seca e isenta de sujidade ou \u00f3leo.<\/li>\n<li><strong>Descascar:\u00a0<\/strong>Rasgue cuidadosamente o papel de prote\u00e7\u00e3o da parte de tr\u00e1s do cartaz para expor o adesivo.<\/li>\n<li><strong>Imprensa:\u00a0<\/strong>Alinhe a indica\u00e7\u00e3o com as suas marcas e pressione-a firme e uniformemente contra a \u00e1rea da superf\u00edcie durante 30-60 segundos para desenvolver uma liga\u00e7\u00e3o segura e duradoura.<\/li>\n<\/ol>\n<p>Este adesivo foi criado para uma forte ades\u00e3o a uma variedade de superf\u00edcies planas, como portas pintadas, madeira, metal, paredes de gesso, ladrilhos e vidro.<\/p>\n<p><strong>Abordagem de escolha: Fixa\u00e7\u00e3o por parafusos com separadores:\u00a0<\/strong>Para um aspeto de edif\u00edcio mais sofisticado, as indica\u00e7\u00f5es podem ser adquiridas com orif\u00edcios pr\u00e9-perfurados para montagem com parafusos. Esta abordagem inclui frequentemente a utiliza\u00e7\u00e3o de espa\u00e7adores ornamentais - pequenos postes de a\u00e7o para blogues que mant\u00eam a indica\u00e7\u00e3o um pouco afastada da superf\u00edcie da parede. Isto cria um impacto sofisticado de \u201cflutua\u00e7\u00e3o\u201d, acrescentando profundidade e sombra que melhoram o atrativo est\u00e9tico da indica\u00e7\u00e3o.<\/p>\n<h3 id=\"-6-a-sign-for-every-area-versatile-applicable-situations-\"><strong>6. Um sinal para cada \u00e1rea: Situa\u00e7\u00f5es vers\u00e1teis aplic\u00e1veis\u00a0<\/strong>.<\/h3>\n<p>A combina\u00e7\u00e3o de longevidade, seguran\u00e7a e eleg\u00e2ncia personaliz\u00e1vel torna a nossa<a href=\"https:\/\/customacrylicproduct.com\/pt\/custom-acrylic-signs\/\"> indicadores em acr\u00edlico transparente<\/a> excecionalmente vers\u00e1teis. S\u00e3o o servi\u00e7o ideal para dar clareza e design a uma grande variedade de ambientes.<\/p>\n<ul>\n<li><strong>Institui\u00e7\u00f5es de ensino:\u00a0<\/strong>Desde o pr\u00e9-escolar at\u00e9 \u00e0 universidade, estes sinais podem identificar\u00a0<strong>salas de aula, nomes de professores, biblioteca, gabinete do diretor, \u00e1rea de arte ou laborat\u00f3rios de investiga\u00e7\u00e3o cient\u00edfica.\u00a0<\/strong>A sua robustez torna-os excelentes para resistir ao desgaste di\u00e1rio de um ambiente universit\u00e1rio.<\/li>\n<li><strong>Locais de trabalho das empresas:\u00a0<\/strong>Trabalhe numa fotografia iluminada e unificada, utilizando sinais para\u00a0<strong>locais de trabalho dos trabalhadores, nomes de departamentos (Publicidade, RH), sala de reuni\u00f5es, zonas silenciosas e suites executivas.\u00a0<\/strong>Ajudam na navega\u00e7\u00e3o e refor\u00e7am uma cultura empresarial especializada e bem organizada.<\/li>\n<li><strong>Instala\u00e7\u00f5es de cuidados m\u00e9dicos:\u00a0<\/strong>Em\u00a0<strong>hospitais, instala\u00e7\u00f5es e consult\u00f3rios privados,\u00a0<\/strong>\u00c9 necess\u00e1ria uma sinal\u00e9tica clara e limpa. Utilize-os para\u00a0<strong>\u00e1reas de exame, consult\u00f3rios m\u00e9dicos, \u00e1reas funcionais e laborat\u00f3rios.\u00a0<\/strong>A superf\u00edcie n\u00e3o porosa \u00e9 igualmente muito f\u00e1cil de limpar e higienizar.<\/li>\n<li><strong>Com\u00e9rcio e simpatia:\u00a0<\/strong>Vis\u00e3o geral dos consumidores e refor\u00e7o do nome da sua marca em\u00a0<strong>centros comerciais, lojas, est\u00e2ncias tur\u00edsticas e restaurantes.\u00a0<\/strong>Podem ser utilizados para n\u00fameros de \u00e1reas, indicadores de casas de banho, \u00e1reas \u201cS\u00f3 para equipas\u201d ou placas educativas.<\/li>\n<li><strong>Centros Educativos e Comunit\u00e1rios:\u00a0<\/strong>Marcar claramente\u00a0<strong>salas de forma\u00e7\u00e3o, audit\u00f3rios e gabinetes de dire\u00e7\u00e3o\u00a0<\/strong>para ajudar os visitantes e os membros a navegar facilmente na zona.<\/li>\n<\/ul>\n<p>Em todas as situa\u00e7\u00f5es, estes sinais fazem mais do que simplesmente determinar uma sala. Simplificam o tr\u00e1fego pedonal, eliminam as complica\u00e7\u00f5es e contribuem para a imagem geral e a qualidade do estabelecimento, provando que um pequeno pormenor pode ter um impacto substancial.<\/p>","protected":false},"excerpt":{"rendered":"<p>Eleve o seu escrit\u00f3rio ou sala de aula com um letreiro personalizado em acr\u00edlico transparente. Personalizado com o seu nome ou log\u00f3tipo, d\u00e1 um toque moderno e profissional. Inclui hardware de fixa\u00e7\u00e3o duradouro para um aspeto elegante e flutuante. Uma afirma\u00e7\u00e3o elegante e acolhedora para qualquer porta.<\/p>","protected":false},"featured_media":922,"template":"","meta":{"_kad_post_transparent":"default","_kad_post_title":"","_kad_post_layout":"default","_kad_post_sidebar_id":"","_kad_post_content_style":"default","_kad_post_vertical_padding":"default","_kad_post_feature":"","_kad_post_feature_position":"","_kad_post_header":false,"_kad_post_footer":false,"_kad_post_classname":""},"product_brand":[],"product_cat":[18],"product_tag":[94,84,51],"class_list":{"0":"post-916","1":"product","2":"type-product","3":"status-publish","4":"has-post-thumbnail","6":"product_cat-custom-acrylic-signs","7":"product_tag-acrylic-school-signs","8":"product_tag-clear-acrylic-signs","9":"product_tag-custom-acrylic-signs","11":"first","12":"instock","13":"shipping-taxable","14":"product-type-simple","15":"entry","16":"content-bg","17":"loop-entry"},"_links":{"self":[{"href":"https:\/\/customacrylicproduct.com\/pt\/wp-json\/wp\/v2\/product\/916","targetHints":{"allow":["GET"]}}],"collection":[{"href":"https:\/\/customacrylicproduct.com\/pt\/wp-json\/wp\/v2\/product"}],"about":[{"href":"https:\/\/customacrylicproduct.com\/pt\/wp-json\/wp\/v2\/types\/product"}],"wp:featuredmedia":[{"embeddable":true,"href":"https:\/\/customacrylicproduct.com\/pt\/wp-json\/wp\/v2\/media\/922"}],"wp:attachment":[{"href":"https:\/\/customacrylicproduct.com\/pt\/wp-json\/wp\/v2\/media?parent=916"}],"wp:term":[{"taxonomy":"product_brand","embeddable":true,"href":"https:\/\/customacrylicproduct.com\/pt\/wp-json\/wp\/v2\/product_brand?post=916"},{"taxonomy":"product_cat","embeddable":true,"href":"https:\/\/customacrylicproduct.com\/pt\/wp-json\/wp\/v2\/product_cat?post=916"},{"taxonomy":"product_tag","embeddable":true,"href":"https:\/\/customacrylicproduct.com\/pt\/wp-json\/wp\/v2\/product_tag?post=916"}],"curies":[{"name":"wp","href":"https:\/\/api.w.org\/{rel}","templated":true}]}}