{"id":931,"date":"2025-07-11T14:00:58","date_gmt":"2025-07-11T14:00:58","guid":{"rendered":"https:\/\/customacrylicproduct.com\/?post_type=product&#038;p=931"},"modified":"2025-07-12T04:16:11","modified_gmt":"2025-07-12T04:16:11","slug":"perspex-coloured-cast-acrylic-sheets-cut-to-size-and-shape","status":"publish","type":"product","link":"https:\/\/customacrylicproduct.com\/pt\/perspex-coloured-cast-acrylic-sheets-cut-to-size-and-shape\/","title":{"rendered":"Folhas de acr\u00edlico fundido colorido Perspex cortadas \u00e0 medida e \u00e0 forma"},"content":{"rendered":"<h3 id=\"-coloured-cast-acrylic-sheets-your-vision-precisely-cut-in-a-range-of-possibilities-\"><strong>Folhas de acr\u00edlico colorido fundido: A sua vis\u00e3o, cortada com precis\u00e3o, numa gama de possibilidades\u00a0<\/strong>.<\/h3>\n<p>Em todo o mundo de estilo, estilo e cria\u00e7\u00e3o, o produto adequado \u00e9 aquele que n\u00e3o imp\u00f5e restri\u00e7\u00f5es. Deve ser s\u00f3lido mas sofisticado, din\u00e2mico mas duradouro, e adapt\u00e1vel para satisfazer os contornos exactos da sua imagina\u00e7\u00e3o. Convidamo-lo para a solu\u00e7\u00e3o definitiva para criadores, designers e criadores de tend\u00eancias: o nosso produto premium\u00a0<strong><a href=\"https:\/\/customacrylicproduct.com\/pt\/custom-acrylic-sheets\/\">Folhas de acr\u00edlico colorido fundido,<\/a> cortados \u00e0 medida das suas formas e tamanhos exactos.\u00a0<\/strong>.<\/p>\n<p>N\u00e3o se trata apenas de um artigo; \u00e9 um servi\u00e7o criado para colmatar a lacuna entre a ideia e a realidade. Eliminamos as restri\u00e7\u00f5es das dimens\u00f5es b\u00e1sicas das chapas e as complexidades da constru\u00e7\u00e3o interna, fornecendo um elemento que est\u00e1 pronto a ser utilizado no momento em que chega. Quer esteja a criar um ecr\u00e3 de retalho deslumbrante, uma pe\u00e7a de mobili\u00e1rio \u00e0 medida, uma carater\u00edstica arquitet\u00f3nica complexa ou um sinal empresarial forte, o nosso servi\u00e7o oferece a estrutura de qualidade, cor e precis\u00e3o de que necessita para dar vida \u00e0 sua vis\u00e3o.<\/p>\n<h3 id=\"-1-the-structure-of-quality-comprehending-cast-polymer-\"><strong>1. A estrutura da qualidade: Compreender o pol\u00edmero fundido\u00a0<\/strong>.<\/h3>\n<p>No centro da nossa oferta est\u00e1\u00a0<strong><a href=\"https:\/\/customacrylicproduct.com\/pt\/custom-acrylic-sheets\/\">acr\u00edlico fundido<\/a>\u00a0<\/strong>, O acr\u00edlico \u00e9 um produto conhecido pela sua not\u00e1vel qualidade e efici\u00eancia. \u00c9 crucial identific\u00e1-lo do seu equivalente mais comum, o acr\u00edlico espremido. A distin\u00e7\u00e3o depende do processo de produ\u00e7\u00e3o, que tem um efeito profundo nas qualidades finais do produto.<\/p>\n<p><strong>A superioridade da refinaria de espalhamento:\u00a0<\/strong>. O acr\u00edlico \u201dfundido\u201d \u00e9 produzido atrav\u00e9s de uma abordagem muito mais tradicional e precisa. Os mon\u00f3meros fluidos s\u00e3o vertidos num molde, geralmente feito de duas folhas de vidro, onde s\u00e3o submetidos a um processo de polimeriza\u00e7\u00e3o. Esta cura fixa e regulada produz um material com uma estrutura molecular extremamente consistente e densa. Ao contr\u00e1rio do acr\u00edlico extrudido, que \u00e9 empurrado com um molde e pode manter tens\u00f5es internas, o acr\u00edlico fundido \u00e9 homog\u00e9neo e sem problemas.<\/p>\n<p>Esta distin\u00e7\u00e3o essencial confere ao acr\u00edlico fundido uma s\u00e9rie de propriedades extraordin\u00e1rias:.<\/p>\n<ul>\n<li><strong>Resist\u00eancia e dureza inigual\u00e1veis:\u00a0<\/strong>A estrutura molecular espessa torna-o substancialmente mais forte e mais resistente a riscos do que o acr\u00edlico extrudido. Suporta danos, o que o torna adequado para \u00e1reas de tr\u00e1fego intenso e componentes pr\u00e1ticos.<\/li>\n<li><strong>Resist\u00eancia superior \u00e0 influ\u00eancia:\u00a0<\/strong>Embora leve, o acr\u00edlico fundido \u00e9 excecionalmente duro. Fornece uma resist\u00eancia robusta \u00e0 influ\u00eancia, proporcionando uma alternativa muito mais segura e robusta ao vidro.<\/li>\n<li><strong>Excelente resist\u00eancia qu\u00edmica:\u00a0<\/strong>A natureza inerte do pol\u00edmero dos actores torna-o resistente a uma vasta gama de produtos qu\u00edmicos e solventes habituais, garantindo que a sua integridade e aspeto se mant\u00eam ao longo do tempo.<\/li>\n<li><strong>Abertura \u00f3tica not\u00e1vel:\u00a0<\/strong>Mesmo nos seus tipos matizados, a pureza do processo de fundi\u00e7\u00e3o garante uma excelente nitidez \u00f3tica e transmiss\u00e3o da luz, sem as distor\u00e7\u00f5es ou manchas que podem afetar v\u00e1rios outros materiais.<\/li>\n<\/ul>\n<p><strong>A garantia Perspex: <\/strong>. Utilizamos com prazer o\u00a0<strong>Perspex <\/strong>um nome que h\u00e1 anos \u00e9 sin\u00f3nimo do melhor acr\u00edlico fundido. A escolha de Perspex \u00e9 uma garantia de pureza do material, seguran\u00e7a de efici\u00eancia e uniformidade de cor, assegurando que cada chapa cumpre uma das especifica\u00e7\u00f5es mais exigentes.<\/p>\n<p><strong>A tela adequada para trabalhos de precis\u00e3o:\u00a0<\/strong>. A estabilidade inerente ao pol\u00edmero fundido torna-o a escolha ineg\u00e1vel para aplica\u00e7\u00f5es que requerem um acabamento de precis\u00e3o. \u00c9 extraordinariamente adequado para\u00a0<strong>gravura\u00a0<\/strong>, O seu formato \u00e9 muito mais compacto, produzindo informa\u00e7\u00f5es n\u00edtidas e organizadas sem se partir. Os seus rebordos podem ser iluminados at\u00e9 obterem um revestimento cristalino, semelhante ao vidro, e respondem muito bem a\u00a0<strong>termoformagem (flex\u00e3o a quente)\u00a0<\/strong>, A sua estrutura \u00e9 de grande qualidade, permitindo curvas suaves e s\u00f3lidas sem comprometer a sua estabilidade estrutural. Para qualquer tipo de trabalho que exija uma longa dura\u00e7\u00e3o\u00a0<strong>resist\u00eancia \u00e0s condi\u00e7\u00f5es climat\u00e9ricas exteriores\u00a0<\/strong>, Para a sua utiliza\u00e7\u00e3o, \u00e9 necess\u00e1ria a not\u00e1vel seguran\u00e7a UV do acr\u00edlico fundido.<\/p>\n<p><a href=\"https:\/\/customacrylicproduct.com\/pt\/custom-acrylic-sheets\/\"><img fetchpriority=\"high\" decoding=\"async\" class=\"aligncenter wp-image-934 size-full\" src=\"https:\/\/customacrylicproduct.com\/wp-content\/uploads\/2025\/07\/Acrylic-Pastel-Color-Sheets-3.jpg\" alt=\"Folhas de cores de pastel acr\u00edlico\" width=\"800\" height=\"800\" srcset=\"https:\/\/customacrylicproduct.com\/wp-content\/uploads\/2025\/07\/Acrylic-Pastel-Color-Sheets-3.jpg 800w, https:\/\/customacrylicproduct.com\/wp-content\/uploads\/2025\/07\/Acrylic-Pastel-Color-Sheets-3-300x300.jpg 300w, https:\/\/customacrylicproduct.com\/wp-content\/uploads\/2025\/07\/Acrylic-Pastel-Color-Sheets-3-150x150.jpg 150w, https:\/\/customacrylicproduct.com\/wp-content\/uploads\/2025\/07\/Acrylic-Pastel-Color-Sheets-3-768x768.jpg 768w, https:\/\/customacrylicproduct.com\/wp-content\/uploads\/2025\/07\/Acrylic-Pastel-Color-Sheets-3-12x12.jpg 12w, https:\/\/customacrylicproduct.com\/wp-content\/uploads\/2025\/07\/Acrylic-Pastel-Color-Sheets-3-600x600.jpg 600w, https:\/\/customacrylicproduct.com\/wp-content\/uploads\/2025\/07\/Acrylic-Pastel-Color-Sheets-3-100x100.jpg 100w\" sizes=\"(max-width: 800px) 100vw, 800px\" \/><\/a><\/p>\n<h3 id=\"-2-the-core-of-our-solution-customisation-without-concession-\"><strong>2. O n\u00facleo da nossa solu\u00e7\u00e3o: Personaliza\u00e7\u00e3o sem concess\u00f5es\u00a0<\/strong>.<\/h3>\n<p>O verdadeiro poder do nosso servi\u00e7o depende da sua capacidade de o libertar das restri\u00e7\u00f5es das folhas de tamanho padr\u00e3o. Oferecemos uma solu\u00e7\u00e3o de corte totalmente personalizada que transforma uma mat\u00e9ria-prima numa pe\u00e7a completa e pronta para o projeto.<\/p>\n<p><strong>Dimens\u00e3o personalizada: Precis\u00e3o ao mil\u00edmetro\u00a0<\/strong>. N\u00e3o se lembre de tentar fazer com que uma folha normal se adapte \u00e0 sua divis\u00e3o \u00fanica. Podemos reduzir especificamente as nossas chapas de acr\u00edlico colorido para o comprimento e largura pretendidos. Isto elimina o desperd\u00edcio, poupa-lhe dinheiro em cortes e torna-o ideal para qualquer coisa, desde pain\u00e9is de janelas e resguardos a prateleiras personalizadas e incrusta\u00e7\u00f5es de mobili\u00e1rio.<\/p>\n<p><strong>Moldagem por medida: Onde o pensamento criativo n\u00e3o conhece limites\u00a0<\/strong>. As nossas capacidades v\u00e3o muito al\u00e9m das formas rectangulares e quadradas b\u00e1sicas. Utilizando a moderna tecnologia de transmiss\u00e3o CNC, corte a laser e jato de \u00e1gua de alta press\u00e3o, podemos reduzir praticamente qualquer tipo de forma complexa que possa criar. Isto consiste em:.<\/p>\n<ul>\n<li><strong>Formas geom\u00e9tricas:\u00a0<\/strong>C\u00edrculos, ovais, triangulares e hex\u00e1gonos.<\/li>\n<li><strong>Contornos org\u00e2nicos:\u00a0<\/strong>Perfis cont\u00ednuos, arredondados e irregulares para configura\u00e7\u00f5es criativas ou componentes de design \u00fanicos.<\/li>\n<li><strong>Recortes e aberturas interiores:\u00a0<\/strong>Perfeito para a cria\u00e7\u00e3o de protec\u00e7\u00f5es de m\u00e1quinas, pain\u00e9is de instrumentos ou expositores ornamentais.<\/li>\n<li><strong>Padr\u00f5es ocos e estilos pormenorizados:\u00a0<\/strong>Realize treli\u00e7as de instala\u00e7\u00f5es, desenhos de log\u00f3tipos e padr\u00f5es criativos abrangentes com uma precis\u00e3o espantosa.<\/li>\n<li><strong>Textos e sinal\u00e9tica:\u00a0<\/strong>Podemos reduzir letras espec\u00edficas ou desenhos de log\u00f3tipos inteiros com lados perfeitamente lisos.<\/li>\n<\/ul>\n<p>Ao fornecer esta solu\u00e7\u00e3o, n\u00f3s\u00a0<strong>eliminar a dor de cabe\u00e7a, o pre\u00e7o e o perigo\u00a0<\/strong>ligado ao corte \u201cfa\u00e7a voc\u00ea mesmo\u201d. J\u00e1 n\u00e3o precisa de investir em equipamento dispendioso, comprometer a \u00e1rea da oficina ou preocupar-se com erros dispendiosos. Entregamos um componente devidamente acabado e \"pronto a usar\", poupando-lhe tempo, esfor\u00e7o e recursos.<\/p>\n<p><a href=\"https:\/\/customacrylicproduct.com\/pt\/acrylic-color-sheets\/\"><img decoding=\"async\" class=\"aligncenter wp-image-932 size-full\" src=\"https:\/\/customacrylicproduct.com\/wp-content\/uploads\/2025\/07\/Acrylic-Pastel-Color-Sheets-1.jpg\" alt=\"Folhas de cores de pastel acr\u00edlico\" width=\"800\" height=\"800\" srcset=\"https:\/\/customacrylicproduct.com\/wp-content\/uploads\/2025\/07\/Acrylic-Pastel-Color-Sheets-1.jpg 800w, https:\/\/customacrylicproduct.com\/wp-content\/uploads\/2025\/07\/Acrylic-Pastel-Color-Sheets-1-300x300.jpg 300w, https:\/\/customacrylicproduct.com\/wp-content\/uploads\/2025\/07\/Acrylic-Pastel-Color-Sheets-1-150x150.jpg 150w, https:\/\/customacrylicproduct.com\/wp-content\/uploads\/2025\/07\/Acrylic-Pastel-Color-Sheets-1-768x768.jpg 768w, https:\/\/customacrylicproduct.com\/wp-content\/uploads\/2025\/07\/Acrylic-Pastel-Color-Sheets-1-12x12.jpg 12w, https:\/\/customacrylicproduct.com\/wp-content\/uploads\/2025\/07\/Acrylic-Pastel-Color-Sheets-1-600x600.jpg 600w, https:\/\/customacrylicproduct.com\/wp-content\/uploads\/2025\/07\/Acrylic-Pastel-Color-Sheets-1-100x100.jpg 100w\" sizes=\"(max-width: 800px) 100vw, 800px\" \/><\/a><\/p>\n<h3 id=\"-3-the-spirit-of-the-style-a-rich-palette-of-shades-\"><strong>3. O esp\u00edrito do estilo: Uma rica paleta de tons\u00a0<\/strong>.<\/h3>\n<p>A cor \u00e9 emo\u00e7\u00e3o. \u00c9 identifica\u00e7\u00e3o. \u00c9 o elemento que transforma uma coisa pr\u00e1tica numa pe\u00e7a de declara\u00e7\u00e3o. O nosso servi\u00e7o \u00e9 constru\u00eddo em torno de uma escolha substancial e viva de folhas de acr\u00edlico coloridas.<\/p>\n<p><strong>A honestidade da colora\u00e7\u00e3o atrav\u00e9s do corpo:\u00a0<\/strong>. A cor das nossas chapas acr\u00edlicas para actores n\u00e3o \u00e9 um revestimento de superf\u00edcie ou um laminado fino. \u00c9 obtida atrav\u00e9s de um\u00a0<strong>procedimento de colora\u00e7\u00e3o corporal de alta qualidade\u00a0<\/strong>, A cor \u00e9 combinada diretamente com o mon\u00f3mero l\u00edquido antes de ser espalhada. Isto indica que a cor \u00e9 uniforme e continuamente dispersa por toda a densidade do produto.<\/p>\n<p>Esta t\u00e9cnica utiliza tr\u00eas benef\u00edcios essenciais:.<\/p>\n<ol>\n<li><strong>Regular Cor da borda:\u00a0<\/strong>Quando a chapa \u00e9 cortada, inscrita ou abrilhantada, o lado exposto ter\u00e1 a mesma cor abundante espec\u00edfica que a \u00e1rea da superf\u00edcie. Isto cria um aspeto monol\u00edtico, premium e sem costuras, imposs\u00edvel de obter com materiais revestidos \u00e0 superf\u00edcie.<\/li>\n<li><strong>Seguran\u00e7a de cor imbat\u00edvel:\u00a0<\/strong>Os pigmentos s\u00e3o fixados na estrutura molecular do pol\u00edmero. Integrados com estabilizadores UV eficazes nos nossos artigos para exteriores, isto garante que a cor se mant\u00e9m viva, verdadeira e imune ao desvanecimento, mesmo ap\u00f3s anos de exposi\u00e7\u00e3o ao sol.<\/li>\n<li><strong>Transmiss\u00e3o de luz luminosa:\u00a0<\/strong>A distribui\u00e7\u00e3o dos pigmentos tamb\u00e9m permite que a luz passe atrav\u00e9s do material de uma forma difusa e consistente. Isto cria efeitos brilhantes, claros ou n\u00e3o transparentes, tornando-o ideal para caixas de luz, dispositivos de ilumina\u00e7\u00e3o e aplica\u00e7\u00f5es onde a cor e a luz interagem.<\/li>\n<\/ol>\n<p>A nossa biblioteca de cores foi desenvolvida para satisfazer qualquer requisito visual, desde o refinado e sofisticado ao vibrante e deslumbrante, incluindo cores s\u00f3lidas comuns, revestimentos met\u00e1licos modernos, tons fluorescentes apelativos e resultados perolados com classe.<\/p>\n<h3 id=\"-4-a-world-of-applications-where-our-acrylic-shines-\"><strong>4. Um mundo de aplica\u00e7\u00f5es: Onde o nosso acr\u00edlico brilha\u00a0<\/strong>.<\/h3>\n<p>A combina\u00e7\u00e3o distinta de longevidade, atrativo est\u00e9tico e possibilidade de personaliza\u00e7\u00e3o faz com que os nossos <a href=\"https:\/\/customacrylicproduct.com\/pt\/custom-acrylic-sheets\/\">chapas acr\u00edlicas fundidas coloridas<\/a> entre os produtos mais flex\u00edveis dispon\u00edveis. \u00c9 de confian\u00e7a numa grande variedade de sectores e aplica\u00e7\u00f5es:.<\/p>\n<ul>\n<li><strong>Retalho e presente:\u00a0<\/strong>Desenvolver balc\u00f5es de ponto de venda topo de gama, stands de exposi\u00e7\u00e3o espectaculares, pain\u00e9is luminosos luminescentes, plintos de artigos de classe e log\u00f3tipos impactantes que registem a alta qualidade e a identifica\u00e7\u00e3o de uma marca.<\/li>\n<li><strong>Design e decora\u00e7\u00e3o de interiores:\u00a0<\/strong>Conceba divis\u00f3rias impressionantes, pain\u00e9is de claraboia imaginativos, candelabros feitos por medida, pain\u00e9is de parede decorativos, n\u00fameros de casa contempor\u00e2neos, mobili\u00e1rio por medida e resguardos de cozinha e casa de banho vibrantes.<\/li>\n<li><strong>Marketing e sinal\u00e9tica:\u00a0<\/strong>Crie caracteres luminosos animados, log\u00f3tipos empresariais tridimensionais, pain\u00e9is de fundo profissionais e sistemas de sinaliza\u00e7\u00e3o claros e duradouros que causam uma impress\u00e3o duradoura.<\/li>\n<li><strong>Arte e estilo:\u00a0<\/strong>Utilize-o como uma ferramenta para escultura e arte de configura\u00e7\u00e3o, produza estilos de ilumina\u00e7\u00e3o \u00fanicos, crie estruturas de imagem personalizadas e desenvolva vitrinas com qualidade de museu.<\/li>\n<li><strong>Industrial e t\u00e9cnico:\u00a0<\/strong>Conceber capas de prote\u00e7\u00e3o de dispositivos robustas, consolas de cockpit transparentes e resistentes e componentes especializados para ferramentas de laborat\u00f3rio e especulativas.<\/li>\n<li><strong>Projectos personalizados:\u00a0<\/strong>Equipe o seu pensamento criativo com tarefas caseiras do tipo \"fa\u00e7a voc\u00ea mesmo\", cria\u00e7\u00e3o de vers\u00f5es aprofundadas, presentes pessoais e altera\u00e7\u00f5es personalizadas de situa\u00e7\u00f5es inform\u00e1ticas.<\/li>\n<\/ul>\n<p><a href=\"https:\/\/customacrylicproduct.com\/pt\/acrylic-color-sheets\/\"><img decoding=\"async\" class=\"aligncenter wp-image-935 size-full\" src=\"https:\/\/customacrylicproduct.com\/wp-content\/uploads\/2025\/07\/Acrylic-Pastel-Color-Sheets.jpg\" alt=\"Folhas de cores de pastel acr\u00edlico\" width=\"800\" height=\"800\" srcset=\"https:\/\/customacrylicproduct.com\/wp-content\/uploads\/2025\/07\/Acrylic-Pastel-Color-Sheets.jpg 800w, https:\/\/customacrylicproduct.com\/wp-content\/uploads\/2025\/07\/Acrylic-Pastel-Color-Sheets-300x300.jpg 300w, https:\/\/customacrylicproduct.com\/wp-content\/uploads\/2025\/07\/Acrylic-Pastel-Color-Sheets-150x150.jpg 150w, https:\/\/customacrylicproduct.com\/wp-content\/uploads\/2025\/07\/Acrylic-Pastel-Color-Sheets-768x768.jpg 768w, https:\/\/customacrylicproduct.com\/wp-content\/uploads\/2025\/07\/Acrylic-Pastel-Color-Sheets-12x12.jpg 12w, https:\/\/customacrylicproduct.com\/wp-content\/uploads\/2025\/07\/Acrylic-Pastel-Color-Sheets-600x600.jpg 600w, https:\/\/customacrylicproduct.com\/wp-content\/uploads\/2025\/07\/Acrylic-Pastel-Color-Sheets-100x100.jpg 100w\" sizes=\"(max-width: 800px) 100vw, 800px\" \/><\/a><\/p>\n<h3 id=\"-5-the-apparent-worth-why-choose-this-solution-\"><strong>5. O valor aparente: Porqu\u00ea escolher esta solu\u00e7\u00e3o?\u00a0<\/strong>.<\/h3>\n<p>Ao incorporar materiais superiores com processamento de precis\u00e3o, fornecemos uma solu\u00e7\u00e3o cujo valor se estende muito para al\u00e9m do pr\u00f3prio produto.<\/p>\n<ul>\n<li><strong>Flexibilidade de estilo ilimitada:\u00a0<\/strong>A mistura eficaz de um esquema de cores abundante e a capacidade de reduzir quaisquer formas e tamanhos liberta a sua capacidade imaginativa. O seu layout deixa de ser determinado pelas limita\u00e7\u00f5es do produto.<\/li>\n<li><strong>Garantia de alta precis\u00e3o:\u00a0<\/strong>Os nossos dispositivos especializados garantem arestas de redu\u00e7\u00e3o perfeitamente lisas e uma precis\u00e3o dimensional que \u00e9 dif\u00edcil, se n\u00e3o mesmo imposs\u00edvel, de obter com ferramentas manuais.<\/li>\n<li><strong>Poupe tempo, esfor\u00e7o e dinheiro:\u00a0<\/strong>N\u00f3s encarregamo-nos de todo o processo de fabrico. Isto poupa-lhe o investimento de capital em maquinaria, o custo da forma\u00e7\u00e3o da equipa e o desperd\u00edcio da experimenta\u00e7\u00e3o. Recebe uma pe\u00e7a completa, preparada para ser montada.<\/li>\n<li><strong>Uma op\u00e7\u00e3o \u00fanica e estruturada:\u00a0<\/strong>Desde a escolha da cor excelente at\u00e9 \u00e0 especifica\u00e7\u00e3o da forma complexa final, simplificamos o fluxo de trabalho do seu projeto. Este procedimento integrado diminui os preparativos e simplifica a sua cadeia de fornecimento.<\/li>\n<li><strong>Resultados profissionais, sempre:\u00a0<\/strong>A nossa solu\u00e7\u00e3o foi concebida para aqueles que n\u00e3o podem p\u00f4r em risco a alta qualidade. \u00c9 a sele\u00e7\u00e3o conclusiva para aplica\u00e7\u00f5es em que a efici\u00eancia do produto, a precis\u00e3o do design e a qualidade est\u00e9tica s\u00e3o extremamente importantes.<\/li>\n<\/ul>\n<p>Comece a sua tarefa seguinte com confian\u00e7a. Descubra a nossa gama de cores, especifique a sua forma personalizada e deixe-nos dar a melhor estrutura para o seu desenvolvimento.<\/p>","protected":false},"excerpt":{"rendered":"<p>D\u00ea asas \u00e0 sua criatividade com o acr\u00edlico fundido Perspex de primeira qualidade. Escolha a partir de uma impressionante paleta de cores, todas cortadas com precis\u00e3o no tamanho e forma pretendidos. Perfeitos para divis\u00f3rias, sinais, expositores e projectos \u00e0 medida.<\/p>","protected":false},"featured_media":935,"template":"","meta":{"_kad_post_transparent":"default","_kad_post_title":"","_kad_post_layout":"default","_kad_post_sidebar_id":"","_kad_post_content_style":"default","_kad_post_vertical_padding":"default","_kad_post_feature":"","_kad_post_feature_position":"","_kad_post_header":false,"_kad_post_footer":false,"_kad_post_classname":""},"product_brand":[],"product_cat":[24],"product_tag":[74,75,73],"class_list":{"0":"post-931","1":"product","2":"type-product","3":"status-publish","4":"has-post-thumbnail","6":"product_cat-custom-acrylic-sheets","7":"product_tag-custom-acrylic-sheets","8":"product_tag-custom-cut-acrylic-sheets","9":"product_tag-laser-acrylic-sheets","11":"first","12":"instock","13":"shipping-taxable","14":"product-type-simple","15":"entry","16":"content-bg","17":"loop-entry"},"_links":{"self":[{"href":"https:\/\/customacrylicproduct.com\/pt\/wp-json\/wp\/v2\/product\/931","targetHints":{"allow":["GET"]}}],"collection":[{"href":"https:\/\/customacrylicproduct.com\/pt\/wp-json\/wp\/v2\/product"}],"about":[{"href":"https:\/\/customacrylicproduct.com\/pt\/wp-json\/wp\/v2\/types\/product"}],"wp:featuredmedia":[{"embeddable":true,"href":"https:\/\/customacrylicproduct.com\/pt\/wp-json\/wp\/v2\/media\/935"}],"wp:attachment":[{"href":"https:\/\/customacrylicproduct.com\/pt\/wp-json\/wp\/v2\/media?parent=931"}],"wp:term":[{"taxonomy":"product_brand","embeddable":true,"href":"https:\/\/customacrylicproduct.com\/pt\/wp-json\/wp\/v2\/product_brand?post=931"},{"taxonomy":"product_cat","embeddable":true,"href":"https:\/\/customacrylicproduct.com\/pt\/wp-json\/wp\/v2\/product_cat?post=931"},{"taxonomy":"product_tag","embeddable":true,"href":"https:\/\/customacrylicproduct.com\/pt\/wp-json\/wp\/v2\/product_tag?post=931"}],"curies":[{"name":"wp","href":"https:\/\/api.w.org\/{rel}","templated":true}]}}