{"id":950,"date":"2025-07-12T04:13:28","date_gmt":"2025-07-12T04:13:28","guid":{"rendered":"https:\/\/customacrylicproduct.com\/?post_type=product&#038;p=950"},"modified":"2025-07-17T12:58:49","modified_gmt":"2025-07-17T12:58:49","slug":"coloured-acrylic-wine-serving-tray-food-drinks-bar-home","status":"publish","type":"product","link":"https:\/\/customacrylicproduct.com\/pt\/coloured-acrylic-wine-serving-tray-food-drinks-bar-home\/","title":{"rendered":"Tabuleiro acr\u00edlico colorido para servir vinho Bar de bebidas e comida Casa"},"content":{"rendered":"<h3 id=\"-the-chroma-tray-a-crossway-of-art-function-and-modern-living-\"><strong>O tabuleiro de acr\u00edlico: Um cruzamento de arte, fun\u00e7\u00e3o e vida moderna <\/strong>.<\/h3>\n<p>Na casa moderna, cada objeto conta uma hist\u00f3ria. Os nossos espa\u00e7os n\u00e3o s\u00e3o apenas decorados com mobili\u00e1rio, mas com objectos que mostram a nossa prefer\u00eancia, apoiam a nossa forma de viver e trazem uma sensa\u00e7\u00e3o de paz e prazer \u00e0s nossas rotinas di\u00e1rias. Procuramos uma mistura unificada de forma e fun\u00e7\u00e3o - produtos que sejam t\u00e3o bonitos de ver como \u00fateis de utilizar. \u00c9 deste ponto de vista que a <a href=\"https:\/\/customacrylicproduct.com\/pt\/coloured-acrylic-wine-serving-tray-food-drinks-bar-home\/\">Tabuleiro de servir em pol\u00edmero colorido<\/a> nasceu. N\u00e3o se trata apenas de um tabuleiro; \u00e9 uma tela para viver, um palco flex\u00edvel para tudo, desde bebidas misturadas de felicita\u00e7\u00f5es a momentos de reflex\u00e3o tranquila. \u00c9 um investimento financeiro em sofistica\u00e7\u00e3o f\u00e1cil, feito para elevar a sua casa e simplificar a sua vida com uma pitada de cor contempor\u00e2nea e uma qualidade elevada sem compromissos.<\/p>\n<h4 id=\"-numerous-features-the-art-of-infinite-flexibility-\"><strong>In\u00fameras funcionalidades: A arte da flexibilidade infinita\u00a0<\/strong>.<\/h4>\n<p>A versatilidade \u00e9 o verdadeiro segredo de um objeto feito de forma excecional. O tabuleiro Chroma foi desenvolvido para ser o \u00fanico acess\u00f3rio mais funcional da sua casa, transitando sem esfor\u00e7o entre fun\u00e7\u00f5es com gra\u00e7a e design. A sua possibilidade \u00e9 limitada apenas pela sua imagina\u00e7\u00e3o.<\/p>\n<ul>\n<li><strong>O centro do entretenimento dom\u00e9stico:\u00a0<\/strong>Imagine-se a passar uma noite com os amigos. O tabuleiro Chroma torna-se o seu importante companheiro. Carregado com queijos artesanais e charcutaria, \u00e9 uma bandeja de servir avan\u00e7ada. No seu carrinho de bar, organiza bitters, shakers e copos. Nas suas m\u00e3os, \u00e9 uma plataforma est\u00e1vel e elegante para transportar uma rodada de bebidas alco\u00f3licas perfeitamente misturadas ou flutes de champanhe fresco para os seus convidados, com a sua cor viva a dar um toque alegre \u00e0 celebra\u00e7\u00e3o. Transforma-o de um anfitri\u00e3o ativo num elegante mestre de eventos.<\/li>\n<li><strong>O amigo perfeito do apoio para os p\u00e9s:\u00a0<\/strong>Para aqueles preciosos ser\u00f5es silenciosos, o tabuleiro converte a sua otomana macia e almofadada numa mesa de caf\u00e9 est\u00e1vel e moderna. Tem o tamanho perfeito para criar um \u201cminuto\u201d - uma \u00e1rea para o seu livro preferido, uma vela perfumada que emite um brilho quente, uma ch\u00e1vena de ch\u00e1 de ervas fumegante ou apenas um copo de vinho. Tem o seu ref\u00fagio de conveni\u00eancia, mantendo tudo o que necessita ao alcance do bra\u00e7o, enquanto protege o tecido do seu mobili\u00e1rio.<\/li>\n<li><strong>Comer, redefinido:\u00a0<\/strong>Desde jantares descontra\u00eddos no sof\u00e1 enquanto v\u00ea a sua cole\u00e7\u00e3o favorita, a almo\u00e7os ao ar livre com estilo no p\u00e1tio exterior, o tabuleiro fornece uma superf\u00edcie forte e bonita para o seu prato. A sua natureza imperme\u00e1vel significa que n\u00e3o tem de se preocupar com a condensa\u00e7\u00e3o de uma bebida fresca ou de um pequeno derrame. Al\u00e9m disso, desempenha um papel adicional de carinho, permitindo-lhe entregar um prato calmante a um ente querido que esteja a relaxar na cama, transformando um simples ato de tratamento num movimento deslumbrante e atencioso.<\/li>\n<li><strong>O curador do espa\u00e7o individual:\u00a0<\/strong>Depois de servir, o tabuleiro Chroma \u00e9 uma obra de arte comercial. Coloque-o na c\u00f3moda ou na vaidade do seu quarto para criar uma exposi\u00e7\u00e3o sensacional para as suas fragr\u00e2ncias preferidas, frascos de cuidados da pele e j\u00f3ias. Limita o caos atrativo, transformando as coisas do dia a dia numa vinheta com curadoria. Na sua entrada, torna-se num elegante apanhado para truques, correio e \u00f3culos de sol. Na sua secret\u00e1ria, arruma artigos de papelaria e artigos b\u00e1sicos, dando um toque de cor inovador ao seu espa\u00e7o de trabalho e ajudando a concentrar a sua mente. \u00c9, em todos os sentidos, uma pe\u00e7a que faz verdadeiramente tudo.<\/li>\n<\/ul>\n<p><a href=\"https:\/\/customacrylicproduct.com\/pt\/coloured-acrylic-wine-serving-tray-food-drinks-bar-home\/\"><img fetchpriority=\"high\" decoding=\"async\" class=\"wp-image-953 size-full aligncenter\" src=\"https:\/\/customacrylicproduct.com\/wp-content\/uploads\/2025\/07\/Coloured-Acrylic-Tray.jpg\" alt=\"Tabuleiro acr\u00edlico colorido\" width=\"800\" height=\"800\" srcset=\"https:\/\/customacrylicproduct.com\/wp-content\/uploads\/2025\/07\/Coloured-Acrylic-Tray.jpg 800w, https:\/\/customacrylicproduct.com\/wp-content\/uploads\/2025\/07\/Coloured-Acrylic-Tray-300x300.jpg 300w, https:\/\/customacrylicproduct.com\/wp-content\/uploads\/2025\/07\/Coloured-Acrylic-Tray-150x150.jpg 150w, https:\/\/customacrylicproduct.com\/wp-content\/uploads\/2025\/07\/Coloured-Acrylic-Tray-768x768.jpg 768w, https:\/\/customacrylicproduct.com\/wp-content\/uploads\/2025\/07\/Coloured-Acrylic-Tray-12x12.jpg 12w, https:\/\/customacrylicproduct.com\/wp-content\/uploads\/2025\/07\/Coloured-Acrylic-Tray-600x600.jpg 600w, https:\/\/customacrylicproduct.com\/wp-content\/uploads\/2025\/07\/Coloured-Acrylic-Tray-100x100.jpg 100w\" sizes=\"(max-width: 800px) 100vw, 800px\" \/><\/a><\/p>\n<h4 id=\"-phenomenal-craftsmanship-an-ideology-of-design-\"><strong>Artesanato fenomenal: Uma Ideologia do Design\u00a0<\/strong>.<\/h4>\n<p>O nosso atraente tabuleiro em acr\u00edlico \u00e9 um testemunho da cren\u00e7a de que o charme depende de uma simplicidade ponderada. Foi concebido de forma maravilhosa e propositada para ser um camale\u00e3o, com a capacidade de se assimilar a qualquer tipo de estilo e, ao mesmo tempo, fazer uma declara\u00e7\u00e3o. As linhas simples e o tipo puro e geom\u00e9trico - oferecido para se adaptar a otomanos rectangulares e quadrados - permitem-lhe real\u00e7ar uma vasta gama de designs de interiores.<\/p>\n<p>Quer a sua casa seja um ref\u00fagio do minimalismo escandinavo, um forte espa\u00e7o industrial em loft, um confort\u00e1vel resort bo\u00e9mio ou um templo do luxo contempor\u00e2neo, o visual minimalista do tabuleiro e o seu abundante tom de joia sentir-se-\u00e3o em casa. N\u00e3o se apropria do seu estilo atual; real\u00e7a-o. A alta qualidade luminosa, quase fluida, do acr\u00edlico colorido capta a luz na perfei\u00e7\u00e3o, acrescentando uma camada vibrante de profundidade e uma taxa de interesse a qualquer tipo de divis\u00e3o.<\/p>\n<p>Demos muita import\u00e2ncia \u00e0s medidas, assegurando um excelente equil\u00edbrio entre ser suficientemente espa\u00e7oso para ser verdadeiramente \u00fatil e suficientemente port\u00e1til para n\u00e3o confundir uma \u00e1rea. A dimens\u00e3o \u00e9 cuidadosamente calculada para guardar os seus objectos vitais sem que se sinta desarrumado. Os rebordos refinados e aumentados s\u00e3o uma obra-prima do design funcional - suficientemente altos para conter pequenos derrames e impedir que os objectos se desloquem, mas suficientemente reduzidos para manter um perfil elegante e discreto. Trata-se de um trabalho artesanal que se pode ver e sentir.<\/p>\n<p><a href=\"https:\/\/customacrylicproduct.com\/pt\/coloured-acrylic-wine-serving-tray-food-drinks-bar-home\/\"><img decoding=\"async\" class=\"aligncenter wp-image-952 size-full\" src=\"https:\/\/customacrylicproduct.com\/wp-content\/uploads\/2025\/07\/Coloured-Acrylic-Tray-2.jpg\" alt=\"Tabuleiro acr\u00edlico colorido\" width=\"800\" height=\"800\" srcset=\"https:\/\/customacrylicproduct.com\/wp-content\/uploads\/2025\/07\/Coloured-Acrylic-Tray-2.jpg 800w, https:\/\/customacrylicproduct.com\/wp-content\/uploads\/2025\/07\/Coloured-Acrylic-Tray-2-300x300.jpg 300w, https:\/\/customacrylicproduct.com\/wp-content\/uploads\/2025\/07\/Coloured-Acrylic-Tray-2-150x150.jpg 150w, https:\/\/customacrylicproduct.com\/wp-content\/uploads\/2025\/07\/Coloured-Acrylic-Tray-2-768x768.jpg 768w, https:\/\/customacrylicproduct.com\/wp-content\/uploads\/2025\/07\/Coloured-Acrylic-Tray-2-12x12.jpg 12w, https:\/\/customacrylicproduct.com\/wp-content\/uploads\/2025\/07\/Coloured-Acrylic-Tray-2-600x600.jpg 600w, https:\/\/customacrylicproduct.com\/wp-content\/uploads\/2025\/07\/Coloured-Acrylic-Tray-2-100x100.jpg 100w\" sizes=\"(max-width: 800px) 100vw, 800px\" \/><\/a><\/p>\n<h4 id=\"-a-lifetime-of-service-engineered-for-toughness-and-comfort-\"><strong>Uma vida inteira de servi\u00e7o: Concebida para ser resistente e confort\u00e1vel\u00a0<\/strong>.<\/h4>\n<p>Um artigo atrativo s\u00f3 \u00e9 genuinamente \u00fatil se for constru\u00eddo para durar. Concebemos o tabuleiro Chroma para uma vida \u00fatil longa e ben\u00e9fica, utilizando apenas acr\u00edlico de alta qualidade. Este produto foi selecionado devido \u00e0 sua not\u00e1vel combina\u00e7\u00e3o de clareza v\u00edtrea e resist\u00eancia not\u00e1vel. \u00c9 incrivelmente dur\u00e1vel e extremamente resistente \u00e0 quebra, dando-lhe a confian\u00e7a para o utilizar diariamente sem se preocupar com fissuras ou estilha\u00e7os, ao contr\u00e1rio dos seus fr\u00e1geis hom\u00f3logos de vidro ou cer\u00e2mica.<\/p>\n<p>A vida est\u00e1 cheia de pequenos incidentes, e \u00e9 por isso que garantimos que o tabuleiro \u00e9 totalmente resistente \u00e0 \u00e1gua e a derrames. Merlot, caf\u00e9, condensa\u00e7\u00e3o - absolutamente nada penetra na sua superf\u00edcie n\u00e3o porosa. Isto torna-o extremamente simples de limpar e conservar, e protege as \u00e1reas de superf\u00edcie por baixo dele. Uma bebida entornada num apoio para os p\u00e9s em tecido j\u00e1 n\u00e3o \u00e9 uma cat\u00e1strofe; \u00e9 um pequeno problema que pode ser limpo em segundos. Esta for\u00e7a faz com que o tabuleiro n\u00e3o seja apenas uma compra, mas um investimento financeiro a longo prazo na sua casa.<\/p>\n<h4 id=\"-the-creative-gift-an-expression-of-preference-and-warmth-\"><strong>O presente criativo: Uma express\u00e3o de prefer\u00eancia e carinho\u00a0<\/strong>.<\/h4>\n<p>Para a pessoa na sua vida que valoriza a decora\u00e7\u00e3o de interiores com estilo - o amigo com uma casa imaculada, o membro da fam\u00edlia que adora receber, o novo propriet\u00e1rio que est\u00e1 a construir o seu ninho - encontrar um presente que satisfa\u00e7a os seus elevados padr\u00f5es pode ser uma dificuldade. O Chroma Tray \u00e9 a solu\u00e7\u00e3o perfeita. \u00c9 um presente criativo e atencioso que diz muito sobre o seu gosto excecional e o seu desejo caloroso por eles.<\/p>\n<p>Este tabuleiro \u00e9 mais do que um objeto; \u00e9 a representa\u00e7\u00e3o de um modo de vida avan\u00e7ado. Oferec\u00ea-lo demonstra que reconhece e aprecia o seu entusiasmo por um espa\u00e7o atraente. \u00c9 um presente perfeito para qualquer tipo de ocasi\u00e3o \u00fanica: um\u00a0<strong>inaugura\u00e7\u00e3o de casa\u00a0<\/strong>um presente que \u00e9 simultaneamente \u00fatil e moderno, um\u00a0<strong>anivers\u00e1rio\u00a0<\/strong>existente para o fan\u00e1tico do design, um\u00a0<strong>celebra\u00e7\u00e3o do casamento\u00a0<\/strong>ou\u00a0<strong>anivers\u00e1rio de casamento\u00a0<\/strong>presente para o casal que gosta de receber. \u00c9 um gesto que ser\u00e1 certamente objeto de um reconhecimento aut\u00eantico e que encontrar\u00e1 um espa\u00e7o precioso na sua casa durante v\u00e1rios anos.<\/p>\n<h4 id=\"-uncomplicated-maintenance-the-beauty-of-simplicity-\"><strong>Manuten\u00e7\u00e3o descomplicada: A beleza da simplicidade\u00a0<\/strong>.<\/h4>\n<p>Acreditamos que o topo de gama deve ser descomplicado. A eleg\u00e2ncia do seu Chroma Tray foi desenvolvida para ser mantida rapidamente. N\u00e3o s\u00e3o necess\u00e1rios agentes de limpeza extremos, esfreg\u00f5es \u00e1speros ou polimentos especiais para manter o seu aspeto liso, brilhante e extraordinariamente colorido. Para a manuten\u00e7\u00e3o di\u00e1ria e pequenos derrames, uma limpeza simples com um pano macio e h\u00famido \u00e9 tudo o que \u00e9 necess\u00e1rio para recuperar o seu excelente brilho. Este processo de limpeza descomplicado garante que o seu tabuleiro permanece um ponto focal deslumbrante com o m\u00ednimo de esfor\u00e7o, permitindo-lhe ainda mais tempo para apreciar o seu charme e desempenho.<\/p>\n<p><a href=\"https:\/\/customacrylicproduct.com\/pt\/coloured-acrylic-wine-serving-tray-food-drinks-bar-home\/\"><img decoding=\"async\" class=\"aligncenter wp-image-951 size-full\" src=\"https:\/\/customacrylicproduct.com\/wp-content\/uploads\/2025\/07\/Coloured-Acrylic-Tray-1.jpg\" alt=\"Tabuleiro acr\u00edlico colorido\" width=\"800\" height=\"800\" srcset=\"https:\/\/customacrylicproduct.com\/wp-content\/uploads\/2025\/07\/Coloured-Acrylic-Tray-1.jpg 800w, https:\/\/customacrylicproduct.com\/wp-content\/uploads\/2025\/07\/Coloured-Acrylic-Tray-1-300x300.jpg 300w, https:\/\/customacrylicproduct.com\/wp-content\/uploads\/2025\/07\/Coloured-Acrylic-Tray-1-150x150.jpg 150w, https:\/\/customacrylicproduct.com\/wp-content\/uploads\/2025\/07\/Coloured-Acrylic-Tray-1-768x768.jpg 768w, https:\/\/customacrylicproduct.com\/wp-content\/uploads\/2025\/07\/Coloured-Acrylic-Tray-1-12x12.jpg 12w, https:\/\/customacrylicproduct.com\/wp-content\/uploads\/2025\/07\/Coloured-Acrylic-Tray-1-600x600.jpg 600w, https:\/\/customacrylicproduct.com\/wp-content\/uploads\/2025\/07\/Coloured-Acrylic-Tray-1-100x100.jpg 100w\" sizes=\"(max-width: 800px) 100vw, 800px\" \/><\/a><\/p>\n<h4 id=\"-the-ultimate-personalization-your-vision-crafted-by-united-states-\"><strong>A melhor personaliza\u00e7\u00e3o: A sua vis\u00e3o, criada pelos Estados Unidos\u00a0<\/strong>.<\/h4>\n<p>Embora a nossa cole\u00e7\u00e3o de cores e dimens\u00f5es tenha sido criada para satisfazer um dos gostos mais exigentes, compreendemos que a verdadeira qualidade depende da express\u00e3o pessoal. Para aqueles que procuram uma pe\u00e7a \u00fanica, um presente de assinatura da empresa ou um design espec\u00edfico para um trabalho de interiores, a nossa f\u00e1brica fornece uma solu\u00e7\u00e3o de personaliza\u00e7\u00e3o abrangente.<\/p>\n<p>Os nossos artes\u00e3os competentes podem trabalhar consigo para dar vida \u00e0 sua vis\u00e3o especial. Esta viagem de colabora\u00e7\u00e3o coloca-o no lugar do designer:.<\/p>\n<ul>\n<li><strong>Tamanhos e formas:\u00a0<\/strong>Fantasie para al\u00e9m da forma retangular. Podemos produzir tabuleiros em formas personalizadas - redondas, hexagonais ou numa forma completamente \u00fanica - e de acordo com as suas especifica\u00e7\u00f5es dimensionais espec\u00edficas.<\/li>\n<li><strong>Cor:\u00a0<\/strong>Combine uma determinada cor Pantone com o nome da sua marca ou com a paleta de decora\u00e7\u00e3o de interiores para produzir um artigo genuinamente integrado.<\/li>\n<li><strong>Padr\u00f5es e mensagens gravados:\u00a0<\/strong>\u00c9 aqui que o tabuleiro se transforma num tesouro individual. Grave o monograma de um membro da fam\u00edlia, uma cita\u00e7\u00e3o significativa, um dia \u00fanico para um presente de casamento ou um log\u00f3tipo de empresa para um presente de empresa avan\u00e7ado.<\/li>\n<\/ul>\n<p>O processo \u00e9 simples. Os clientes podem oferecer os seus pr\u00f3prios desenhos de design detalhados ou simplesmente interagir com as suas ideias \u00e0 nossa equipa de design profissional, que certamente ajudar\u00e1 a converter um princ\u00edpio numa realidade substancial e maravilhosamente trabalhada. Esta \u00e9 a sua possibilidade de produzir n\u00e3o apenas um tabuleiro, mas uma hist\u00f3ria.<\/p>\n<p>Para concluir, o Chroma <a href=\"https:\/\/customacrylicproduct.com\/pt\/coloured-acrylic-wine-serving-tray-food-drinks-bar-home\/\">Tabuleiro acr\u00edlico colorido<\/a> \u00e9 maior do que a soma das suas partes. \u00c9 um objeto de declara\u00e7\u00e3o, um cavalo de batalha, um objeto de estilo e uma tela pessoal. \u00c9 uma celebra\u00e7\u00e3o da vida moderna - onde o charme e o car\u00e1cter pr\u00e1tico coexistem em harmonia ideal. Invista num artigo que funciona t\u00e3o bem como voc\u00ea e que fica bonito ao faz\u00ea-lo. Eleve a sua casa, melhore a sua vida.<\/p>","protected":false},"excerpt":{"rendered":"<p>O tabuleiro de acr\u00edlico: Um cruzamento de arte, fun\u00e7\u00e3o e vida moderna . Na casa moderna, cada objeto conta uma hist\u00f3ria. N\u00e3o nos limitamos a selecionar os nossos espa\u00e7os com mobili\u00e1rio, mas com objectos que mostram a nossa prefer\u00eancia, apoiam o nosso modo de vida e trazem uma sensa\u00e7\u00e3o de paz e prazer \u00e0s nossas rotinas di\u00e1rias. Procuramos...<\/p>","protected":false},"featured_media":953,"template":"","meta":{"_kad_post_transparent":"default","_kad_post_title":"","_kad_post_layout":"default","_kad_post_sidebar_id":"","_kad_post_content_style":"default","_kad_post_vertical_padding":"default","_kad_post_feature":"","_kad_post_feature_position":"","_kad_post_header":false,"_kad_post_footer":false,"_kad_post_classname":""},"product_brand":[],"product_cat":[22],"product_tag":[56,57],"class_list":{"0":"post-950","1":"product","2":"type-product","3":"status-publish","4":"has-post-thumbnail","6":"product_cat-custom-acrylic-trays","7":"product_tag-custom-acrylic-trays","8":"product_tag-perspex-acrylic-tray","10":"first","11":"instock","12":"shipping-taxable","13":"product-type-simple","14":"entry","15":"content-bg","16":"loop-entry"},"_links":{"self":[{"href":"https:\/\/customacrylicproduct.com\/pt\/wp-json\/wp\/v2\/product\/950","targetHints":{"allow":["GET"]}}],"collection":[{"href":"https:\/\/customacrylicproduct.com\/pt\/wp-json\/wp\/v2\/product"}],"about":[{"href":"https:\/\/customacrylicproduct.com\/pt\/wp-json\/wp\/v2\/types\/product"}],"wp:featuredmedia":[{"embeddable":true,"href":"https:\/\/customacrylicproduct.com\/pt\/wp-json\/wp\/v2\/media\/953"}],"wp:attachment":[{"href":"https:\/\/customacrylicproduct.com\/pt\/wp-json\/wp\/v2\/media?parent=950"}],"wp:term":[{"taxonomy":"product_brand","embeddable":true,"href":"https:\/\/customacrylicproduct.com\/pt\/wp-json\/wp\/v2\/product_brand?post=950"},{"taxonomy":"product_cat","embeddable":true,"href":"https:\/\/customacrylicproduct.com\/pt\/wp-json\/wp\/v2\/product_cat?post=950"},{"taxonomy":"product_tag","embeddable":true,"href":"https:\/\/customacrylicproduct.com\/pt\/wp-json\/wp\/v2\/product_tag?post=950"}],"curies":[{"name":"wp","href":"https:\/\/api.w.org\/{rel}","templated":true}]}}